{"id":43263,"date":"2024-10-10T09:17:47","date_gmt":"2024-10-10T07:17:47","guid":{"rendered":"https:\/\/librairie7l.com\/?post_type=product&#038;p=43263"},"modified":"2026-04-04T18:53:03","modified_gmt":"2026-04-04T16:53:03","slug":"lintime-de-la-chambre-aux-reseaux-sociaux-2","status":"publish","type":"product","link":"https:\/\/librairie7l.com\/en\/produit\/lintime-de-la-chambre-aux-reseaux-sociaux-2\/","title":{"rendered":"L&#8217;INTIME DE LA CHAMBRE AUX R\u00c9SEAUX SOCIAUX"},"content":{"rendered":"<p>La notion de l&#8217;intime s&#8217;est progressivement modifi\u00e9e depuis le XVIII? si\u00e8cle, comme nous le r\u00e9v\u00e8lent nombre de pi\u00e8ces d&#8217;art d\u00e9coratif et de design, d&#8217;oeuvres d&#8217;art ou encore d&#8217;images et objets du quotidien. Tous parlent de nos mani\u00e8res de vivre et, plus encore, de leur \u00e9volution. \u00c0 travers les contributions de dix-huit historiens, historiens de l&#8217;art et sociologues, et gr\u00e2ce \u00e0 une iconographie d&#8217;une grande diversit\u00e9, cet ouvrage t\u00e9moigne de la fa\u00e7on dont le mobilier de la chambre ou du repos, de m\u00eame que les objets li\u00e9s au bain, aux commodit\u00e9s, \u00e0 la beaut\u00e9 et \u00e0 la sexualit\u00e9 se sont transform\u00e9s au gr\u00e9 de cette \u00e9volution. Instruments au service d&#8217;un d\u00e9sir d&#8217;isolement ou, au contraire, du vivre ensemble, ils nous invitent \u00e0 r\u00e9fl\u00e9chir \u00e0 cette question : l&#8217;intime est-il devenu une tyrannie, dans<br \/>\nune soci\u00e9t\u00e9 trop narcissique qui oublie la chose publique, ou bien est-il menac\u00e9 par les multiples bouleversements r\u00e9cents auxquels<br \/>\nnous sommes confront\u00e9s &#8211; au premier rang desquels la place prise par les nouvelles technologies ?<\/p>\n","protected":false},"excerpt":{"rendered":"<p>La notion de l&#8217;intime s&#8217;est progressivement modifi\u00e9e depuis le XVIII? si\u00e8cle, comme nous le r\u00e9v\u00e8lent nombre de pi\u00e8ces d&#8217;art d\u00e9coratif et de design, d&#8217;oeuvres d&#8217;art ou encore d&#8217;images et objets du quotidien. Tous parlent de nos mani\u00e8res de vivre et, plus encore, de leur \u00e9volution. \u00c0 travers les contributions de dix-huit historiens, historiens de l&#8217;art [&hellip;]<\/p>\n","protected":false},"featured_media":43261,"template":"","meta":[],"product_cat":[2948],"product_tag":[],"acf":[],"yoast_head":"<!-- This site is optimized with the Yoast SEO plugin v20.11 - https:\/\/yoast.com\/wordpress\/plugins\/seo\/ -->\n<title>L&#039;intime de la chambre aux r\u00e9seaux sociaux - Librairie 7L<\/title>\n<meta name=\"robots\" content=\"index, follow, max-snippet:-1, max-image-preview:large, max-video-preview:-1\" \/>\n<link rel=\"canonical\" href=\"https:\/\/librairie7l.com\/en\/produit\/lintime-de-la-chambre-aux-reseaux-sociaux-2\/\" \/>\n<meta property=\"og:locale\" content=\"en_US\" \/>\n<meta property=\"og:type\" content=\"article\" \/>\n<meta property=\"og:title\" content=\"L&#039;intime de la chambre aux r\u00e9seaux sociaux - Librairie 7L\" \/>\n<meta property=\"og:description\" content=\"La notion de l&#8217;intime s&#8217;est progressivement modifi\u00e9e depuis le XVIII? si\u00e8cle, comme nous le r\u00e9v\u00e8lent nombre de pi\u00e8ces d&#8217;art d\u00e9coratif et de design, d&#8217;oeuvres d&#8217;art ou encore d&#8217;images et objets du quotidien. Tous parlent de nos mani\u00e8res de vivre et, plus encore, de leur \u00e9volution. \u00c0 travers les contributions de dix-huit historiens, historiens de l&#8217;art [&hellip;]\" \/>\n<meta property=\"og:url\" content=\"https:\/\/librairie7l.com\/en\/produit\/lintime-de-la-chambre-aux-reseaux-sociaux-2\/\" \/>\n<meta property=\"og:site_name\" content=\"Librairie 7L\" \/>\n<meta property=\"article:modified_time\" content=\"2026-04-04T16:53:03+00:00\" \/>\n<meta property=\"og:image\" content=\"https:\/\/librairie7l.com\/wp-content\/uploads\/2024\/05\/9782073061898_1_75.jpg\" \/>\n\t<meta property=\"og:image:width\" content=\"600\" \/>\n\t<meta property=\"og:image:height\" content=\"813\" \/>\n\t<meta property=\"og:image:type\" content=\"image\/jpeg\" \/>\n<meta name=\"twitter:card\" content=\"summary_large_image\" \/>\n<meta name=\"twitter:label1\" content=\"Est. reading time\" \/>\n\t<meta name=\"twitter:data1\" content=\"1 minute\" \/>\n<script type=\"application\/ld+json\" class=\"yoast-schema-graph\">{\"@context\":\"https:\/\/schema.org\",\"@graph\":[{\"@type\":\"WebPage\",\"@id\":\"https:\/\/librairie7l.com\/en\/produit\/lintime-de-la-chambre-aux-reseaux-sociaux-2\/\",\"url\":\"https:\/\/librairie7l.com\/en\/produit\/lintime-de-la-chambre-aux-reseaux-sociaux-2\/\",\"name\":\"L'intime de la chambre aux r\u00e9seaux sociaux - Librairie 7L\",\"isPartOf\":{\"@id\":\"https:\/\/librairie7l.com\/en\/#website\"},\"datePublished\":\"2024-10-10T07:17:47+00:00\",\"dateModified\":\"2026-04-04T16:53:03+00:00\",\"breadcrumb\":{\"@id\":\"https:\/\/librairie7l.com\/en\/produit\/lintime-de-la-chambre-aux-reseaux-sociaux-2\/#breadcrumb\"},\"inLanguage\":\"en-US\",\"potentialAction\":[{\"@type\":\"ReadAction\",\"target\":[\"https:\/\/librairie7l.com\/en\/produit\/lintime-de-la-chambre-aux-reseaux-sociaux-2\/\"]}]},{\"@type\":\"BreadcrumbList\",\"@id\":\"https:\/\/librairie7l.com\/en\/produit\/lintime-de-la-chambre-aux-reseaux-sociaux-2\/#breadcrumb\",\"itemListElement\":[{\"@type\":\"ListItem\",\"position\":1,\"name\":\"Accueil\",\"item\":\"https:\/\/librairie7l.com\/en\/\"},{\"@type\":\"ListItem\",\"position\":2,\"name\":\"Shop\",\"item\":\"https:\/\/librairie7l.com\/en\/shop\/\"},{\"@type\":\"ListItem\",\"position\":3,\"name\":\"L&#8217;INTIME DE LA CHAMBRE AUX R\u00c9SEAUX SOCIAUX\"}]},{\"@type\":\"WebSite\",\"@id\":\"https:\/\/librairie7l.com\/en\/#website\",\"url\":\"https:\/\/librairie7l.com\/en\/\",\"name\":\"Librairie 7L\",\"description\":\"Librairie fond\u00e9e en 1999 par Karl Lagerfeld \u00e0 Paris\",\"publisher\":{\"@id\":\"https:\/\/librairie7l.com\/en\/#organization\"},\"potentialAction\":[{\"@type\":\"SearchAction\",\"target\":{\"@type\":\"EntryPoint\",\"urlTemplate\":\"https:\/\/librairie7l.com\/en\/?s={search_term_string}\"},\"query-input\":\"required name=search_term_string\"}],\"inLanguage\":\"en-US\"},{\"@type\":\"Organization\",\"@id\":\"https:\/\/librairie7l.com\/en\/#organization\",\"name\":\"Librairie 7L\",\"url\":\"https:\/\/librairie7l.com\/en\/\",\"logo\":{\"@type\":\"ImageObject\",\"inLanguage\":\"en-US\",\"@id\":\"https:\/\/librairie7l.com\/en\/#\/schema\/logo\/image\/\",\"url\":\"https:\/\/librairie7l.com\/wp-content\/uploads\/2022\/08\/logo-1.png\",\"contentUrl\":\"https:\/\/librairie7l.com\/wp-content\/uploads\/2022\/08\/logo-1.png\",\"width\":227,\"height\":301,\"caption\":\"Librairie 7L\"},\"image\":{\"@id\":\"https:\/\/librairie7l.com\/en\/#\/schema\/logo\/image\/\"}}]}<\/script>\n<!-- \/ Yoast SEO plugin. -->","yoast_head_json":{"title":"L'intime de la chambre aux r\u00e9seaux sociaux - Librairie 7L","robots":{"index":"index","follow":"follow","max-snippet":"max-snippet:-1","max-image-preview":"max-image-preview:large","max-video-preview":"max-video-preview:-1"},"canonical":"https:\/\/librairie7l.com\/en\/produit\/lintime-de-la-chambre-aux-reseaux-sociaux-2\/","og_locale":"en_US","og_type":"article","og_title":"L'intime de la chambre aux r\u00e9seaux sociaux - Librairie 7L","og_description":"La notion de l&#8217;intime s&#8217;est progressivement modifi\u00e9e depuis le XVIII? si\u00e8cle, comme nous le r\u00e9v\u00e8lent nombre de pi\u00e8ces d&#8217;art d\u00e9coratif et de design, d&#8217;oeuvres d&#8217;art ou encore d&#8217;images et objets du quotidien. Tous parlent de nos mani\u00e8res de vivre et, plus encore, de leur \u00e9volution. \u00c0 travers les contributions de dix-huit historiens, historiens de l&#8217;art [&hellip;]","og_url":"https:\/\/librairie7l.com\/en\/produit\/lintime-de-la-chambre-aux-reseaux-sociaux-2\/","og_site_name":"Librairie 7L","article_modified_time":"2026-04-04T16:53:03+00:00","og_image":[{"width":600,"height":813,"url":"https:\/\/librairie7l.com\/wp-content\/uploads\/2024\/05\/9782073061898_1_75.jpg","type":"image\/jpeg"}],"twitter_card":"summary_large_image","twitter_misc":{"Est. reading time":"1 minute"},"schema":{"@context":"https:\/\/schema.org","@graph":[{"@type":"WebPage","@id":"https:\/\/librairie7l.com\/en\/produit\/lintime-de-la-chambre-aux-reseaux-sociaux-2\/","url":"https:\/\/librairie7l.com\/en\/produit\/lintime-de-la-chambre-aux-reseaux-sociaux-2\/","name":"L'intime de la chambre aux r\u00e9seaux sociaux - Librairie 7L","isPartOf":{"@id":"https:\/\/librairie7l.com\/en\/#website"},"datePublished":"2024-10-10T07:17:47+00:00","dateModified":"2026-04-04T16:53:03+00:00","breadcrumb":{"@id":"https:\/\/librairie7l.com\/en\/produit\/lintime-de-la-chambre-aux-reseaux-sociaux-2\/#breadcrumb"},"inLanguage":"en-US","potentialAction":[{"@type":"ReadAction","target":["https:\/\/librairie7l.com\/en\/produit\/lintime-de-la-chambre-aux-reseaux-sociaux-2\/"]}]},{"@type":"BreadcrumbList","@id":"https:\/\/librairie7l.com\/en\/produit\/lintime-de-la-chambre-aux-reseaux-sociaux-2\/#breadcrumb","itemListElement":[{"@type":"ListItem","position":1,"name":"Accueil","item":"https:\/\/librairie7l.com\/en\/"},{"@type":"ListItem","position":2,"name":"Shop","item":"https:\/\/librairie7l.com\/en\/shop\/"},{"@type":"ListItem","position":3,"name":"L&#8217;INTIME DE LA CHAMBRE AUX R\u00c9SEAUX SOCIAUX"}]},{"@type":"WebSite","@id":"https:\/\/librairie7l.com\/en\/#website","url":"https:\/\/librairie7l.com\/en\/","name":"Librairie 7L","description":"Librairie fond\u00e9e en 1999 par Karl Lagerfeld \u00e0 Paris","publisher":{"@id":"https:\/\/librairie7l.com\/en\/#organization"},"potentialAction":[{"@type":"SearchAction","target":{"@type":"EntryPoint","urlTemplate":"https:\/\/librairie7l.com\/en\/?s={search_term_string}"},"query-input":"required name=search_term_string"}],"inLanguage":"en-US"},{"@type":"Organization","@id":"https:\/\/librairie7l.com\/en\/#organization","name":"Librairie 7L","url":"https:\/\/librairie7l.com\/en\/","logo":{"@type":"ImageObject","inLanguage":"en-US","@id":"https:\/\/librairie7l.com\/en\/#\/schema\/logo\/image\/","url":"https:\/\/librairie7l.com\/wp-content\/uploads\/2022\/08\/logo-1.png","contentUrl":"https:\/\/librairie7l.com\/wp-content\/uploads\/2022\/08\/logo-1.png","width":227,"height":301,"caption":"Librairie 7L"},"image":{"@id":"https:\/\/librairie7l.com\/en\/#\/schema\/logo\/image\/"}}]}},"_links":{"self":[{"href":"https:\/\/librairie7l.com\/en\/wp-json\/wp\/v2\/product\/43263"}],"collection":[{"href":"https:\/\/librairie7l.com\/en\/wp-json\/wp\/v2\/product"}],"about":[{"href":"https:\/\/librairie7l.com\/en\/wp-json\/wp\/v2\/types\/product"}],"wp:featuredmedia":[{"embeddable":true,"href":"https:\/\/librairie7l.com\/en\/wp-json\/wp\/v2\/media\/43261"}],"wp:attachment":[{"href":"https:\/\/librairie7l.com\/en\/wp-json\/wp\/v2\/media?parent=43263"}],"wp:term":[{"taxonomy":"product_cat","embeddable":true,"href":"https:\/\/librairie7l.com\/en\/wp-json\/wp\/v2\/product_cat?post=43263"},{"taxonomy":"product_tag","embeddable":true,"href":"https:\/\/librairie7l.com\/en\/wp-json\/wp\/v2\/product_tag?post=43263"}],"curies":[{"name":"wp","href":"https:\/\/api.w.org\/{rel}","templated":true}]}}