{"id":43267,"date":"2024-10-10T09:17:49","date_gmt":"2024-10-10T07:17:49","guid":{"rendered":"https:\/\/librairie7l.com\/?post_type=product&#038;p=43267"},"modified":"2026-04-16T04:28:14","modified_gmt":"2026-04-16T02:28:14","slug":"faire-avec-2","status":"publish","type":"product","link":"https:\/\/librairie7l.com\/en\/produit\/faire-avec-2\/","title":{"rendered":"FAIRE AVEC&#8230;"},"content":{"rendered":"<p>L&#8217;acc\u00e9l\u00e9ration des impacts de la crise climatique impose de limiter la construction neuve. \u00abNe plus d\u00e9molir, mais transformer\u00bb : cet imp\u00e9ratif installe la r\u00e9habilitation comme mode de production majeur du logement. Comment traiter dans ce contexte les b\u00e2timents estim\u00e9s obsol\u00e8tes et les situations jug\u00e9es d\u00e9sesp\u00e9r\u00e9es ? \u00c0 priori, rien ne plaide pour conserver un hangar obscur m\u00e9diocrement construit, \u00e9tablir une maison de vacances dans un bunker, installer une biblioth\u00e8que publique dans une carri\u00e8re d\u00e9saffect\u00e9e ou implanter un refuge dans un manoir effondr\u00e9&#8230; La posture adopt\u00e9e par les projets internationaux pr\u00e9sent\u00e9s ici consiste \u00e0 \u00abfaire avec\u00bb, en identifiant et en exploitant les opportunit\u00e9s que pr\u00e9sente la construction d&#8217;origine. Les choix tranch\u00e9s et les actions cibl\u00e9es sur l&#8217;essentiel -\u00bfg\u00e9n\u00e9rosit\u00e9 de l&#8217;espace et plaisir d&#8217;habiter\u00bf- conduisent \u00e0 oeuvrer hors conventions. Avec des budgets limit\u00e9s, sans extension, ni sur\u00e9l\u00e9vation, ces r\u00e9alisations apportent bien davantage que les prestations standards. Et d\u00e9livrent autant de le\u00e7ons d&#8217;optimisme architectural.<\/p>\n","protected":false},"excerpt":{"rendered":"<p>L&#8217;acc\u00e9l\u00e9ration des impacts de la crise climatique impose de limiter la construction neuve. \u00abNe plus d\u00e9molir, mais transformer\u00bb : cet imp\u00e9ratif installe la r\u00e9habilitation comme mode de production majeur du logement. Comment traiter dans ce contexte les b\u00e2timents estim\u00e9s obsol\u00e8tes et les situations jug\u00e9es d\u00e9sesp\u00e9r\u00e9es ? \u00c0 priori, rien ne plaide pour conserver un hangar [&hellip;]<\/p>\n","protected":false},"featured_media":43265,"template":"","meta":[],"product_cat":[2948],"product_tag":[],"acf":[],"yoast_head":"<!-- This site is optimized with the Yoast SEO plugin v20.11 - https:\/\/yoast.com\/wordpress\/plugins\/seo\/ -->\n<title>Faire avec... - Librairie 7L<\/title>\n<meta name=\"robots\" content=\"index, follow, max-snippet:-1, max-image-preview:large, max-video-preview:-1\" \/>\n<link rel=\"canonical\" href=\"https:\/\/librairie7l.com\/en\/produit\/faire-avec-2\/\" \/>\n<meta property=\"og:locale\" content=\"en_US\" \/>\n<meta property=\"og:type\" content=\"article\" \/>\n<meta property=\"og:title\" content=\"Faire avec... - Librairie 7L\" \/>\n<meta property=\"og:description\" content=\"L&#8217;acc\u00e9l\u00e9ration des impacts de la crise climatique impose de limiter la construction neuve. \u00abNe plus d\u00e9molir, mais transformer\u00bb : cet imp\u00e9ratif installe la r\u00e9habilitation comme mode de production majeur du logement. Comment traiter dans ce contexte les b\u00e2timents estim\u00e9s obsol\u00e8tes et les situations jug\u00e9es d\u00e9sesp\u00e9r\u00e9es ? \u00c0 priori, rien ne plaide pour conserver un hangar [&hellip;]\" \/>\n<meta property=\"og:url\" content=\"https:\/\/librairie7l.com\/en\/produit\/faire-avec-2\/\" \/>\n<meta property=\"og:site_name\" content=\"Librairie 7L\" \/>\n<meta property=\"article:modified_time\" content=\"2026-04-16T02:28:14+00:00\" \/>\n<meta property=\"og:image\" content=\"https:\/\/librairie7l.com\/wp-content\/uploads\/2024\/05\/9782072975066_1_75.jpg\" \/>\n\t<meta property=\"og:image:width\" content=\"600\" \/>\n\t<meta property=\"og:image:height\" content=\"651\" \/>\n\t<meta property=\"og:image:type\" content=\"image\/jpeg\" \/>\n<meta name=\"twitter:card\" content=\"summary_large_image\" \/>\n<meta name=\"twitter:label1\" content=\"Est. reading time\" \/>\n\t<meta name=\"twitter:data1\" content=\"1 minute\" \/>\n<script type=\"application\/ld+json\" class=\"yoast-schema-graph\">{\"@context\":\"https:\/\/schema.org\",\"@graph\":[{\"@type\":\"WebPage\",\"@id\":\"https:\/\/librairie7l.com\/en\/produit\/faire-avec-2\/\",\"url\":\"https:\/\/librairie7l.com\/en\/produit\/faire-avec-2\/\",\"name\":\"Faire avec... - Librairie 7L\",\"isPartOf\":{\"@id\":\"https:\/\/librairie7l.com\/en\/#website\"},\"datePublished\":\"2024-10-10T07:17:49+00:00\",\"dateModified\":\"2026-04-16T02:28:14+00:00\",\"breadcrumb\":{\"@id\":\"https:\/\/librairie7l.com\/en\/produit\/faire-avec-2\/#breadcrumb\"},\"inLanguage\":\"en-US\",\"potentialAction\":[{\"@type\":\"ReadAction\",\"target\":[\"https:\/\/librairie7l.com\/en\/produit\/faire-avec-2\/\"]}]},{\"@type\":\"BreadcrumbList\",\"@id\":\"https:\/\/librairie7l.com\/en\/produit\/faire-avec-2\/#breadcrumb\",\"itemListElement\":[{\"@type\":\"ListItem\",\"position\":1,\"name\":\"Accueil\",\"item\":\"https:\/\/librairie7l.com\/en\/\"},{\"@type\":\"ListItem\",\"position\":2,\"name\":\"Shop\",\"item\":\"https:\/\/librairie7l.com\/en\/shop\/\"},{\"@type\":\"ListItem\",\"position\":3,\"name\":\"FAIRE AVEC&#8230;\"}]},{\"@type\":\"WebSite\",\"@id\":\"https:\/\/librairie7l.com\/en\/#website\",\"url\":\"https:\/\/librairie7l.com\/en\/\",\"name\":\"Librairie 7L\",\"description\":\"Librairie fond\u00e9e en 1999 par Karl Lagerfeld \u00e0 Paris\",\"publisher\":{\"@id\":\"https:\/\/librairie7l.com\/en\/#organization\"},\"potentialAction\":[{\"@type\":\"SearchAction\",\"target\":{\"@type\":\"EntryPoint\",\"urlTemplate\":\"https:\/\/librairie7l.com\/en\/?s={search_term_string}\"},\"query-input\":\"required name=search_term_string\"}],\"inLanguage\":\"en-US\"},{\"@type\":\"Organization\",\"@id\":\"https:\/\/librairie7l.com\/en\/#organization\",\"name\":\"Librairie 7L\",\"url\":\"https:\/\/librairie7l.com\/en\/\",\"logo\":{\"@type\":\"ImageObject\",\"inLanguage\":\"en-US\",\"@id\":\"https:\/\/librairie7l.com\/en\/#\/schema\/logo\/image\/\",\"url\":\"https:\/\/librairie7l.com\/wp-content\/uploads\/2022\/08\/logo-1.png\",\"contentUrl\":\"https:\/\/librairie7l.com\/wp-content\/uploads\/2022\/08\/logo-1.png\",\"width\":227,\"height\":301,\"caption\":\"Librairie 7L\"},\"image\":{\"@id\":\"https:\/\/librairie7l.com\/en\/#\/schema\/logo\/image\/\"}}]}<\/script>\n<!-- \/ Yoast SEO plugin. -->","yoast_head_json":{"title":"Faire avec... - Librairie 7L","robots":{"index":"index","follow":"follow","max-snippet":"max-snippet:-1","max-image-preview":"max-image-preview:large","max-video-preview":"max-video-preview:-1"},"canonical":"https:\/\/librairie7l.com\/en\/produit\/faire-avec-2\/","og_locale":"en_US","og_type":"article","og_title":"Faire avec... - Librairie 7L","og_description":"L&#8217;acc\u00e9l\u00e9ration des impacts de la crise climatique impose de limiter la construction neuve. \u00abNe plus d\u00e9molir, mais transformer\u00bb : cet imp\u00e9ratif installe la r\u00e9habilitation comme mode de production majeur du logement. Comment traiter dans ce contexte les b\u00e2timents estim\u00e9s obsol\u00e8tes et les situations jug\u00e9es d\u00e9sesp\u00e9r\u00e9es ? \u00c0 priori, rien ne plaide pour conserver un hangar [&hellip;]","og_url":"https:\/\/librairie7l.com\/en\/produit\/faire-avec-2\/","og_site_name":"Librairie 7L","article_modified_time":"2026-04-16T02:28:14+00:00","og_image":[{"width":600,"height":651,"url":"https:\/\/librairie7l.com\/wp-content\/uploads\/2024\/05\/9782072975066_1_75.jpg","type":"image\/jpeg"}],"twitter_card":"summary_large_image","twitter_misc":{"Est. reading time":"1 minute"},"schema":{"@context":"https:\/\/schema.org","@graph":[{"@type":"WebPage","@id":"https:\/\/librairie7l.com\/en\/produit\/faire-avec-2\/","url":"https:\/\/librairie7l.com\/en\/produit\/faire-avec-2\/","name":"Faire avec... - Librairie 7L","isPartOf":{"@id":"https:\/\/librairie7l.com\/en\/#website"},"datePublished":"2024-10-10T07:17:49+00:00","dateModified":"2026-04-16T02:28:14+00:00","breadcrumb":{"@id":"https:\/\/librairie7l.com\/en\/produit\/faire-avec-2\/#breadcrumb"},"inLanguage":"en-US","potentialAction":[{"@type":"ReadAction","target":["https:\/\/librairie7l.com\/en\/produit\/faire-avec-2\/"]}]},{"@type":"BreadcrumbList","@id":"https:\/\/librairie7l.com\/en\/produit\/faire-avec-2\/#breadcrumb","itemListElement":[{"@type":"ListItem","position":1,"name":"Accueil","item":"https:\/\/librairie7l.com\/en\/"},{"@type":"ListItem","position":2,"name":"Shop","item":"https:\/\/librairie7l.com\/en\/shop\/"},{"@type":"ListItem","position":3,"name":"FAIRE AVEC&#8230;"}]},{"@type":"WebSite","@id":"https:\/\/librairie7l.com\/en\/#website","url":"https:\/\/librairie7l.com\/en\/","name":"Librairie 7L","description":"Librairie fond\u00e9e en 1999 par Karl Lagerfeld \u00e0 Paris","publisher":{"@id":"https:\/\/librairie7l.com\/en\/#organization"},"potentialAction":[{"@type":"SearchAction","target":{"@type":"EntryPoint","urlTemplate":"https:\/\/librairie7l.com\/en\/?s={search_term_string}"},"query-input":"required name=search_term_string"}],"inLanguage":"en-US"},{"@type":"Organization","@id":"https:\/\/librairie7l.com\/en\/#organization","name":"Librairie 7L","url":"https:\/\/librairie7l.com\/en\/","logo":{"@type":"ImageObject","inLanguage":"en-US","@id":"https:\/\/librairie7l.com\/en\/#\/schema\/logo\/image\/","url":"https:\/\/librairie7l.com\/wp-content\/uploads\/2022\/08\/logo-1.png","contentUrl":"https:\/\/librairie7l.com\/wp-content\/uploads\/2022\/08\/logo-1.png","width":227,"height":301,"caption":"Librairie 7L"},"image":{"@id":"https:\/\/librairie7l.com\/en\/#\/schema\/logo\/image\/"}}]}},"_links":{"self":[{"href":"https:\/\/librairie7l.com\/en\/wp-json\/wp\/v2\/product\/43267"}],"collection":[{"href":"https:\/\/librairie7l.com\/en\/wp-json\/wp\/v2\/product"}],"about":[{"href":"https:\/\/librairie7l.com\/en\/wp-json\/wp\/v2\/types\/product"}],"wp:featuredmedia":[{"embeddable":true,"href":"https:\/\/librairie7l.com\/en\/wp-json\/wp\/v2\/media\/43265"}],"wp:attachment":[{"href":"https:\/\/librairie7l.com\/en\/wp-json\/wp\/v2\/media?parent=43267"}],"wp:term":[{"taxonomy":"product_cat","embeddable":true,"href":"https:\/\/librairie7l.com\/en\/wp-json\/wp\/v2\/product_cat?post=43267"},{"taxonomy":"product_tag","embeddable":true,"href":"https:\/\/librairie7l.com\/en\/wp-json\/wp\/v2\/product_tag?post=43267"}],"curies":[{"name":"wp","href":"https:\/\/api.w.org\/{rel}","templated":true}]}}