{"id":43271,"date":"2024-10-10T09:17:53","date_gmt":"2024-10-10T07:17:53","guid":{"rendered":"https:\/\/librairie7l.com\/?post_type=product&#038;p=43271"},"modified":"2026-05-05T18:58:25","modified_gmt":"2026-05-05T16:58:25","slug":"vocabulaire-illustre-de-lornement-par-le-decor-de-larchitecture-et-des-autres-arts-2","status":"publish","type":"product","link":"https:\/\/librairie7l.com\/en\/produit\/vocabulaire-illustre-de-lornement-par-le-decor-de-larchitecture-et-des-autres-arts-2\/","title":{"rendered":"VOCABULAIRE ILLUSTR\u00c9 DE L&#8217;ORNEMENT : PAR LE D\u00c9COR DE L&#8217;ARCHITECTURE ET DES AUTRES ARTS"},"content":{"rendered":"<p>L&#8217;ornement constitue un monde riche d&#8217;invention, qui a su traverser les si\u00e8cles et les civilisations, s&#8217;impr\u00e9gnant du g\u00e9nie propre du lieu et du temps, le refl\u00e9tant comme un miroir au gr\u00e9 de l&#8217;imagination de l&#8217;artiste et de l&#8217;artisan dont ils ont guid\u00e9 la main. Les motifs se m\u00ealent, se d\u00e9construisent et se recomposent, parfois les m\u00eames mais toujours nouveaux. Ainsi, les rinceaux, luxuriants sur les temples de l&#8217;Antiquit\u00e9 romaine, griffant finement la pierre des \u00e9glises et des ch\u00e2teaux de la Renaissance fran\u00e7aise, r\u00e9apparaissent-ils plus tard sur les immeubles haussmanniens.<br \/>\nPour (re-)conna\u00eetre un motif, il faut pouvoir le nommer. Cet ouvrage de r\u00e9f\u00e9rence est un outil pratique pour identifier et comprendre plus de 350 mots de l&#8217;ornement, de Acanthe \u00e0 Zoomorphe. Illustr\u00e9 par plus de 900 photos, il donne \u00e0 voir la richesse des ornements de l&#8217;architecture et autres arts en Europe depuis l&#8217;Antiquit\u00e9.<\/p>\n","protected":false},"excerpt":{"rendered":"<p>L&#8217;ornement constitue un monde riche d&#8217;invention, qui a su traverser les si\u00e8cles et les civilisations, s&#8217;impr\u00e9gnant du g\u00e9nie propre du lieu et du temps, le refl\u00e9tant comme un miroir au gr\u00e9 de l&#8217;imagination de l&#8217;artiste et de l&#8217;artisan dont ils ont guid\u00e9 la main. Les motifs se m\u00ealent, se d\u00e9construisent et se recomposent, parfois les [&hellip;]<\/p>\n","protected":false},"featured_media":43269,"template":"","meta":[],"product_cat":[2948],"product_tag":[],"acf":[],"yoast_head":"<!-- This site is optimized with the Yoast SEO plugin v20.11 - https:\/\/yoast.com\/wordpress\/plugins\/seo\/ -->\n<title>Vocabulaire illustr\u00e9 de l&#039;ornement : Par le d\u00e9cor de l&#039;architecture et des autres arts - Librairie 7L<\/title>\n<meta name=\"robots\" content=\"index, follow, max-snippet:-1, max-image-preview:large, max-video-preview:-1\" \/>\n<link rel=\"canonical\" href=\"https:\/\/librairie7l.com\/en\/produit\/vocabulaire-illustre-de-lornement-par-le-decor-de-larchitecture-et-des-autres-arts-2\/\" \/>\n<meta property=\"og:locale\" content=\"en_US\" \/>\n<meta property=\"og:type\" content=\"article\" \/>\n<meta property=\"og:title\" content=\"Vocabulaire illustr\u00e9 de l&#039;ornement : Par le d\u00e9cor de l&#039;architecture et des autres arts - Librairie 7L\" \/>\n<meta property=\"og:description\" content=\"L&#8217;ornement constitue un monde riche d&#8217;invention, qui a su traverser les si\u00e8cles et les civilisations, s&#8217;impr\u00e9gnant du g\u00e9nie propre du lieu et du temps, le refl\u00e9tant comme un miroir au gr\u00e9 de l&#8217;imagination de l&#8217;artiste et de l&#8217;artisan dont ils ont guid\u00e9 la main. Les motifs se m\u00ealent, se d\u00e9construisent et se recomposent, parfois les [&hellip;]\" \/>\n<meta property=\"og:url\" content=\"https:\/\/librairie7l.com\/en\/produit\/vocabulaire-illustre-de-lornement-par-le-decor-de-larchitecture-et-des-autres-arts-2\/\" \/>\n<meta property=\"og:site_name\" content=\"Librairie 7L\" \/>\n<meta property=\"article:modified_time\" content=\"2026-05-05T16:58:25+00:00\" \/>\n<meta property=\"og:image\" content=\"https:\/\/librairie7l.com\/wp-content\/uploads\/2024\/06\/9782416018770_1_75.jpg\" \/>\n\t<meta property=\"og:image:width\" content=\"600\" \/>\n\t<meta property=\"og:image:height\" content=\"757\" \/>\n\t<meta property=\"og:image:type\" content=\"image\/jpeg\" \/>\n<meta name=\"twitter:card\" content=\"summary_large_image\" \/>\n<meta name=\"twitter:label1\" content=\"Est. reading time\" \/>\n\t<meta name=\"twitter:data1\" content=\"1 minute\" \/>\n<script type=\"application\/ld+json\" class=\"yoast-schema-graph\">{\"@context\":\"https:\/\/schema.org\",\"@graph\":[{\"@type\":\"WebPage\",\"@id\":\"https:\/\/librairie7l.com\/en\/produit\/vocabulaire-illustre-de-lornement-par-le-decor-de-larchitecture-et-des-autres-arts-2\/\",\"url\":\"https:\/\/librairie7l.com\/en\/produit\/vocabulaire-illustre-de-lornement-par-le-decor-de-larchitecture-et-des-autres-arts-2\/\",\"name\":\"Vocabulaire illustr\u00e9 de l'ornement : Par le d\u00e9cor de l'architecture et des autres arts - Librairie 7L\",\"isPartOf\":{\"@id\":\"https:\/\/librairie7l.com\/en\/#website\"},\"datePublished\":\"2024-10-10T07:17:53+00:00\",\"dateModified\":\"2026-05-05T16:58:25+00:00\",\"breadcrumb\":{\"@id\":\"https:\/\/librairie7l.com\/en\/produit\/vocabulaire-illustre-de-lornement-par-le-decor-de-larchitecture-et-des-autres-arts-2\/#breadcrumb\"},\"inLanguage\":\"en-US\",\"potentialAction\":[{\"@type\":\"ReadAction\",\"target\":[\"https:\/\/librairie7l.com\/en\/produit\/vocabulaire-illustre-de-lornement-par-le-decor-de-larchitecture-et-des-autres-arts-2\/\"]}]},{\"@type\":\"BreadcrumbList\",\"@id\":\"https:\/\/librairie7l.com\/en\/produit\/vocabulaire-illustre-de-lornement-par-le-decor-de-larchitecture-et-des-autres-arts-2\/#breadcrumb\",\"itemListElement\":[{\"@type\":\"ListItem\",\"position\":1,\"name\":\"Accueil\",\"item\":\"https:\/\/librairie7l.com\/en\/\"},{\"@type\":\"ListItem\",\"position\":2,\"name\":\"Shop\",\"item\":\"https:\/\/librairie7l.com\/en\/shop\/\"},{\"@type\":\"ListItem\",\"position\":3,\"name\":\"VOCABULAIRE ILLUSTR\u00c9 DE L&#8217;ORNEMENT : PAR LE D\u00c9COR DE L&#8217;ARCHITECTURE ET DES AUTRES ARTS\"}]},{\"@type\":\"WebSite\",\"@id\":\"https:\/\/librairie7l.com\/en\/#website\",\"url\":\"https:\/\/librairie7l.com\/en\/\",\"name\":\"Librairie 7L\",\"description\":\"Librairie fond\u00e9e en 1999 par Karl Lagerfeld \u00e0 Paris\",\"publisher\":{\"@id\":\"https:\/\/librairie7l.com\/en\/#organization\"},\"potentialAction\":[{\"@type\":\"SearchAction\",\"target\":{\"@type\":\"EntryPoint\",\"urlTemplate\":\"https:\/\/librairie7l.com\/en\/?s={search_term_string}\"},\"query-input\":\"required name=search_term_string\"}],\"inLanguage\":\"en-US\"},{\"@type\":\"Organization\",\"@id\":\"https:\/\/librairie7l.com\/en\/#organization\",\"name\":\"Librairie 7L\",\"url\":\"https:\/\/librairie7l.com\/en\/\",\"logo\":{\"@type\":\"ImageObject\",\"inLanguage\":\"en-US\",\"@id\":\"https:\/\/librairie7l.com\/en\/#\/schema\/logo\/image\/\",\"url\":\"https:\/\/librairie7l.com\/wp-content\/uploads\/2022\/08\/logo-1.png\",\"contentUrl\":\"https:\/\/librairie7l.com\/wp-content\/uploads\/2022\/08\/logo-1.png\",\"width\":227,\"height\":301,\"caption\":\"Librairie 7L\"},\"image\":{\"@id\":\"https:\/\/librairie7l.com\/en\/#\/schema\/logo\/image\/\"}}]}<\/script>\n<!-- \/ Yoast SEO plugin. -->","yoast_head_json":{"title":"Vocabulaire illustr\u00e9 de l'ornement : Par le d\u00e9cor de l'architecture et des autres arts - Librairie 7L","robots":{"index":"index","follow":"follow","max-snippet":"max-snippet:-1","max-image-preview":"max-image-preview:large","max-video-preview":"max-video-preview:-1"},"canonical":"https:\/\/librairie7l.com\/en\/produit\/vocabulaire-illustre-de-lornement-par-le-decor-de-larchitecture-et-des-autres-arts-2\/","og_locale":"en_US","og_type":"article","og_title":"Vocabulaire illustr\u00e9 de l'ornement : Par le d\u00e9cor de l'architecture et des autres arts - Librairie 7L","og_description":"L&#8217;ornement constitue un monde riche d&#8217;invention, qui a su traverser les si\u00e8cles et les civilisations, s&#8217;impr\u00e9gnant du g\u00e9nie propre du lieu et du temps, le refl\u00e9tant comme un miroir au gr\u00e9 de l&#8217;imagination de l&#8217;artiste et de l&#8217;artisan dont ils ont guid\u00e9 la main. Les motifs se m\u00ealent, se d\u00e9construisent et se recomposent, parfois les [&hellip;]","og_url":"https:\/\/librairie7l.com\/en\/produit\/vocabulaire-illustre-de-lornement-par-le-decor-de-larchitecture-et-des-autres-arts-2\/","og_site_name":"Librairie 7L","article_modified_time":"2026-05-05T16:58:25+00:00","og_image":[{"width":600,"height":757,"url":"https:\/\/librairie7l.com\/wp-content\/uploads\/2024\/06\/9782416018770_1_75.jpg","type":"image\/jpeg"}],"twitter_card":"summary_large_image","twitter_misc":{"Est. reading time":"1 minute"},"schema":{"@context":"https:\/\/schema.org","@graph":[{"@type":"WebPage","@id":"https:\/\/librairie7l.com\/en\/produit\/vocabulaire-illustre-de-lornement-par-le-decor-de-larchitecture-et-des-autres-arts-2\/","url":"https:\/\/librairie7l.com\/en\/produit\/vocabulaire-illustre-de-lornement-par-le-decor-de-larchitecture-et-des-autres-arts-2\/","name":"Vocabulaire illustr\u00e9 de l'ornement : Par le d\u00e9cor de l'architecture et des autres arts - Librairie 7L","isPartOf":{"@id":"https:\/\/librairie7l.com\/en\/#website"},"datePublished":"2024-10-10T07:17:53+00:00","dateModified":"2026-05-05T16:58:25+00:00","breadcrumb":{"@id":"https:\/\/librairie7l.com\/en\/produit\/vocabulaire-illustre-de-lornement-par-le-decor-de-larchitecture-et-des-autres-arts-2\/#breadcrumb"},"inLanguage":"en-US","potentialAction":[{"@type":"ReadAction","target":["https:\/\/librairie7l.com\/en\/produit\/vocabulaire-illustre-de-lornement-par-le-decor-de-larchitecture-et-des-autres-arts-2\/"]}]},{"@type":"BreadcrumbList","@id":"https:\/\/librairie7l.com\/en\/produit\/vocabulaire-illustre-de-lornement-par-le-decor-de-larchitecture-et-des-autres-arts-2\/#breadcrumb","itemListElement":[{"@type":"ListItem","position":1,"name":"Accueil","item":"https:\/\/librairie7l.com\/en\/"},{"@type":"ListItem","position":2,"name":"Shop","item":"https:\/\/librairie7l.com\/en\/shop\/"},{"@type":"ListItem","position":3,"name":"VOCABULAIRE ILLUSTR\u00c9 DE L&#8217;ORNEMENT : PAR LE D\u00c9COR DE L&#8217;ARCHITECTURE ET DES AUTRES ARTS"}]},{"@type":"WebSite","@id":"https:\/\/librairie7l.com\/en\/#website","url":"https:\/\/librairie7l.com\/en\/","name":"Librairie 7L","description":"Librairie fond\u00e9e en 1999 par Karl Lagerfeld \u00e0 Paris","publisher":{"@id":"https:\/\/librairie7l.com\/en\/#organization"},"potentialAction":[{"@type":"SearchAction","target":{"@type":"EntryPoint","urlTemplate":"https:\/\/librairie7l.com\/en\/?s={search_term_string}"},"query-input":"required name=search_term_string"}],"inLanguage":"en-US"},{"@type":"Organization","@id":"https:\/\/librairie7l.com\/en\/#organization","name":"Librairie 7L","url":"https:\/\/librairie7l.com\/en\/","logo":{"@type":"ImageObject","inLanguage":"en-US","@id":"https:\/\/librairie7l.com\/en\/#\/schema\/logo\/image\/","url":"https:\/\/librairie7l.com\/wp-content\/uploads\/2022\/08\/logo-1.png","contentUrl":"https:\/\/librairie7l.com\/wp-content\/uploads\/2022\/08\/logo-1.png","width":227,"height":301,"caption":"Librairie 7L"},"image":{"@id":"https:\/\/librairie7l.com\/en\/#\/schema\/logo\/image\/"}}]}},"_links":{"self":[{"href":"https:\/\/librairie7l.com\/en\/wp-json\/wp\/v2\/product\/43271"}],"collection":[{"href":"https:\/\/librairie7l.com\/en\/wp-json\/wp\/v2\/product"}],"about":[{"href":"https:\/\/librairie7l.com\/en\/wp-json\/wp\/v2\/types\/product"}],"wp:featuredmedia":[{"embeddable":true,"href":"https:\/\/librairie7l.com\/en\/wp-json\/wp\/v2\/media\/43269"}],"wp:attachment":[{"href":"https:\/\/librairie7l.com\/en\/wp-json\/wp\/v2\/media?parent=43271"}],"wp:term":[{"taxonomy":"product_cat","embeddable":true,"href":"https:\/\/librairie7l.com\/en\/wp-json\/wp\/v2\/product_cat?post=43271"},{"taxonomy":"product_tag","embeddable":true,"href":"https:\/\/librairie7l.com\/en\/wp-json\/wp\/v2\/product_tag?post=43271"}],"curies":[{"name":"wp","href":"https:\/\/api.w.org\/{rel}","templated":true}]}}