{"id":43322,"date":"2024-10-12T22:04:26","date_gmt":"2024-10-12T20:04:26","guid":{"rendered":"https:\/\/librairie7l.com\/?post_type=product&#038;p=43322"},"modified":"2026-04-08T23:32:50","modified_gmt":"2026-04-08T21:32:50","slug":"broderie-2","status":"publish","type":"product","link":"https:\/\/librairie7l.com\/en\/produit\/broderie-2\/","title":{"rendered":"BRODERIE"},"content":{"rendered":"<p>Des explications claires et d\u00e9taill\u00e9es,<br \/>\nDes conseils de pro pour progresser rapidement,<br \/>\nPlus de 200 photos pour comprendre facilement.<br \/>\nAllez \u00e0 l&#8217;essentiel ! Ma\u00eetrisez les fondamentaux en broderie avec ce guide sp\u00e9cialement con\u00e7u pour se lancer tout de suite dans la broderie \u00e0 la main.<br \/>\nApr\u00e8s avoir expliqu\u00e9 le mat\u00e9riel, les techniques de base, comme reporter le motif sur la toile, ainsi que les points de couture essentiels, Julie Jolis Songes propose 6 dessins \u00e0 broder. Elle explique chacun dans des pas \u00e0 pas photos ultra pr\u00e9cis et d\u00e9taill\u00e9s. Tout y est !<\/p>\n","protected":false},"excerpt":{"rendered":"<p>Des explications claires et d\u00e9taill\u00e9es, Des conseils de pro pour progresser rapidement, Plus de 200 photos pour comprendre facilement. Allez \u00e0 l&#8217;essentiel ! Ma\u00eetrisez les fondamentaux en broderie avec ce guide sp\u00e9cialement con\u00e7u pour se lancer tout de suite dans la broderie \u00e0 la main. Apr\u00e8s avoir expliqu\u00e9 le mat\u00e9riel, les techniques de base, comme [&hellip;]<\/p>\n","protected":false},"featured_media":43320,"template":"","meta":[],"product_cat":[7364,2948],"product_tag":[],"acf":[],"yoast_head":"<!-- This site is optimized with the Yoast SEO plugin v20.11 - https:\/\/yoast.com\/wordpress\/plugins\/seo\/ -->\n<title>Broderie - Librairie 7L<\/title>\n<meta name=\"robots\" content=\"index, follow, max-snippet:-1, max-image-preview:large, max-video-preview:-1\" \/>\n<link rel=\"canonical\" href=\"https:\/\/librairie7l.com\/en\/produit\/broderie-2\/\" \/>\n<meta property=\"og:locale\" content=\"en_US\" \/>\n<meta property=\"og:type\" content=\"article\" \/>\n<meta property=\"og:title\" content=\"Broderie - Librairie 7L\" \/>\n<meta property=\"og:description\" content=\"Des explications claires et d\u00e9taill\u00e9es, Des conseils de pro pour progresser rapidement, Plus de 200 photos pour comprendre facilement. Allez \u00e0 l&#8217;essentiel ! Ma\u00eetrisez les fondamentaux en broderie avec ce guide sp\u00e9cialement con\u00e7u pour se lancer tout de suite dans la broderie \u00e0 la main. Apr\u00e8s avoir expliqu\u00e9 le mat\u00e9riel, les techniques de base, comme [&hellip;]\" \/>\n<meta property=\"og:url\" content=\"https:\/\/librairie7l.com\/en\/produit\/broderie-2\/\" \/>\n<meta property=\"og:site_name\" content=\"Librairie 7L\" \/>\n<meta property=\"article:modified_time\" content=\"2026-04-08T21:32:50+00:00\" \/>\n<meta property=\"og:image\" content=\"https:\/\/librairie7l.com\/wp-content\/uploads\/2024\/06\/9782814106956_1_75.jpg\" \/>\n\t<meta property=\"og:image:width\" content=\"400\" \/>\n\t<meta property=\"og:image:height\" content=\"567\" \/>\n\t<meta property=\"og:image:type\" content=\"image\/jpeg\" \/>\n<meta name=\"twitter:card\" content=\"summary_large_image\" \/>\n<script type=\"application\/ld+json\" class=\"yoast-schema-graph\">{\"@context\":\"https:\/\/schema.org\",\"@graph\":[{\"@type\":\"WebPage\",\"@id\":\"https:\/\/librairie7l.com\/en\/produit\/broderie-2\/\",\"url\":\"https:\/\/librairie7l.com\/en\/produit\/broderie-2\/\",\"name\":\"Broderie - Librairie 7L\",\"isPartOf\":{\"@id\":\"https:\/\/librairie7l.com\/en\/#website\"},\"datePublished\":\"2024-10-12T20:04:26+00:00\",\"dateModified\":\"2026-04-08T21:32:50+00:00\",\"breadcrumb\":{\"@id\":\"https:\/\/librairie7l.com\/en\/produit\/broderie-2\/#breadcrumb\"},\"inLanguage\":\"en-US\",\"potentialAction\":[{\"@type\":\"ReadAction\",\"target\":[\"https:\/\/librairie7l.com\/en\/produit\/broderie-2\/\"]}]},{\"@type\":\"BreadcrumbList\",\"@id\":\"https:\/\/librairie7l.com\/en\/produit\/broderie-2\/#breadcrumb\",\"itemListElement\":[{\"@type\":\"ListItem\",\"position\":1,\"name\":\"Accueil\",\"item\":\"https:\/\/librairie7l.com\/en\/\"},{\"@type\":\"ListItem\",\"position\":2,\"name\":\"Shop\",\"item\":\"https:\/\/librairie7l.com\/en\/shop\/\"},{\"@type\":\"ListItem\",\"position\":3,\"name\":\"BRODERIE\"}]},{\"@type\":\"WebSite\",\"@id\":\"https:\/\/librairie7l.com\/en\/#website\",\"url\":\"https:\/\/librairie7l.com\/en\/\",\"name\":\"Librairie 7L\",\"description\":\"Librairie fond\u00e9e en 1999 par Karl Lagerfeld \u00e0 Paris\",\"publisher\":{\"@id\":\"https:\/\/librairie7l.com\/en\/#organization\"},\"potentialAction\":[{\"@type\":\"SearchAction\",\"target\":{\"@type\":\"EntryPoint\",\"urlTemplate\":\"https:\/\/librairie7l.com\/en\/?s={search_term_string}\"},\"query-input\":\"required name=search_term_string\"}],\"inLanguage\":\"en-US\"},{\"@type\":\"Organization\",\"@id\":\"https:\/\/librairie7l.com\/en\/#organization\",\"name\":\"Librairie 7L\",\"url\":\"https:\/\/librairie7l.com\/en\/\",\"logo\":{\"@type\":\"ImageObject\",\"inLanguage\":\"en-US\",\"@id\":\"https:\/\/librairie7l.com\/en\/#\/schema\/logo\/image\/\",\"url\":\"https:\/\/librairie7l.com\/wp-content\/uploads\/2022\/08\/logo-1.png\",\"contentUrl\":\"https:\/\/librairie7l.com\/wp-content\/uploads\/2022\/08\/logo-1.png\",\"width\":227,\"height\":301,\"caption\":\"Librairie 7L\"},\"image\":{\"@id\":\"https:\/\/librairie7l.com\/en\/#\/schema\/logo\/image\/\"}}]}<\/script>\n<!-- \/ Yoast SEO plugin. -->","yoast_head_json":{"title":"Broderie - Librairie 7L","robots":{"index":"index","follow":"follow","max-snippet":"max-snippet:-1","max-image-preview":"max-image-preview:large","max-video-preview":"max-video-preview:-1"},"canonical":"https:\/\/librairie7l.com\/en\/produit\/broderie-2\/","og_locale":"en_US","og_type":"article","og_title":"Broderie - Librairie 7L","og_description":"Des explications claires et d\u00e9taill\u00e9es, Des conseils de pro pour progresser rapidement, Plus de 200 photos pour comprendre facilement. Allez \u00e0 l&#8217;essentiel ! Ma\u00eetrisez les fondamentaux en broderie avec ce guide sp\u00e9cialement con\u00e7u pour se lancer tout de suite dans la broderie \u00e0 la main. Apr\u00e8s avoir expliqu\u00e9 le mat\u00e9riel, les techniques de base, comme [&hellip;]","og_url":"https:\/\/librairie7l.com\/en\/produit\/broderie-2\/","og_site_name":"Librairie 7L","article_modified_time":"2026-04-08T21:32:50+00:00","og_image":[{"width":400,"height":567,"url":"https:\/\/librairie7l.com\/wp-content\/uploads\/2024\/06\/9782814106956_1_75.jpg","type":"image\/jpeg"}],"twitter_card":"summary_large_image","schema":{"@context":"https:\/\/schema.org","@graph":[{"@type":"WebPage","@id":"https:\/\/librairie7l.com\/en\/produit\/broderie-2\/","url":"https:\/\/librairie7l.com\/en\/produit\/broderie-2\/","name":"Broderie - Librairie 7L","isPartOf":{"@id":"https:\/\/librairie7l.com\/en\/#website"},"datePublished":"2024-10-12T20:04:26+00:00","dateModified":"2026-04-08T21:32:50+00:00","breadcrumb":{"@id":"https:\/\/librairie7l.com\/en\/produit\/broderie-2\/#breadcrumb"},"inLanguage":"en-US","potentialAction":[{"@type":"ReadAction","target":["https:\/\/librairie7l.com\/en\/produit\/broderie-2\/"]}]},{"@type":"BreadcrumbList","@id":"https:\/\/librairie7l.com\/en\/produit\/broderie-2\/#breadcrumb","itemListElement":[{"@type":"ListItem","position":1,"name":"Accueil","item":"https:\/\/librairie7l.com\/en\/"},{"@type":"ListItem","position":2,"name":"Shop","item":"https:\/\/librairie7l.com\/en\/shop\/"},{"@type":"ListItem","position":3,"name":"BRODERIE"}]},{"@type":"WebSite","@id":"https:\/\/librairie7l.com\/en\/#website","url":"https:\/\/librairie7l.com\/en\/","name":"Librairie 7L","description":"Librairie fond\u00e9e en 1999 par Karl Lagerfeld \u00e0 Paris","publisher":{"@id":"https:\/\/librairie7l.com\/en\/#organization"},"potentialAction":[{"@type":"SearchAction","target":{"@type":"EntryPoint","urlTemplate":"https:\/\/librairie7l.com\/en\/?s={search_term_string}"},"query-input":"required name=search_term_string"}],"inLanguage":"en-US"},{"@type":"Organization","@id":"https:\/\/librairie7l.com\/en\/#organization","name":"Librairie 7L","url":"https:\/\/librairie7l.com\/en\/","logo":{"@type":"ImageObject","inLanguage":"en-US","@id":"https:\/\/librairie7l.com\/en\/#\/schema\/logo\/image\/","url":"https:\/\/librairie7l.com\/wp-content\/uploads\/2022\/08\/logo-1.png","contentUrl":"https:\/\/librairie7l.com\/wp-content\/uploads\/2022\/08\/logo-1.png","width":227,"height":301,"caption":"Librairie 7L"},"image":{"@id":"https:\/\/librairie7l.com\/en\/#\/schema\/logo\/image\/"}}]}},"_links":{"self":[{"href":"https:\/\/librairie7l.com\/en\/wp-json\/wp\/v2\/product\/43322"}],"collection":[{"href":"https:\/\/librairie7l.com\/en\/wp-json\/wp\/v2\/product"}],"about":[{"href":"https:\/\/librairie7l.com\/en\/wp-json\/wp\/v2\/types\/product"}],"wp:featuredmedia":[{"embeddable":true,"href":"https:\/\/librairie7l.com\/en\/wp-json\/wp\/v2\/media\/43320"}],"wp:attachment":[{"href":"https:\/\/librairie7l.com\/en\/wp-json\/wp\/v2\/media?parent=43322"}],"wp:term":[{"taxonomy":"product_cat","embeddable":true,"href":"https:\/\/librairie7l.com\/en\/wp-json\/wp\/v2\/product_cat?post=43322"},{"taxonomy":"product_tag","embeddable":true,"href":"https:\/\/librairie7l.com\/en\/wp-json\/wp\/v2\/product_tag?post=43322"}],"curies":[{"name":"wp","href":"https:\/\/api.w.org\/{rel}","templated":true}]}}