{"id":43336,"date":"2024-10-14T17:47:28","date_gmt":"2024-10-14T15:47:28","guid":{"rendered":"https:\/\/librairie7l.com\/?post_type=product&#038;p=43336"},"modified":"2026-04-08T23:54:48","modified_gmt":"2026-04-08T21:54:48","slug":"somniculus-2","status":"publish","type":"product","link":"https:\/\/librairie7l.com\/en\/produit\/somniculus-2\/","title":{"rendered":"SOMNICULUS"},"content":{"rendered":"<p>Film\u00e9 dans les galeries d\u00e9sertes de divers mus\u00e9es parisiens, le projet vid\u00e9o Somniculus d&#8217;Ali Cherri exprime la tension entre la vie des objets morts et le monde vivant qui les entoure, mettant en \u00e9vidence leur valeur id\u00e9ologique. Cette publication accompagne et prolonge la r\u00e9flexion de l&#8217;artiste libanais (dans le cadre du programme \u00ab Satellite \u00bb organis\u00e9 par le Jeu de Paume et le CAPC).<\/p>\n<p>Publi\u00e9 \u00e0 l&#8217;occasion de la double exposition \u00e9ponyme au CAPC mus\u00e9e d&#8217;art contemporain de Bordeaux, du 2 f\u00e9vrier au 30 avril 2017, et au Jeu de Paume, Paris, du 14 f\u00e9vrier au 28 mai 2017.<\/p>\n<p>Initi\u00e9e en 2007, la programmation Satellite du Jeu de Paume est d\u00e9di\u00e9e \u00e0 la cr\u00e9ation contemporaine. Depuis 2015, le Jeu de Paume et le CAPC mus\u00e9e d&#8217;art contemporain de Bordeaux organisent conjointement ce programme d&#8217;expositions, assur\u00e9 d\u00e8s sa cr\u00e9ation par des commissaires d&#8217;envergure internationale (Fabienne Fulch\u00e9ri, Mar\u00eda In\u00e9s Rodr\u00edguez, Elena Filipovic, Raimundas Mala\u0161auskas, Filipa Oliveira, Mathieu Copeland, Nata\u0161a Petre\u0161in-Bachelez, Erin Gleeson et Heidi Ballet). Pour cette \u00e9dition 2017, intitul\u00e9e \u00ab L&#8217;\u00e9conomie du vivant \u00bb, le Jeu de Paume et le CAPC mus\u00e9e ont convi\u00e9 Osei Bonsu, commissaire d&#8217;exposition et auteur bas\u00e9 \u00e0 Londres.<br \/>\nPrenant pour base le support filmique, la programmation sera interdisciplinaire, invitant \u00e0 un dialogue effectif et cibl\u00e9 avec l&#8217;image mouvante. \u00ab L&#8217;\u00e9conomie du vivant \u00bb, qui s&#8217;ouvrira avec Ali Cherri et se cloturera avec Jumana Manna, est tourn\u00e9e vers la transmission et la pr\u00e9servation de l&#8217;histoire en tant que r\u00e9ceptacle de la m\u00e9moire vivante. Ces confrontations ouvriront l&#8217;espace propice \u00e0 l&#8217;exploration du temps et de la temporalit\u00e9 que m\u00e8nent Steffani Jemison et Oscar Murillo, dont les pratiques formelles mettent en \u00e9vidence une po\u00e9tique des gestes physiques influenc\u00e9e par ces facteurs socio-\u00e9conomiques que sont les usines, les projets d&#8217;am\u00e9nagement urbain ou les parcs publics.<br \/>\nLes expositions de la programmation Satellite s&#8217;accompagnent de quatre publications, confi\u00e9s chaque ann\u00e9e \u00e0 des graphistes ind\u00e9pendants. Les expositions de L&#8217;\u00e9conomie du vivant sont \u00e9galement pr\u00e9sent\u00e9es au Jeu de Paume \u00e0 Paris et \u00e0 la Maison d&#8217;Art Bernard Anthonioz \u00e0 Nogent-sur-Marne en 2017.<\/p>\n","protected":false},"excerpt":{"rendered":"<p>Film\u00e9 dans les galeries d\u00e9sertes de divers mus\u00e9es parisiens, le projet vid\u00e9o Somniculus d&#8217;Ali Cherri exprime la tension entre la vie des objets morts et le monde vivant qui les entoure, mettant en \u00e9vidence leur valeur id\u00e9ologique. Cette publication accompagne et prolonge la r\u00e9flexion de l&#8217;artiste libanais (dans le cadre du programme \u00ab Satellite \u00bb [&hellip;]<\/p>\n","protected":false},"featured_media":43334,"template":"","meta":[],"product_cat":[7364,2948],"product_tag":[],"acf":[],"yoast_head":"<!-- This site is optimized with the Yoast SEO plugin v20.11 - https:\/\/yoast.com\/wordpress\/plugins\/seo\/ -->\n<title>Somniculus - Librairie 7L<\/title>\n<meta name=\"robots\" content=\"index, follow, max-snippet:-1, max-image-preview:large, max-video-preview:-1\" \/>\n<link rel=\"canonical\" href=\"https:\/\/librairie7l.com\/en\/produit\/somniculus-2\/\" \/>\n<meta property=\"og:locale\" content=\"en_US\" \/>\n<meta property=\"og:type\" content=\"article\" \/>\n<meta property=\"og:title\" content=\"Somniculus - Librairie 7L\" \/>\n<meta property=\"og:description\" content=\"Film\u00e9 dans les galeries d\u00e9sertes de divers mus\u00e9es parisiens, le projet vid\u00e9o Somniculus d&#8217;Ali Cherri exprime la tension entre la vie des objets morts et le monde vivant qui les entoure, mettant en \u00e9vidence leur valeur id\u00e9ologique. Cette publication accompagne et prolonge la r\u00e9flexion de l&#8217;artiste libanais (dans le cadre du programme \u00ab Satellite \u00bb [&hellip;]\" \/>\n<meta property=\"og:url\" content=\"https:\/\/librairie7l.com\/en\/produit\/somniculus-2\/\" \/>\n<meta property=\"og:site_name\" content=\"Librairie 7L\" \/>\n<meta property=\"article:modified_time\" content=\"2026-04-08T21:54:48+00:00\" \/>\n<meta property=\"og:image\" content=\"https:\/\/librairie7l.com\/wp-content\/uploads\/2017\/02\/9782877212328_1_75.jpg\" \/>\n\t<meta property=\"og:image:width\" content=\"600\" \/>\n\t<meta property=\"og:image:height\" content=\"843\" \/>\n\t<meta property=\"og:image:type\" content=\"image\/jpeg\" \/>\n<meta name=\"twitter:card\" content=\"summary_large_image\" \/>\n<meta name=\"twitter:label1\" content=\"Est. reading time\" \/>\n\t<meta name=\"twitter:data1\" content=\"2 minutes\" \/>\n<script type=\"application\/ld+json\" class=\"yoast-schema-graph\">{\"@context\":\"https:\/\/schema.org\",\"@graph\":[{\"@type\":\"WebPage\",\"@id\":\"https:\/\/librairie7l.com\/en\/produit\/somniculus-2\/\",\"url\":\"https:\/\/librairie7l.com\/en\/produit\/somniculus-2\/\",\"name\":\"Somniculus - Librairie 7L\",\"isPartOf\":{\"@id\":\"https:\/\/librairie7l.com\/en\/#website\"},\"datePublished\":\"2024-10-14T15:47:28+00:00\",\"dateModified\":\"2026-04-08T21:54:48+00:00\",\"breadcrumb\":{\"@id\":\"https:\/\/librairie7l.com\/en\/produit\/somniculus-2\/#breadcrumb\"},\"inLanguage\":\"en-US\",\"potentialAction\":[{\"@type\":\"ReadAction\",\"target\":[\"https:\/\/librairie7l.com\/en\/produit\/somniculus-2\/\"]}]},{\"@type\":\"BreadcrumbList\",\"@id\":\"https:\/\/librairie7l.com\/en\/produit\/somniculus-2\/#breadcrumb\",\"itemListElement\":[{\"@type\":\"ListItem\",\"position\":1,\"name\":\"Accueil\",\"item\":\"https:\/\/librairie7l.com\/en\/\"},{\"@type\":\"ListItem\",\"position\":2,\"name\":\"Shop\",\"item\":\"https:\/\/librairie7l.com\/en\/shop\/\"},{\"@type\":\"ListItem\",\"position\":3,\"name\":\"SOMNICULUS\"}]},{\"@type\":\"WebSite\",\"@id\":\"https:\/\/librairie7l.com\/en\/#website\",\"url\":\"https:\/\/librairie7l.com\/en\/\",\"name\":\"Librairie 7L\",\"description\":\"Librairie fond\u00e9e en 1999 par Karl Lagerfeld \u00e0 Paris\",\"publisher\":{\"@id\":\"https:\/\/librairie7l.com\/en\/#organization\"},\"potentialAction\":[{\"@type\":\"SearchAction\",\"target\":{\"@type\":\"EntryPoint\",\"urlTemplate\":\"https:\/\/librairie7l.com\/en\/?s={search_term_string}\"},\"query-input\":\"required name=search_term_string\"}],\"inLanguage\":\"en-US\"},{\"@type\":\"Organization\",\"@id\":\"https:\/\/librairie7l.com\/en\/#organization\",\"name\":\"Librairie 7L\",\"url\":\"https:\/\/librairie7l.com\/en\/\",\"logo\":{\"@type\":\"ImageObject\",\"inLanguage\":\"en-US\",\"@id\":\"https:\/\/librairie7l.com\/en\/#\/schema\/logo\/image\/\",\"url\":\"https:\/\/librairie7l.com\/wp-content\/uploads\/2022\/08\/logo-1.png\",\"contentUrl\":\"https:\/\/librairie7l.com\/wp-content\/uploads\/2022\/08\/logo-1.png\",\"width\":227,\"height\":301,\"caption\":\"Librairie 7L\"},\"image\":{\"@id\":\"https:\/\/librairie7l.com\/en\/#\/schema\/logo\/image\/\"}}]}<\/script>\n<!-- \/ Yoast SEO plugin. -->","yoast_head_json":{"title":"Somniculus - Librairie 7L","robots":{"index":"index","follow":"follow","max-snippet":"max-snippet:-1","max-image-preview":"max-image-preview:large","max-video-preview":"max-video-preview:-1"},"canonical":"https:\/\/librairie7l.com\/en\/produit\/somniculus-2\/","og_locale":"en_US","og_type":"article","og_title":"Somniculus - Librairie 7L","og_description":"Film\u00e9 dans les galeries d\u00e9sertes de divers mus\u00e9es parisiens, le projet vid\u00e9o Somniculus d&#8217;Ali Cherri exprime la tension entre la vie des objets morts et le monde vivant qui les entoure, mettant en \u00e9vidence leur valeur id\u00e9ologique. Cette publication accompagne et prolonge la r\u00e9flexion de l&#8217;artiste libanais (dans le cadre du programme \u00ab Satellite \u00bb [&hellip;]","og_url":"https:\/\/librairie7l.com\/en\/produit\/somniculus-2\/","og_site_name":"Librairie 7L","article_modified_time":"2026-04-08T21:54:48+00:00","og_image":[{"width":600,"height":843,"url":"https:\/\/librairie7l.com\/wp-content\/uploads\/2017\/02\/9782877212328_1_75.jpg","type":"image\/jpeg"}],"twitter_card":"summary_large_image","twitter_misc":{"Est. reading time":"2 minutes"},"schema":{"@context":"https:\/\/schema.org","@graph":[{"@type":"WebPage","@id":"https:\/\/librairie7l.com\/en\/produit\/somniculus-2\/","url":"https:\/\/librairie7l.com\/en\/produit\/somniculus-2\/","name":"Somniculus - Librairie 7L","isPartOf":{"@id":"https:\/\/librairie7l.com\/en\/#website"},"datePublished":"2024-10-14T15:47:28+00:00","dateModified":"2026-04-08T21:54:48+00:00","breadcrumb":{"@id":"https:\/\/librairie7l.com\/en\/produit\/somniculus-2\/#breadcrumb"},"inLanguage":"en-US","potentialAction":[{"@type":"ReadAction","target":["https:\/\/librairie7l.com\/en\/produit\/somniculus-2\/"]}]},{"@type":"BreadcrumbList","@id":"https:\/\/librairie7l.com\/en\/produit\/somniculus-2\/#breadcrumb","itemListElement":[{"@type":"ListItem","position":1,"name":"Accueil","item":"https:\/\/librairie7l.com\/en\/"},{"@type":"ListItem","position":2,"name":"Shop","item":"https:\/\/librairie7l.com\/en\/shop\/"},{"@type":"ListItem","position":3,"name":"SOMNICULUS"}]},{"@type":"WebSite","@id":"https:\/\/librairie7l.com\/en\/#website","url":"https:\/\/librairie7l.com\/en\/","name":"Librairie 7L","description":"Librairie fond\u00e9e en 1999 par Karl Lagerfeld \u00e0 Paris","publisher":{"@id":"https:\/\/librairie7l.com\/en\/#organization"},"potentialAction":[{"@type":"SearchAction","target":{"@type":"EntryPoint","urlTemplate":"https:\/\/librairie7l.com\/en\/?s={search_term_string}"},"query-input":"required name=search_term_string"}],"inLanguage":"en-US"},{"@type":"Organization","@id":"https:\/\/librairie7l.com\/en\/#organization","name":"Librairie 7L","url":"https:\/\/librairie7l.com\/en\/","logo":{"@type":"ImageObject","inLanguage":"en-US","@id":"https:\/\/librairie7l.com\/en\/#\/schema\/logo\/image\/","url":"https:\/\/librairie7l.com\/wp-content\/uploads\/2022\/08\/logo-1.png","contentUrl":"https:\/\/librairie7l.com\/wp-content\/uploads\/2022\/08\/logo-1.png","width":227,"height":301,"caption":"Librairie 7L"},"image":{"@id":"https:\/\/librairie7l.com\/en\/#\/schema\/logo\/image\/"}}]}},"_links":{"self":[{"href":"https:\/\/librairie7l.com\/en\/wp-json\/wp\/v2\/product\/43336"}],"collection":[{"href":"https:\/\/librairie7l.com\/en\/wp-json\/wp\/v2\/product"}],"about":[{"href":"https:\/\/librairie7l.com\/en\/wp-json\/wp\/v2\/types\/product"}],"wp:featuredmedia":[{"embeddable":true,"href":"https:\/\/librairie7l.com\/en\/wp-json\/wp\/v2\/media\/43334"}],"wp:attachment":[{"href":"https:\/\/librairie7l.com\/en\/wp-json\/wp\/v2\/media?parent=43336"}],"wp:term":[{"taxonomy":"product_cat","embeddable":true,"href":"https:\/\/librairie7l.com\/en\/wp-json\/wp\/v2\/product_cat?post=43336"},{"taxonomy":"product_tag","embeddable":true,"href":"https:\/\/librairie7l.com\/en\/wp-json\/wp\/v2\/product_tag?post=43336"}],"curies":[{"name":"wp","href":"https:\/\/api.w.org\/{rel}","templated":true}]}}