{"id":43341,"date":"2024-10-15T16:55:41","date_gmt":"2024-10-15T14:55:41","guid":{"rendered":"https:\/\/librairie7l.com\/?post_type=product&#038;p=43341"},"modified":"2026-04-08T23:32:49","modified_gmt":"2026-04-08T21:32:49","slug":"henry-moore-reclining-figure-arch-leg-1969-70-2","status":"publish","type":"product","link":"https:\/\/librairie7l.com\/en\/produit\/henry-moore-reclining-figure-arch-leg-1969-70-2\/","title":{"rendered":"HENRY MOORE : RECLINING FIGURE : ARCH LEG 1969-70"},"content":{"rendered":"<p>Laura Benedetti Klein a d\u00e9couvert &#8216;Reclining Figure: Arch Leg (LH610)&#8217; sur le chemin qui la menait \u00e0 son travail. Elle traversait la Promenade de l&#8217;Observatoire \u00e0 Gen\u00e8ve, pour \u00e9chapper au trafic et chercher l&#8217;ombre bienfaisante d&#8217;un h\u00eatre pourpre centenaire. Elle aper\u00e7ut ensuite cette sculpture monumentale d&#8217;Henry Moore pr\u00e8s de l&#8217;arbre. Le feuillage se refl\u00e9tait sur le bronze luisant. A cette p\u00e9riode, en 2003, elle avait achet\u00e9 un appareil moyen format analogique pour apprendre \u00e0 photographier de mani\u00e8re lente et pr\u00e9cise. La sculpture lui a sembl\u00e9 \u00eatre le sujet id\u00e9al &#8230;car elle ne bougeait pas ! elle n&#8217;avait ainsi aucune pression \u00e0 trouver \u00abl&#8217;instant d\u00e9cisif\u00bb si cher \u00e0 Henri Cartier-Bresson. Elle se sentait inspir\u00e9e par la m\u00e9thode dite \u00abStraight Photography\u00bb, celle de la photographie pure, une technique appr\u00e9ci\u00e9e des photographes am\u00e9ricains Alfred Stieglitz et Edward Weston. La photographie pure exige une composition rigoureuse qui transcrit la r\u00e9alit\u00e9. Toute modification ou intervention sur le n\u00e9gatif est \u00e9vit\u00e9e. Elle a photographi\u00e9 cette sculpture monumentale de 2005 \u00e0 2013, en tournant autour d&#8217;elle, encore et encore, de mani\u00e8re presque obsessionnelle, capturant et m\u00e9morisant ses formes sous toutes les lumi\u00e8res du jour, en toutes saisons et durant certaines nuits. Elle poss\u00e9dait une trentaine de bonnes photographies quand elle a d\u00e9cid\u00e9 de les montrer \u00e0 Luca Notari, \u00e9diteur qui lui a sugg\u00e9r\u00e9 de les montrer au galeriste et \u00e9diteur Patrick Cramer, qui a une galerie contemporaine \u00e0 Gen\u00e8ve et une collection unique de gravures de Henry Moore, parmi d&#8217;autres tr\u00e8s grands artistes d&#8217;art moderne, telle que Miro, Picasso et Chagall. Dans les ann\u00e9es septante, son p\u00e8re, G\u00e9rald Cramer, avait \u00e9t\u00e9 l&#8217;interm\u00e9diaire de la vente de &#8216;Reclining Figure: Arch Leg&#8217; au Mus\u00e9e d&#8217;art et d&#8217;histoire \u00e0 Gen\u00e8ve. Le collectionneur a regard\u00e9 attentivement les photos et lui dit franchement que le livre, ainsi, serait un peu \u00abplat\u00bb. Il lui a par contre sugg\u00e9r\u00e9 de photographier toutes les \u00e9ditions de la sculpture, s&#8217;agissant d&#8217;un multiple. Textes en fran\u00e7ais + traductions anglaises et autres, selon le pays o\u00f9 chaque multiple de la statue a \u00e9t\u00e9 photographi\u00e9.<\/p>\n","protected":false},"excerpt":{"rendered":"<p>Laura Benedetti Klein a d\u00e9couvert &#8216;Reclining Figure: Arch Leg (LH610)&#8217; sur le chemin qui la menait \u00e0 son travail. Elle traversait la Promenade de l&#8217;Observatoire \u00e0 Gen\u00e8ve, pour \u00e9chapper au trafic et chercher l&#8217;ombre bienfaisante d&#8217;un h\u00eatre pourpre centenaire. Elle aper\u00e7ut ensuite cette sculpture monumentale d&#8217;Henry Moore pr\u00e8s de l&#8217;arbre. Le feuillage se refl\u00e9tait sur [&hellip;]<\/p>\n","protected":false},"featured_media":43339,"template":"","meta":[],"product_cat":[7364,2948],"product_tag":[],"acf":[],"yoast_head":"<!-- This site is optimized with the Yoast SEO plugin v20.11 - https:\/\/yoast.com\/wordpress\/plugins\/seo\/ -->\n<title>Henry Moore : reclining figure : arch leg 1969-70 - Librairie 7L<\/title>\n<meta name=\"robots\" content=\"index, follow, max-snippet:-1, max-image-preview:large, max-video-preview:-1\" \/>\n<link rel=\"canonical\" href=\"https:\/\/librairie7l.com\/en\/produit\/henry-moore-reclining-figure-arch-leg-1969-70-2\/\" \/>\n<meta property=\"og:locale\" content=\"en_US\" \/>\n<meta property=\"og:type\" content=\"article\" \/>\n<meta property=\"og:title\" content=\"Henry Moore : reclining figure : arch leg 1969-70 - Librairie 7L\" \/>\n<meta property=\"og:description\" content=\"Laura Benedetti Klein a d\u00e9couvert &#8216;Reclining Figure: Arch Leg (LH610)&#8217; sur le chemin qui la menait \u00e0 son travail. Elle traversait la Promenade de l&#8217;Observatoire \u00e0 Gen\u00e8ve, pour \u00e9chapper au trafic et chercher l&#8217;ombre bienfaisante d&#8217;un h\u00eatre pourpre centenaire. Elle aper\u00e7ut ensuite cette sculpture monumentale d&#8217;Henry Moore pr\u00e8s de l&#8217;arbre. Le feuillage se refl\u00e9tait sur [&hellip;]\" \/>\n<meta property=\"og:url\" content=\"https:\/\/librairie7l.com\/en\/produit\/henry-moore-reclining-figure-arch-leg-1969-70-2\/\" \/>\n<meta property=\"og:site_name\" content=\"Librairie 7L\" \/>\n<meta property=\"article:modified_time\" content=\"2026-04-08T21:32:49+00:00\" \/>\n<meta property=\"og:image\" content=\"https:\/\/librairie7l.com\/wp-content\/uploads\/2022\/02\/9782940617432_1_75.jpg\" \/>\n\t<meta property=\"og:image:width\" content=\"400\" \/>\n\t<meta property=\"og:image:height\" content=\"462\" \/>\n\t<meta property=\"og:image:type\" content=\"image\/jpeg\" \/>\n<meta name=\"twitter:card\" content=\"summary_large_image\" \/>\n<meta name=\"twitter:label1\" content=\"Est. reading time\" \/>\n\t<meta name=\"twitter:data1\" content=\"2 minutes\" \/>\n<script type=\"application\/ld+json\" class=\"yoast-schema-graph\">{\"@context\":\"https:\/\/schema.org\",\"@graph\":[{\"@type\":\"WebPage\",\"@id\":\"https:\/\/librairie7l.com\/en\/produit\/henry-moore-reclining-figure-arch-leg-1969-70-2\/\",\"url\":\"https:\/\/librairie7l.com\/en\/produit\/henry-moore-reclining-figure-arch-leg-1969-70-2\/\",\"name\":\"Henry Moore : reclining figure : arch leg 1969-70 - Librairie 7L\",\"isPartOf\":{\"@id\":\"https:\/\/librairie7l.com\/en\/#website\"},\"datePublished\":\"2024-10-15T14:55:41+00:00\",\"dateModified\":\"2026-04-08T21:32:49+00:00\",\"breadcrumb\":{\"@id\":\"https:\/\/librairie7l.com\/en\/produit\/henry-moore-reclining-figure-arch-leg-1969-70-2\/#breadcrumb\"},\"inLanguage\":\"en-US\",\"potentialAction\":[{\"@type\":\"ReadAction\",\"target\":[\"https:\/\/librairie7l.com\/en\/produit\/henry-moore-reclining-figure-arch-leg-1969-70-2\/\"]}]},{\"@type\":\"BreadcrumbList\",\"@id\":\"https:\/\/librairie7l.com\/en\/produit\/henry-moore-reclining-figure-arch-leg-1969-70-2\/#breadcrumb\",\"itemListElement\":[{\"@type\":\"ListItem\",\"position\":1,\"name\":\"Accueil\",\"item\":\"https:\/\/librairie7l.com\/en\/\"},{\"@type\":\"ListItem\",\"position\":2,\"name\":\"Shop\",\"item\":\"https:\/\/librairie7l.com\/en\/shop\/\"},{\"@type\":\"ListItem\",\"position\":3,\"name\":\"HENRY MOORE : RECLINING FIGURE : ARCH LEG 1969-70\"}]},{\"@type\":\"WebSite\",\"@id\":\"https:\/\/librairie7l.com\/en\/#website\",\"url\":\"https:\/\/librairie7l.com\/en\/\",\"name\":\"Librairie 7L\",\"description\":\"Librairie fond\u00e9e en 1999 par Karl Lagerfeld \u00e0 Paris\",\"publisher\":{\"@id\":\"https:\/\/librairie7l.com\/en\/#organization\"},\"potentialAction\":[{\"@type\":\"SearchAction\",\"target\":{\"@type\":\"EntryPoint\",\"urlTemplate\":\"https:\/\/librairie7l.com\/en\/?s={search_term_string}\"},\"query-input\":\"required name=search_term_string\"}],\"inLanguage\":\"en-US\"},{\"@type\":\"Organization\",\"@id\":\"https:\/\/librairie7l.com\/en\/#organization\",\"name\":\"Librairie 7L\",\"url\":\"https:\/\/librairie7l.com\/en\/\",\"logo\":{\"@type\":\"ImageObject\",\"inLanguage\":\"en-US\",\"@id\":\"https:\/\/librairie7l.com\/en\/#\/schema\/logo\/image\/\",\"url\":\"https:\/\/librairie7l.com\/wp-content\/uploads\/2022\/08\/logo-1.png\",\"contentUrl\":\"https:\/\/librairie7l.com\/wp-content\/uploads\/2022\/08\/logo-1.png\",\"width\":227,\"height\":301,\"caption\":\"Librairie 7L\"},\"image\":{\"@id\":\"https:\/\/librairie7l.com\/en\/#\/schema\/logo\/image\/\"}}]}<\/script>\n<!-- \/ Yoast SEO plugin. -->","yoast_head_json":{"title":"Henry Moore : reclining figure : arch leg 1969-70 - Librairie 7L","robots":{"index":"index","follow":"follow","max-snippet":"max-snippet:-1","max-image-preview":"max-image-preview:large","max-video-preview":"max-video-preview:-1"},"canonical":"https:\/\/librairie7l.com\/en\/produit\/henry-moore-reclining-figure-arch-leg-1969-70-2\/","og_locale":"en_US","og_type":"article","og_title":"Henry Moore : reclining figure : arch leg 1969-70 - Librairie 7L","og_description":"Laura Benedetti Klein a d\u00e9couvert &#8216;Reclining Figure: Arch Leg (LH610)&#8217; sur le chemin qui la menait \u00e0 son travail. Elle traversait la Promenade de l&#8217;Observatoire \u00e0 Gen\u00e8ve, pour \u00e9chapper au trafic et chercher l&#8217;ombre bienfaisante d&#8217;un h\u00eatre pourpre centenaire. Elle aper\u00e7ut ensuite cette sculpture monumentale d&#8217;Henry Moore pr\u00e8s de l&#8217;arbre. Le feuillage se refl\u00e9tait sur [&hellip;]","og_url":"https:\/\/librairie7l.com\/en\/produit\/henry-moore-reclining-figure-arch-leg-1969-70-2\/","og_site_name":"Librairie 7L","article_modified_time":"2026-04-08T21:32:49+00:00","og_image":[{"width":400,"height":462,"url":"https:\/\/librairie7l.com\/wp-content\/uploads\/2022\/02\/9782940617432_1_75.jpg","type":"image\/jpeg"}],"twitter_card":"summary_large_image","twitter_misc":{"Est. reading time":"2 minutes"},"schema":{"@context":"https:\/\/schema.org","@graph":[{"@type":"WebPage","@id":"https:\/\/librairie7l.com\/en\/produit\/henry-moore-reclining-figure-arch-leg-1969-70-2\/","url":"https:\/\/librairie7l.com\/en\/produit\/henry-moore-reclining-figure-arch-leg-1969-70-2\/","name":"Henry Moore : reclining figure : arch leg 1969-70 - Librairie 7L","isPartOf":{"@id":"https:\/\/librairie7l.com\/en\/#website"},"datePublished":"2024-10-15T14:55:41+00:00","dateModified":"2026-04-08T21:32:49+00:00","breadcrumb":{"@id":"https:\/\/librairie7l.com\/en\/produit\/henry-moore-reclining-figure-arch-leg-1969-70-2\/#breadcrumb"},"inLanguage":"en-US","potentialAction":[{"@type":"ReadAction","target":["https:\/\/librairie7l.com\/en\/produit\/henry-moore-reclining-figure-arch-leg-1969-70-2\/"]}]},{"@type":"BreadcrumbList","@id":"https:\/\/librairie7l.com\/en\/produit\/henry-moore-reclining-figure-arch-leg-1969-70-2\/#breadcrumb","itemListElement":[{"@type":"ListItem","position":1,"name":"Accueil","item":"https:\/\/librairie7l.com\/en\/"},{"@type":"ListItem","position":2,"name":"Shop","item":"https:\/\/librairie7l.com\/en\/shop\/"},{"@type":"ListItem","position":3,"name":"HENRY MOORE : RECLINING FIGURE : ARCH LEG 1969-70"}]},{"@type":"WebSite","@id":"https:\/\/librairie7l.com\/en\/#website","url":"https:\/\/librairie7l.com\/en\/","name":"Librairie 7L","description":"Librairie fond\u00e9e en 1999 par Karl Lagerfeld \u00e0 Paris","publisher":{"@id":"https:\/\/librairie7l.com\/en\/#organization"},"potentialAction":[{"@type":"SearchAction","target":{"@type":"EntryPoint","urlTemplate":"https:\/\/librairie7l.com\/en\/?s={search_term_string}"},"query-input":"required name=search_term_string"}],"inLanguage":"en-US"},{"@type":"Organization","@id":"https:\/\/librairie7l.com\/en\/#organization","name":"Librairie 7L","url":"https:\/\/librairie7l.com\/en\/","logo":{"@type":"ImageObject","inLanguage":"en-US","@id":"https:\/\/librairie7l.com\/en\/#\/schema\/logo\/image\/","url":"https:\/\/librairie7l.com\/wp-content\/uploads\/2022\/08\/logo-1.png","contentUrl":"https:\/\/librairie7l.com\/wp-content\/uploads\/2022\/08\/logo-1.png","width":227,"height":301,"caption":"Librairie 7L"},"image":{"@id":"https:\/\/librairie7l.com\/en\/#\/schema\/logo\/image\/"}}]}},"_links":{"self":[{"href":"https:\/\/librairie7l.com\/en\/wp-json\/wp\/v2\/product\/43341"}],"collection":[{"href":"https:\/\/librairie7l.com\/en\/wp-json\/wp\/v2\/product"}],"about":[{"href":"https:\/\/librairie7l.com\/en\/wp-json\/wp\/v2\/types\/product"}],"wp:featuredmedia":[{"embeddable":true,"href":"https:\/\/librairie7l.com\/en\/wp-json\/wp\/v2\/media\/43339"}],"wp:attachment":[{"href":"https:\/\/librairie7l.com\/en\/wp-json\/wp\/v2\/media?parent=43341"}],"wp:term":[{"taxonomy":"product_cat","embeddable":true,"href":"https:\/\/librairie7l.com\/en\/wp-json\/wp\/v2\/product_cat?post=43341"},{"taxonomy":"product_tag","embeddable":true,"href":"https:\/\/librairie7l.com\/en\/wp-json\/wp\/v2\/product_tag?post=43341"}],"curies":[{"name":"wp","href":"https:\/\/api.w.org\/{rel}","templated":true}]}}