{"id":43347,"date":"2024-10-16T09:17:29","date_gmt":"2024-10-16T07:17:29","guid":{"rendered":"https:\/\/librairie7l.com\/?post_type=product&#038;p=43347"},"modified":"2026-04-27T14:21:11","modified_gmt":"2026-04-27T12:21:11","slug":"larchitecture-en-concepts-inspirations-pour-des-strategies-2","status":"publish","type":"product","link":"https:\/\/librairie7l.com\/en\/produit\/larchitecture-en-concepts-inspirations-pour-des-strategies-2\/","title":{"rendered":"L&#8217;ARCHITECTURE EN CONCEPTS : INSPIRATIONS POUR DES STRAT\u00c9GIES"},"content":{"rendered":"<p>En architecture, suivre les tendances ou jeter de la poudre aux yeux n&#8217;a jamais masqu\u00e9 les mauvaises id\u00e9es ou le manque d&#8217;inspiration. Les \u00e9difices qui sont aim\u00e9s et appr\u00e9ci\u00e9s \u00e0 long terme reposent sur des concepts forts.<\/p>\n<p>Impertinent et plein de bon sens, ce guide donne aux architectes les cl\u00e9s pour mettre au point des concepts originaux et cr\u00e9atifs, tout au long des \u00e9tapes d&#8217;un projet d&#8217;architecture.<\/p>\n<p>&#8212; \u00c9valuation du site et r\u00e9flexion sur le contexte social, environnemental et politique.<\/p>\n<p>&#8212; Compr\u00e9hension du cahier des charges.<\/p>\n<p>&#8212; Assemblage des \u00e9l\u00e9ments du b\u00e2timent.<\/p>\n<p>&#8212; Approches cr\u00e9atives pour \u00e9conomiser, r\u00e9utiliser et faire preuve de savoir-faire au regard des derni\u00e8res avanc\u00e9es technologiques et de la crise climatique.<\/p>\n","protected":false},"excerpt":{"rendered":"<p>En architecture, suivre les tendances ou jeter de la poudre aux yeux n&#8217;a jamais masqu\u00e9 les mauvaises id\u00e9es ou le manque d&#8217;inspiration. Les \u00e9difices qui sont aim\u00e9s et appr\u00e9ci\u00e9s \u00e0 long terme reposent sur des concepts forts. Impertinent et plein de bon sens, ce guide donne aux architectes les cl\u00e9s pour mettre au point des [&hellip;]<\/p>\n","protected":false},"featured_media":43345,"template":"","meta":[],"product_cat":[2948,2950],"product_tag":[],"acf":[],"yoast_head":"<!-- This site is optimized with the Yoast SEO plugin v20.11 - https:\/\/yoast.com\/wordpress\/plugins\/seo\/ -->\n<title>L&#039;architecture en concepts : inspirations pour des strat\u00e9gies - Librairie 7L<\/title>\n<meta name=\"robots\" content=\"index, follow, max-snippet:-1, max-image-preview:large, max-video-preview:-1\" \/>\n<link rel=\"canonical\" href=\"https:\/\/librairie7l.com\/en\/produit\/larchitecture-en-concepts-inspirations-pour-des-strategies-2\/\" \/>\n<meta property=\"og:locale\" content=\"en_US\" \/>\n<meta property=\"og:type\" content=\"article\" \/>\n<meta property=\"og:title\" content=\"L&#039;architecture en concepts : inspirations pour des strat\u00e9gies - Librairie 7L\" \/>\n<meta property=\"og:description\" content=\"En architecture, suivre les tendances ou jeter de la poudre aux yeux n&#8217;a jamais masqu\u00e9 les mauvaises id\u00e9es ou le manque d&#8217;inspiration. Les \u00e9difices qui sont aim\u00e9s et appr\u00e9ci\u00e9s \u00e0 long terme reposent sur des concepts forts. Impertinent et plein de bon sens, ce guide donne aux architectes les cl\u00e9s pour mettre au point des [&hellip;]\" \/>\n<meta property=\"og:url\" content=\"https:\/\/librairie7l.com\/en\/produit\/larchitecture-en-concepts-inspirations-pour-des-strategies-2\/\" \/>\n<meta property=\"og:site_name\" content=\"Librairie 7L\" \/>\n<meta property=\"article:modified_time\" content=\"2026-04-27T12:21:11+00:00\" \/>\n<meta property=\"og:image\" content=\"https:\/\/librairie7l.com\/wp-content\/uploads\/2024\/04\/9782350176048_1_75.jpg\" \/>\n\t<meta property=\"og:image:width\" content=\"600\" \/>\n\t<meta property=\"og:image:height\" content=\"690\" \/>\n\t<meta property=\"og:image:type\" content=\"image\/jpeg\" \/>\n<meta name=\"twitter:card\" content=\"summary_large_image\" \/>\n<meta name=\"twitter:label1\" content=\"Est. reading time\" \/>\n\t<meta name=\"twitter:data1\" content=\"1 minute\" \/>\n<script type=\"application\/ld+json\" class=\"yoast-schema-graph\">{\"@context\":\"https:\/\/schema.org\",\"@graph\":[{\"@type\":\"WebPage\",\"@id\":\"https:\/\/librairie7l.com\/en\/produit\/larchitecture-en-concepts-inspirations-pour-des-strategies-2\/\",\"url\":\"https:\/\/librairie7l.com\/en\/produit\/larchitecture-en-concepts-inspirations-pour-des-strategies-2\/\",\"name\":\"L'architecture en concepts : inspirations pour des strat\u00e9gies - Librairie 7L\",\"isPartOf\":{\"@id\":\"https:\/\/librairie7l.com\/en\/#website\"},\"datePublished\":\"2024-10-16T07:17:29+00:00\",\"dateModified\":\"2026-04-27T12:21:11+00:00\",\"breadcrumb\":{\"@id\":\"https:\/\/librairie7l.com\/en\/produit\/larchitecture-en-concepts-inspirations-pour-des-strategies-2\/#breadcrumb\"},\"inLanguage\":\"en-US\",\"potentialAction\":[{\"@type\":\"ReadAction\",\"target\":[\"https:\/\/librairie7l.com\/en\/produit\/larchitecture-en-concepts-inspirations-pour-des-strategies-2\/\"]}]},{\"@type\":\"BreadcrumbList\",\"@id\":\"https:\/\/librairie7l.com\/en\/produit\/larchitecture-en-concepts-inspirations-pour-des-strategies-2\/#breadcrumb\",\"itemListElement\":[{\"@type\":\"ListItem\",\"position\":1,\"name\":\"Accueil\",\"item\":\"https:\/\/librairie7l.com\/en\/\"},{\"@type\":\"ListItem\",\"position\":2,\"name\":\"Shop\",\"item\":\"https:\/\/librairie7l.com\/en\/shop\/\"},{\"@type\":\"ListItem\",\"position\":3,\"name\":\"L&#8217;ARCHITECTURE EN CONCEPTS : INSPIRATIONS POUR DES STRAT\u00c9GIES\"}]},{\"@type\":\"WebSite\",\"@id\":\"https:\/\/librairie7l.com\/en\/#website\",\"url\":\"https:\/\/librairie7l.com\/en\/\",\"name\":\"Librairie 7L\",\"description\":\"Librairie fond\u00e9e en 1999 par Karl Lagerfeld \u00e0 Paris\",\"publisher\":{\"@id\":\"https:\/\/librairie7l.com\/en\/#organization\"},\"potentialAction\":[{\"@type\":\"SearchAction\",\"target\":{\"@type\":\"EntryPoint\",\"urlTemplate\":\"https:\/\/librairie7l.com\/en\/?s={search_term_string}\"},\"query-input\":\"required name=search_term_string\"}],\"inLanguage\":\"en-US\"},{\"@type\":\"Organization\",\"@id\":\"https:\/\/librairie7l.com\/en\/#organization\",\"name\":\"Librairie 7L\",\"url\":\"https:\/\/librairie7l.com\/en\/\",\"logo\":{\"@type\":\"ImageObject\",\"inLanguage\":\"en-US\",\"@id\":\"https:\/\/librairie7l.com\/en\/#\/schema\/logo\/image\/\",\"url\":\"https:\/\/librairie7l.com\/wp-content\/uploads\/2022\/08\/logo-1.png\",\"contentUrl\":\"https:\/\/librairie7l.com\/wp-content\/uploads\/2022\/08\/logo-1.png\",\"width\":227,\"height\":301,\"caption\":\"Librairie 7L\"},\"image\":{\"@id\":\"https:\/\/librairie7l.com\/en\/#\/schema\/logo\/image\/\"}}]}<\/script>\n<!-- \/ Yoast SEO plugin. -->","yoast_head_json":{"title":"L'architecture en concepts : inspirations pour des strat\u00e9gies - Librairie 7L","robots":{"index":"index","follow":"follow","max-snippet":"max-snippet:-1","max-image-preview":"max-image-preview:large","max-video-preview":"max-video-preview:-1"},"canonical":"https:\/\/librairie7l.com\/en\/produit\/larchitecture-en-concepts-inspirations-pour-des-strategies-2\/","og_locale":"en_US","og_type":"article","og_title":"L'architecture en concepts : inspirations pour des strat\u00e9gies - Librairie 7L","og_description":"En architecture, suivre les tendances ou jeter de la poudre aux yeux n&#8217;a jamais masqu\u00e9 les mauvaises id\u00e9es ou le manque d&#8217;inspiration. Les \u00e9difices qui sont aim\u00e9s et appr\u00e9ci\u00e9s \u00e0 long terme reposent sur des concepts forts. Impertinent et plein de bon sens, ce guide donne aux architectes les cl\u00e9s pour mettre au point des [&hellip;]","og_url":"https:\/\/librairie7l.com\/en\/produit\/larchitecture-en-concepts-inspirations-pour-des-strategies-2\/","og_site_name":"Librairie 7L","article_modified_time":"2026-04-27T12:21:11+00:00","og_image":[{"width":600,"height":690,"url":"https:\/\/librairie7l.com\/wp-content\/uploads\/2024\/04\/9782350176048_1_75.jpg","type":"image\/jpeg"}],"twitter_card":"summary_large_image","twitter_misc":{"Est. reading time":"1 minute"},"schema":{"@context":"https:\/\/schema.org","@graph":[{"@type":"WebPage","@id":"https:\/\/librairie7l.com\/en\/produit\/larchitecture-en-concepts-inspirations-pour-des-strategies-2\/","url":"https:\/\/librairie7l.com\/en\/produit\/larchitecture-en-concepts-inspirations-pour-des-strategies-2\/","name":"L'architecture en concepts : inspirations pour des strat\u00e9gies - Librairie 7L","isPartOf":{"@id":"https:\/\/librairie7l.com\/en\/#website"},"datePublished":"2024-10-16T07:17:29+00:00","dateModified":"2026-04-27T12:21:11+00:00","breadcrumb":{"@id":"https:\/\/librairie7l.com\/en\/produit\/larchitecture-en-concepts-inspirations-pour-des-strategies-2\/#breadcrumb"},"inLanguage":"en-US","potentialAction":[{"@type":"ReadAction","target":["https:\/\/librairie7l.com\/en\/produit\/larchitecture-en-concepts-inspirations-pour-des-strategies-2\/"]}]},{"@type":"BreadcrumbList","@id":"https:\/\/librairie7l.com\/en\/produit\/larchitecture-en-concepts-inspirations-pour-des-strategies-2\/#breadcrumb","itemListElement":[{"@type":"ListItem","position":1,"name":"Accueil","item":"https:\/\/librairie7l.com\/en\/"},{"@type":"ListItem","position":2,"name":"Shop","item":"https:\/\/librairie7l.com\/en\/shop\/"},{"@type":"ListItem","position":3,"name":"L&#8217;ARCHITECTURE EN CONCEPTS : INSPIRATIONS POUR DES STRAT\u00c9GIES"}]},{"@type":"WebSite","@id":"https:\/\/librairie7l.com\/en\/#website","url":"https:\/\/librairie7l.com\/en\/","name":"Librairie 7L","description":"Librairie fond\u00e9e en 1999 par Karl Lagerfeld \u00e0 Paris","publisher":{"@id":"https:\/\/librairie7l.com\/en\/#organization"},"potentialAction":[{"@type":"SearchAction","target":{"@type":"EntryPoint","urlTemplate":"https:\/\/librairie7l.com\/en\/?s={search_term_string}"},"query-input":"required name=search_term_string"}],"inLanguage":"en-US"},{"@type":"Organization","@id":"https:\/\/librairie7l.com\/en\/#organization","name":"Librairie 7L","url":"https:\/\/librairie7l.com\/en\/","logo":{"@type":"ImageObject","inLanguage":"en-US","@id":"https:\/\/librairie7l.com\/en\/#\/schema\/logo\/image\/","url":"https:\/\/librairie7l.com\/wp-content\/uploads\/2022\/08\/logo-1.png","contentUrl":"https:\/\/librairie7l.com\/wp-content\/uploads\/2022\/08\/logo-1.png","width":227,"height":301,"caption":"Librairie 7L"},"image":{"@id":"https:\/\/librairie7l.com\/en\/#\/schema\/logo\/image\/"}}]}},"_links":{"self":[{"href":"https:\/\/librairie7l.com\/en\/wp-json\/wp\/v2\/product\/43347"}],"collection":[{"href":"https:\/\/librairie7l.com\/en\/wp-json\/wp\/v2\/product"}],"about":[{"href":"https:\/\/librairie7l.com\/en\/wp-json\/wp\/v2\/types\/product"}],"wp:featuredmedia":[{"embeddable":true,"href":"https:\/\/librairie7l.com\/en\/wp-json\/wp\/v2\/media\/43345"}],"wp:attachment":[{"href":"https:\/\/librairie7l.com\/en\/wp-json\/wp\/v2\/media?parent=43347"}],"wp:term":[{"taxonomy":"product_cat","embeddable":true,"href":"https:\/\/librairie7l.com\/en\/wp-json\/wp\/v2\/product_cat?post=43347"},{"taxonomy":"product_tag","embeddable":true,"href":"https:\/\/librairie7l.com\/en\/wp-json\/wp\/v2\/product_tag?post=43347"}],"curies":[{"name":"wp","href":"https:\/\/api.w.org\/{rel}","templated":true}]}}