{"id":43359,"date":"2024-10-16T09:17:42","date_gmt":"2024-10-16T07:17:42","guid":{"rendered":"https:\/\/librairie7l.com\/?post_type=product&#038;p=43359"},"modified":"2026-04-14T15:15:33","modified_gmt":"2026-04-14T13:15:33","slug":"mondrian-2","status":"publish","type":"product","link":"https:\/\/librairie7l.com\/en\/produit\/mondrian-2\/","title":{"rendered":"MONDRIAN"},"content":{"rendered":"<p>LE LIVRE<br \/>\nL&#8217;artiste n\u00e9erlandais Piet Mondrian (1872-1944) aura patiemment et m\u00e9thodiquement, \u00e9labor\u00e9 une oeuvre picturale et th\u00e9orique consid\u00e9rable qui, par son exigence et sa qu\u00eate de l&#8217;absolu, continue d&#8217;exercer sa fascination sur l&#8217;art d&#8217;aujourd&#8217;hui.<br \/>\nNa\u00eetre \u00e0 la fin du XIXe si\u00e8cle dans une petite ville provinciale du Nord-Est des Pays-Bas, au sein d&#8217;une famille calviniste, laissait peu de place \u00e0 la libert\u00e9 int\u00e9rieure et \u00e0 la d\u00e9couverte d&#8217;un monde diff\u00e9rent. Mais Piet Mondrian a connu sa vocation tr\u00e8s jeune. En Z\u00e9lande, en 1908, ses premiers th\u00e8mes sont d\u00e9j\u00e0 fix\u00e9s : l&#8217;\u00e9glise, le phare, les dunes, la mer. Horizontales et verticales, ind\u00e9finiment r\u00e9p\u00e9t\u00e9es, les lignes dessinent une nouvelle vision du monde. Une premi\u00e8re installation \u00e0 Paris, entre 1912 et 1914, conforte ses convictions. Le cubisme de Bracque et de Picasso, d\u00e9tach\u00e9 de tout illusionnisme, concentr\u00e9 sur une g\u00e9om\u00e9trisation des formes simples, le convainc de franchir le pas de l&#8217;abstraction. D\u00e8s 1913, la grille de lignes horizontales et verticales crois\u00e9es se substitue \u00e0 toute r\u00e9f\u00e9rence figurative pour exprimer &#8220;la v\u00e9rite en peinture&#8221; et &#8220;la beaut\u00e9 g\u00e9n\u00e9rale&#8221;. Les titres des oeuvres sont abolis, au profit d&#8217;une stricte num\u00e9rotation qui syst\u00e9matise sa pratique s\u00e9rielle.<br \/>\nTh\u00e9oris\u00e9e \u00e0 travers de nombreux textes et par le biais d&#8217;une revue, De Stijl (Le Style), sa nouvelle plastique, fond\u00e9e sur le rapport primordial de l&#8217;angle droit est un v\u00e9ritable dogme dont Mondrian ne s&#8217;\u00e9cartera plus. Mais son ambition ne s&#8217;est jamais arr\u00eat\u00e9e aux dimensions \u00e9troites du tableau. Artiste visionnaire, utopique, ilk a r\u00eav\u00e9 d&#8217;un monde nettoy\u00e9 de toute esth\u00e9tique traditionnelle et transform\u00e9 par le n\u00e9oplasticisme.<\/p>\n","protected":false},"excerpt":{"rendered":"<p>LE LIVRE L&#8217;artiste n\u00e9erlandais Piet Mondrian (1872-1944) aura patiemment et m\u00e9thodiquement, \u00e9labor\u00e9 une oeuvre picturale et th\u00e9orique consid\u00e9rable qui, par son exigence et sa qu\u00eate de l&#8217;absolu, continue d&#8217;exercer sa fascination sur l&#8217;art d&#8217;aujourd&#8217;hui. Na\u00eetre \u00e0 la fin du XIXe si\u00e8cle dans une petite ville provinciale du Nord-Est des Pays-Bas, au sein d&#8217;une famille calviniste, [&hellip;]<\/p>\n","protected":false},"featured_media":43357,"template":"","meta":[],"product_cat":[2948,2953],"product_tag":[],"acf":[],"yoast_head":"<!-- This site is optimized with the Yoast SEO plugin v20.11 - https:\/\/yoast.com\/wordpress\/plugins\/seo\/ -->\n<title>Mondrian - Librairie 7L<\/title>\n<meta name=\"robots\" content=\"index, follow, max-snippet:-1, max-image-preview:large, max-video-preview:-1\" \/>\n<link rel=\"canonical\" href=\"https:\/\/librairie7l.com\/en\/produit\/mondrian-2\/\" \/>\n<meta property=\"og:locale\" content=\"en_US\" \/>\n<meta property=\"og:type\" content=\"article\" \/>\n<meta property=\"og:title\" content=\"Mondrian - Librairie 7L\" \/>\n<meta property=\"og:description\" content=\"LE LIVRE L&#8217;artiste n\u00e9erlandais Piet Mondrian (1872-1944) aura patiemment et m\u00e9thodiquement, \u00e9labor\u00e9 une oeuvre picturale et th\u00e9orique consid\u00e9rable qui, par son exigence et sa qu\u00eate de l&#8217;absolu, continue d&#8217;exercer sa fascination sur l&#8217;art d&#8217;aujourd&#8217;hui. Na\u00eetre \u00e0 la fin du XIXe si\u00e8cle dans une petite ville provinciale du Nord-Est des Pays-Bas, au sein d&#8217;une famille calviniste, [&hellip;]\" \/>\n<meta property=\"og:url\" content=\"https:\/\/librairie7l.com\/en\/produit\/mondrian-2\/\" \/>\n<meta property=\"og:site_name\" content=\"Librairie 7L\" \/>\n<meta property=\"article:modified_time\" content=\"2026-04-14T13:15:33+00:00\" \/>\n<meta property=\"og:image\" content=\"https:\/\/librairie7l.com\/wp-content\/uploads\/2024\/07\/9782386110153_1_75.jpg\" \/>\n\t<meta property=\"og:image:width\" content=\"600\" \/>\n\t<meta property=\"og:image:height\" content=\"707\" \/>\n\t<meta property=\"og:image:type\" content=\"image\/jpeg\" \/>\n<meta name=\"twitter:card\" content=\"summary_large_image\" \/>\n<meta name=\"twitter:label1\" content=\"Est. reading time\" \/>\n\t<meta name=\"twitter:data1\" content=\"1 minute\" \/>\n<script type=\"application\/ld+json\" class=\"yoast-schema-graph\">{\"@context\":\"https:\/\/schema.org\",\"@graph\":[{\"@type\":\"WebPage\",\"@id\":\"https:\/\/librairie7l.com\/en\/produit\/mondrian-2\/\",\"url\":\"https:\/\/librairie7l.com\/en\/produit\/mondrian-2\/\",\"name\":\"Mondrian - Librairie 7L\",\"isPartOf\":{\"@id\":\"https:\/\/librairie7l.com\/en\/#website\"},\"datePublished\":\"2024-10-16T07:17:42+00:00\",\"dateModified\":\"2026-04-14T13:15:33+00:00\",\"breadcrumb\":{\"@id\":\"https:\/\/librairie7l.com\/en\/produit\/mondrian-2\/#breadcrumb\"},\"inLanguage\":\"en-US\",\"potentialAction\":[{\"@type\":\"ReadAction\",\"target\":[\"https:\/\/librairie7l.com\/en\/produit\/mondrian-2\/\"]}]},{\"@type\":\"BreadcrumbList\",\"@id\":\"https:\/\/librairie7l.com\/en\/produit\/mondrian-2\/#breadcrumb\",\"itemListElement\":[{\"@type\":\"ListItem\",\"position\":1,\"name\":\"Accueil\",\"item\":\"https:\/\/librairie7l.com\/en\/\"},{\"@type\":\"ListItem\",\"position\":2,\"name\":\"Shop\",\"item\":\"https:\/\/librairie7l.com\/en\/shop\/\"},{\"@type\":\"ListItem\",\"position\":3,\"name\":\"MONDRIAN\"}]},{\"@type\":\"WebSite\",\"@id\":\"https:\/\/librairie7l.com\/en\/#website\",\"url\":\"https:\/\/librairie7l.com\/en\/\",\"name\":\"Librairie 7L\",\"description\":\"Librairie fond\u00e9e en 1999 par Karl Lagerfeld \u00e0 Paris\",\"publisher\":{\"@id\":\"https:\/\/librairie7l.com\/en\/#organization\"},\"potentialAction\":[{\"@type\":\"SearchAction\",\"target\":{\"@type\":\"EntryPoint\",\"urlTemplate\":\"https:\/\/librairie7l.com\/en\/?s={search_term_string}\"},\"query-input\":\"required name=search_term_string\"}],\"inLanguage\":\"en-US\"},{\"@type\":\"Organization\",\"@id\":\"https:\/\/librairie7l.com\/en\/#organization\",\"name\":\"Librairie 7L\",\"url\":\"https:\/\/librairie7l.com\/en\/\",\"logo\":{\"@type\":\"ImageObject\",\"inLanguage\":\"en-US\",\"@id\":\"https:\/\/librairie7l.com\/en\/#\/schema\/logo\/image\/\",\"url\":\"https:\/\/librairie7l.com\/wp-content\/uploads\/2022\/08\/logo-1.png\",\"contentUrl\":\"https:\/\/librairie7l.com\/wp-content\/uploads\/2022\/08\/logo-1.png\",\"width\":227,\"height\":301,\"caption\":\"Librairie 7L\"},\"image\":{\"@id\":\"https:\/\/librairie7l.com\/en\/#\/schema\/logo\/image\/\"}}]}<\/script>\n<!-- \/ Yoast SEO plugin. -->","yoast_head_json":{"title":"Mondrian - Librairie 7L","robots":{"index":"index","follow":"follow","max-snippet":"max-snippet:-1","max-image-preview":"max-image-preview:large","max-video-preview":"max-video-preview:-1"},"canonical":"https:\/\/librairie7l.com\/en\/produit\/mondrian-2\/","og_locale":"en_US","og_type":"article","og_title":"Mondrian - Librairie 7L","og_description":"LE LIVRE L&#8217;artiste n\u00e9erlandais Piet Mondrian (1872-1944) aura patiemment et m\u00e9thodiquement, \u00e9labor\u00e9 une oeuvre picturale et th\u00e9orique consid\u00e9rable qui, par son exigence et sa qu\u00eate de l&#8217;absolu, continue d&#8217;exercer sa fascination sur l&#8217;art d&#8217;aujourd&#8217;hui. Na\u00eetre \u00e0 la fin du XIXe si\u00e8cle dans une petite ville provinciale du Nord-Est des Pays-Bas, au sein d&#8217;une famille calviniste, [&hellip;]","og_url":"https:\/\/librairie7l.com\/en\/produit\/mondrian-2\/","og_site_name":"Librairie 7L","article_modified_time":"2026-04-14T13:15:33+00:00","og_image":[{"width":600,"height":707,"url":"https:\/\/librairie7l.com\/wp-content\/uploads\/2024\/07\/9782386110153_1_75.jpg","type":"image\/jpeg"}],"twitter_card":"summary_large_image","twitter_misc":{"Est. reading time":"1 minute"},"schema":{"@context":"https:\/\/schema.org","@graph":[{"@type":"WebPage","@id":"https:\/\/librairie7l.com\/en\/produit\/mondrian-2\/","url":"https:\/\/librairie7l.com\/en\/produit\/mondrian-2\/","name":"Mondrian - Librairie 7L","isPartOf":{"@id":"https:\/\/librairie7l.com\/en\/#website"},"datePublished":"2024-10-16T07:17:42+00:00","dateModified":"2026-04-14T13:15:33+00:00","breadcrumb":{"@id":"https:\/\/librairie7l.com\/en\/produit\/mondrian-2\/#breadcrumb"},"inLanguage":"en-US","potentialAction":[{"@type":"ReadAction","target":["https:\/\/librairie7l.com\/en\/produit\/mondrian-2\/"]}]},{"@type":"BreadcrumbList","@id":"https:\/\/librairie7l.com\/en\/produit\/mondrian-2\/#breadcrumb","itemListElement":[{"@type":"ListItem","position":1,"name":"Accueil","item":"https:\/\/librairie7l.com\/en\/"},{"@type":"ListItem","position":2,"name":"Shop","item":"https:\/\/librairie7l.com\/en\/shop\/"},{"@type":"ListItem","position":3,"name":"MONDRIAN"}]},{"@type":"WebSite","@id":"https:\/\/librairie7l.com\/en\/#website","url":"https:\/\/librairie7l.com\/en\/","name":"Librairie 7L","description":"Librairie fond\u00e9e en 1999 par Karl Lagerfeld \u00e0 Paris","publisher":{"@id":"https:\/\/librairie7l.com\/en\/#organization"},"potentialAction":[{"@type":"SearchAction","target":{"@type":"EntryPoint","urlTemplate":"https:\/\/librairie7l.com\/en\/?s={search_term_string}"},"query-input":"required name=search_term_string"}],"inLanguage":"en-US"},{"@type":"Organization","@id":"https:\/\/librairie7l.com\/en\/#organization","name":"Librairie 7L","url":"https:\/\/librairie7l.com\/en\/","logo":{"@type":"ImageObject","inLanguage":"en-US","@id":"https:\/\/librairie7l.com\/en\/#\/schema\/logo\/image\/","url":"https:\/\/librairie7l.com\/wp-content\/uploads\/2022\/08\/logo-1.png","contentUrl":"https:\/\/librairie7l.com\/wp-content\/uploads\/2022\/08\/logo-1.png","width":227,"height":301,"caption":"Librairie 7L"},"image":{"@id":"https:\/\/librairie7l.com\/en\/#\/schema\/logo\/image\/"}}]}},"_links":{"self":[{"href":"https:\/\/librairie7l.com\/en\/wp-json\/wp\/v2\/product\/43359"}],"collection":[{"href":"https:\/\/librairie7l.com\/en\/wp-json\/wp\/v2\/product"}],"about":[{"href":"https:\/\/librairie7l.com\/en\/wp-json\/wp\/v2\/types\/product"}],"wp:featuredmedia":[{"embeddable":true,"href":"https:\/\/librairie7l.com\/en\/wp-json\/wp\/v2\/media\/43357"}],"wp:attachment":[{"href":"https:\/\/librairie7l.com\/en\/wp-json\/wp\/v2\/media?parent=43359"}],"wp:term":[{"taxonomy":"product_cat","embeddable":true,"href":"https:\/\/librairie7l.com\/en\/wp-json\/wp\/v2\/product_cat?post=43359"},{"taxonomy":"product_tag","embeddable":true,"href":"https:\/\/librairie7l.com\/en\/wp-json\/wp\/v2\/product_tag?post=43359"}],"curies":[{"name":"wp","href":"https:\/\/api.w.org\/{rel}","templated":true}]}}