{"id":43363,"date":"2024-10-16T09:17:48","date_gmt":"2024-10-16T07:17:48","guid":{"rendered":"https:\/\/librairie7l.com\/?post_type=product&#038;p=43363"},"modified":"2026-04-23T02:31:02","modified_gmt":"2026-04-23T00:31:02","slug":"les-arts-moghols-2","status":"publish","type":"product","link":"https:\/\/librairie7l.com\/en\/produit\/les-arts-moghols-2\/","title":{"rendered":"LES ARTS MOGHOLS"},"content":{"rendered":"<p>LE LIVRE<br \/>\nCet ouvrage vous invite \u00e0 d\u00e9couvrir le fascinant empire moghol (1526-1857), dont l&#8217;histoire et la richesse culturelle, sociale et politique sont encore largement m\u00e9connues en France.<br \/>\nDescendants du Monghol Gengis Khan (vers 1165-1227) et du Turc Tamerlan (1336-1405), les souverains moghols \u00e9taient originaires d&#8217;Asie centrale mais ils en furent chass\u00e9s par les Ouzbeks au d\u00e9but du XVIe si\u00e8cle. C&#8217;est \u00e0 partir de Kaboul que Babur, le fondateur de cette dynastie musulmane, se lance victorieusement \u00e0 la conqu\u00eate de l&#8217;Inde du Nord en 1526.<br \/>\nD&#8217;Agra \u00e0 Delhi, en passant par Fatehpur Sikri ou encore Lahore, les nombreux chapitres th\u00e9matiques de ce livre nous ouvrent les portes d&#8217;un voyage culturel et artistique aux confins de l&#8217;Asie. Mettant en lumi\u00e8re la richesse de cette histoire pluris\u00e9culaire, l&#8217;ouvrage s&#8217;ouvre par une mise en perspective. La premi\u00e8re partie retrace les multiples \u00e9changes des arts moghols avec le reste du monde et leur diffusion \u00e0 travers le sous-continent et au-del\u00e0. Elle d\u00e9crit \u00e9galement la fabrication des oeuvres, leurs cr\u00e9ateurs, leurs techniques, les lieux o\u00f9 ils op\u00e8rent, ainsi que les march\u00e9s et les formes d&#8217;\u00e9conomie dans lesquels ils s&#8217;inscrivent. Enfin, elle souligne les pratiques des \u00e9lites mogholes en tant que collectionneurs d&#8217;art.<br \/>\nLa deuxi\u00e8me partie est consacr\u00e9e \u00e0 la vie de cour, dont elle pr\u00e9sente toute la magnificence. Au-del\u00e0 de l&#8217;incontournable Taj Mahal, les pages de ce livre d\u00e9voilent les splendeurs de l&#8217;architecture palatiale et fun\u00e9raire moghole. S&#8217;y c\u00f4toient par ailleurs quantit\u00e9 de magnifiques objets d&#8217;art et d&#8217;artisanat, des plus c\u00e9l\u00e8bres comme le diamant Kuh-i Nur jusqu&#8217;aux plus insoup\u00e7onn\u00e9s (textiles, arts de la table, bijoux, etc.), en, passant par d&#8217;incroyables sp\u00e9cimens d&#8217;armes et d&#8217;instruments de mesure. Enfin, la part belle est faite aux arts du livre, l&#8217;ouvrage offrant aux lecteurs une s\u00e9lection de remarquables manuscrits conserv\u00e9s dans diverses institutions publiques et priv\u00e9es en Europe, aux \u00c9tats-Unis ou en Inde.<br \/>\nR\u00e9dig\u00e9e par une \u00e9quipe internationale et pluridisciplinaire, cette somme scientifique abondamment illustr\u00e9e vous convie \u00e0 explorer les fastes et les merveilles de l&#8217;\u00e9tonnante mosa\u00efque qu&#8217;est l&#8217;empire moghol.<\/p>\n","protected":false},"excerpt":{"rendered":"<p>LE LIVRE Cet ouvrage vous invite \u00e0 d\u00e9couvrir le fascinant empire moghol (1526-1857), dont l&#8217;histoire et la richesse culturelle, sociale et politique sont encore largement m\u00e9connues en France. Descendants du Monghol Gengis Khan (vers 1165-1227) et du Turc Tamerlan (1336-1405), les souverains moghols \u00e9taient originaires d&#8217;Asie centrale mais ils en furent chass\u00e9s par les Ouzbeks [&hellip;]<\/p>\n","protected":false},"featured_media":43361,"template":"","meta":[],"product_cat":[2948,2958],"product_tag":[],"acf":[],"yoast_head":"<!-- This site is optimized with the Yoast SEO plugin v20.11 - https:\/\/yoast.com\/wordpress\/plugins\/seo\/ -->\n<title>Les arts moghols - Librairie 7L<\/title>\n<meta name=\"robots\" content=\"index, follow, max-snippet:-1, max-image-preview:large, max-video-preview:-1\" \/>\n<link rel=\"canonical\" href=\"https:\/\/librairie7l.com\/en\/produit\/les-arts-moghols-2\/\" \/>\n<meta property=\"og:locale\" content=\"en_US\" \/>\n<meta property=\"og:type\" content=\"article\" \/>\n<meta property=\"og:title\" content=\"Les arts moghols - Librairie 7L\" \/>\n<meta property=\"og:description\" content=\"LE LIVRE Cet ouvrage vous invite \u00e0 d\u00e9couvrir le fascinant empire moghol (1526-1857), dont l&#8217;histoire et la richesse culturelle, sociale et politique sont encore largement m\u00e9connues en France. Descendants du Monghol Gengis Khan (vers 1165-1227) et du Turc Tamerlan (1336-1405), les souverains moghols \u00e9taient originaires d&#8217;Asie centrale mais ils en furent chass\u00e9s par les Ouzbeks [&hellip;]\" \/>\n<meta property=\"og:url\" content=\"https:\/\/librairie7l.com\/en\/produit\/les-arts-moghols-2\/\" \/>\n<meta property=\"og:site_name\" content=\"Librairie 7L\" \/>\n<meta property=\"article:modified_time\" content=\"2026-04-23T00:31:02+00:00\" \/>\n<meta property=\"og:image\" content=\"https:\/\/librairie7l.com\/wp-content\/uploads\/2024\/07\/9782386110337_1_75.jpg\" \/>\n\t<meta property=\"og:image:width\" content=\"600\" \/>\n\t<meta property=\"og:image:height\" content=\"765\" \/>\n\t<meta property=\"og:image:type\" content=\"image\/jpeg\" \/>\n<meta name=\"twitter:card\" content=\"summary_large_image\" \/>\n<meta name=\"twitter:label1\" content=\"Est. reading time\" \/>\n\t<meta name=\"twitter:data1\" content=\"2 minutes\" \/>\n<script type=\"application\/ld+json\" class=\"yoast-schema-graph\">{\"@context\":\"https:\/\/schema.org\",\"@graph\":[{\"@type\":\"WebPage\",\"@id\":\"https:\/\/librairie7l.com\/en\/produit\/les-arts-moghols-2\/\",\"url\":\"https:\/\/librairie7l.com\/en\/produit\/les-arts-moghols-2\/\",\"name\":\"Les arts moghols - Librairie 7L\",\"isPartOf\":{\"@id\":\"https:\/\/librairie7l.com\/en\/#website\"},\"datePublished\":\"2024-10-16T07:17:48+00:00\",\"dateModified\":\"2026-04-23T00:31:02+00:00\",\"breadcrumb\":{\"@id\":\"https:\/\/librairie7l.com\/en\/produit\/les-arts-moghols-2\/#breadcrumb\"},\"inLanguage\":\"en-US\",\"potentialAction\":[{\"@type\":\"ReadAction\",\"target\":[\"https:\/\/librairie7l.com\/en\/produit\/les-arts-moghols-2\/\"]}]},{\"@type\":\"BreadcrumbList\",\"@id\":\"https:\/\/librairie7l.com\/en\/produit\/les-arts-moghols-2\/#breadcrumb\",\"itemListElement\":[{\"@type\":\"ListItem\",\"position\":1,\"name\":\"Accueil\",\"item\":\"https:\/\/librairie7l.com\/en\/\"},{\"@type\":\"ListItem\",\"position\":2,\"name\":\"Shop\",\"item\":\"https:\/\/librairie7l.com\/en\/shop\/\"},{\"@type\":\"ListItem\",\"position\":3,\"name\":\"LES ARTS MOGHOLS\"}]},{\"@type\":\"WebSite\",\"@id\":\"https:\/\/librairie7l.com\/en\/#website\",\"url\":\"https:\/\/librairie7l.com\/en\/\",\"name\":\"Librairie 7L\",\"description\":\"Librairie fond\u00e9e en 1999 par Karl Lagerfeld \u00e0 Paris\",\"publisher\":{\"@id\":\"https:\/\/librairie7l.com\/en\/#organization\"},\"potentialAction\":[{\"@type\":\"SearchAction\",\"target\":{\"@type\":\"EntryPoint\",\"urlTemplate\":\"https:\/\/librairie7l.com\/en\/?s={search_term_string}\"},\"query-input\":\"required name=search_term_string\"}],\"inLanguage\":\"en-US\"},{\"@type\":\"Organization\",\"@id\":\"https:\/\/librairie7l.com\/en\/#organization\",\"name\":\"Librairie 7L\",\"url\":\"https:\/\/librairie7l.com\/en\/\",\"logo\":{\"@type\":\"ImageObject\",\"inLanguage\":\"en-US\",\"@id\":\"https:\/\/librairie7l.com\/en\/#\/schema\/logo\/image\/\",\"url\":\"https:\/\/librairie7l.com\/wp-content\/uploads\/2022\/08\/logo-1.png\",\"contentUrl\":\"https:\/\/librairie7l.com\/wp-content\/uploads\/2022\/08\/logo-1.png\",\"width\":227,\"height\":301,\"caption\":\"Librairie 7L\"},\"image\":{\"@id\":\"https:\/\/librairie7l.com\/en\/#\/schema\/logo\/image\/\"}}]}<\/script>\n<!-- \/ Yoast SEO plugin. -->","yoast_head_json":{"title":"Les arts moghols - Librairie 7L","robots":{"index":"index","follow":"follow","max-snippet":"max-snippet:-1","max-image-preview":"max-image-preview:large","max-video-preview":"max-video-preview:-1"},"canonical":"https:\/\/librairie7l.com\/en\/produit\/les-arts-moghols-2\/","og_locale":"en_US","og_type":"article","og_title":"Les arts moghols - Librairie 7L","og_description":"LE LIVRE Cet ouvrage vous invite \u00e0 d\u00e9couvrir le fascinant empire moghol (1526-1857), dont l&#8217;histoire et la richesse culturelle, sociale et politique sont encore largement m\u00e9connues en France. Descendants du Monghol Gengis Khan (vers 1165-1227) et du Turc Tamerlan (1336-1405), les souverains moghols \u00e9taient originaires d&#8217;Asie centrale mais ils en furent chass\u00e9s par les Ouzbeks [&hellip;]","og_url":"https:\/\/librairie7l.com\/en\/produit\/les-arts-moghols-2\/","og_site_name":"Librairie 7L","article_modified_time":"2026-04-23T00:31:02+00:00","og_image":[{"width":600,"height":765,"url":"https:\/\/librairie7l.com\/wp-content\/uploads\/2024\/07\/9782386110337_1_75.jpg","type":"image\/jpeg"}],"twitter_card":"summary_large_image","twitter_misc":{"Est. reading time":"2 minutes"},"schema":{"@context":"https:\/\/schema.org","@graph":[{"@type":"WebPage","@id":"https:\/\/librairie7l.com\/en\/produit\/les-arts-moghols-2\/","url":"https:\/\/librairie7l.com\/en\/produit\/les-arts-moghols-2\/","name":"Les arts moghols - Librairie 7L","isPartOf":{"@id":"https:\/\/librairie7l.com\/en\/#website"},"datePublished":"2024-10-16T07:17:48+00:00","dateModified":"2026-04-23T00:31:02+00:00","breadcrumb":{"@id":"https:\/\/librairie7l.com\/en\/produit\/les-arts-moghols-2\/#breadcrumb"},"inLanguage":"en-US","potentialAction":[{"@type":"ReadAction","target":["https:\/\/librairie7l.com\/en\/produit\/les-arts-moghols-2\/"]}]},{"@type":"BreadcrumbList","@id":"https:\/\/librairie7l.com\/en\/produit\/les-arts-moghols-2\/#breadcrumb","itemListElement":[{"@type":"ListItem","position":1,"name":"Accueil","item":"https:\/\/librairie7l.com\/en\/"},{"@type":"ListItem","position":2,"name":"Shop","item":"https:\/\/librairie7l.com\/en\/shop\/"},{"@type":"ListItem","position":3,"name":"LES ARTS MOGHOLS"}]},{"@type":"WebSite","@id":"https:\/\/librairie7l.com\/en\/#website","url":"https:\/\/librairie7l.com\/en\/","name":"Librairie 7L","description":"Librairie fond\u00e9e en 1999 par Karl Lagerfeld \u00e0 Paris","publisher":{"@id":"https:\/\/librairie7l.com\/en\/#organization"},"potentialAction":[{"@type":"SearchAction","target":{"@type":"EntryPoint","urlTemplate":"https:\/\/librairie7l.com\/en\/?s={search_term_string}"},"query-input":"required name=search_term_string"}],"inLanguage":"en-US"},{"@type":"Organization","@id":"https:\/\/librairie7l.com\/en\/#organization","name":"Librairie 7L","url":"https:\/\/librairie7l.com\/en\/","logo":{"@type":"ImageObject","inLanguage":"en-US","@id":"https:\/\/librairie7l.com\/en\/#\/schema\/logo\/image\/","url":"https:\/\/librairie7l.com\/wp-content\/uploads\/2022\/08\/logo-1.png","contentUrl":"https:\/\/librairie7l.com\/wp-content\/uploads\/2022\/08\/logo-1.png","width":227,"height":301,"caption":"Librairie 7L"},"image":{"@id":"https:\/\/librairie7l.com\/en\/#\/schema\/logo\/image\/"}}]}},"_links":{"self":[{"href":"https:\/\/librairie7l.com\/en\/wp-json\/wp\/v2\/product\/43363"}],"collection":[{"href":"https:\/\/librairie7l.com\/en\/wp-json\/wp\/v2\/product"}],"about":[{"href":"https:\/\/librairie7l.com\/en\/wp-json\/wp\/v2\/types\/product"}],"wp:featuredmedia":[{"embeddable":true,"href":"https:\/\/librairie7l.com\/en\/wp-json\/wp\/v2\/media\/43361"}],"wp:attachment":[{"href":"https:\/\/librairie7l.com\/en\/wp-json\/wp\/v2\/media?parent=43363"}],"wp:term":[{"taxonomy":"product_cat","embeddable":true,"href":"https:\/\/librairie7l.com\/en\/wp-json\/wp\/v2\/product_cat?post=43363"},{"taxonomy":"product_tag","embeddable":true,"href":"https:\/\/librairie7l.com\/en\/wp-json\/wp\/v2\/product_tag?post=43363"}],"curies":[{"name":"wp","href":"https:\/\/api.w.org\/{rel}","templated":true}]}}