{"id":43367,"date":"2024-10-16T09:17:50","date_gmt":"2024-10-16T07:17:50","guid":{"rendered":"https:\/\/librairie7l.com\/?post_type=product&#038;p=43367"},"modified":"2026-04-08T22:15:44","modified_gmt":"2026-04-08T20:15:44","slug":"camille-claudel-a-loeuvre-sakountala-2","status":"publish","type":"product","link":"https:\/\/librairie7l.com\/en\/produit\/camille-claudel-a-loeuvre-sakountala-2\/","title":{"rendered":"CAMILLE CLAUDEL \u00c0 L&#8217;OEUVRE : SAKOUNTALA"},"content":{"rendered":"<p>Sakountala l&#8217;un des chefs-d&#8217;oeuvre de Camille Claudel, est un fil permettant de retracer la carri\u00e8re de l&#8217;artiste. Cet ouvrage, publi\u00e9 \u00e0 l&#8217;occasion de l&#8217;exposition \u00ab Camille Claudel \u00e0 l&#8217;oeuvre : Sakountala \u00bb, pr\u00e9sent\u00e9e au mus\u00e9e Camille Claudel de Nogent-sur-Seine, revient sur le contexte de cr\u00e9ation de cette sculpture, l&#8217;histoire tr\u00e8s mouvement\u00e9e de sa r\u00e9ception ainsi que ses multiples avatars, de L&#8217;Abandon \u00e0 Niobide bless\u00e9e en passant par Vertumne et Pomone.<\/p>\n<p>Ce catalogue offre aussi des \u00e9clairages sur la source litt\u00e9raire tr\u00e8s originale qui a inspir\u00e9 Camille Claudel : La Reconnaissance de Sakountala, un mythe issu de la litt\u00e9rature indienne ancienne. En vogue en Europe \u00e0 l&#8217;\u00e9poque de la sculptrice, celui-ci a donn\u00e9 lieu \u00e0 diff\u00e9rentes traductions mais aussi \u00e0 des adaptations sc\u00e9niques, en ballet ou au th\u00e9\u00e2tre, tout au long du XIXe si\u00e8cle et encore au XXe si\u00e8cle.<\/p>\n<p>Textes in\u00e9dits et notices d&#8217;oeuvres proposent ainsi un regard renouvel\u00e9 autour de cette oeuvre majeure, la seule qui ait valu \u00e0 Camille Claudel une r\u00e9compense au Salon et qu&#8217;elle n&#8217;aura eu cesse de reprendre jusqu&#8217;\u00e0 la fin de sa carri\u00e8re.<\/p>\n","protected":false},"excerpt":{"rendered":"<p>Sakountala l&#8217;un des chefs-d&#8217;oeuvre de Camille Claudel, est un fil permettant de retracer la carri\u00e8re de l&#8217;artiste. Cet ouvrage, publi\u00e9 \u00e0 l&#8217;occasion de l&#8217;exposition \u00ab Camille Claudel \u00e0 l&#8217;oeuvre : Sakountala \u00bb, pr\u00e9sent\u00e9e au mus\u00e9e Camille Claudel de Nogent-sur-Seine, revient sur le contexte de cr\u00e9ation de cette sculpture, l&#8217;histoire tr\u00e8s mouvement\u00e9e de sa r\u00e9ception ainsi [&hellip;]<\/p>\n","protected":false},"featured_media":43365,"template":"","meta":[],"product_cat":[2948,2953],"product_tag":[],"acf":[],"yoast_head":"<!-- This site is optimized with the Yoast SEO plugin v20.11 - https:\/\/yoast.com\/wordpress\/plugins\/seo\/ -->\n<title>Camille Claudel \u00e0 l&#039;oeuvre : Sakountala - Librairie 7L<\/title>\n<meta name=\"robots\" content=\"index, follow, max-snippet:-1, max-image-preview:large, max-video-preview:-1\" \/>\n<link rel=\"canonical\" href=\"https:\/\/librairie7l.com\/en\/produit\/camille-claudel-a-loeuvre-sakountala-2\/\" \/>\n<meta property=\"og:locale\" content=\"en_US\" \/>\n<meta property=\"og:type\" content=\"article\" \/>\n<meta property=\"og:title\" content=\"Camille Claudel \u00e0 l&#039;oeuvre : Sakountala - Librairie 7L\" \/>\n<meta property=\"og:description\" content=\"Sakountala l&#8217;un des chefs-d&#8217;oeuvre de Camille Claudel, est un fil permettant de retracer la carri\u00e8re de l&#8217;artiste. Cet ouvrage, publi\u00e9 \u00e0 l&#8217;occasion de l&#8217;exposition \u00ab Camille Claudel \u00e0 l&#8217;oeuvre : Sakountala \u00bb, pr\u00e9sent\u00e9e au mus\u00e9e Camille Claudel de Nogent-sur-Seine, revient sur le contexte de cr\u00e9ation de cette sculpture, l&#8217;histoire tr\u00e8s mouvement\u00e9e de sa r\u00e9ception ainsi [&hellip;]\" \/>\n<meta property=\"og:url\" content=\"https:\/\/librairie7l.com\/en\/produit\/camille-claudel-a-loeuvre-sakountala-2\/\" \/>\n<meta property=\"og:site_name\" content=\"Librairie 7L\" \/>\n<meta property=\"article:modified_time\" content=\"2026-04-08T20:15:44+00:00\" \/>\n<meta property=\"og:image\" content=\"https:\/\/librairie7l.com\/wp-content\/uploads\/2024\/06\/9788836658459_1_75.jpg\" \/>\n\t<meta property=\"og:image:width\" content=\"600\" \/>\n\t<meta property=\"og:image:height\" content=\"764\" \/>\n\t<meta property=\"og:image:type\" content=\"image\/jpeg\" \/>\n<meta name=\"twitter:card\" content=\"summary_large_image\" \/>\n<meta name=\"twitter:label1\" content=\"Est. reading time\" \/>\n\t<meta name=\"twitter:data1\" content=\"1 minute\" \/>\n<script type=\"application\/ld+json\" class=\"yoast-schema-graph\">{\"@context\":\"https:\/\/schema.org\",\"@graph\":[{\"@type\":\"WebPage\",\"@id\":\"https:\/\/librairie7l.com\/en\/produit\/camille-claudel-a-loeuvre-sakountala-2\/\",\"url\":\"https:\/\/librairie7l.com\/en\/produit\/camille-claudel-a-loeuvre-sakountala-2\/\",\"name\":\"Camille Claudel \u00e0 l'oeuvre : Sakountala - Librairie 7L\",\"isPartOf\":{\"@id\":\"https:\/\/librairie7l.com\/en\/#website\"},\"datePublished\":\"2024-10-16T07:17:50+00:00\",\"dateModified\":\"2026-04-08T20:15:44+00:00\",\"breadcrumb\":{\"@id\":\"https:\/\/librairie7l.com\/en\/produit\/camille-claudel-a-loeuvre-sakountala-2\/#breadcrumb\"},\"inLanguage\":\"en-US\",\"potentialAction\":[{\"@type\":\"ReadAction\",\"target\":[\"https:\/\/librairie7l.com\/en\/produit\/camille-claudel-a-loeuvre-sakountala-2\/\"]}]},{\"@type\":\"BreadcrumbList\",\"@id\":\"https:\/\/librairie7l.com\/en\/produit\/camille-claudel-a-loeuvre-sakountala-2\/#breadcrumb\",\"itemListElement\":[{\"@type\":\"ListItem\",\"position\":1,\"name\":\"Accueil\",\"item\":\"https:\/\/librairie7l.com\/en\/\"},{\"@type\":\"ListItem\",\"position\":2,\"name\":\"Shop\",\"item\":\"https:\/\/librairie7l.com\/en\/shop\/\"},{\"@type\":\"ListItem\",\"position\":3,\"name\":\"CAMILLE CLAUDEL \u00c0 L&#8217;OEUVRE : SAKOUNTALA\"}]},{\"@type\":\"WebSite\",\"@id\":\"https:\/\/librairie7l.com\/en\/#website\",\"url\":\"https:\/\/librairie7l.com\/en\/\",\"name\":\"Librairie 7L\",\"description\":\"Librairie fond\u00e9e en 1999 par Karl Lagerfeld \u00e0 Paris\",\"publisher\":{\"@id\":\"https:\/\/librairie7l.com\/en\/#organization\"},\"potentialAction\":[{\"@type\":\"SearchAction\",\"target\":{\"@type\":\"EntryPoint\",\"urlTemplate\":\"https:\/\/librairie7l.com\/en\/?s={search_term_string}\"},\"query-input\":\"required name=search_term_string\"}],\"inLanguage\":\"en-US\"},{\"@type\":\"Organization\",\"@id\":\"https:\/\/librairie7l.com\/en\/#organization\",\"name\":\"Librairie 7L\",\"url\":\"https:\/\/librairie7l.com\/en\/\",\"logo\":{\"@type\":\"ImageObject\",\"inLanguage\":\"en-US\",\"@id\":\"https:\/\/librairie7l.com\/en\/#\/schema\/logo\/image\/\",\"url\":\"https:\/\/librairie7l.com\/wp-content\/uploads\/2022\/08\/logo-1.png\",\"contentUrl\":\"https:\/\/librairie7l.com\/wp-content\/uploads\/2022\/08\/logo-1.png\",\"width\":227,\"height\":301,\"caption\":\"Librairie 7L\"},\"image\":{\"@id\":\"https:\/\/librairie7l.com\/en\/#\/schema\/logo\/image\/\"}}]}<\/script>\n<!-- \/ Yoast SEO plugin. -->","yoast_head_json":{"title":"Camille Claudel \u00e0 l'oeuvre : Sakountala - Librairie 7L","robots":{"index":"index","follow":"follow","max-snippet":"max-snippet:-1","max-image-preview":"max-image-preview:large","max-video-preview":"max-video-preview:-1"},"canonical":"https:\/\/librairie7l.com\/en\/produit\/camille-claudel-a-loeuvre-sakountala-2\/","og_locale":"en_US","og_type":"article","og_title":"Camille Claudel \u00e0 l'oeuvre : Sakountala - Librairie 7L","og_description":"Sakountala l&#8217;un des chefs-d&#8217;oeuvre de Camille Claudel, est un fil permettant de retracer la carri\u00e8re de l&#8217;artiste. Cet ouvrage, publi\u00e9 \u00e0 l&#8217;occasion de l&#8217;exposition \u00ab Camille Claudel \u00e0 l&#8217;oeuvre : Sakountala \u00bb, pr\u00e9sent\u00e9e au mus\u00e9e Camille Claudel de Nogent-sur-Seine, revient sur le contexte de cr\u00e9ation de cette sculpture, l&#8217;histoire tr\u00e8s mouvement\u00e9e de sa r\u00e9ception ainsi [&hellip;]","og_url":"https:\/\/librairie7l.com\/en\/produit\/camille-claudel-a-loeuvre-sakountala-2\/","og_site_name":"Librairie 7L","article_modified_time":"2026-04-08T20:15:44+00:00","og_image":[{"width":600,"height":764,"url":"https:\/\/librairie7l.com\/wp-content\/uploads\/2024\/06\/9788836658459_1_75.jpg","type":"image\/jpeg"}],"twitter_card":"summary_large_image","twitter_misc":{"Est. reading time":"1 minute"},"schema":{"@context":"https:\/\/schema.org","@graph":[{"@type":"WebPage","@id":"https:\/\/librairie7l.com\/en\/produit\/camille-claudel-a-loeuvre-sakountala-2\/","url":"https:\/\/librairie7l.com\/en\/produit\/camille-claudel-a-loeuvre-sakountala-2\/","name":"Camille Claudel \u00e0 l'oeuvre : Sakountala - Librairie 7L","isPartOf":{"@id":"https:\/\/librairie7l.com\/en\/#website"},"datePublished":"2024-10-16T07:17:50+00:00","dateModified":"2026-04-08T20:15:44+00:00","breadcrumb":{"@id":"https:\/\/librairie7l.com\/en\/produit\/camille-claudel-a-loeuvre-sakountala-2\/#breadcrumb"},"inLanguage":"en-US","potentialAction":[{"@type":"ReadAction","target":["https:\/\/librairie7l.com\/en\/produit\/camille-claudel-a-loeuvre-sakountala-2\/"]}]},{"@type":"BreadcrumbList","@id":"https:\/\/librairie7l.com\/en\/produit\/camille-claudel-a-loeuvre-sakountala-2\/#breadcrumb","itemListElement":[{"@type":"ListItem","position":1,"name":"Accueil","item":"https:\/\/librairie7l.com\/en\/"},{"@type":"ListItem","position":2,"name":"Shop","item":"https:\/\/librairie7l.com\/en\/shop\/"},{"@type":"ListItem","position":3,"name":"CAMILLE CLAUDEL \u00c0 L&#8217;OEUVRE : SAKOUNTALA"}]},{"@type":"WebSite","@id":"https:\/\/librairie7l.com\/en\/#website","url":"https:\/\/librairie7l.com\/en\/","name":"Librairie 7L","description":"Librairie fond\u00e9e en 1999 par Karl Lagerfeld \u00e0 Paris","publisher":{"@id":"https:\/\/librairie7l.com\/en\/#organization"},"potentialAction":[{"@type":"SearchAction","target":{"@type":"EntryPoint","urlTemplate":"https:\/\/librairie7l.com\/en\/?s={search_term_string}"},"query-input":"required name=search_term_string"}],"inLanguage":"en-US"},{"@type":"Organization","@id":"https:\/\/librairie7l.com\/en\/#organization","name":"Librairie 7L","url":"https:\/\/librairie7l.com\/en\/","logo":{"@type":"ImageObject","inLanguage":"en-US","@id":"https:\/\/librairie7l.com\/en\/#\/schema\/logo\/image\/","url":"https:\/\/librairie7l.com\/wp-content\/uploads\/2022\/08\/logo-1.png","contentUrl":"https:\/\/librairie7l.com\/wp-content\/uploads\/2022\/08\/logo-1.png","width":227,"height":301,"caption":"Librairie 7L"},"image":{"@id":"https:\/\/librairie7l.com\/en\/#\/schema\/logo\/image\/"}}]}},"_links":{"self":[{"href":"https:\/\/librairie7l.com\/en\/wp-json\/wp\/v2\/product\/43367"}],"collection":[{"href":"https:\/\/librairie7l.com\/en\/wp-json\/wp\/v2\/product"}],"about":[{"href":"https:\/\/librairie7l.com\/en\/wp-json\/wp\/v2\/types\/product"}],"wp:featuredmedia":[{"embeddable":true,"href":"https:\/\/librairie7l.com\/en\/wp-json\/wp\/v2\/media\/43365"}],"wp:attachment":[{"href":"https:\/\/librairie7l.com\/en\/wp-json\/wp\/v2\/media?parent=43367"}],"wp:term":[{"taxonomy":"product_cat","embeddable":true,"href":"https:\/\/librairie7l.com\/en\/wp-json\/wp\/v2\/product_cat?post=43367"},{"taxonomy":"product_tag","embeddable":true,"href":"https:\/\/librairie7l.com\/en\/wp-json\/wp\/v2\/product_tag?post=43367"}],"curies":[{"name":"wp","href":"https:\/\/api.w.org\/{rel}","templated":true}]}}