{"id":43375,"date":"2024-10-16T09:18:00","date_gmt":"2024-10-16T07:18:00","guid":{"rendered":"https:\/\/librairie7l.com\/?post_type=product&#038;p=43375"},"modified":"2026-05-01T19:04:04","modified_gmt":"2026-05-01T17:04:04","slug":"the-kinfolk-home-des-interieurs-slow-design-2","status":"publish","type":"product","link":"https:\/\/librairie7l.com\/en\/produit\/the-kinfolk-home-des-interieurs-slow-design-2\/","title":{"rendered":"THE KINFOLK HOME : DES INT\u00c9RIEURS SLOW DESIGN"},"content":{"rendered":"<p>Nathan Williams nous fait visiter diff\u00e9rents int\u00e9rieurs incarnant chacun \u00e0 leur fa\u00e7on les principes du slow living, un art de vivre qui encourage \u00e0 reconqu\u00e9rir notre temps pour mieux le consacrer \u00e0 ce qui nous apporte le plus de joie et de sens.<\/p>\n<p>D\u00e9couvrez tout au long de ce beau livre de d\u00e9co-lifestyle d&#8217;inspirations 35 int\u00e9rieurs des quatre coins du monde, incarnant les principes du slow living.<br \/>\nUn voyage d\u00e9co qui se pr\u00e9sente sous la forme de diff\u00e9rents portraits d&#8217;individus et de leurs familles, accompagn\u00e9s des photographies de leurs int\u00e9rieurs.<br \/>\nDes designers, des entrepreneurs, des architectes, des photographes ou encore des stylistes y partagent leurs astuces ainsi que leur philosophie de vie et la fa\u00e7on dont celle-ci a fa\u00e7onn\u00e9 les lieux qu&#8217;ils habitent.<\/p>\n","protected":false},"excerpt":{"rendered":"<p>Nathan Williams nous fait visiter diff\u00e9rents int\u00e9rieurs incarnant chacun \u00e0 leur fa\u00e7on les principes du slow living, un art de vivre qui encourage \u00e0 reconqu\u00e9rir notre temps pour mieux le consacrer \u00e0 ce qui nous apporte le plus de joie et de sens. D\u00e9couvrez tout au long de ce beau livre de d\u00e9co-lifestyle d&#8217;inspirations 35 [&hellip;]<\/p>\n","protected":false},"featured_media":43373,"template":"","meta":[],"product_cat":[2948,2951],"product_tag":[],"acf":[],"yoast_head":"<!-- This site is optimized with the Yoast SEO plugin v20.11 - https:\/\/yoast.com\/wordpress\/plugins\/seo\/ -->\n<title>The Kinfolk Home : Des int\u00e9rieurs slow design - Librairie 7L<\/title>\n<meta name=\"robots\" content=\"index, follow, max-snippet:-1, max-image-preview:large, max-video-preview:-1\" \/>\n<link rel=\"canonical\" href=\"https:\/\/librairie7l.com\/en\/produit\/the-kinfolk-home-des-interieurs-slow-design-2\/\" \/>\n<meta property=\"og:locale\" content=\"en_US\" \/>\n<meta property=\"og:type\" content=\"article\" \/>\n<meta property=\"og:title\" content=\"The Kinfolk Home : Des int\u00e9rieurs slow design - Librairie 7L\" \/>\n<meta property=\"og:description\" content=\"Nathan Williams nous fait visiter diff\u00e9rents int\u00e9rieurs incarnant chacun \u00e0 leur fa\u00e7on les principes du slow living, un art de vivre qui encourage \u00e0 reconqu\u00e9rir notre temps pour mieux le consacrer \u00e0 ce qui nous apporte le plus de joie et de sens. D\u00e9couvrez tout au long de ce beau livre de d\u00e9co-lifestyle d&#8217;inspirations 35 [&hellip;]\" \/>\n<meta property=\"og:url\" content=\"https:\/\/librairie7l.com\/en\/produit\/the-kinfolk-home-des-interieurs-slow-design-2\/\" \/>\n<meta property=\"og:site_name\" content=\"Librairie 7L\" \/>\n<meta property=\"article:modified_time\" content=\"2026-05-01T17:04:04+00:00\" \/>\n<meta property=\"og:image\" content=\"https:\/\/librairie7l.com\/wp-content\/uploads\/2024\/06\/9782376716693_1_75.jpg\" \/>\n\t<meta property=\"og:image:width\" content=\"600\" \/>\n\t<meta property=\"og:image:height\" content=\"782\" \/>\n\t<meta property=\"og:image:type\" content=\"image\/jpeg\" \/>\n<meta name=\"twitter:card\" content=\"summary_large_image\" \/>\n<meta name=\"twitter:label1\" content=\"Est. reading time\" \/>\n\t<meta name=\"twitter:data1\" content=\"1 minute\" \/>\n<script type=\"application\/ld+json\" class=\"yoast-schema-graph\">{\"@context\":\"https:\/\/schema.org\",\"@graph\":[{\"@type\":\"WebPage\",\"@id\":\"https:\/\/librairie7l.com\/en\/produit\/the-kinfolk-home-des-interieurs-slow-design-2\/\",\"url\":\"https:\/\/librairie7l.com\/en\/produit\/the-kinfolk-home-des-interieurs-slow-design-2\/\",\"name\":\"The Kinfolk Home : Des int\u00e9rieurs slow design - Librairie 7L\",\"isPartOf\":{\"@id\":\"https:\/\/librairie7l.com\/en\/#website\"},\"datePublished\":\"2024-10-16T07:18:00+00:00\",\"dateModified\":\"2026-05-01T17:04:04+00:00\",\"breadcrumb\":{\"@id\":\"https:\/\/librairie7l.com\/en\/produit\/the-kinfolk-home-des-interieurs-slow-design-2\/#breadcrumb\"},\"inLanguage\":\"en-US\",\"potentialAction\":[{\"@type\":\"ReadAction\",\"target\":[\"https:\/\/librairie7l.com\/en\/produit\/the-kinfolk-home-des-interieurs-slow-design-2\/\"]}]},{\"@type\":\"BreadcrumbList\",\"@id\":\"https:\/\/librairie7l.com\/en\/produit\/the-kinfolk-home-des-interieurs-slow-design-2\/#breadcrumb\",\"itemListElement\":[{\"@type\":\"ListItem\",\"position\":1,\"name\":\"Accueil\",\"item\":\"https:\/\/librairie7l.com\/en\/\"},{\"@type\":\"ListItem\",\"position\":2,\"name\":\"Shop\",\"item\":\"https:\/\/librairie7l.com\/en\/shop\/\"},{\"@type\":\"ListItem\",\"position\":3,\"name\":\"THE KINFOLK HOME : DES INT\u00c9RIEURS SLOW DESIGN\"}]},{\"@type\":\"WebSite\",\"@id\":\"https:\/\/librairie7l.com\/en\/#website\",\"url\":\"https:\/\/librairie7l.com\/en\/\",\"name\":\"Librairie 7L\",\"description\":\"Librairie fond\u00e9e en 1999 par Karl Lagerfeld \u00e0 Paris\",\"publisher\":{\"@id\":\"https:\/\/librairie7l.com\/en\/#organization\"},\"potentialAction\":[{\"@type\":\"SearchAction\",\"target\":{\"@type\":\"EntryPoint\",\"urlTemplate\":\"https:\/\/librairie7l.com\/en\/?s={search_term_string}\"},\"query-input\":\"required name=search_term_string\"}],\"inLanguage\":\"en-US\"},{\"@type\":\"Organization\",\"@id\":\"https:\/\/librairie7l.com\/en\/#organization\",\"name\":\"Librairie 7L\",\"url\":\"https:\/\/librairie7l.com\/en\/\",\"logo\":{\"@type\":\"ImageObject\",\"inLanguage\":\"en-US\",\"@id\":\"https:\/\/librairie7l.com\/en\/#\/schema\/logo\/image\/\",\"url\":\"https:\/\/librairie7l.com\/wp-content\/uploads\/2022\/08\/logo-1.png\",\"contentUrl\":\"https:\/\/librairie7l.com\/wp-content\/uploads\/2022\/08\/logo-1.png\",\"width\":227,\"height\":301,\"caption\":\"Librairie 7L\"},\"image\":{\"@id\":\"https:\/\/librairie7l.com\/en\/#\/schema\/logo\/image\/\"}}]}<\/script>\n<!-- \/ Yoast SEO plugin. -->","yoast_head_json":{"title":"The Kinfolk Home : Des int\u00e9rieurs slow design - Librairie 7L","robots":{"index":"index","follow":"follow","max-snippet":"max-snippet:-1","max-image-preview":"max-image-preview:large","max-video-preview":"max-video-preview:-1"},"canonical":"https:\/\/librairie7l.com\/en\/produit\/the-kinfolk-home-des-interieurs-slow-design-2\/","og_locale":"en_US","og_type":"article","og_title":"The Kinfolk Home : Des int\u00e9rieurs slow design - Librairie 7L","og_description":"Nathan Williams nous fait visiter diff\u00e9rents int\u00e9rieurs incarnant chacun \u00e0 leur fa\u00e7on les principes du slow living, un art de vivre qui encourage \u00e0 reconqu\u00e9rir notre temps pour mieux le consacrer \u00e0 ce qui nous apporte le plus de joie et de sens. D\u00e9couvrez tout au long de ce beau livre de d\u00e9co-lifestyle d&#8217;inspirations 35 [&hellip;]","og_url":"https:\/\/librairie7l.com\/en\/produit\/the-kinfolk-home-des-interieurs-slow-design-2\/","og_site_name":"Librairie 7L","article_modified_time":"2026-05-01T17:04:04+00:00","og_image":[{"width":600,"height":782,"url":"https:\/\/librairie7l.com\/wp-content\/uploads\/2024\/06\/9782376716693_1_75.jpg","type":"image\/jpeg"}],"twitter_card":"summary_large_image","twitter_misc":{"Est. reading time":"1 minute"},"schema":{"@context":"https:\/\/schema.org","@graph":[{"@type":"WebPage","@id":"https:\/\/librairie7l.com\/en\/produit\/the-kinfolk-home-des-interieurs-slow-design-2\/","url":"https:\/\/librairie7l.com\/en\/produit\/the-kinfolk-home-des-interieurs-slow-design-2\/","name":"The Kinfolk Home : Des int\u00e9rieurs slow design - Librairie 7L","isPartOf":{"@id":"https:\/\/librairie7l.com\/en\/#website"},"datePublished":"2024-10-16T07:18:00+00:00","dateModified":"2026-05-01T17:04:04+00:00","breadcrumb":{"@id":"https:\/\/librairie7l.com\/en\/produit\/the-kinfolk-home-des-interieurs-slow-design-2\/#breadcrumb"},"inLanguage":"en-US","potentialAction":[{"@type":"ReadAction","target":["https:\/\/librairie7l.com\/en\/produit\/the-kinfolk-home-des-interieurs-slow-design-2\/"]}]},{"@type":"BreadcrumbList","@id":"https:\/\/librairie7l.com\/en\/produit\/the-kinfolk-home-des-interieurs-slow-design-2\/#breadcrumb","itemListElement":[{"@type":"ListItem","position":1,"name":"Accueil","item":"https:\/\/librairie7l.com\/en\/"},{"@type":"ListItem","position":2,"name":"Shop","item":"https:\/\/librairie7l.com\/en\/shop\/"},{"@type":"ListItem","position":3,"name":"THE KINFOLK HOME : DES INT\u00c9RIEURS SLOW DESIGN"}]},{"@type":"WebSite","@id":"https:\/\/librairie7l.com\/en\/#website","url":"https:\/\/librairie7l.com\/en\/","name":"Librairie 7L","description":"Librairie fond\u00e9e en 1999 par Karl Lagerfeld \u00e0 Paris","publisher":{"@id":"https:\/\/librairie7l.com\/en\/#organization"},"potentialAction":[{"@type":"SearchAction","target":{"@type":"EntryPoint","urlTemplate":"https:\/\/librairie7l.com\/en\/?s={search_term_string}"},"query-input":"required name=search_term_string"}],"inLanguage":"en-US"},{"@type":"Organization","@id":"https:\/\/librairie7l.com\/en\/#organization","name":"Librairie 7L","url":"https:\/\/librairie7l.com\/en\/","logo":{"@type":"ImageObject","inLanguage":"en-US","@id":"https:\/\/librairie7l.com\/en\/#\/schema\/logo\/image\/","url":"https:\/\/librairie7l.com\/wp-content\/uploads\/2022\/08\/logo-1.png","contentUrl":"https:\/\/librairie7l.com\/wp-content\/uploads\/2022\/08\/logo-1.png","width":227,"height":301,"caption":"Librairie 7L"},"image":{"@id":"https:\/\/librairie7l.com\/en\/#\/schema\/logo\/image\/"}}]}},"_links":{"self":[{"href":"https:\/\/librairie7l.com\/en\/wp-json\/wp\/v2\/product\/43375"}],"collection":[{"href":"https:\/\/librairie7l.com\/en\/wp-json\/wp\/v2\/product"}],"about":[{"href":"https:\/\/librairie7l.com\/en\/wp-json\/wp\/v2\/types\/product"}],"wp:featuredmedia":[{"embeddable":true,"href":"https:\/\/librairie7l.com\/en\/wp-json\/wp\/v2\/media\/43373"}],"wp:attachment":[{"href":"https:\/\/librairie7l.com\/en\/wp-json\/wp\/v2\/media?parent=43375"}],"wp:term":[{"taxonomy":"product_cat","embeddable":true,"href":"https:\/\/librairie7l.com\/en\/wp-json\/wp\/v2\/product_cat?post=43375"},{"taxonomy":"product_tag","embeddable":true,"href":"https:\/\/librairie7l.com\/en\/wp-json\/wp\/v2\/product_tag?post=43375"}],"curies":[{"name":"wp","href":"https:\/\/api.w.org\/{rel}","templated":true}]}}