{"id":43379,"date":"2024-10-16T09:18:03","date_gmt":"2024-10-16T07:18:03","guid":{"rendered":"https:\/\/librairie7l.com\/?post_type=product&#038;p=43379"},"modified":"2026-04-26T12:55:01","modified_gmt":"2026-04-26T10:55:01","slug":"colourful-3","status":"publish","type":"product","link":"https:\/\/librairie7l.com\/en\/produit\/colourful-3\/","title":{"rendered":"COLOURFUL"},"content":{"rendered":"<p>&#8220;Ce fut un honneur de conna\u00eetre Iris et d&#8217;apprendre avec elle&#8221; &#8211; Ruv\u00e9n Afanador &#8220;Une force de la nature&#8221; &#8211; Tommy Hilfiger &#8220;L&#8217;une des plus anciennes cr\u00e9atrices de tendance de l&#8217;industrie&#8221; &#8211; Vogue Ce livre n&#8217;est pas un livre de secrets &#8211; je n&#8217;ai pas de secrets. D\u00e9sol\u00e9e de vous d\u00e9cevoir si c&#8217;est ce que vous recherchez. Mais j&#8217;ai de bonnes histoires \u00e0 raconter. Et quelques id\u00e9es. Ce livre parle de la vie, de la cr\u00e9ation et de la couleur. Parce que la cr\u00e9ativit\u00e9 et la couleur sont importantes. Je ne veux pas que vous vous habilliez comme moi ou que vous pensiez comme moi &#8211; ce n&#8217;est pas l&#8217;id\u00e9e de ce livre. Je veux que vous trouviez les couleurs, la confiance et l&#8217;inspiration cr\u00e9ative qui vous ressemblent. Ma vie a \u00e9t\u00e9 remplie d&#8217;amour, d&#8217;\u00e9merveillement et d&#8217;une profonde et incurable curiosit\u00e9. Ce livre est mon tr\u00e9sor d&#8217;inspiration, d&#8217;influences et d&#8217;id\u00e9es : ma source. Soyez courageux. Trouvez votre source. Qu&#8217;est-ce qui vous rend heureux ?<br \/>\nAvec tout mon amour, Iris<\/p>\n","protected":false},"excerpt":{"rendered":"<p>&#8220;Ce fut un honneur de conna\u00eetre Iris et d&#8217;apprendre avec elle&#8221; &#8211; Ruv\u00e9n Afanador &#8220;Une force de la nature&#8221; &#8211; Tommy Hilfiger &#8220;L&#8217;une des plus anciennes cr\u00e9atrices de tendance de l&#8217;industrie&#8221; &#8211; Vogue Ce livre n&#8217;est pas un livre de secrets &#8211; je n&#8217;ai pas de secrets. D\u00e9sol\u00e9e de vous d\u00e9cevoir si c&#8217;est ce que [&hellip;]<\/p>\n","protected":false},"featured_media":43377,"template":"","meta":[],"product_cat":[2948,2957],"product_tag":[],"acf":[],"yoast_head":"<!-- This site is optimized with the Yoast SEO plugin v20.11 - https:\/\/yoast.com\/wordpress\/plugins\/seo\/ -->\n<title>Colourful - Librairie 7L<\/title>\n<meta name=\"robots\" content=\"index, follow, max-snippet:-1, max-image-preview:large, max-video-preview:-1\" \/>\n<link rel=\"canonical\" href=\"https:\/\/librairie7l.com\/en\/produit\/colourful-3\/\" \/>\n<meta property=\"og:locale\" content=\"en_US\" \/>\n<meta property=\"og:type\" content=\"article\" \/>\n<meta property=\"og:title\" content=\"Colourful - Librairie 7L\" \/>\n<meta property=\"og:description\" content=\"&#8220;Ce fut un honneur de conna\u00eetre Iris et d&#8217;apprendre avec elle&#8221; &#8211; Ruv\u00e9n Afanador &#8220;Une force de la nature&#8221; &#8211; Tommy Hilfiger &#8220;L&#8217;une des plus anciennes cr\u00e9atrices de tendance de l&#8217;industrie&#8221; &#8211; Vogue Ce livre n&#8217;est pas un livre de secrets &#8211; je n&#8217;ai pas de secrets. D\u00e9sol\u00e9e de vous d\u00e9cevoir si c&#8217;est ce que [&hellip;]\" \/>\n<meta property=\"og:url\" content=\"https:\/\/librairie7l.com\/en\/produit\/colourful-3\/\" \/>\n<meta property=\"og:site_name\" content=\"Librairie 7L\" \/>\n<meta property=\"article:modified_time\" content=\"2026-04-26T10:55:01+00:00\" \/>\n<meta property=\"og:image\" content=\"https:\/\/librairie7l.com\/wp-content\/uploads\/2023\/11\/9782376716686_1_75.jpg\" \/>\n\t<meta property=\"og:image:width\" content=\"600\" \/>\n\t<meta property=\"og:image:height\" content=\"767\" \/>\n\t<meta property=\"og:image:type\" content=\"image\/jpeg\" \/>\n<meta name=\"twitter:card\" content=\"summary_large_image\" \/>\n<meta name=\"twitter:label1\" content=\"Est. reading time\" \/>\n\t<meta name=\"twitter:data1\" content=\"1 minute\" \/>\n<script type=\"application\/ld+json\" class=\"yoast-schema-graph\">{\"@context\":\"https:\/\/schema.org\",\"@graph\":[{\"@type\":\"WebPage\",\"@id\":\"https:\/\/librairie7l.com\/en\/produit\/colourful-3\/\",\"url\":\"https:\/\/librairie7l.com\/en\/produit\/colourful-3\/\",\"name\":\"Colourful - Librairie 7L\",\"isPartOf\":{\"@id\":\"https:\/\/librairie7l.com\/en\/#website\"},\"datePublished\":\"2024-10-16T07:18:03+00:00\",\"dateModified\":\"2026-04-26T10:55:01+00:00\",\"breadcrumb\":{\"@id\":\"https:\/\/librairie7l.com\/en\/produit\/colourful-3\/#breadcrumb\"},\"inLanguage\":\"en-US\",\"potentialAction\":[{\"@type\":\"ReadAction\",\"target\":[\"https:\/\/librairie7l.com\/en\/produit\/colourful-3\/\"]}]},{\"@type\":\"BreadcrumbList\",\"@id\":\"https:\/\/librairie7l.com\/en\/produit\/colourful-3\/#breadcrumb\",\"itemListElement\":[{\"@type\":\"ListItem\",\"position\":1,\"name\":\"Accueil\",\"item\":\"https:\/\/librairie7l.com\/en\/\"},{\"@type\":\"ListItem\",\"position\":2,\"name\":\"Shop\",\"item\":\"https:\/\/librairie7l.com\/en\/shop\/\"},{\"@type\":\"ListItem\",\"position\":3,\"name\":\"COLOURFUL\"}]},{\"@type\":\"WebSite\",\"@id\":\"https:\/\/librairie7l.com\/en\/#website\",\"url\":\"https:\/\/librairie7l.com\/en\/\",\"name\":\"Librairie 7L\",\"description\":\"Librairie fond\u00e9e en 1999 par Karl Lagerfeld \u00e0 Paris\",\"publisher\":{\"@id\":\"https:\/\/librairie7l.com\/en\/#organization\"},\"potentialAction\":[{\"@type\":\"SearchAction\",\"target\":{\"@type\":\"EntryPoint\",\"urlTemplate\":\"https:\/\/librairie7l.com\/en\/?s={search_term_string}\"},\"query-input\":\"required name=search_term_string\"}],\"inLanguage\":\"en-US\"},{\"@type\":\"Organization\",\"@id\":\"https:\/\/librairie7l.com\/en\/#organization\",\"name\":\"Librairie 7L\",\"url\":\"https:\/\/librairie7l.com\/en\/\",\"logo\":{\"@type\":\"ImageObject\",\"inLanguage\":\"en-US\",\"@id\":\"https:\/\/librairie7l.com\/en\/#\/schema\/logo\/image\/\",\"url\":\"https:\/\/librairie7l.com\/wp-content\/uploads\/2022\/08\/logo-1.png\",\"contentUrl\":\"https:\/\/librairie7l.com\/wp-content\/uploads\/2022\/08\/logo-1.png\",\"width\":227,\"height\":301,\"caption\":\"Librairie 7L\"},\"image\":{\"@id\":\"https:\/\/librairie7l.com\/en\/#\/schema\/logo\/image\/\"}}]}<\/script>\n<!-- \/ Yoast SEO plugin. -->","yoast_head_json":{"title":"Colourful - Librairie 7L","robots":{"index":"index","follow":"follow","max-snippet":"max-snippet:-1","max-image-preview":"max-image-preview:large","max-video-preview":"max-video-preview:-1"},"canonical":"https:\/\/librairie7l.com\/en\/produit\/colourful-3\/","og_locale":"en_US","og_type":"article","og_title":"Colourful - Librairie 7L","og_description":"&#8220;Ce fut un honneur de conna\u00eetre Iris et d&#8217;apprendre avec elle&#8221; &#8211; Ruv\u00e9n Afanador &#8220;Une force de la nature&#8221; &#8211; Tommy Hilfiger &#8220;L&#8217;une des plus anciennes cr\u00e9atrices de tendance de l&#8217;industrie&#8221; &#8211; Vogue Ce livre n&#8217;est pas un livre de secrets &#8211; je n&#8217;ai pas de secrets. D\u00e9sol\u00e9e de vous d\u00e9cevoir si c&#8217;est ce que [&hellip;]","og_url":"https:\/\/librairie7l.com\/en\/produit\/colourful-3\/","og_site_name":"Librairie 7L","article_modified_time":"2026-04-26T10:55:01+00:00","og_image":[{"width":600,"height":767,"url":"https:\/\/librairie7l.com\/wp-content\/uploads\/2023\/11\/9782376716686_1_75.jpg","type":"image\/jpeg"}],"twitter_card":"summary_large_image","twitter_misc":{"Est. reading time":"1 minute"},"schema":{"@context":"https:\/\/schema.org","@graph":[{"@type":"WebPage","@id":"https:\/\/librairie7l.com\/en\/produit\/colourful-3\/","url":"https:\/\/librairie7l.com\/en\/produit\/colourful-3\/","name":"Colourful - Librairie 7L","isPartOf":{"@id":"https:\/\/librairie7l.com\/en\/#website"},"datePublished":"2024-10-16T07:18:03+00:00","dateModified":"2026-04-26T10:55:01+00:00","breadcrumb":{"@id":"https:\/\/librairie7l.com\/en\/produit\/colourful-3\/#breadcrumb"},"inLanguage":"en-US","potentialAction":[{"@type":"ReadAction","target":["https:\/\/librairie7l.com\/en\/produit\/colourful-3\/"]}]},{"@type":"BreadcrumbList","@id":"https:\/\/librairie7l.com\/en\/produit\/colourful-3\/#breadcrumb","itemListElement":[{"@type":"ListItem","position":1,"name":"Accueil","item":"https:\/\/librairie7l.com\/en\/"},{"@type":"ListItem","position":2,"name":"Shop","item":"https:\/\/librairie7l.com\/en\/shop\/"},{"@type":"ListItem","position":3,"name":"COLOURFUL"}]},{"@type":"WebSite","@id":"https:\/\/librairie7l.com\/en\/#website","url":"https:\/\/librairie7l.com\/en\/","name":"Librairie 7L","description":"Librairie fond\u00e9e en 1999 par Karl Lagerfeld \u00e0 Paris","publisher":{"@id":"https:\/\/librairie7l.com\/en\/#organization"},"potentialAction":[{"@type":"SearchAction","target":{"@type":"EntryPoint","urlTemplate":"https:\/\/librairie7l.com\/en\/?s={search_term_string}"},"query-input":"required name=search_term_string"}],"inLanguage":"en-US"},{"@type":"Organization","@id":"https:\/\/librairie7l.com\/en\/#organization","name":"Librairie 7L","url":"https:\/\/librairie7l.com\/en\/","logo":{"@type":"ImageObject","inLanguage":"en-US","@id":"https:\/\/librairie7l.com\/en\/#\/schema\/logo\/image\/","url":"https:\/\/librairie7l.com\/wp-content\/uploads\/2022\/08\/logo-1.png","contentUrl":"https:\/\/librairie7l.com\/wp-content\/uploads\/2022\/08\/logo-1.png","width":227,"height":301,"caption":"Librairie 7L"},"image":{"@id":"https:\/\/librairie7l.com\/en\/#\/schema\/logo\/image\/"}}]}},"_links":{"self":[{"href":"https:\/\/librairie7l.com\/en\/wp-json\/wp\/v2\/product\/43379"}],"collection":[{"href":"https:\/\/librairie7l.com\/en\/wp-json\/wp\/v2\/product"}],"about":[{"href":"https:\/\/librairie7l.com\/en\/wp-json\/wp\/v2\/types\/product"}],"wp:featuredmedia":[{"embeddable":true,"href":"https:\/\/librairie7l.com\/en\/wp-json\/wp\/v2\/media\/43377"}],"wp:attachment":[{"href":"https:\/\/librairie7l.com\/en\/wp-json\/wp\/v2\/media?parent=43379"}],"wp:term":[{"taxonomy":"product_cat","embeddable":true,"href":"https:\/\/librairie7l.com\/en\/wp-json\/wp\/v2\/product_cat?post=43379"},{"taxonomy":"product_tag","embeddable":true,"href":"https:\/\/librairie7l.com\/en\/wp-json\/wp\/v2\/product_tag?post=43379"}],"curies":[{"name":"wp","href":"https:\/\/api.w.org\/{rel}","templated":true}]}}