{"id":43387,"date":"2024-10-16T09:18:09","date_gmt":"2024-10-16T07:18:09","guid":{"rendered":"https:\/\/librairie7l.com\/?post_type=product&#038;p=43387"},"modified":"2026-05-06T21:14:45","modified_gmt":"2026-05-06T19:14:45","slug":"caillebotte-peindre-les-hommes-2","status":"publish","type":"product","link":"https:\/\/librairie7l.com\/en\/produit\/caillebotte-peindre-les-hommes-2\/","title":{"rendered":"CAILLEBOTTE, PEINDRE LES HOMMES"},"content":{"rendered":"<p>Le catalogue de l&#8217;exposition \u00ab  Caillebotte, peindre les hommes  \u00bb met au jour, pour la premi\u00e8re fois, la pr\u00e9dilection de Gustave Caillebotte (1848-1894) pour les figures masculines et les portraits d&#8217;hommes, et interroge la modernit\u00e9 si radicale des chefs-d&#8217;oeuvre de l&#8217;artiste au prisme du nouveau regard que l&#8217;histoire de l&#8217;art porte sur les masculinit\u00e9s du XIXe  si\u00e8cle.<br \/>\nDans sa volont\u00e9 de produire un art vrai et neuf, Caillebotte prend pour sujet son environnement imm\u00e9diat (le Paris d&#8217;Haussmann, les vill\u00e9giatures des environs de la capitale), les hommes de son entourage (ses fr\u00e8res, les ouvriers travaillant pour sa famille, ses amis r\u00e9gatiers, etc.) et en fin de compte sa propre existence. R\u00e9pondant au programme \u00ab r\u00e9aliste \u00bb, il fait entrer dans la peinture des figures nouvelles comme l&#8217;ouvrier urbain, l&#8217;homme au balcon, le sportif ou encore l&#8217;homme nu dans l&#8217;intimit\u00e9 de sa toilette. \u00c0 l&#8217;\u00e9poque du triomphe de la virilit\u00e9 et de la fraternit\u00e9 r\u00e9publicaine, mais aussi de premi\u00e8re crise de la masculinit\u00e9 traditionnelle, la nouveaut\u00e9 et la puissance de ces images questionnent aussi bien l&#8217;ordre social que sexuel. Au-del\u00e0 de sa propre identit\u00e9, celle d&#8217;un jeune et riche parisien, Caillebotte porte au coeur de l&#8217;impressionnisme et de la modernit\u00e9 une profonde interrogation sur la condition masculine.<br \/>\nCet ouvrage r\u00e9unit les plus importants tableaux de figures de Caillebotte mais aussi des pastels, dessins, photographies et documents.<\/p>\n","protected":false},"excerpt":{"rendered":"<p>Le catalogue de l&#8217;exposition \u00ab Caillebotte, peindre les hommes \u00bb met au jour, pour la premi\u00e8re fois, la pr\u00e9dilection de Gustave Caillebotte (1848-1894) pour les figures masculines et les portraits d&#8217;hommes, et interroge la modernit\u00e9 si radicale des chefs-d&#8217;oeuvre de l&#8217;artiste au prisme du nouveau regard que l&#8217;histoire de l&#8217;art porte sur les masculinit\u00e9s du [&hellip;]<\/p>\n","protected":false},"featured_media":43385,"template":"","meta":[],"product_cat":[2948,2953],"product_tag":[],"acf":[],"yoast_head":"<!-- This site is optimized with the Yoast SEO plugin v20.11 - https:\/\/yoast.com\/wordpress\/plugins\/seo\/ -->\n<title>Caillebotte, peindre les hommes - Librairie 7L<\/title>\n<meta name=\"robots\" content=\"index, follow, max-snippet:-1, max-image-preview:large, max-video-preview:-1\" \/>\n<link rel=\"canonical\" href=\"https:\/\/librairie7l.com\/en\/produit\/caillebotte-peindre-les-hommes-2\/\" \/>\n<meta property=\"og:locale\" content=\"en_US\" \/>\n<meta property=\"og:type\" content=\"article\" \/>\n<meta property=\"og:title\" content=\"Caillebotte, peindre les hommes - Librairie 7L\" \/>\n<meta property=\"og:description\" content=\"Le catalogue de l&#8217;exposition \u00ab Caillebotte, peindre les hommes \u00bb met au jour, pour la premi\u00e8re fois, la pr\u00e9dilection de Gustave Caillebotte (1848-1894) pour les figures masculines et les portraits d&#8217;hommes, et interroge la modernit\u00e9 si radicale des chefs-d&#8217;oeuvre de l&#8217;artiste au prisme du nouveau regard que l&#8217;histoire de l&#8217;art porte sur les masculinit\u00e9s du [&hellip;]\" \/>\n<meta property=\"og:url\" content=\"https:\/\/librairie7l.com\/en\/produit\/caillebotte-peindre-les-hommes-2\/\" \/>\n<meta property=\"og:site_name\" content=\"Librairie 7L\" \/>\n<meta property=\"article:modified_time\" content=\"2026-05-06T19:14:45+00:00\" \/>\n<meta property=\"og:image\" content=\"https:\/\/librairie7l.com\/wp-content\/uploads\/2024\/06\/9782754117074_1_75.jpg\" \/>\n\t<meta property=\"og:image:width\" content=\"600\" \/>\n\t<meta property=\"og:image:height\" content=\"758\" \/>\n\t<meta property=\"og:image:type\" content=\"image\/jpeg\" \/>\n<meta name=\"twitter:card\" content=\"summary_large_image\" \/>\n<meta name=\"twitter:label1\" content=\"Est. reading time\" \/>\n\t<meta name=\"twitter:data1\" content=\"1 minute\" \/>\n<script type=\"application\/ld+json\" class=\"yoast-schema-graph\">{\"@context\":\"https:\/\/schema.org\",\"@graph\":[{\"@type\":\"WebPage\",\"@id\":\"https:\/\/librairie7l.com\/en\/produit\/caillebotte-peindre-les-hommes-2\/\",\"url\":\"https:\/\/librairie7l.com\/en\/produit\/caillebotte-peindre-les-hommes-2\/\",\"name\":\"Caillebotte, peindre les hommes - Librairie 7L\",\"isPartOf\":{\"@id\":\"https:\/\/librairie7l.com\/en\/#website\"},\"datePublished\":\"2024-10-16T07:18:09+00:00\",\"dateModified\":\"2026-05-06T19:14:45+00:00\",\"breadcrumb\":{\"@id\":\"https:\/\/librairie7l.com\/en\/produit\/caillebotte-peindre-les-hommes-2\/#breadcrumb\"},\"inLanguage\":\"en-US\",\"potentialAction\":[{\"@type\":\"ReadAction\",\"target\":[\"https:\/\/librairie7l.com\/en\/produit\/caillebotte-peindre-les-hommes-2\/\"]}]},{\"@type\":\"BreadcrumbList\",\"@id\":\"https:\/\/librairie7l.com\/en\/produit\/caillebotte-peindre-les-hommes-2\/#breadcrumb\",\"itemListElement\":[{\"@type\":\"ListItem\",\"position\":1,\"name\":\"Accueil\",\"item\":\"https:\/\/librairie7l.com\/en\/\"},{\"@type\":\"ListItem\",\"position\":2,\"name\":\"Shop\",\"item\":\"https:\/\/librairie7l.com\/en\/shop\/\"},{\"@type\":\"ListItem\",\"position\":3,\"name\":\"CAILLEBOTTE, PEINDRE LES HOMMES\"}]},{\"@type\":\"WebSite\",\"@id\":\"https:\/\/librairie7l.com\/en\/#website\",\"url\":\"https:\/\/librairie7l.com\/en\/\",\"name\":\"Librairie 7L\",\"description\":\"Librairie fond\u00e9e en 1999 par Karl Lagerfeld \u00e0 Paris\",\"publisher\":{\"@id\":\"https:\/\/librairie7l.com\/en\/#organization\"},\"potentialAction\":[{\"@type\":\"SearchAction\",\"target\":{\"@type\":\"EntryPoint\",\"urlTemplate\":\"https:\/\/librairie7l.com\/en\/?s={search_term_string}\"},\"query-input\":\"required name=search_term_string\"}],\"inLanguage\":\"en-US\"},{\"@type\":\"Organization\",\"@id\":\"https:\/\/librairie7l.com\/en\/#organization\",\"name\":\"Librairie 7L\",\"url\":\"https:\/\/librairie7l.com\/en\/\",\"logo\":{\"@type\":\"ImageObject\",\"inLanguage\":\"en-US\",\"@id\":\"https:\/\/librairie7l.com\/en\/#\/schema\/logo\/image\/\",\"url\":\"https:\/\/librairie7l.com\/wp-content\/uploads\/2022\/08\/logo-1.png\",\"contentUrl\":\"https:\/\/librairie7l.com\/wp-content\/uploads\/2022\/08\/logo-1.png\",\"width\":227,\"height\":301,\"caption\":\"Librairie 7L\"},\"image\":{\"@id\":\"https:\/\/librairie7l.com\/en\/#\/schema\/logo\/image\/\"}}]}<\/script>\n<!-- \/ Yoast SEO plugin. -->","yoast_head_json":{"title":"Caillebotte, peindre les hommes - Librairie 7L","robots":{"index":"index","follow":"follow","max-snippet":"max-snippet:-1","max-image-preview":"max-image-preview:large","max-video-preview":"max-video-preview:-1"},"canonical":"https:\/\/librairie7l.com\/en\/produit\/caillebotte-peindre-les-hommes-2\/","og_locale":"en_US","og_type":"article","og_title":"Caillebotte, peindre les hommes - Librairie 7L","og_description":"Le catalogue de l&#8217;exposition \u00ab Caillebotte, peindre les hommes \u00bb met au jour, pour la premi\u00e8re fois, la pr\u00e9dilection de Gustave Caillebotte (1848-1894) pour les figures masculines et les portraits d&#8217;hommes, et interroge la modernit\u00e9 si radicale des chefs-d&#8217;oeuvre de l&#8217;artiste au prisme du nouveau regard que l&#8217;histoire de l&#8217;art porte sur les masculinit\u00e9s du [&hellip;]","og_url":"https:\/\/librairie7l.com\/en\/produit\/caillebotte-peindre-les-hommes-2\/","og_site_name":"Librairie 7L","article_modified_time":"2026-05-06T19:14:45+00:00","og_image":[{"width":600,"height":758,"url":"https:\/\/librairie7l.com\/wp-content\/uploads\/2024\/06\/9782754117074_1_75.jpg","type":"image\/jpeg"}],"twitter_card":"summary_large_image","twitter_misc":{"Est. reading time":"1 minute"},"schema":{"@context":"https:\/\/schema.org","@graph":[{"@type":"WebPage","@id":"https:\/\/librairie7l.com\/en\/produit\/caillebotte-peindre-les-hommes-2\/","url":"https:\/\/librairie7l.com\/en\/produit\/caillebotte-peindre-les-hommes-2\/","name":"Caillebotte, peindre les hommes - Librairie 7L","isPartOf":{"@id":"https:\/\/librairie7l.com\/en\/#website"},"datePublished":"2024-10-16T07:18:09+00:00","dateModified":"2026-05-06T19:14:45+00:00","breadcrumb":{"@id":"https:\/\/librairie7l.com\/en\/produit\/caillebotte-peindre-les-hommes-2\/#breadcrumb"},"inLanguage":"en-US","potentialAction":[{"@type":"ReadAction","target":["https:\/\/librairie7l.com\/en\/produit\/caillebotte-peindre-les-hommes-2\/"]}]},{"@type":"BreadcrumbList","@id":"https:\/\/librairie7l.com\/en\/produit\/caillebotte-peindre-les-hommes-2\/#breadcrumb","itemListElement":[{"@type":"ListItem","position":1,"name":"Accueil","item":"https:\/\/librairie7l.com\/en\/"},{"@type":"ListItem","position":2,"name":"Shop","item":"https:\/\/librairie7l.com\/en\/shop\/"},{"@type":"ListItem","position":3,"name":"CAILLEBOTTE, PEINDRE LES HOMMES"}]},{"@type":"WebSite","@id":"https:\/\/librairie7l.com\/en\/#website","url":"https:\/\/librairie7l.com\/en\/","name":"Librairie 7L","description":"Librairie fond\u00e9e en 1999 par Karl Lagerfeld \u00e0 Paris","publisher":{"@id":"https:\/\/librairie7l.com\/en\/#organization"},"potentialAction":[{"@type":"SearchAction","target":{"@type":"EntryPoint","urlTemplate":"https:\/\/librairie7l.com\/en\/?s={search_term_string}"},"query-input":"required name=search_term_string"}],"inLanguage":"en-US"},{"@type":"Organization","@id":"https:\/\/librairie7l.com\/en\/#organization","name":"Librairie 7L","url":"https:\/\/librairie7l.com\/en\/","logo":{"@type":"ImageObject","inLanguage":"en-US","@id":"https:\/\/librairie7l.com\/en\/#\/schema\/logo\/image\/","url":"https:\/\/librairie7l.com\/wp-content\/uploads\/2022\/08\/logo-1.png","contentUrl":"https:\/\/librairie7l.com\/wp-content\/uploads\/2022\/08\/logo-1.png","width":227,"height":301,"caption":"Librairie 7L"},"image":{"@id":"https:\/\/librairie7l.com\/en\/#\/schema\/logo\/image\/"}}]}},"_links":{"self":[{"href":"https:\/\/librairie7l.com\/en\/wp-json\/wp\/v2\/product\/43387"}],"collection":[{"href":"https:\/\/librairie7l.com\/en\/wp-json\/wp\/v2\/product"}],"about":[{"href":"https:\/\/librairie7l.com\/en\/wp-json\/wp\/v2\/types\/product"}],"wp:featuredmedia":[{"embeddable":true,"href":"https:\/\/librairie7l.com\/en\/wp-json\/wp\/v2\/media\/43385"}],"wp:attachment":[{"href":"https:\/\/librairie7l.com\/en\/wp-json\/wp\/v2\/media?parent=43387"}],"wp:term":[{"taxonomy":"product_cat","embeddable":true,"href":"https:\/\/librairie7l.com\/en\/wp-json\/wp\/v2\/product_cat?post=43387"},{"taxonomy":"product_tag","embeddable":true,"href":"https:\/\/librairie7l.com\/en\/wp-json\/wp\/v2\/product_tag?post=43387"}],"curies":[{"name":"wp","href":"https:\/\/api.w.org\/{rel}","templated":true}]}}