{"id":43391,"date":"2024-10-16T09:18:13","date_gmt":"2024-10-16T07:18:13","guid":{"rendered":"https:\/\/librairie7l.com\/?post_type=product&#038;p=43391"},"modified":"2026-04-08T22:39:53","modified_gmt":"2026-04-08T20:39:53","slug":"savoir-faire-savoir-faire-le-bois-2","status":"publish","type":"product","link":"https:\/\/librairie7l.com\/en\/produit\/savoir-faire-savoir-faire-le-bois-2\/","title":{"rendered":"SAVOIR &AMP; FAIRE : SAVOIR &AMP; FAIRE : LE BOIS"},"content":{"rendered":"<p>Depuis l&#8217;histoire et la g\u00e9ographie des for\u00eats jusqu&#8217;\u00e0 l&#8217;utilis ation des nanoparticules du bois , cette encyclop\u00e9die couvre les dimensions scientifiques, symboliques, historiques, esth\u00e9tiques et socio-\u00e9conomiques de l&#8217;un des premiers mat\u00e9riaux utilis\u00e9s par l&#8217;homme. Elle s&#8217;adresse autant \u00e0 l&#8217;amateur qui souhaite d\u00e9couvrir plus avant le mat\u00e9riau, qu&#8217;au sp\u00e9cialiste qui y compl\u00e9tera son domaine d&#8217;expertise par d&#8217;autres points de vue et connaissances.<br \/>\n Cinq grands chapitres permettent de mieux comprendre le contexte et l&#8217;actualit\u00e9<br \/>\n du bois : les fondamentaux (physique, chimie, m\u00e9canique du bois, son histoire et sa symbolique&#8230;), l&#8217;usage durable de la ressource (la g\u00e9ographie des for\u00eats, l&#8217;exploitation et le commerce du bois, r\u00e9chauffement climatique, \u00e9coconception et construction durable&#8230;), les outils et les gestes, mati\u00e8re et techniques (\u00e9volution de l&#8217;usage du bois dans l&#8217;histoire et ses applications contemporaines dans l&#8217;industrie, le design, l&#8217;artisanat et la construction), avant de se conclure par une approche reposant sur les sens : le bois dans la facture instrumentale, dans la parfumerie, le bois que l&#8217;on go\u00fbte (les \u00e9pices et le vin), sans oublier le regard d&#8217;artistes contemporains sur ce mat\u00e9riau.<br \/>\n Universitaires, chercheurs, artisans, forestiers, designers, historiens, g\u00e9ographes, artistes, ing\u00e9nieurs, architectes, parfumeur&#8230; : plus de trente contributeurs (Michel Pastoureau, Giuseppe Penone, Raymond Guidot, les fr\u00e8res Bouroullec, Olivier Roellinger, Patrick Jouin, Yves Weinand, Fran\u00e7oise-H\u00e9l\u00e8ne Jourda&#8230;) ont chacun abord\u00e9 ce mat\u00e9riau en regard de leurs savoir-faire pour aboutir \u00e0 une somme de connaissances unique de par sa compl\u00e9mentarit\u00e9, associ\u00e9e aux grandes probl\u00e9matiques qui vont placer le bois et la for\u00eat au coeur d&#8217;enjeux contemporains, tant pour la pr\u00e9servation de la ressource que pour montrer la diversit\u00e9 renouvel\u00e9e de ses champs d&#8217;application. <\/p>\n<p> Cet ouvrage fait suite \u00e0 la premi\u00e8re Acad\u00e9mie des savoir-faire organis\u00e9e par<br \/>\n la Fondation d&#8217;entreprise Herm\u00e8s : &#8220;Xylomanies ! Explorer les savoir-faire du bois&#8221;.<\/p>\n","protected":false},"excerpt":{"rendered":"<p>Depuis l&#8217;histoire et la g\u00e9ographie des for\u00eats jusqu&#8217;\u00e0 l&#8217;utilis ation des nanoparticules du bois , cette encyclop\u00e9die couvre les dimensions scientifiques, symboliques, historiques, esth\u00e9tiques et socio-\u00e9conomiques de l&#8217;un des premiers mat\u00e9riaux utilis\u00e9s par l&#8217;homme. Elle s&#8217;adresse autant \u00e0 l&#8217;amateur qui souhaite d\u00e9couvrir plus avant le mat\u00e9riau, qu&#8217;au sp\u00e9cialiste qui y compl\u00e9tera son domaine d&#8217;expertise par [&hellip;]<\/p>\n","protected":false},"featured_media":43389,"template":"","meta":[],"product_cat":[2948,2952],"product_tag":[],"acf":[],"yoast_head":"<!-- This site is optimized with the Yoast SEO plugin v20.11 - https:\/\/yoast.com\/wordpress\/plugins\/seo\/ -->\n<title>Savoir &amp; faire : Savoir &amp; faire : le bois - Librairie 7L<\/title>\n<meta name=\"robots\" content=\"index, follow, max-snippet:-1, max-image-preview:large, max-video-preview:-1\" \/>\n<link rel=\"canonical\" href=\"https:\/\/librairie7l.com\/en\/produit\/savoir-faire-savoir-faire-le-bois-2\/\" \/>\n<meta property=\"og:locale\" content=\"en_US\" \/>\n<meta property=\"og:type\" content=\"article\" \/>\n<meta property=\"og:title\" content=\"Savoir &amp; faire : Savoir &amp; faire : le bois - Librairie 7L\" \/>\n<meta property=\"og:description\" content=\"Depuis l&#8217;histoire et la g\u00e9ographie des for\u00eats jusqu&#8217;\u00e0 l&#8217;utilis ation des nanoparticules du bois , cette encyclop\u00e9die couvre les dimensions scientifiques, symboliques, historiques, esth\u00e9tiques et socio-\u00e9conomiques de l&#8217;un des premiers mat\u00e9riaux utilis\u00e9s par l&#8217;homme. Elle s&#8217;adresse autant \u00e0 l&#8217;amateur qui souhaite d\u00e9couvrir plus avant le mat\u00e9riau, qu&#8217;au sp\u00e9cialiste qui y compl\u00e9tera son domaine d&#8217;expertise par [&hellip;]\" \/>\n<meta property=\"og:url\" content=\"https:\/\/librairie7l.com\/en\/produit\/savoir-faire-savoir-faire-le-bois-2\/\" \/>\n<meta property=\"og:site_name\" content=\"Librairie 7L\" \/>\n<meta property=\"article:modified_time\" content=\"2026-04-08T20:39:53+00:00\" \/>\n<meta property=\"og:image\" content=\"https:\/\/librairie7l.com\/wp-content\/uploads\/2024\/06\/9782330194437_1_75.jpg\" \/>\n\t<meta property=\"og:image:width\" content=\"600\" \/>\n\t<meta property=\"og:image:height\" content=\"685\" \/>\n\t<meta property=\"og:image:type\" content=\"image\/jpeg\" \/>\n<meta name=\"twitter:card\" content=\"summary_large_image\" \/>\n<meta name=\"twitter:label1\" content=\"Est. reading time\" \/>\n\t<meta name=\"twitter:data1\" content=\"2 minutes\" \/>\n<script type=\"application\/ld+json\" class=\"yoast-schema-graph\">{\"@context\":\"https:\/\/schema.org\",\"@graph\":[{\"@type\":\"WebPage\",\"@id\":\"https:\/\/librairie7l.com\/en\/produit\/savoir-faire-savoir-faire-le-bois-2\/\",\"url\":\"https:\/\/librairie7l.com\/en\/produit\/savoir-faire-savoir-faire-le-bois-2\/\",\"name\":\"Savoir &amp; faire : Savoir &amp; faire : le bois - Librairie 7L\",\"isPartOf\":{\"@id\":\"https:\/\/librairie7l.com\/en\/#website\"},\"datePublished\":\"2024-10-16T07:18:13+00:00\",\"dateModified\":\"2026-04-08T20:39:53+00:00\",\"breadcrumb\":{\"@id\":\"https:\/\/librairie7l.com\/en\/produit\/savoir-faire-savoir-faire-le-bois-2\/#breadcrumb\"},\"inLanguage\":\"en-US\",\"potentialAction\":[{\"@type\":\"ReadAction\",\"target\":[\"https:\/\/librairie7l.com\/en\/produit\/savoir-faire-savoir-faire-le-bois-2\/\"]}]},{\"@type\":\"BreadcrumbList\",\"@id\":\"https:\/\/librairie7l.com\/en\/produit\/savoir-faire-savoir-faire-le-bois-2\/#breadcrumb\",\"itemListElement\":[{\"@type\":\"ListItem\",\"position\":1,\"name\":\"Accueil\",\"item\":\"https:\/\/librairie7l.com\/en\/\"},{\"@type\":\"ListItem\",\"position\":2,\"name\":\"Shop\",\"item\":\"https:\/\/librairie7l.com\/en\/shop\/\"},{\"@type\":\"ListItem\",\"position\":3,\"name\":\"SAVOIR &AMP; FAIRE : SAVOIR &AMP; FAIRE : LE BOIS\"}]},{\"@type\":\"WebSite\",\"@id\":\"https:\/\/librairie7l.com\/en\/#website\",\"url\":\"https:\/\/librairie7l.com\/en\/\",\"name\":\"Librairie 7L\",\"description\":\"Librairie fond\u00e9e en 1999 par Karl Lagerfeld \u00e0 Paris\",\"publisher\":{\"@id\":\"https:\/\/librairie7l.com\/en\/#organization\"},\"potentialAction\":[{\"@type\":\"SearchAction\",\"target\":{\"@type\":\"EntryPoint\",\"urlTemplate\":\"https:\/\/librairie7l.com\/en\/?s={search_term_string}\"},\"query-input\":\"required name=search_term_string\"}],\"inLanguage\":\"en-US\"},{\"@type\":\"Organization\",\"@id\":\"https:\/\/librairie7l.com\/en\/#organization\",\"name\":\"Librairie 7L\",\"url\":\"https:\/\/librairie7l.com\/en\/\",\"logo\":{\"@type\":\"ImageObject\",\"inLanguage\":\"en-US\",\"@id\":\"https:\/\/librairie7l.com\/en\/#\/schema\/logo\/image\/\",\"url\":\"https:\/\/librairie7l.com\/wp-content\/uploads\/2022\/08\/logo-1.png\",\"contentUrl\":\"https:\/\/librairie7l.com\/wp-content\/uploads\/2022\/08\/logo-1.png\",\"width\":227,\"height\":301,\"caption\":\"Librairie 7L\"},\"image\":{\"@id\":\"https:\/\/librairie7l.com\/en\/#\/schema\/logo\/image\/\"}}]}<\/script>\n<!-- \/ Yoast SEO plugin. -->","yoast_head_json":{"title":"Savoir &amp; faire : Savoir &amp; faire : le bois - Librairie 7L","robots":{"index":"index","follow":"follow","max-snippet":"max-snippet:-1","max-image-preview":"max-image-preview:large","max-video-preview":"max-video-preview:-1"},"canonical":"https:\/\/librairie7l.com\/en\/produit\/savoir-faire-savoir-faire-le-bois-2\/","og_locale":"en_US","og_type":"article","og_title":"Savoir &amp; faire : Savoir &amp; faire : le bois - Librairie 7L","og_description":"Depuis l&#8217;histoire et la g\u00e9ographie des for\u00eats jusqu&#8217;\u00e0 l&#8217;utilis ation des nanoparticules du bois , cette encyclop\u00e9die couvre les dimensions scientifiques, symboliques, historiques, esth\u00e9tiques et socio-\u00e9conomiques de l&#8217;un des premiers mat\u00e9riaux utilis\u00e9s par l&#8217;homme. Elle s&#8217;adresse autant \u00e0 l&#8217;amateur qui souhaite d\u00e9couvrir plus avant le mat\u00e9riau, qu&#8217;au sp\u00e9cialiste qui y compl\u00e9tera son domaine d&#8217;expertise par [&hellip;]","og_url":"https:\/\/librairie7l.com\/en\/produit\/savoir-faire-savoir-faire-le-bois-2\/","og_site_name":"Librairie 7L","article_modified_time":"2026-04-08T20:39:53+00:00","og_image":[{"width":600,"height":685,"url":"https:\/\/librairie7l.com\/wp-content\/uploads\/2024\/06\/9782330194437_1_75.jpg","type":"image\/jpeg"}],"twitter_card":"summary_large_image","twitter_misc":{"Est. reading time":"2 minutes"},"schema":{"@context":"https:\/\/schema.org","@graph":[{"@type":"WebPage","@id":"https:\/\/librairie7l.com\/en\/produit\/savoir-faire-savoir-faire-le-bois-2\/","url":"https:\/\/librairie7l.com\/en\/produit\/savoir-faire-savoir-faire-le-bois-2\/","name":"Savoir &amp; faire : Savoir &amp; faire : le bois - Librairie 7L","isPartOf":{"@id":"https:\/\/librairie7l.com\/en\/#website"},"datePublished":"2024-10-16T07:18:13+00:00","dateModified":"2026-04-08T20:39:53+00:00","breadcrumb":{"@id":"https:\/\/librairie7l.com\/en\/produit\/savoir-faire-savoir-faire-le-bois-2\/#breadcrumb"},"inLanguage":"en-US","potentialAction":[{"@type":"ReadAction","target":["https:\/\/librairie7l.com\/en\/produit\/savoir-faire-savoir-faire-le-bois-2\/"]}]},{"@type":"BreadcrumbList","@id":"https:\/\/librairie7l.com\/en\/produit\/savoir-faire-savoir-faire-le-bois-2\/#breadcrumb","itemListElement":[{"@type":"ListItem","position":1,"name":"Accueil","item":"https:\/\/librairie7l.com\/en\/"},{"@type":"ListItem","position":2,"name":"Shop","item":"https:\/\/librairie7l.com\/en\/shop\/"},{"@type":"ListItem","position":3,"name":"SAVOIR &AMP; FAIRE : SAVOIR &AMP; FAIRE : LE BOIS"}]},{"@type":"WebSite","@id":"https:\/\/librairie7l.com\/en\/#website","url":"https:\/\/librairie7l.com\/en\/","name":"Librairie 7L","description":"Librairie fond\u00e9e en 1999 par Karl Lagerfeld \u00e0 Paris","publisher":{"@id":"https:\/\/librairie7l.com\/en\/#organization"},"potentialAction":[{"@type":"SearchAction","target":{"@type":"EntryPoint","urlTemplate":"https:\/\/librairie7l.com\/en\/?s={search_term_string}"},"query-input":"required name=search_term_string"}],"inLanguage":"en-US"},{"@type":"Organization","@id":"https:\/\/librairie7l.com\/en\/#organization","name":"Librairie 7L","url":"https:\/\/librairie7l.com\/en\/","logo":{"@type":"ImageObject","inLanguage":"en-US","@id":"https:\/\/librairie7l.com\/en\/#\/schema\/logo\/image\/","url":"https:\/\/librairie7l.com\/wp-content\/uploads\/2022\/08\/logo-1.png","contentUrl":"https:\/\/librairie7l.com\/wp-content\/uploads\/2022\/08\/logo-1.png","width":227,"height":301,"caption":"Librairie 7L"},"image":{"@id":"https:\/\/librairie7l.com\/en\/#\/schema\/logo\/image\/"}}]}},"_links":{"self":[{"href":"https:\/\/librairie7l.com\/en\/wp-json\/wp\/v2\/product\/43391"}],"collection":[{"href":"https:\/\/librairie7l.com\/en\/wp-json\/wp\/v2\/product"}],"about":[{"href":"https:\/\/librairie7l.com\/en\/wp-json\/wp\/v2\/types\/product"}],"wp:featuredmedia":[{"embeddable":true,"href":"https:\/\/librairie7l.com\/en\/wp-json\/wp\/v2\/media\/43389"}],"wp:attachment":[{"href":"https:\/\/librairie7l.com\/en\/wp-json\/wp\/v2\/media?parent=43391"}],"wp:term":[{"taxonomy":"product_cat","embeddable":true,"href":"https:\/\/librairie7l.com\/en\/wp-json\/wp\/v2\/product_cat?post=43391"},{"taxonomy":"product_tag","embeddable":true,"href":"https:\/\/librairie7l.com\/en\/wp-json\/wp\/v2\/product_tag?post=43391"}],"curies":[{"name":"wp","href":"https:\/\/api.w.org\/{rel}","templated":true}]}}