{"id":43407,"date":"2024-10-16T10:16:06","date_gmt":"2024-10-16T08:16:06","guid":{"rendered":"https:\/\/librairie7l.com\/?post_type=product&#038;p=43407"},"modified":"2026-04-23T09:45:11","modified_gmt":"2026-04-23T07:45:11","slug":"savoir-faire-savoir-faire-la-pierre-2","status":"publish","type":"product","link":"https:\/\/librairie7l.com\/en\/produit\/savoir-faire-savoir-faire-la-pierre-2\/","title":{"rendered":"SAVOIR &AMP; FAIRE : SAVOIR &AMP; FAIRE : LA PIERRE"},"content":{"rendered":"<p>Sixi\u00e8me volume de la collection &#8220;Savoir &amp; Faire&#8221;, cette encyclop\u00e9die explore \u00e0 travers pr\u00e8s de cinquante articles les usages historiques et contemporains de la pierre. De l&#8217;architecture \u00e0 l&#8217;objet domestique, de la structure au d\u00e9cor, elle s&#8217;articule autour de quatre grands chapitres riches de l&#8217;expertise de praticiens &#8211; tailleurs de pierre, ma\u00e7ons, sculpteurs, architectes&#8230; -, d&#8217;historiens, de sp\u00e9cialistes et de chercheurs r\u00e9unis \u00e0 l&#8217;occasion de cet ouvrage in\u00e9dit par son ampleur.<br \/>\n Apr\u00e8s l&#8217;influence de la diversit\u00e9 g\u00e9ologique de notre territoire sur le b\u00e2ti et l&#8217;extraction de la pierre et son histoire, la part belle est faite \u00e0 l&#8217;architecture. Des pyramides d&#8217;\u00c9gypte au Paris d&#8217;Haussmann, de l&#8217;Acropole d&#8217;Ath\u00e8nes \u00e0 l&#8217;oeuvre de Gaudi, de P\u00e9tra \u00e0 Angkor, du Machu Picchu aux constructions indiennes en passant par les r\u00e9alisations d&#8217;architectes contemporains, les chapitres centraux s&#8217;affranchissent de toutes limites g\u00e9ographiques et temporelles et explorent l&#8217;histoire, la symbolique et l&#8217;usage de la pierre dans les techniques constructives. Dans le volet final, elle devient un mat\u00e9riau sur lequel artistes et artisans \u00e9prouvent leur art. Elle est une mati\u00e8re vivante sous les ciseaux des sculpteurs, pr\u00e9cieuse dans l&#8217;art de la pietra dura, pr\u00e9cise avec le travail des tailleurs oeuvrant \u00e0 la restauration de Notre-Dame de Paris.<br \/>\n Parfois d\u00e9laiss\u00e9e, la construction en pierre n&#8217;a pourtant jamais v\u00e9ritablement cess\u00e9 et constitue l&#8217;une des r\u00e9ponses aux grands enjeux environnementaux et socio-\u00e9conomiques de notre \u00e9poque. Face \u00e0 ces derniers, cette somme richement illustr\u00e9e se donne aussi pour finalit\u00e9 de mieux comprendre et admirer ces pierres qui, du naturel vers le culturel, racontent silencieusement une part de notre humanit\u00e9. <\/p>\n<p> Cet ouvrage fait suite \u00e0 la sixi\u00e8me Acad\u00e9mie des savoir-faire organis\u00e9e par la Fondation d&#8217;entreprise Herm\u00e8s : &#8220;La pierre&#8221;.<\/p>\n","protected":false},"excerpt":{"rendered":"<p>Sixi\u00e8me volume de la collection &#8220;Savoir &amp; Faire&#8221;, cette encyclop\u00e9die explore \u00e0 travers pr\u00e8s de cinquante articles les usages historiques et contemporains de la pierre. De l&#8217;architecture \u00e0 l&#8217;objet domestique, de la structure au d\u00e9cor, elle s&#8217;articule autour de quatre grands chapitres riches de l&#8217;expertise de praticiens &#8211; tailleurs de pierre, ma\u00e7ons, sculpteurs, architectes&#8230; -, [&hellip;]<\/p>\n","protected":false},"featured_media":43405,"template":"","meta":[],"product_cat":[2948,2952],"product_tag":[],"acf":[],"yoast_head":"<!-- This site is optimized with the Yoast SEO plugin v20.11 - https:\/\/yoast.com\/wordpress\/plugins\/seo\/ -->\n<title>Savoir &amp; faire : Savoir &amp; faire : la pierre - Librairie 7L<\/title>\n<meta name=\"robots\" content=\"index, follow, max-snippet:-1, max-image-preview:large, max-video-preview:-1\" \/>\n<link rel=\"canonical\" href=\"https:\/\/librairie7l.com\/en\/produit\/savoir-faire-savoir-faire-la-pierre-2\/\" \/>\n<meta property=\"og:locale\" content=\"en_US\" \/>\n<meta property=\"og:type\" content=\"article\" \/>\n<meta property=\"og:title\" content=\"Savoir &amp; faire : Savoir &amp; faire : la pierre - Librairie 7L\" \/>\n<meta property=\"og:description\" content=\"Sixi\u00e8me volume de la collection &#8220;Savoir &amp; Faire&#8221;, cette encyclop\u00e9die explore \u00e0 travers pr\u00e8s de cinquante articles les usages historiques et contemporains de la pierre. De l&#8217;architecture \u00e0 l&#8217;objet domestique, de la structure au d\u00e9cor, elle s&#8217;articule autour de quatre grands chapitres riches de l&#8217;expertise de praticiens &#8211; tailleurs de pierre, ma\u00e7ons, sculpteurs, architectes&#8230; -, [&hellip;]\" \/>\n<meta property=\"og:url\" content=\"https:\/\/librairie7l.com\/en\/produit\/savoir-faire-savoir-faire-la-pierre-2\/\" \/>\n<meta property=\"og:site_name\" content=\"Librairie 7L\" \/>\n<meta property=\"article:modified_time\" content=\"2026-04-23T07:45:11+00:00\" \/>\n<meta property=\"og:image\" content=\"https:\/\/librairie7l.com\/wp-content\/uploads\/2024\/06\/9782330194420_1_75.jpg\" \/>\n\t<meta property=\"og:image:width\" content=\"600\" \/>\n\t<meta property=\"og:image:height\" content=\"685\" \/>\n\t<meta property=\"og:image:type\" content=\"image\/jpeg\" \/>\n<meta name=\"twitter:card\" content=\"summary_large_image\" \/>\n<meta name=\"twitter:label1\" content=\"Est. reading time\" \/>\n\t<meta name=\"twitter:data1\" content=\"1 minute\" \/>\n<script type=\"application\/ld+json\" class=\"yoast-schema-graph\">{\"@context\":\"https:\/\/schema.org\",\"@graph\":[{\"@type\":\"WebPage\",\"@id\":\"https:\/\/librairie7l.com\/en\/produit\/savoir-faire-savoir-faire-la-pierre-2\/\",\"url\":\"https:\/\/librairie7l.com\/en\/produit\/savoir-faire-savoir-faire-la-pierre-2\/\",\"name\":\"Savoir &amp; faire : Savoir &amp; faire : la pierre - Librairie 7L\",\"isPartOf\":{\"@id\":\"https:\/\/librairie7l.com\/en\/#website\"},\"datePublished\":\"2024-10-16T08:16:06+00:00\",\"dateModified\":\"2026-04-23T07:45:11+00:00\",\"breadcrumb\":{\"@id\":\"https:\/\/librairie7l.com\/en\/produit\/savoir-faire-savoir-faire-la-pierre-2\/#breadcrumb\"},\"inLanguage\":\"en-US\",\"potentialAction\":[{\"@type\":\"ReadAction\",\"target\":[\"https:\/\/librairie7l.com\/en\/produit\/savoir-faire-savoir-faire-la-pierre-2\/\"]}]},{\"@type\":\"BreadcrumbList\",\"@id\":\"https:\/\/librairie7l.com\/en\/produit\/savoir-faire-savoir-faire-la-pierre-2\/#breadcrumb\",\"itemListElement\":[{\"@type\":\"ListItem\",\"position\":1,\"name\":\"Accueil\",\"item\":\"https:\/\/librairie7l.com\/en\/\"},{\"@type\":\"ListItem\",\"position\":2,\"name\":\"Shop\",\"item\":\"https:\/\/librairie7l.com\/en\/shop\/\"},{\"@type\":\"ListItem\",\"position\":3,\"name\":\"SAVOIR &AMP; FAIRE : SAVOIR &AMP; FAIRE : LA PIERRE\"}]},{\"@type\":\"WebSite\",\"@id\":\"https:\/\/librairie7l.com\/en\/#website\",\"url\":\"https:\/\/librairie7l.com\/en\/\",\"name\":\"Librairie 7L\",\"description\":\"Librairie fond\u00e9e en 1999 par Karl Lagerfeld \u00e0 Paris\",\"publisher\":{\"@id\":\"https:\/\/librairie7l.com\/en\/#organization\"},\"potentialAction\":[{\"@type\":\"SearchAction\",\"target\":{\"@type\":\"EntryPoint\",\"urlTemplate\":\"https:\/\/librairie7l.com\/en\/?s={search_term_string}\"},\"query-input\":\"required name=search_term_string\"}],\"inLanguage\":\"en-US\"},{\"@type\":\"Organization\",\"@id\":\"https:\/\/librairie7l.com\/en\/#organization\",\"name\":\"Librairie 7L\",\"url\":\"https:\/\/librairie7l.com\/en\/\",\"logo\":{\"@type\":\"ImageObject\",\"inLanguage\":\"en-US\",\"@id\":\"https:\/\/librairie7l.com\/en\/#\/schema\/logo\/image\/\",\"url\":\"https:\/\/librairie7l.com\/wp-content\/uploads\/2022\/08\/logo-1.png\",\"contentUrl\":\"https:\/\/librairie7l.com\/wp-content\/uploads\/2022\/08\/logo-1.png\",\"width\":227,\"height\":301,\"caption\":\"Librairie 7L\"},\"image\":{\"@id\":\"https:\/\/librairie7l.com\/en\/#\/schema\/logo\/image\/\"}}]}<\/script>\n<!-- \/ Yoast SEO plugin. -->","yoast_head_json":{"title":"Savoir &amp; faire : Savoir &amp; faire : la pierre - Librairie 7L","robots":{"index":"index","follow":"follow","max-snippet":"max-snippet:-1","max-image-preview":"max-image-preview:large","max-video-preview":"max-video-preview:-1"},"canonical":"https:\/\/librairie7l.com\/en\/produit\/savoir-faire-savoir-faire-la-pierre-2\/","og_locale":"en_US","og_type":"article","og_title":"Savoir &amp; faire : Savoir &amp; faire : la pierre - Librairie 7L","og_description":"Sixi\u00e8me volume de la collection &#8220;Savoir &amp; Faire&#8221;, cette encyclop\u00e9die explore \u00e0 travers pr\u00e8s de cinquante articles les usages historiques et contemporains de la pierre. De l&#8217;architecture \u00e0 l&#8217;objet domestique, de la structure au d\u00e9cor, elle s&#8217;articule autour de quatre grands chapitres riches de l&#8217;expertise de praticiens &#8211; tailleurs de pierre, ma\u00e7ons, sculpteurs, architectes&#8230; -, [&hellip;]","og_url":"https:\/\/librairie7l.com\/en\/produit\/savoir-faire-savoir-faire-la-pierre-2\/","og_site_name":"Librairie 7L","article_modified_time":"2026-04-23T07:45:11+00:00","og_image":[{"width":600,"height":685,"url":"https:\/\/librairie7l.com\/wp-content\/uploads\/2024\/06\/9782330194420_1_75.jpg","type":"image\/jpeg"}],"twitter_card":"summary_large_image","twitter_misc":{"Est. reading time":"1 minute"},"schema":{"@context":"https:\/\/schema.org","@graph":[{"@type":"WebPage","@id":"https:\/\/librairie7l.com\/en\/produit\/savoir-faire-savoir-faire-la-pierre-2\/","url":"https:\/\/librairie7l.com\/en\/produit\/savoir-faire-savoir-faire-la-pierre-2\/","name":"Savoir &amp; faire : Savoir &amp; faire : la pierre - Librairie 7L","isPartOf":{"@id":"https:\/\/librairie7l.com\/en\/#website"},"datePublished":"2024-10-16T08:16:06+00:00","dateModified":"2026-04-23T07:45:11+00:00","breadcrumb":{"@id":"https:\/\/librairie7l.com\/en\/produit\/savoir-faire-savoir-faire-la-pierre-2\/#breadcrumb"},"inLanguage":"en-US","potentialAction":[{"@type":"ReadAction","target":["https:\/\/librairie7l.com\/en\/produit\/savoir-faire-savoir-faire-la-pierre-2\/"]}]},{"@type":"BreadcrumbList","@id":"https:\/\/librairie7l.com\/en\/produit\/savoir-faire-savoir-faire-la-pierre-2\/#breadcrumb","itemListElement":[{"@type":"ListItem","position":1,"name":"Accueil","item":"https:\/\/librairie7l.com\/en\/"},{"@type":"ListItem","position":2,"name":"Shop","item":"https:\/\/librairie7l.com\/en\/shop\/"},{"@type":"ListItem","position":3,"name":"SAVOIR &AMP; FAIRE : SAVOIR &AMP; FAIRE : LA PIERRE"}]},{"@type":"WebSite","@id":"https:\/\/librairie7l.com\/en\/#website","url":"https:\/\/librairie7l.com\/en\/","name":"Librairie 7L","description":"Librairie fond\u00e9e en 1999 par Karl Lagerfeld \u00e0 Paris","publisher":{"@id":"https:\/\/librairie7l.com\/en\/#organization"},"potentialAction":[{"@type":"SearchAction","target":{"@type":"EntryPoint","urlTemplate":"https:\/\/librairie7l.com\/en\/?s={search_term_string}"},"query-input":"required name=search_term_string"}],"inLanguage":"en-US"},{"@type":"Organization","@id":"https:\/\/librairie7l.com\/en\/#organization","name":"Librairie 7L","url":"https:\/\/librairie7l.com\/en\/","logo":{"@type":"ImageObject","inLanguage":"en-US","@id":"https:\/\/librairie7l.com\/en\/#\/schema\/logo\/image\/","url":"https:\/\/librairie7l.com\/wp-content\/uploads\/2022\/08\/logo-1.png","contentUrl":"https:\/\/librairie7l.com\/wp-content\/uploads\/2022\/08\/logo-1.png","width":227,"height":301,"caption":"Librairie 7L"},"image":{"@id":"https:\/\/librairie7l.com\/en\/#\/schema\/logo\/image\/"}}]}},"_links":{"self":[{"href":"https:\/\/librairie7l.com\/en\/wp-json\/wp\/v2\/product\/43407"}],"collection":[{"href":"https:\/\/librairie7l.com\/en\/wp-json\/wp\/v2\/product"}],"about":[{"href":"https:\/\/librairie7l.com\/en\/wp-json\/wp\/v2\/types\/product"}],"wp:featuredmedia":[{"embeddable":true,"href":"https:\/\/librairie7l.com\/en\/wp-json\/wp\/v2\/media\/43405"}],"wp:attachment":[{"href":"https:\/\/librairie7l.com\/en\/wp-json\/wp\/v2\/media?parent=43407"}],"wp:term":[{"taxonomy":"product_cat","embeddable":true,"href":"https:\/\/librairie7l.com\/en\/wp-json\/wp\/v2\/product_cat?post=43407"},{"taxonomy":"product_tag","embeddable":true,"href":"https:\/\/librairie7l.com\/en\/wp-json\/wp\/v2\/product_tag?post=43407"}],"curies":[{"name":"wp","href":"https:\/\/api.w.org\/{rel}","templated":true}]}}