{"id":43411,"date":"2024-10-16T10:16:09","date_gmt":"2024-10-16T08:16:09","guid":{"rendered":"https:\/\/librairie7l.com\/?post_type=product&#038;p=43411"},"modified":"2026-05-06T21:14:58","modified_gmt":"2026-05-06T19:14:58","slug":"ernest-pignon-ernest-le-dessin-la-memoire-ou-la-poesie-ou-citations-et-traductions-2","status":"publish","type":"product","link":"https:\/\/librairie7l.com\/en\/produit\/ernest-pignon-ernest-le-dessin-la-memoire-ou-la-poesie-ou-citations-et-traductions-2\/","title":{"rendered":"ERNEST PIGNON-ERNEST : LE DESSIN, LA M\u00c9MOIRE OU LA PO\u00c9SIE OU CITATIONS ET TRADUCTIONS"},"content":{"rendered":"<p>Par les s\u00e9rigraphies ou dessins qu&#8217;il colle sur les murs des villes, Ernest Pignon-Ernest met en \u00e9vidence ce qui s&#8217;y voit comme ce qui ne s&#8217;y voit plus. Pour provoquer la pens\u00e9e et la m\u00e9moire, il cite El Greco comme Le Caravage, Luca Giordano comme Rubens ou Ingres. Ces citations sont des d\u00e9tails de leurs oeuvres qu&#8217;il r\u00e9cup\u00e8re ou &#8220;corrige&#8221;, qu&#8217;il &#8220;traduit&#8221; pour que, sur telle ou telle fa\u00e7ade, ils trouvent la place qui devait \u00eatre la leur.  Les dessins d&#8217;Ernest Pignon-Ernest ouvrent des parenth\u00e8ses dans les murs pour que s&#8217;\u00e9veille la conscience.<\/p>\n","protected":false},"excerpt":{"rendered":"<p>Par les s\u00e9rigraphies ou dessins qu&#8217;il colle sur les murs des villes, Ernest Pignon-Ernest met en \u00e9vidence ce qui s&#8217;y voit comme ce qui ne s&#8217;y voit plus. Pour provoquer la pens\u00e9e et la m\u00e9moire, il cite El Greco comme Le Caravage, Luca Giordano comme Rubens ou Ingres. Ces citations sont des d\u00e9tails de leurs [&hellip;]<\/p>\n","protected":false},"featured_media":43409,"template":"","meta":[],"product_cat":[2948,2953],"product_tag":[],"acf":[],"yoast_head":"<!-- This site is optimized with the Yoast SEO plugin v20.11 - https:\/\/yoast.com\/wordpress\/plugins\/seo\/ -->\n<title>Ernest Pignon-Ernest : Le dessin, la m\u00e9moire ou la po\u00e9sie ou Citations et traductions - Librairie 7L<\/title>\n<meta name=\"robots\" content=\"index, follow, max-snippet:-1, max-image-preview:large, max-video-preview:-1\" \/>\n<link rel=\"canonical\" href=\"https:\/\/librairie7l.com\/en\/produit\/ernest-pignon-ernest-le-dessin-la-memoire-ou-la-poesie-ou-citations-et-traductions-2\/\" \/>\n<meta property=\"og:locale\" content=\"en_US\" \/>\n<meta property=\"og:type\" content=\"article\" \/>\n<meta property=\"og:title\" content=\"Ernest Pignon-Ernest : Le dessin, la m\u00e9moire ou la po\u00e9sie ou Citations et traductions - Librairie 7L\" \/>\n<meta property=\"og:description\" content=\"Par les s\u00e9rigraphies ou dessins qu&#8217;il colle sur les murs des villes, Ernest Pignon-Ernest met en \u00e9vidence ce qui s&#8217;y voit comme ce qui ne s&#8217;y voit plus. Pour provoquer la pens\u00e9e et la m\u00e9moire, il cite El Greco comme Le Caravage, Luca Giordano comme Rubens ou Ingres. Ces citations sont des d\u00e9tails de leurs [&hellip;]\" \/>\n<meta property=\"og:url\" content=\"https:\/\/librairie7l.com\/en\/produit\/ernest-pignon-ernest-le-dessin-la-memoire-ou-la-poesie-ou-citations-et-traductions-2\/\" \/>\n<meta property=\"og:site_name\" content=\"Librairie 7L\" \/>\n<meta property=\"article:modified_time\" content=\"2026-05-06T19:14:58+00:00\" \/>\n<meta property=\"og:image\" content=\"https:\/\/librairie7l.com\/wp-content\/uploads\/2024\/06\/9782330197179_1_75.jpg\" \/>\n\t<meta property=\"og:image:width\" content=\"600\" \/>\n\t<meta property=\"og:image:height\" content=\"837\" \/>\n\t<meta property=\"og:image:type\" content=\"image\/jpeg\" \/>\n<meta name=\"twitter:card\" content=\"summary_large_image\" \/>\n<meta name=\"twitter:label1\" content=\"Est. reading time\" \/>\n\t<meta name=\"twitter:data1\" content=\"1 minute\" \/>\n<script type=\"application\/ld+json\" class=\"yoast-schema-graph\">{\"@context\":\"https:\/\/schema.org\",\"@graph\":[{\"@type\":\"WebPage\",\"@id\":\"https:\/\/librairie7l.com\/en\/produit\/ernest-pignon-ernest-le-dessin-la-memoire-ou-la-poesie-ou-citations-et-traductions-2\/\",\"url\":\"https:\/\/librairie7l.com\/en\/produit\/ernest-pignon-ernest-le-dessin-la-memoire-ou-la-poesie-ou-citations-et-traductions-2\/\",\"name\":\"Ernest Pignon-Ernest : Le dessin, la m\u00e9moire ou la po\u00e9sie ou Citations et traductions - Librairie 7L\",\"isPartOf\":{\"@id\":\"https:\/\/librairie7l.com\/en\/#website\"},\"datePublished\":\"2024-10-16T08:16:09+00:00\",\"dateModified\":\"2026-05-06T19:14:58+00:00\",\"breadcrumb\":{\"@id\":\"https:\/\/librairie7l.com\/en\/produit\/ernest-pignon-ernest-le-dessin-la-memoire-ou-la-poesie-ou-citations-et-traductions-2\/#breadcrumb\"},\"inLanguage\":\"en-US\",\"potentialAction\":[{\"@type\":\"ReadAction\",\"target\":[\"https:\/\/librairie7l.com\/en\/produit\/ernest-pignon-ernest-le-dessin-la-memoire-ou-la-poesie-ou-citations-et-traductions-2\/\"]}]},{\"@type\":\"BreadcrumbList\",\"@id\":\"https:\/\/librairie7l.com\/en\/produit\/ernest-pignon-ernest-le-dessin-la-memoire-ou-la-poesie-ou-citations-et-traductions-2\/#breadcrumb\",\"itemListElement\":[{\"@type\":\"ListItem\",\"position\":1,\"name\":\"Accueil\",\"item\":\"https:\/\/librairie7l.com\/en\/\"},{\"@type\":\"ListItem\",\"position\":2,\"name\":\"Shop\",\"item\":\"https:\/\/librairie7l.com\/en\/shop\/\"},{\"@type\":\"ListItem\",\"position\":3,\"name\":\"ERNEST PIGNON-ERNEST : LE DESSIN, LA M\u00c9MOIRE OU LA PO\u00c9SIE OU CITATIONS ET TRADUCTIONS\"}]},{\"@type\":\"WebSite\",\"@id\":\"https:\/\/librairie7l.com\/en\/#website\",\"url\":\"https:\/\/librairie7l.com\/en\/\",\"name\":\"Librairie 7L\",\"description\":\"Librairie fond\u00e9e en 1999 par Karl Lagerfeld \u00e0 Paris\",\"publisher\":{\"@id\":\"https:\/\/librairie7l.com\/en\/#organization\"},\"potentialAction\":[{\"@type\":\"SearchAction\",\"target\":{\"@type\":\"EntryPoint\",\"urlTemplate\":\"https:\/\/librairie7l.com\/en\/?s={search_term_string}\"},\"query-input\":\"required name=search_term_string\"}],\"inLanguage\":\"en-US\"},{\"@type\":\"Organization\",\"@id\":\"https:\/\/librairie7l.com\/en\/#organization\",\"name\":\"Librairie 7L\",\"url\":\"https:\/\/librairie7l.com\/en\/\",\"logo\":{\"@type\":\"ImageObject\",\"inLanguage\":\"en-US\",\"@id\":\"https:\/\/librairie7l.com\/en\/#\/schema\/logo\/image\/\",\"url\":\"https:\/\/librairie7l.com\/wp-content\/uploads\/2022\/08\/logo-1.png\",\"contentUrl\":\"https:\/\/librairie7l.com\/wp-content\/uploads\/2022\/08\/logo-1.png\",\"width\":227,\"height\":301,\"caption\":\"Librairie 7L\"},\"image\":{\"@id\":\"https:\/\/librairie7l.com\/en\/#\/schema\/logo\/image\/\"}}]}<\/script>\n<!-- \/ Yoast SEO plugin. -->","yoast_head_json":{"title":"Ernest Pignon-Ernest : Le dessin, la m\u00e9moire ou la po\u00e9sie ou Citations et traductions - Librairie 7L","robots":{"index":"index","follow":"follow","max-snippet":"max-snippet:-1","max-image-preview":"max-image-preview:large","max-video-preview":"max-video-preview:-1"},"canonical":"https:\/\/librairie7l.com\/en\/produit\/ernest-pignon-ernest-le-dessin-la-memoire-ou-la-poesie-ou-citations-et-traductions-2\/","og_locale":"en_US","og_type":"article","og_title":"Ernest Pignon-Ernest : Le dessin, la m\u00e9moire ou la po\u00e9sie ou Citations et traductions - Librairie 7L","og_description":"Par les s\u00e9rigraphies ou dessins qu&#8217;il colle sur les murs des villes, Ernest Pignon-Ernest met en \u00e9vidence ce qui s&#8217;y voit comme ce qui ne s&#8217;y voit plus. Pour provoquer la pens\u00e9e et la m\u00e9moire, il cite El Greco comme Le Caravage, Luca Giordano comme Rubens ou Ingres. Ces citations sont des d\u00e9tails de leurs [&hellip;]","og_url":"https:\/\/librairie7l.com\/en\/produit\/ernest-pignon-ernest-le-dessin-la-memoire-ou-la-poesie-ou-citations-et-traductions-2\/","og_site_name":"Librairie 7L","article_modified_time":"2026-05-06T19:14:58+00:00","og_image":[{"width":600,"height":837,"url":"https:\/\/librairie7l.com\/wp-content\/uploads\/2024\/06\/9782330197179_1_75.jpg","type":"image\/jpeg"}],"twitter_card":"summary_large_image","twitter_misc":{"Est. reading time":"1 minute"},"schema":{"@context":"https:\/\/schema.org","@graph":[{"@type":"WebPage","@id":"https:\/\/librairie7l.com\/en\/produit\/ernest-pignon-ernest-le-dessin-la-memoire-ou-la-poesie-ou-citations-et-traductions-2\/","url":"https:\/\/librairie7l.com\/en\/produit\/ernest-pignon-ernest-le-dessin-la-memoire-ou-la-poesie-ou-citations-et-traductions-2\/","name":"Ernest Pignon-Ernest : Le dessin, la m\u00e9moire ou la po\u00e9sie ou Citations et traductions - Librairie 7L","isPartOf":{"@id":"https:\/\/librairie7l.com\/en\/#website"},"datePublished":"2024-10-16T08:16:09+00:00","dateModified":"2026-05-06T19:14:58+00:00","breadcrumb":{"@id":"https:\/\/librairie7l.com\/en\/produit\/ernest-pignon-ernest-le-dessin-la-memoire-ou-la-poesie-ou-citations-et-traductions-2\/#breadcrumb"},"inLanguage":"en-US","potentialAction":[{"@type":"ReadAction","target":["https:\/\/librairie7l.com\/en\/produit\/ernest-pignon-ernest-le-dessin-la-memoire-ou-la-poesie-ou-citations-et-traductions-2\/"]}]},{"@type":"BreadcrumbList","@id":"https:\/\/librairie7l.com\/en\/produit\/ernest-pignon-ernest-le-dessin-la-memoire-ou-la-poesie-ou-citations-et-traductions-2\/#breadcrumb","itemListElement":[{"@type":"ListItem","position":1,"name":"Accueil","item":"https:\/\/librairie7l.com\/en\/"},{"@type":"ListItem","position":2,"name":"Shop","item":"https:\/\/librairie7l.com\/en\/shop\/"},{"@type":"ListItem","position":3,"name":"ERNEST PIGNON-ERNEST : LE DESSIN, LA M\u00c9MOIRE OU LA PO\u00c9SIE OU CITATIONS ET TRADUCTIONS"}]},{"@type":"WebSite","@id":"https:\/\/librairie7l.com\/en\/#website","url":"https:\/\/librairie7l.com\/en\/","name":"Librairie 7L","description":"Librairie fond\u00e9e en 1999 par Karl Lagerfeld \u00e0 Paris","publisher":{"@id":"https:\/\/librairie7l.com\/en\/#organization"},"potentialAction":[{"@type":"SearchAction","target":{"@type":"EntryPoint","urlTemplate":"https:\/\/librairie7l.com\/en\/?s={search_term_string}"},"query-input":"required name=search_term_string"}],"inLanguage":"en-US"},{"@type":"Organization","@id":"https:\/\/librairie7l.com\/en\/#organization","name":"Librairie 7L","url":"https:\/\/librairie7l.com\/en\/","logo":{"@type":"ImageObject","inLanguage":"en-US","@id":"https:\/\/librairie7l.com\/en\/#\/schema\/logo\/image\/","url":"https:\/\/librairie7l.com\/wp-content\/uploads\/2022\/08\/logo-1.png","contentUrl":"https:\/\/librairie7l.com\/wp-content\/uploads\/2022\/08\/logo-1.png","width":227,"height":301,"caption":"Librairie 7L"},"image":{"@id":"https:\/\/librairie7l.com\/en\/#\/schema\/logo\/image\/"}}]}},"_links":{"self":[{"href":"https:\/\/librairie7l.com\/en\/wp-json\/wp\/v2\/product\/43411"}],"collection":[{"href":"https:\/\/librairie7l.com\/en\/wp-json\/wp\/v2\/product"}],"about":[{"href":"https:\/\/librairie7l.com\/en\/wp-json\/wp\/v2\/types\/product"}],"wp:featuredmedia":[{"embeddable":true,"href":"https:\/\/librairie7l.com\/en\/wp-json\/wp\/v2\/media\/43409"}],"wp:attachment":[{"href":"https:\/\/librairie7l.com\/en\/wp-json\/wp\/v2\/media?parent=43411"}],"wp:term":[{"taxonomy":"product_cat","embeddable":true,"href":"https:\/\/librairie7l.com\/en\/wp-json\/wp\/v2\/product_cat?post=43411"},{"taxonomy":"product_tag","embeddable":true,"href":"https:\/\/librairie7l.com\/en\/wp-json\/wp\/v2\/product_tag?post=43411"}],"curies":[{"name":"wp","href":"https:\/\/api.w.org\/{rel}","templated":true}]}}