{"id":43427,"date":"2024-10-16T10:16:21","date_gmt":"2024-10-16T08:16:21","guid":{"rendered":"https:\/\/librairie7l.com\/?post_type=product&#038;p=43427"},"modified":"2026-04-16T05:06:04","modified_gmt":"2026-04-16T03:06:04","slug":"noguchis-gardens-landscape-as-sculpture-2","status":"publish","type":"product","link":"https:\/\/librairie7l.com\/en\/produit\/noguchis-gardens-landscape-as-sculpture-2\/","title":{"rendered":"NOGUCHI&#8217;S GARDENS LANDSCAPE AS SCULPTURE"},"content":{"rendered":"<p>Si la sculpture reste au coeur de sa pratique artistique, les int\u00e9r\u00eats et la production d&#8217;Isamu Noguchi (1904-1988) couvrent un domaine exceptionnellement vaste qui comprend des meubles et des lampes, des d\u00e9cors pour la danse, des places, des cours et des jardins. Noguchi ne faisait aucune distinction entre le design, l&#8217;artisanat et les soi-disant beaux-arts. Bien que ses jardins comprennent plusieurs des am\u00e9nagements paysagers les plus embl\u00e9matiques du XXe si\u00e8cle, Noguchi occupe n\u00e9anmoins une place \u00e9loign\u00e9e de la pratique normale de l&#8217;architecture paysag\u00e8re. Dans cette \u00e9tude compl\u00e8te et richement illustr\u00e9e des jardins de Noguchi, le c\u00e9l\u00e8bre historien du paysage Marc Treib d\u00e9crit et analyse ces projets r\u00e9alis\u00e9s principalement aux \u00c9tats-Unis, au Japon et en Isra\u00ebl.<\/p>\n","protected":false},"excerpt":{"rendered":"<p>Si la sculpture reste au coeur de sa pratique artistique, les int\u00e9r\u00eats et la production d&#8217;Isamu Noguchi (1904-1988) couvrent un domaine exceptionnellement vaste qui comprend des meubles et des lampes, des d\u00e9cors pour la danse, des places, des cours et des jardins. Noguchi ne faisait aucune distinction entre le design, l&#8217;artisanat et les soi-disant beaux-arts. [&hellip;]<\/p>\n","protected":false},"featured_media":43425,"template":"","meta":[],"product_cat":[2948,2956,2953],"product_tag":[],"acf":[],"yoast_head":"<!-- This site is optimized with the Yoast SEO plugin v20.11 - https:\/\/yoast.com\/wordpress\/plugins\/seo\/ -->\n<title>Noguchi&#039;s gardens landscape as sculpture - Librairie 7L<\/title>\n<meta name=\"robots\" content=\"index, follow, max-snippet:-1, max-image-preview:large, max-video-preview:-1\" \/>\n<link rel=\"canonical\" href=\"https:\/\/librairie7l.com\/en\/produit\/noguchis-gardens-landscape-as-sculpture-2\/\" \/>\n<meta property=\"og:locale\" content=\"en_US\" \/>\n<meta property=\"og:type\" content=\"article\" \/>\n<meta property=\"og:title\" content=\"Noguchi&#039;s gardens landscape as sculpture - Librairie 7L\" \/>\n<meta property=\"og:description\" content=\"Si la sculpture reste au coeur de sa pratique artistique, les int\u00e9r\u00eats et la production d&#8217;Isamu Noguchi (1904-1988) couvrent un domaine exceptionnellement vaste qui comprend des meubles et des lampes, des d\u00e9cors pour la danse, des places, des cours et des jardins. Noguchi ne faisait aucune distinction entre le design, l&#8217;artisanat et les soi-disant beaux-arts. [&hellip;]\" \/>\n<meta property=\"og:url\" content=\"https:\/\/librairie7l.com\/en\/produit\/noguchis-gardens-landscape-as-sculpture-2\/\" \/>\n<meta property=\"og:site_name\" content=\"Librairie 7L\" \/>\n<meta property=\"article:modified_time\" content=\"2026-04-16T03:06:04+00:00\" \/>\n<meta property=\"og:image\" content=\"https:\/\/librairie7l.com\/wp-content\/uploads\/2024\/01\/9781957183992_1_75.jpg\" \/>\n\t<meta property=\"og:image:width\" content=\"498\" \/>\n\t<meta property=\"og:image:height\" content=\"500\" \/>\n\t<meta property=\"og:image:type\" content=\"image\/jpeg\" \/>\n<meta name=\"twitter:card\" content=\"summary_large_image\" \/>\n<meta name=\"twitter:label1\" content=\"Est. reading time\" \/>\n\t<meta name=\"twitter:data1\" content=\"1 minute\" \/>\n<script type=\"application\/ld+json\" class=\"yoast-schema-graph\">{\"@context\":\"https:\/\/schema.org\",\"@graph\":[{\"@type\":\"WebPage\",\"@id\":\"https:\/\/librairie7l.com\/en\/produit\/noguchis-gardens-landscape-as-sculpture-2\/\",\"url\":\"https:\/\/librairie7l.com\/en\/produit\/noguchis-gardens-landscape-as-sculpture-2\/\",\"name\":\"Noguchi's gardens landscape as sculpture - Librairie 7L\",\"isPartOf\":{\"@id\":\"https:\/\/librairie7l.com\/en\/#website\"},\"datePublished\":\"2024-10-16T08:16:21+00:00\",\"dateModified\":\"2026-04-16T03:06:04+00:00\",\"breadcrumb\":{\"@id\":\"https:\/\/librairie7l.com\/en\/produit\/noguchis-gardens-landscape-as-sculpture-2\/#breadcrumb\"},\"inLanguage\":\"en-US\",\"potentialAction\":[{\"@type\":\"ReadAction\",\"target\":[\"https:\/\/librairie7l.com\/en\/produit\/noguchis-gardens-landscape-as-sculpture-2\/\"]}]},{\"@type\":\"BreadcrumbList\",\"@id\":\"https:\/\/librairie7l.com\/en\/produit\/noguchis-gardens-landscape-as-sculpture-2\/#breadcrumb\",\"itemListElement\":[{\"@type\":\"ListItem\",\"position\":1,\"name\":\"Accueil\",\"item\":\"https:\/\/librairie7l.com\/en\/\"},{\"@type\":\"ListItem\",\"position\":2,\"name\":\"Shop\",\"item\":\"https:\/\/librairie7l.com\/en\/shop\/\"},{\"@type\":\"ListItem\",\"position\":3,\"name\":\"NOGUCHI&#8217;S GARDENS LANDSCAPE AS SCULPTURE\"}]},{\"@type\":\"WebSite\",\"@id\":\"https:\/\/librairie7l.com\/en\/#website\",\"url\":\"https:\/\/librairie7l.com\/en\/\",\"name\":\"Librairie 7L\",\"description\":\"Librairie fond\u00e9e en 1999 par Karl Lagerfeld \u00e0 Paris\",\"publisher\":{\"@id\":\"https:\/\/librairie7l.com\/en\/#organization\"},\"potentialAction\":[{\"@type\":\"SearchAction\",\"target\":{\"@type\":\"EntryPoint\",\"urlTemplate\":\"https:\/\/librairie7l.com\/en\/?s={search_term_string}\"},\"query-input\":\"required name=search_term_string\"}],\"inLanguage\":\"en-US\"},{\"@type\":\"Organization\",\"@id\":\"https:\/\/librairie7l.com\/en\/#organization\",\"name\":\"Librairie 7L\",\"url\":\"https:\/\/librairie7l.com\/en\/\",\"logo\":{\"@type\":\"ImageObject\",\"inLanguage\":\"en-US\",\"@id\":\"https:\/\/librairie7l.com\/en\/#\/schema\/logo\/image\/\",\"url\":\"https:\/\/librairie7l.com\/wp-content\/uploads\/2022\/08\/logo-1.png\",\"contentUrl\":\"https:\/\/librairie7l.com\/wp-content\/uploads\/2022\/08\/logo-1.png\",\"width\":227,\"height\":301,\"caption\":\"Librairie 7L\"},\"image\":{\"@id\":\"https:\/\/librairie7l.com\/en\/#\/schema\/logo\/image\/\"}}]}<\/script>\n<!-- \/ Yoast SEO plugin. -->","yoast_head_json":{"title":"Noguchi's gardens landscape as sculpture - Librairie 7L","robots":{"index":"index","follow":"follow","max-snippet":"max-snippet:-1","max-image-preview":"max-image-preview:large","max-video-preview":"max-video-preview:-1"},"canonical":"https:\/\/librairie7l.com\/en\/produit\/noguchis-gardens-landscape-as-sculpture-2\/","og_locale":"en_US","og_type":"article","og_title":"Noguchi's gardens landscape as sculpture - Librairie 7L","og_description":"Si la sculpture reste au coeur de sa pratique artistique, les int\u00e9r\u00eats et la production d&#8217;Isamu Noguchi (1904-1988) couvrent un domaine exceptionnellement vaste qui comprend des meubles et des lampes, des d\u00e9cors pour la danse, des places, des cours et des jardins. Noguchi ne faisait aucune distinction entre le design, l&#8217;artisanat et les soi-disant beaux-arts. [&hellip;]","og_url":"https:\/\/librairie7l.com\/en\/produit\/noguchis-gardens-landscape-as-sculpture-2\/","og_site_name":"Librairie 7L","article_modified_time":"2026-04-16T03:06:04+00:00","og_image":[{"width":498,"height":500,"url":"https:\/\/librairie7l.com\/wp-content\/uploads\/2024\/01\/9781957183992_1_75.jpg","type":"image\/jpeg"}],"twitter_card":"summary_large_image","twitter_misc":{"Est. reading time":"1 minute"},"schema":{"@context":"https:\/\/schema.org","@graph":[{"@type":"WebPage","@id":"https:\/\/librairie7l.com\/en\/produit\/noguchis-gardens-landscape-as-sculpture-2\/","url":"https:\/\/librairie7l.com\/en\/produit\/noguchis-gardens-landscape-as-sculpture-2\/","name":"Noguchi's gardens landscape as sculpture - Librairie 7L","isPartOf":{"@id":"https:\/\/librairie7l.com\/en\/#website"},"datePublished":"2024-10-16T08:16:21+00:00","dateModified":"2026-04-16T03:06:04+00:00","breadcrumb":{"@id":"https:\/\/librairie7l.com\/en\/produit\/noguchis-gardens-landscape-as-sculpture-2\/#breadcrumb"},"inLanguage":"en-US","potentialAction":[{"@type":"ReadAction","target":["https:\/\/librairie7l.com\/en\/produit\/noguchis-gardens-landscape-as-sculpture-2\/"]}]},{"@type":"BreadcrumbList","@id":"https:\/\/librairie7l.com\/en\/produit\/noguchis-gardens-landscape-as-sculpture-2\/#breadcrumb","itemListElement":[{"@type":"ListItem","position":1,"name":"Accueil","item":"https:\/\/librairie7l.com\/en\/"},{"@type":"ListItem","position":2,"name":"Shop","item":"https:\/\/librairie7l.com\/en\/shop\/"},{"@type":"ListItem","position":3,"name":"NOGUCHI&#8217;S GARDENS LANDSCAPE AS SCULPTURE"}]},{"@type":"WebSite","@id":"https:\/\/librairie7l.com\/en\/#website","url":"https:\/\/librairie7l.com\/en\/","name":"Librairie 7L","description":"Librairie fond\u00e9e en 1999 par Karl Lagerfeld \u00e0 Paris","publisher":{"@id":"https:\/\/librairie7l.com\/en\/#organization"},"potentialAction":[{"@type":"SearchAction","target":{"@type":"EntryPoint","urlTemplate":"https:\/\/librairie7l.com\/en\/?s={search_term_string}"},"query-input":"required name=search_term_string"}],"inLanguage":"en-US"},{"@type":"Organization","@id":"https:\/\/librairie7l.com\/en\/#organization","name":"Librairie 7L","url":"https:\/\/librairie7l.com\/en\/","logo":{"@type":"ImageObject","inLanguage":"en-US","@id":"https:\/\/librairie7l.com\/en\/#\/schema\/logo\/image\/","url":"https:\/\/librairie7l.com\/wp-content\/uploads\/2022\/08\/logo-1.png","contentUrl":"https:\/\/librairie7l.com\/wp-content\/uploads\/2022\/08\/logo-1.png","width":227,"height":301,"caption":"Librairie 7L"},"image":{"@id":"https:\/\/librairie7l.com\/en\/#\/schema\/logo\/image\/"}}]}},"_links":{"self":[{"href":"https:\/\/librairie7l.com\/en\/wp-json\/wp\/v2\/product\/43427"}],"collection":[{"href":"https:\/\/librairie7l.com\/en\/wp-json\/wp\/v2\/product"}],"about":[{"href":"https:\/\/librairie7l.com\/en\/wp-json\/wp\/v2\/types\/product"}],"wp:featuredmedia":[{"embeddable":true,"href":"https:\/\/librairie7l.com\/en\/wp-json\/wp\/v2\/media\/43425"}],"wp:attachment":[{"href":"https:\/\/librairie7l.com\/en\/wp-json\/wp\/v2\/media?parent=43427"}],"wp:term":[{"taxonomy":"product_cat","embeddable":true,"href":"https:\/\/librairie7l.com\/en\/wp-json\/wp\/v2\/product_cat?post=43427"},{"taxonomy":"product_tag","embeddable":true,"href":"https:\/\/librairie7l.com\/en\/wp-json\/wp\/v2\/product_tag?post=43427"}],"curies":[{"name":"wp","href":"https:\/\/api.w.org\/{rel}","templated":true}]}}