{"id":43437,"date":"2024-10-16T10:16:29","date_gmt":"2024-10-16T08:16:29","guid":{"rendered":"https:\/\/librairie7l.com\/?post_type=product&#038;p=43437"},"modified":"2026-04-16T05:44:25","modified_gmt":"2026-04-16T03:44:25","slug":"massif-des-bauges-un-patrimoine-entre-lacs-et-montagnes-2","status":"publish","type":"product","link":"https:\/\/librairie7l.com\/en\/produit\/massif-des-bauges-un-patrimoine-entre-lacs-et-montagnes-2\/","title":{"rendered":"MASSIF DES BAUGES : UN PATRIMOINE ENTRE LACS ET MONTAGNES"},"content":{"rendered":"<p>Class\u00e9 Parc naturel r\u00e9gional en 1995 et G\u00e9oparc mondial UNESCO en 2011, le massif alpin des Bauges est un territoire d&#8217;exception reconnu pour la qualit\u00e9 de ses paysages et de ses patrimoines g\u00e9ologique, naturel et culturel. Forestier et pastoral, il est aussi viticole, arboricole, touristique et m\u00eame industriel.<br \/>\nDifficile d&#8217;acc\u00e8s, cette terre strat\u00e9gique, d\u00e9fendue par des forteresses comme le ch\u00e2teau de Miolans ou le fort de Tami\u00e9, est aussi un havre de paix o\u00f9 s&#8217;\u00e9tablissent les principaux ordres religieux, \u00e0 l&#8217;image de l&#8217;abbaye de Tami\u00e9 ou de la chartreuse d&#8217;Aillon. Malgr\u00e9 cette riche histoire, le patrimoine du massif est surtout un patrimoine rural de montagne fait de villages \u00e9parpill\u00e9s, de d\u00e9pendances agricoles isol\u00e9es (granges-\u00e9tables, chalets d&#8217;alpages, celliers viticoles&#8230;) et de quelques bourgs \u00e0 l&#8217;architecture plus urbaine comme Alby-sur-Ch\u00e9ran ou Montm\u00e9lian. \u00c0 partir du XIXe si\u00e8cle, l&#8217;am\u00e9nagement de routes et de ponts franchissant les gorges, tel celui de l&#8217;Ab\u00eeme, favorisent le d\u00e9veloppement du tourisme tant sur les bords du lac d&#8217;Annecy qu&#8217;au Revard o\u00f9 na\u00eet l&#8217;une des premi\u00e8res stations de sports d&#8217;hiver de France.<br \/>\nFruit de plusieurs ann\u00e9es de recherches sur le terrain, cet ouvrage richement illustr\u00e9 retrace l&#8217;histoire puis d\u00e9taille le patrimoine tr\u00e8s diversifi\u00e9 de cette terre de contrastes.<\/p>\n","protected":false},"excerpt":{"rendered":"<p>Class\u00e9 Parc naturel r\u00e9gional en 1995 et G\u00e9oparc mondial UNESCO en 2011, le massif alpin des Bauges est un territoire d&#8217;exception reconnu pour la qualit\u00e9 de ses paysages et de ses patrimoines g\u00e9ologique, naturel et culturel. Forestier et pastoral, il est aussi viticole, arboricole, touristique et m\u00eame industriel. Difficile d&#8217;acc\u00e8s, cette terre strat\u00e9gique, d\u00e9fendue par [&hellip;]<\/p>\n","protected":false},"featured_media":43435,"template":"","meta":[],"product_cat":[2948,2950],"product_tag":[],"acf":[],"yoast_head":"<!-- This site is optimized with the Yoast SEO plugin v20.11 - https:\/\/yoast.com\/wordpress\/plugins\/seo\/ -->\n<title>Massif des Bauges : Un patrimoine entre lacs et montagnes - Librairie 7L<\/title>\n<meta name=\"robots\" content=\"index, follow, max-snippet:-1, max-image-preview:large, max-video-preview:-1\" \/>\n<link rel=\"canonical\" href=\"https:\/\/librairie7l.com\/en\/produit\/massif-des-bauges-un-patrimoine-entre-lacs-et-montagnes-2\/\" \/>\n<meta property=\"og:locale\" content=\"en_US\" \/>\n<meta property=\"og:type\" content=\"article\" \/>\n<meta property=\"og:title\" content=\"Massif des Bauges : Un patrimoine entre lacs et montagnes - Librairie 7L\" \/>\n<meta property=\"og:description\" content=\"Class\u00e9 Parc naturel r\u00e9gional en 1995 et G\u00e9oparc mondial UNESCO en 2011, le massif alpin des Bauges est un territoire d&#8217;exception reconnu pour la qualit\u00e9 de ses paysages et de ses patrimoines g\u00e9ologique, naturel et culturel. Forestier et pastoral, il est aussi viticole, arboricole, touristique et m\u00eame industriel. Difficile d&#8217;acc\u00e8s, cette terre strat\u00e9gique, d\u00e9fendue par [&hellip;]\" \/>\n<meta property=\"og:url\" content=\"https:\/\/librairie7l.com\/en\/produit\/massif-des-bauges-un-patrimoine-entre-lacs-et-montagnes-2\/\" \/>\n<meta property=\"og:site_name\" content=\"Librairie 7L\" \/>\n<meta property=\"article:modified_time\" content=\"2026-04-16T03:44:25+00:00\" \/>\n<meta property=\"og:image\" content=\"https:\/\/librairie7l.com\/wp-content\/uploads\/2024\/02\/9782493522153_1_75.jpg\" \/>\n\t<meta property=\"og:image:width\" content=\"400\" \/>\n\t<meta property=\"og:image:height\" content=\"488\" \/>\n\t<meta property=\"og:image:type\" content=\"image\/jpeg\" \/>\n<meta name=\"twitter:card\" content=\"summary_large_image\" \/>\n<meta name=\"twitter:label1\" content=\"Est. reading time\" \/>\n\t<meta name=\"twitter:data1\" content=\"1 minute\" \/>\n<script type=\"application\/ld+json\" class=\"yoast-schema-graph\">{\"@context\":\"https:\/\/schema.org\",\"@graph\":[{\"@type\":\"WebPage\",\"@id\":\"https:\/\/librairie7l.com\/en\/produit\/massif-des-bauges-un-patrimoine-entre-lacs-et-montagnes-2\/\",\"url\":\"https:\/\/librairie7l.com\/en\/produit\/massif-des-bauges-un-patrimoine-entre-lacs-et-montagnes-2\/\",\"name\":\"Massif des Bauges : Un patrimoine entre lacs et montagnes - Librairie 7L\",\"isPartOf\":{\"@id\":\"https:\/\/librairie7l.com\/en\/#website\"},\"datePublished\":\"2024-10-16T08:16:29+00:00\",\"dateModified\":\"2026-04-16T03:44:25+00:00\",\"breadcrumb\":{\"@id\":\"https:\/\/librairie7l.com\/en\/produit\/massif-des-bauges-un-patrimoine-entre-lacs-et-montagnes-2\/#breadcrumb\"},\"inLanguage\":\"en-US\",\"potentialAction\":[{\"@type\":\"ReadAction\",\"target\":[\"https:\/\/librairie7l.com\/en\/produit\/massif-des-bauges-un-patrimoine-entre-lacs-et-montagnes-2\/\"]}]},{\"@type\":\"BreadcrumbList\",\"@id\":\"https:\/\/librairie7l.com\/en\/produit\/massif-des-bauges-un-patrimoine-entre-lacs-et-montagnes-2\/#breadcrumb\",\"itemListElement\":[{\"@type\":\"ListItem\",\"position\":1,\"name\":\"Accueil\",\"item\":\"https:\/\/librairie7l.com\/en\/\"},{\"@type\":\"ListItem\",\"position\":2,\"name\":\"Shop\",\"item\":\"https:\/\/librairie7l.com\/en\/shop\/\"},{\"@type\":\"ListItem\",\"position\":3,\"name\":\"MASSIF DES BAUGES : UN PATRIMOINE ENTRE LACS ET MONTAGNES\"}]},{\"@type\":\"WebSite\",\"@id\":\"https:\/\/librairie7l.com\/en\/#website\",\"url\":\"https:\/\/librairie7l.com\/en\/\",\"name\":\"Librairie 7L\",\"description\":\"Librairie fond\u00e9e en 1999 par Karl Lagerfeld \u00e0 Paris\",\"publisher\":{\"@id\":\"https:\/\/librairie7l.com\/en\/#organization\"},\"potentialAction\":[{\"@type\":\"SearchAction\",\"target\":{\"@type\":\"EntryPoint\",\"urlTemplate\":\"https:\/\/librairie7l.com\/en\/?s={search_term_string}\"},\"query-input\":\"required name=search_term_string\"}],\"inLanguage\":\"en-US\"},{\"@type\":\"Organization\",\"@id\":\"https:\/\/librairie7l.com\/en\/#organization\",\"name\":\"Librairie 7L\",\"url\":\"https:\/\/librairie7l.com\/en\/\",\"logo\":{\"@type\":\"ImageObject\",\"inLanguage\":\"en-US\",\"@id\":\"https:\/\/librairie7l.com\/en\/#\/schema\/logo\/image\/\",\"url\":\"https:\/\/librairie7l.com\/wp-content\/uploads\/2022\/08\/logo-1.png\",\"contentUrl\":\"https:\/\/librairie7l.com\/wp-content\/uploads\/2022\/08\/logo-1.png\",\"width\":227,\"height\":301,\"caption\":\"Librairie 7L\"},\"image\":{\"@id\":\"https:\/\/librairie7l.com\/en\/#\/schema\/logo\/image\/\"}}]}<\/script>\n<!-- \/ Yoast SEO plugin. -->","yoast_head_json":{"title":"Massif des Bauges : Un patrimoine entre lacs et montagnes - Librairie 7L","robots":{"index":"index","follow":"follow","max-snippet":"max-snippet:-1","max-image-preview":"max-image-preview:large","max-video-preview":"max-video-preview:-1"},"canonical":"https:\/\/librairie7l.com\/en\/produit\/massif-des-bauges-un-patrimoine-entre-lacs-et-montagnes-2\/","og_locale":"en_US","og_type":"article","og_title":"Massif des Bauges : Un patrimoine entre lacs et montagnes - Librairie 7L","og_description":"Class\u00e9 Parc naturel r\u00e9gional en 1995 et G\u00e9oparc mondial UNESCO en 2011, le massif alpin des Bauges est un territoire d&#8217;exception reconnu pour la qualit\u00e9 de ses paysages et de ses patrimoines g\u00e9ologique, naturel et culturel. Forestier et pastoral, il est aussi viticole, arboricole, touristique et m\u00eame industriel. Difficile d&#8217;acc\u00e8s, cette terre strat\u00e9gique, d\u00e9fendue par [&hellip;]","og_url":"https:\/\/librairie7l.com\/en\/produit\/massif-des-bauges-un-patrimoine-entre-lacs-et-montagnes-2\/","og_site_name":"Librairie 7L","article_modified_time":"2026-04-16T03:44:25+00:00","og_image":[{"width":400,"height":488,"url":"https:\/\/librairie7l.com\/wp-content\/uploads\/2024\/02\/9782493522153_1_75.jpg","type":"image\/jpeg"}],"twitter_card":"summary_large_image","twitter_misc":{"Est. reading time":"1 minute"},"schema":{"@context":"https:\/\/schema.org","@graph":[{"@type":"WebPage","@id":"https:\/\/librairie7l.com\/en\/produit\/massif-des-bauges-un-patrimoine-entre-lacs-et-montagnes-2\/","url":"https:\/\/librairie7l.com\/en\/produit\/massif-des-bauges-un-patrimoine-entre-lacs-et-montagnes-2\/","name":"Massif des Bauges : Un patrimoine entre lacs et montagnes - Librairie 7L","isPartOf":{"@id":"https:\/\/librairie7l.com\/en\/#website"},"datePublished":"2024-10-16T08:16:29+00:00","dateModified":"2026-04-16T03:44:25+00:00","breadcrumb":{"@id":"https:\/\/librairie7l.com\/en\/produit\/massif-des-bauges-un-patrimoine-entre-lacs-et-montagnes-2\/#breadcrumb"},"inLanguage":"en-US","potentialAction":[{"@type":"ReadAction","target":["https:\/\/librairie7l.com\/en\/produit\/massif-des-bauges-un-patrimoine-entre-lacs-et-montagnes-2\/"]}]},{"@type":"BreadcrumbList","@id":"https:\/\/librairie7l.com\/en\/produit\/massif-des-bauges-un-patrimoine-entre-lacs-et-montagnes-2\/#breadcrumb","itemListElement":[{"@type":"ListItem","position":1,"name":"Accueil","item":"https:\/\/librairie7l.com\/en\/"},{"@type":"ListItem","position":2,"name":"Shop","item":"https:\/\/librairie7l.com\/en\/shop\/"},{"@type":"ListItem","position":3,"name":"MASSIF DES BAUGES : UN PATRIMOINE ENTRE LACS ET MONTAGNES"}]},{"@type":"WebSite","@id":"https:\/\/librairie7l.com\/en\/#website","url":"https:\/\/librairie7l.com\/en\/","name":"Librairie 7L","description":"Librairie fond\u00e9e en 1999 par Karl Lagerfeld \u00e0 Paris","publisher":{"@id":"https:\/\/librairie7l.com\/en\/#organization"},"potentialAction":[{"@type":"SearchAction","target":{"@type":"EntryPoint","urlTemplate":"https:\/\/librairie7l.com\/en\/?s={search_term_string}"},"query-input":"required name=search_term_string"}],"inLanguage":"en-US"},{"@type":"Organization","@id":"https:\/\/librairie7l.com\/en\/#organization","name":"Librairie 7L","url":"https:\/\/librairie7l.com\/en\/","logo":{"@type":"ImageObject","inLanguage":"en-US","@id":"https:\/\/librairie7l.com\/en\/#\/schema\/logo\/image\/","url":"https:\/\/librairie7l.com\/wp-content\/uploads\/2022\/08\/logo-1.png","contentUrl":"https:\/\/librairie7l.com\/wp-content\/uploads\/2022\/08\/logo-1.png","width":227,"height":301,"caption":"Librairie 7L"},"image":{"@id":"https:\/\/librairie7l.com\/en\/#\/schema\/logo\/image\/"}}]}},"_links":{"self":[{"href":"https:\/\/librairie7l.com\/en\/wp-json\/wp\/v2\/product\/43437"}],"collection":[{"href":"https:\/\/librairie7l.com\/en\/wp-json\/wp\/v2\/product"}],"about":[{"href":"https:\/\/librairie7l.com\/en\/wp-json\/wp\/v2\/types\/product"}],"wp:featuredmedia":[{"embeddable":true,"href":"https:\/\/librairie7l.com\/en\/wp-json\/wp\/v2\/media\/43435"}],"wp:attachment":[{"href":"https:\/\/librairie7l.com\/en\/wp-json\/wp\/v2\/media?parent=43437"}],"wp:term":[{"taxonomy":"product_cat","embeddable":true,"href":"https:\/\/librairie7l.com\/en\/wp-json\/wp\/v2\/product_cat?post=43437"},{"taxonomy":"product_tag","embeddable":true,"href":"https:\/\/librairie7l.com\/en\/wp-json\/wp\/v2\/product_tag?post=43437"}],"curies":[{"name":"wp","href":"https:\/\/api.w.org\/{rel}","templated":true}]}}