{"id":43465,"date":"2024-10-16T10:16:46","date_gmt":"2024-10-16T08:16:46","guid":{"rendered":"https:\/\/librairie7l.com\/?post_type=product&#038;p=43465"},"modified":"2026-04-08T20:42:42","modified_gmt":"2026-04-08T18:42:42","slug":"villa-cagni-troubetzkoy-a-story-of-passion-and-heritage-on-lake-como-2","status":"publish","type":"product","link":"https:\/\/librairie7l.com\/en\/produit\/villa-cagni-troubetzkoy-a-story-of-passion-and-heritage-on-lake-como-2\/","title":{"rendered":"VILLA CAGNI TROUBETZKOY : A STORY OF PASSION AND HERITAGE ON LAKE COMO"},"content":{"rendered":"<p>Situ\u00e9e sur les pentes verdoyantes du village de Blevio, la Villa Cagni Troubetzkoy offre une vue imprenable sur le lac de C\u00f4me. Forte d&#8217;une histoire remontant \u00e0 plus de 175 ans, elle a autrefois servi de refuge \u00e0 un prince russe en exil, avant de devenir aujourd&#8217;hui une maison de famille magnifiquement pr\u00e9serv\u00e9e, qui incarne le luxe des lacs italiens. Pascal Cagni, l&#8217;actuel propri\u00e9taire, est un globe-trotter passionn\u00e9 par le design et l&#8217;architecture d&#8217;exception, ayant accumul\u00e9 une exp\u00e9rience inestimable au cours de ses nombreux voyages. Son immersion dans diverses cultures a profond\u00e9ment inspir\u00e9 dans sa vision de la restauration de la villa et son souhait de lui redonner sa gloire d&#8217;antan, dans le respect du patrimoine architectural italien, en harmonie avec l&#8217;environnement, tout en respectant la culture et l&#8217;histoire locale. Avec les meilleurs artisans italiens \u00e0 la t\u00eate du chantier, la villa a \u00e9t\u00e9 m\u00e9ticuleusement restaur\u00e9e avec des mat\u00e9riaux traditionnels, r\u00e9alisant un mariage parfait entre le pass\u00e9 et le pr\u00e9sent. Aujourd&#8217;hui, la villa Cagni Troubtezkoy est un v\u00e9ritable t\u00e9moin de la pr\u00e9servation du patrimoine et de l&#8217;\u00e9l\u00e9gance italienne.<\/p>\n","protected":false},"excerpt":{"rendered":"<p>Situ\u00e9e sur les pentes verdoyantes du village de Blevio, la Villa Cagni Troubetzkoy offre une vue imprenable sur le lac de C\u00f4me. Forte d&#8217;une histoire remontant \u00e0 plus de 175 ans, elle a autrefois servi de refuge \u00e0 un prince russe en exil, avant de devenir aujourd&#8217;hui une maison de famille magnifiquement pr\u00e9serv\u00e9e, qui incarne [&hellip;]<\/p>\n","protected":false},"featured_media":43463,"template":"","meta":[],"product_cat":[2948,2951],"product_tag":[],"acf":[],"yoast_head":"<!-- This site is optimized with the Yoast SEO plugin v20.11 - https:\/\/yoast.com\/wordpress\/plugins\/seo\/ -->\n<title>Villa Cagni Troubetzkoy : A Story of Passion and Heritage on Lake Como - Librairie 7L<\/title>\n<meta name=\"robots\" content=\"index, follow, max-snippet:-1, max-image-preview:large, max-video-preview:-1\" \/>\n<link rel=\"canonical\" href=\"https:\/\/librairie7l.com\/en\/produit\/villa-cagni-troubetzkoy-a-story-of-passion-and-heritage-on-lake-como-2\/\" \/>\n<meta property=\"og:locale\" content=\"en_US\" \/>\n<meta property=\"og:type\" content=\"article\" \/>\n<meta property=\"og:title\" content=\"Villa Cagni Troubetzkoy : A Story of Passion and Heritage on Lake Como - Librairie 7L\" \/>\n<meta property=\"og:description\" content=\"Situ\u00e9e sur les pentes verdoyantes du village de Blevio, la Villa Cagni Troubetzkoy offre une vue imprenable sur le lac de C\u00f4me. Forte d&#8217;une histoire remontant \u00e0 plus de 175 ans, elle a autrefois servi de refuge \u00e0 un prince russe en exil, avant de devenir aujourd&#8217;hui une maison de famille magnifiquement pr\u00e9serv\u00e9e, qui incarne [&hellip;]\" \/>\n<meta property=\"og:url\" content=\"https:\/\/librairie7l.com\/en\/produit\/villa-cagni-troubetzkoy-a-story-of-passion-and-heritage-on-lake-como-2\/\" \/>\n<meta property=\"og:site_name\" content=\"Librairie 7L\" \/>\n<meta property=\"article:modified_time\" content=\"2026-04-08T18:42:42+00:00\" \/>\n<meta property=\"og:image\" content=\"https:\/\/librairie7l.com\/wp-content\/uploads\/2023\/12\/9782080433305_1_75.jpg\" \/>\n\t<meta property=\"og:image:width\" content=\"600\" \/>\n\t<meta property=\"og:image:height\" content=\"772\" \/>\n\t<meta property=\"og:image:type\" content=\"image\/jpeg\" \/>\n<meta name=\"twitter:card\" content=\"summary_large_image\" \/>\n<meta name=\"twitter:label1\" content=\"Est. reading time\" \/>\n\t<meta name=\"twitter:data1\" content=\"1 minute\" \/>\n<script type=\"application\/ld+json\" class=\"yoast-schema-graph\">{\"@context\":\"https:\/\/schema.org\",\"@graph\":[{\"@type\":\"WebPage\",\"@id\":\"https:\/\/librairie7l.com\/en\/produit\/villa-cagni-troubetzkoy-a-story-of-passion-and-heritage-on-lake-como-2\/\",\"url\":\"https:\/\/librairie7l.com\/en\/produit\/villa-cagni-troubetzkoy-a-story-of-passion-and-heritage-on-lake-como-2\/\",\"name\":\"Villa Cagni Troubetzkoy : A Story of Passion and Heritage on Lake Como - Librairie 7L\",\"isPartOf\":{\"@id\":\"https:\/\/librairie7l.com\/en\/#website\"},\"datePublished\":\"2024-10-16T08:16:46+00:00\",\"dateModified\":\"2026-04-08T18:42:42+00:00\",\"breadcrumb\":{\"@id\":\"https:\/\/librairie7l.com\/en\/produit\/villa-cagni-troubetzkoy-a-story-of-passion-and-heritage-on-lake-como-2\/#breadcrumb\"},\"inLanguage\":\"en-US\",\"potentialAction\":[{\"@type\":\"ReadAction\",\"target\":[\"https:\/\/librairie7l.com\/en\/produit\/villa-cagni-troubetzkoy-a-story-of-passion-and-heritage-on-lake-como-2\/\"]}]},{\"@type\":\"BreadcrumbList\",\"@id\":\"https:\/\/librairie7l.com\/en\/produit\/villa-cagni-troubetzkoy-a-story-of-passion-and-heritage-on-lake-como-2\/#breadcrumb\",\"itemListElement\":[{\"@type\":\"ListItem\",\"position\":1,\"name\":\"Accueil\",\"item\":\"https:\/\/librairie7l.com\/en\/\"},{\"@type\":\"ListItem\",\"position\":2,\"name\":\"Shop\",\"item\":\"https:\/\/librairie7l.com\/en\/shop\/\"},{\"@type\":\"ListItem\",\"position\":3,\"name\":\"VILLA CAGNI TROUBETZKOY : A STORY OF PASSION AND HERITAGE ON LAKE COMO\"}]},{\"@type\":\"WebSite\",\"@id\":\"https:\/\/librairie7l.com\/en\/#website\",\"url\":\"https:\/\/librairie7l.com\/en\/\",\"name\":\"Librairie 7L\",\"description\":\"Librairie fond\u00e9e en 1999 par Karl Lagerfeld \u00e0 Paris\",\"publisher\":{\"@id\":\"https:\/\/librairie7l.com\/en\/#organization\"},\"potentialAction\":[{\"@type\":\"SearchAction\",\"target\":{\"@type\":\"EntryPoint\",\"urlTemplate\":\"https:\/\/librairie7l.com\/en\/?s={search_term_string}\"},\"query-input\":\"required name=search_term_string\"}],\"inLanguage\":\"en-US\"},{\"@type\":\"Organization\",\"@id\":\"https:\/\/librairie7l.com\/en\/#organization\",\"name\":\"Librairie 7L\",\"url\":\"https:\/\/librairie7l.com\/en\/\",\"logo\":{\"@type\":\"ImageObject\",\"inLanguage\":\"en-US\",\"@id\":\"https:\/\/librairie7l.com\/en\/#\/schema\/logo\/image\/\",\"url\":\"https:\/\/librairie7l.com\/wp-content\/uploads\/2022\/08\/logo-1.png\",\"contentUrl\":\"https:\/\/librairie7l.com\/wp-content\/uploads\/2022\/08\/logo-1.png\",\"width\":227,\"height\":301,\"caption\":\"Librairie 7L\"},\"image\":{\"@id\":\"https:\/\/librairie7l.com\/en\/#\/schema\/logo\/image\/\"}}]}<\/script>\n<!-- \/ Yoast SEO plugin. -->","yoast_head_json":{"title":"Villa Cagni Troubetzkoy : A Story of Passion and Heritage on Lake Como - Librairie 7L","robots":{"index":"index","follow":"follow","max-snippet":"max-snippet:-1","max-image-preview":"max-image-preview:large","max-video-preview":"max-video-preview:-1"},"canonical":"https:\/\/librairie7l.com\/en\/produit\/villa-cagni-troubetzkoy-a-story-of-passion-and-heritage-on-lake-como-2\/","og_locale":"en_US","og_type":"article","og_title":"Villa Cagni Troubetzkoy : A Story of Passion and Heritage on Lake Como - Librairie 7L","og_description":"Situ\u00e9e sur les pentes verdoyantes du village de Blevio, la Villa Cagni Troubetzkoy offre une vue imprenable sur le lac de C\u00f4me. Forte d&#8217;une histoire remontant \u00e0 plus de 175 ans, elle a autrefois servi de refuge \u00e0 un prince russe en exil, avant de devenir aujourd&#8217;hui une maison de famille magnifiquement pr\u00e9serv\u00e9e, qui incarne [&hellip;]","og_url":"https:\/\/librairie7l.com\/en\/produit\/villa-cagni-troubetzkoy-a-story-of-passion-and-heritage-on-lake-como-2\/","og_site_name":"Librairie 7L","article_modified_time":"2026-04-08T18:42:42+00:00","og_image":[{"width":600,"height":772,"url":"https:\/\/librairie7l.com\/wp-content\/uploads\/2023\/12\/9782080433305_1_75.jpg","type":"image\/jpeg"}],"twitter_card":"summary_large_image","twitter_misc":{"Est. reading time":"1 minute"},"schema":{"@context":"https:\/\/schema.org","@graph":[{"@type":"WebPage","@id":"https:\/\/librairie7l.com\/en\/produit\/villa-cagni-troubetzkoy-a-story-of-passion-and-heritage-on-lake-como-2\/","url":"https:\/\/librairie7l.com\/en\/produit\/villa-cagni-troubetzkoy-a-story-of-passion-and-heritage-on-lake-como-2\/","name":"Villa Cagni Troubetzkoy : A Story of Passion and Heritage on Lake Como - Librairie 7L","isPartOf":{"@id":"https:\/\/librairie7l.com\/en\/#website"},"datePublished":"2024-10-16T08:16:46+00:00","dateModified":"2026-04-08T18:42:42+00:00","breadcrumb":{"@id":"https:\/\/librairie7l.com\/en\/produit\/villa-cagni-troubetzkoy-a-story-of-passion-and-heritage-on-lake-como-2\/#breadcrumb"},"inLanguage":"en-US","potentialAction":[{"@type":"ReadAction","target":["https:\/\/librairie7l.com\/en\/produit\/villa-cagni-troubetzkoy-a-story-of-passion-and-heritage-on-lake-como-2\/"]}]},{"@type":"BreadcrumbList","@id":"https:\/\/librairie7l.com\/en\/produit\/villa-cagni-troubetzkoy-a-story-of-passion-and-heritage-on-lake-como-2\/#breadcrumb","itemListElement":[{"@type":"ListItem","position":1,"name":"Accueil","item":"https:\/\/librairie7l.com\/en\/"},{"@type":"ListItem","position":2,"name":"Shop","item":"https:\/\/librairie7l.com\/en\/shop\/"},{"@type":"ListItem","position":3,"name":"VILLA CAGNI TROUBETZKOY : A STORY OF PASSION AND HERITAGE ON LAKE COMO"}]},{"@type":"WebSite","@id":"https:\/\/librairie7l.com\/en\/#website","url":"https:\/\/librairie7l.com\/en\/","name":"Librairie 7L","description":"Librairie fond\u00e9e en 1999 par Karl Lagerfeld \u00e0 Paris","publisher":{"@id":"https:\/\/librairie7l.com\/en\/#organization"},"potentialAction":[{"@type":"SearchAction","target":{"@type":"EntryPoint","urlTemplate":"https:\/\/librairie7l.com\/en\/?s={search_term_string}"},"query-input":"required name=search_term_string"}],"inLanguage":"en-US"},{"@type":"Organization","@id":"https:\/\/librairie7l.com\/en\/#organization","name":"Librairie 7L","url":"https:\/\/librairie7l.com\/en\/","logo":{"@type":"ImageObject","inLanguage":"en-US","@id":"https:\/\/librairie7l.com\/en\/#\/schema\/logo\/image\/","url":"https:\/\/librairie7l.com\/wp-content\/uploads\/2022\/08\/logo-1.png","contentUrl":"https:\/\/librairie7l.com\/wp-content\/uploads\/2022\/08\/logo-1.png","width":227,"height":301,"caption":"Librairie 7L"},"image":{"@id":"https:\/\/librairie7l.com\/en\/#\/schema\/logo\/image\/"}}]}},"_links":{"self":[{"href":"https:\/\/librairie7l.com\/en\/wp-json\/wp\/v2\/product\/43465"}],"collection":[{"href":"https:\/\/librairie7l.com\/en\/wp-json\/wp\/v2\/product"}],"about":[{"href":"https:\/\/librairie7l.com\/en\/wp-json\/wp\/v2\/types\/product"}],"wp:featuredmedia":[{"embeddable":true,"href":"https:\/\/librairie7l.com\/en\/wp-json\/wp\/v2\/media\/43463"}],"wp:attachment":[{"href":"https:\/\/librairie7l.com\/en\/wp-json\/wp\/v2\/media?parent=43465"}],"wp:term":[{"taxonomy":"product_cat","embeddable":true,"href":"https:\/\/librairie7l.com\/en\/wp-json\/wp\/v2\/product_cat?post=43465"},{"taxonomy":"product_tag","embeddable":true,"href":"https:\/\/librairie7l.com\/en\/wp-json\/wp\/v2\/product_tag?post=43465"}],"curies":[{"name":"wp","href":"https:\/\/api.w.org\/{rel}","templated":true}]}}