{"id":43479,"date":"2024-10-16T10:17:02","date_gmt":"2024-10-16T08:17:02","guid":{"rendered":"https:\/\/librairie7l.com\/?post_type=product&#038;p=43479"},"modified":"2026-04-15T23:06:07","modified_gmt":"2026-04-15T21:06:07","slug":"into-the-night-cabarets-and-clubs-in-modern-art-2","status":"publish","type":"product","link":"https:\/\/librairie7l.com\/en\/produit\/into-the-night-cabarets-and-clubs-in-modern-art-2\/","title":{"rendered":"INTO THE NIGHT CABARETS AND CLUBS IN MODERN ART"},"content":{"rendered":"<p>Ce catalogue accompagne une exposition annonc\u00e9e au Barbican Center \u00e0 Londres puis au Belvedere \u00e0 Vienne. Elle analyse la place des caf\u00e9s et des lieux de sociabilit\u00e9s en Europe \u00e0 l&#8217;heure du tournant vers la modernit\u00e9. Incubateurs de la pens\u00e9e radicale et des avant-gardes, lieux de rencontres essentielles au monde de l&#8217;art o\u00f9 se croisent danseurs, designers musiciens et \u00e9crivains, ces espaces ont fait bouger les fronti\u00e8res entre les secteurs de la cr\u00e9ation. Organis\u00e9e ville par ville, cette exposition pr\u00e9sente des peintures, des dessins et des photographies, mais aussi des images d&#8217;archives rarement vues de cabarets et lieux mythiques. On y retrouve bien entendu le Chat Noir cher \u00e0 Toulouse-Lautrec, mais aussi le Caf\u00e9 de l&#8217;Aubette \u00e0 Strasbourg, le Mbari Club au Nigeria, la cartographie des lieux nocturnes de Harlem ou le Cabaret Voltaire \u00e0 Zurich, parmi bien d&#8217;autres. Lo\u00efe Fuller y croise Jeanne Mammen, Jacob Lawrence, Giacomo Balla, Theo van Doesburg, Sophie Taeuber-Arp ou Josef Hoffmann.<\/p>\n","protected":false},"excerpt":{"rendered":"<p>Ce catalogue accompagne une exposition annonc\u00e9e au Barbican Center \u00e0 Londres puis au Belvedere \u00e0 Vienne. Elle analyse la place des caf\u00e9s et des lieux de sociabilit\u00e9s en Europe \u00e0 l&#8217;heure du tournant vers la modernit\u00e9. Incubateurs de la pens\u00e9e radicale et des avant-gardes, lieux de rencontres essentielles au monde de l&#8217;art o\u00f9 se croisent [&hellip;]<\/p>\n","protected":false},"featured_media":43477,"template":"","meta":[],"product_cat":[2948,2953],"product_tag":[],"acf":[],"yoast_head":"<!-- This site is optimized with the Yoast SEO plugin v20.11 - https:\/\/yoast.com\/wordpress\/plugins\/seo\/ -->\n<title>Into the night cabarets and clubs in modern art - Librairie 7L<\/title>\n<meta name=\"robots\" content=\"index, follow, max-snippet:-1, max-image-preview:large, max-video-preview:-1\" \/>\n<link rel=\"canonical\" href=\"https:\/\/librairie7l.com\/en\/produit\/into-the-night-cabarets-and-clubs-in-modern-art-2\/\" \/>\n<meta property=\"og:locale\" content=\"en_US\" \/>\n<meta property=\"og:type\" content=\"article\" \/>\n<meta property=\"og:title\" content=\"Into the night cabarets and clubs in modern art - Librairie 7L\" \/>\n<meta property=\"og:description\" content=\"Ce catalogue accompagne une exposition annonc\u00e9e au Barbican Center \u00e0 Londres puis au Belvedere \u00e0 Vienne. Elle analyse la place des caf\u00e9s et des lieux de sociabilit\u00e9s en Europe \u00e0 l&#8217;heure du tournant vers la modernit\u00e9. Incubateurs de la pens\u00e9e radicale et des avant-gardes, lieux de rencontres essentielles au monde de l&#8217;art o\u00f9 se croisent [&hellip;]\" \/>\n<meta property=\"og:url\" content=\"https:\/\/librairie7l.com\/en\/produit\/into-the-night-cabarets-and-clubs-in-modern-art-2\/\" \/>\n<meta property=\"og:site_name\" content=\"Librairie 7L\" \/>\n<meta property=\"article:modified_time\" content=\"2026-04-15T21:06:07+00:00\" \/>\n<meta property=\"og:image\" content=\"https:\/\/librairie7l.com\/wp-content\/uploads\/2019\/05\/9783791358888_1_75.jpg\" \/>\n\t<meta property=\"og:image:width\" content=\"260\" \/>\n\t<meta property=\"og:image:height\" content=\"301\" \/>\n\t<meta property=\"og:image:type\" content=\"image\/jpeg\" \/>\n<meta name=\"twitter:card\" content=\"summary_large_image\" \/>\n<meta name=\"twitter:label1\" content=\"Est. reading time\" \/>\n\t<meta name=\"twitter:data1\" content=\"1 minute\" \/>\n<script type=\"application\/ld+json\" class=\"yoast-schema-graph\">{\"@context\":\"https:\/\/schema.org\",\"@graph\":[{\"@type\":\"WebPage\",\"@id\":\"https:\/\/librairie7l.com\/en\/produit\/into-the-night-cabarets-and-clubs-in-modern-art-2\/\",\"url\":\"https:\/\/librairie7l.com\/en\/produit\/into-the-night-cabarets-and-clubs-in-modern-art-2\/\",\"name\":\"Into the night cabarets and clubs in modern art - Librairie 7L\",\"isPartOf\":{\"@id\":\"https:\/\/librairie7l.com\/en\/#website\"},\"datePublished\":\"2024-10-16T08:17:02+00:00\",\"dateModified\":\"2026-04-15T21:06:07+00:00\",\"breadcrumb\":{\"@id\":\"https:\/\/librairie7l.com\/en\/produit\/into-the-night-cabarets-and-clubs-in-modern-art-2\/#breadcrumb\"},\"inLanguage\":\"en-US\",\"potentialAction\":[{\"@type\":\"ReadAction\",\"target\":[\"https:\/\/librairie7l.com\/en\/produit\/into-the-night-cabarets-and-clubs-in-modern-art-2\/\"]}]},{\"@type\":\"BreadcrumbList\",\"@id\":\"https:\/\/librairie7l.com\/en\/produit\/into-the-night-cabarets-and-clubs-in-modern-art-2\/#breadcrumb\",\"itemListElement\":[{\"@type\":\"ListItem\",\"position\":1,\"name\":\"Accueil\",\"item\":\"https:\/\/librairie7l.com\/en\/\"},{\"@type\":\"ListItem\",\"position\":2,\"name\":\"Shop\",\"item\":\"https:\/\/librairie7l.com\/en\/shop\/\"},{\"@type\":\"ListItem\",\"position\":3,\"name\":\"INTO THE NIGHT CABARETS AND CLUBS IN MODERN ART\"}]},{\"@type\":\"WebSite\",\"@id\":\"https:\/\/librairie7l.com\/en\/#website\",\"url\":\"https:\/\/librairie7l.com\/en\/\",\"name\":\"Librairie 7L\",\"description\":\"Librairie fond\u00e9e en 1999 par Karl Lagerfeld \u00e0 Paris\",\"publisher\":{\"@id\":\"https:\/\/librairie7l.com\/en\/#organization\"},\"potentialAction\":[{\"@type\":\"SearchAction\",\"target\":{\"@type\":\"EntryPoint\",\"urlTemplate\":\"https:\/\/librairie7l.com\/en\/?s={search_term_string}\"},\"query-input\":\"required name=search_term_string\"}],\"inLanguage\":\"en-US\"},{\"@type\":\"Organization\",\"@id\":\"https:\/\/librairie7l.com\/en\/#organization\",\"name\":\"Librairie 7L\",\"url\":\"https:\/\/librairie7l.com\/en\/\",\"logo\":{\"@type\":\"ImageObject\",\"inLanguage\":\"en-US\",\"@id\":\"https:\/\/librairie7l.com\/en\/#\/schema\/logo\/image\/\",\"url\":\"https:\/\/librairie7l.com\/wp-content\/uploads\/2022\/08\/logo-1.png\",\"contentUrl\":\"https:\/\/librairie7l.com\/wp-content\/uploads\/2022\/08\/logo-1.png\",\"width\":227,\"height\":301,\"caption\":\"Librairie 7L\"},\"image\":{\"@id\":\"https:\/\/librairie7l.com\/en\/#\/schema\/logo\/image\/\"}}]}<\/script>\n<!-- \/ Yoast SEO plugin. -->","yoast_head_json":{"title":"Into the night cabarets and clubs in modern art - Librairie 7L","robots":{"index":"index","follow":"follow","max-snippet":"max-snippet:-1","max-image-preview":"max-image-preview:large","max-video-preview":"max-video-preview:-1"},"canonical":"https:\/\/librairie7l.com\/en\/produit\/into-the-night-cabarets-and-clubs-in-modern-art-2\/","og_locale":"en_US","og_type":"article","og_title":"Into the night cabarets and clubs in modern art - Librairie 7L","og_description":"Ce catalogue accompagne une exposition annonc\u00e9e au Barbican Center \u00e0 Londres puis au Belvedere \u00e0 Vienne. Elle analyse la place des caf\u00e9s et des lieux de sociabilit\u00e9s en Europe \u00e0 l&#8217;heure du tournant vers la modernit\u00e9. Incubateurs de la pens\u00e9e radicale et des avant-gardes, lieux de rencontres essentielles au monde de l&#8217;art o\u00f9 se croisent [&hellip;]","og_url":"https:\/\/librairie7l.com\/en\/produit\/into-the-night-cabarets-and-clubs-in-modern-art-2\/","og_site_name":"Librairie 7L","article_modified_time":"2026-04-15T21:06:07+00:00","og_image":[{"width":260,"height":301,"url":"https:\/\/librairie7l.com\/wp-content\/uploads\/2019\/05\/9783791358888_1_75.jpg","type":"image\/jpeg"}],"twitter_card":"summary_large_image","twitter_misc":{"Est. reading time":"1 minute"},"schema":{"@context":"https:\/\/schema.org","@graph":[{"@type":"WebPage","@id":"https:\/\/librairie7l.com\/en\/produit\/into-the-night-cabarets-and-clubs-in-modern-art-2\/","url":"https:\/\/librairie7l.com\/en\/produit\/into-the-night-cabarets-and-clubs-in-modern-art-2\/","name":"Into the night cabarets and clubs in modern art - Librairie 7L","isPartOf":{"@id":"https:\/\/librairie7l.com\/en\/#website"},"datePublished":"2024-10-16T08:17:02+00:00","dateModified":"2026-04-15T21:06:07+00:00","breadcrumb":{"@id":"https:\/\/librairie7l.com\/en\/produit\/into-the-night-cabarets-and-clubs-in-modern-art-2\/#breadcrumb"},"inLanguage":"en-US","potentialAction":[{"@type":"ReadAction","target":["https:\/\/librairie7l.com\/en\/produit\/into-the-night-cabarets-and-clubs-in-modern-art-2\/"]}]},{"@type":"BreadcrumbList","@id":"https:\/\/librairie7l.com\/en\/produit\/into-the-night-cabarets-and-clubs-in-modern-art-2\/#breadcrumb","itemListElement":[{"@type":"ListItem","position":1,"name":"Accueil","item":"https:\/\/librairie7l.com\/en\/"},{"@type":"ListItem","position":2,"name":"Shop","item":"https:\/\/librairie7l.com\/en\/shop\/"},{"@type":"ListItem","position":3,"name":"INTO THE NIGHT CABARETS AND CLUBS IN MODERN ART"}]},{"@type":"WebSite","@id":"https:\/\/librairie7l.com\/en\/#website","url":"https:\/\/librairie7l.com\/en\/","name":"Librairie 7L","description":"Librairie fond\u00e9e en 1999 par Karl Lagerfeld \u00e0 Paris","publisher":{"@id":"https:\/\/librairie7l.com\/en\/#organization"},"potentialAction":[{"@type":"SearchAction","target":{"@type":"EntryPoint","urlTemplate":"https:\/\/librairie7l.com\/en\/?s={search_term_string}"},"query-input":"required name=search_term_string"}],"inLanguage":"en-US"},{"@type":"Organization","@id":"https:\/\/librairie7l.com\/en\/#organization","name":"Librairie 7L","url":"https:\/\/librairie7l.com\/en\/","logo":{"@type":"ImageObject","inLanguage":"en-US","@id":"https:\/\/librairie7l.com\/en\/#\/schema\/logo\/image\/","url":"https:\/\/librairie7l.com\/wp-content\/uploads\/2022\/08\/logo-1.png","contentUrl":"https:\/\/librairie7l.com\/wp-content\/uploads\/2022\/08\/logo-1.png","width":227,"height":301,"caption":"Librairie 7L"},"image":{"@id":"https:\/\/librairie7l.com\/en\/#\/schema\/logo\/image\/"}}]}},"_links":{"self":[{"href":"https:\/\/librairie7l.com\/en\/wp-json\/wp\/v2\/product\/43479"}],"collection":[{"href":"https:\/\/librairie7l.com\/en\/wp-json\/wp\/v2\/product"}],"about":[{"href":"https:\/\/librairie7l.com\/en\/wp-json\/wp\/v2\/types\/product"}],"wp:featuredmedia":[{"embeddable":true,"href":"https:\/\/librairie7l.com\/en\/wp-json\/wp\/v2\/media\/43477"}],"wp:attachment":[{"href":"https:\/\/librairie7l.com\/en\/wp-json\/wp\/v2\/media?parent=43479"}],"wp:term":[{"taxonomy":"product_cat","embeddable":true,"href":"https:\/\/librairie7l.com\/en\/wp-json\/wp\/v2\/product_cat?post=43479"},{"taxonomy":"product_tag","embeddable":true,"href":"https:\/\/librairie7l.com\/en\/wp-json\/wp\/v2\/product_tag?post=43479"}],"curies":[{"name":"wp","href":"https:\/\/api.w.org\/{rel}","templated":true}]}}