{"id":43514,"date":"2024-10-17T09:17:33","date_gmt":"2024-10-17T07:17:33","guid":{"rendered":"https:\/\/librairie7l.com\/?post_type=product&#038;p=43514"},"modified":"2026-04-08T19:02:57","modified_gmt":"2026-04-08T17:02:57","slug":"celine-laguarde-photographe-2","status":"publish","type":"product","link":"https:\/\/librairie7l.com\/en\/produit\/celine-laguarde-photographe-2\/","title":{"rendered":"C\u00c9LINE LAGUARDE : PHOTOGRAPHE"},"content":{"rendered":"<p>Au d\u00e9but du XX? si\u00e8cle, C\u00e9line Laguarde s&#8217;est impos\u00e9e comme une figure internationale du premier mouvement artistique de l&#8217;histoire de la photographie, le pictorialisme. Son oeuvre sort aujourd&#8217;hui d&#8217;un si\u00e8cle d&#8217;oubli. Cette premi\u00e8re monographie consacr\u00e9e \u00e0 l&#8217;artiste r\u00e9v\u00e8le une production d&#8217;une qualit\u00e9, d&#8217;une vari\u00e9t\u00e9 et d&#8217;une long\u00e9vit\u00e9 insoup\u00e7onn\u00e9es. Fruit de recherches in\u00e9dites, elle reconstitue la vie, l&#8217;oeuvre et la carri\u00e8re de cette virtuose des proc\u00e9d\u00e9s pigmentaires. L&#8217;ouvrage propose un regard nouveau sur le pictorialisme tout en repla\u00e7ant le cas de Laguarde dans le contexte encore m\u00e9connu, et analys\u00e9 ici pour la premi\u00e8re fois, de la photographie f\u00e9minine en France au tournant des XIX? et XX? si\u00e8cles. Il invite ainsi \u00e0 une v\u00e9ritable red\u00e9couverte : celle d&#8217;une femme photographe ayant atteint un degr\u00e9 de reconnaissance alors unique et sans pr\u00e9c\u00e9dent en France depuis l&#8217;invention du m\u00e9dium, mais aussi, et surtout, celle d&#8217;une artiste d\u00e9j\u00e0 consid\u00e9r\u00e9e, de son vivant, parmi les photographes majeurs de son temps.<\/p>\n","protected":false},"excerpt":{"rendered":"<p>Au d\u00e9but du XX? si\u00e8cle, C\u00e9line Laguarde s&#8217;est impos\u00e9e comme une figure internationale du premier mouvement artistique de l&#8217;histoire de la photographie, le pictorialisme. Son oeuvre sort aujourd&#8217;hui d&#8217;un si\u00e8cle d&#8217;oubli. Cette premi\u00e8re monographie consacr\u00e9e \u00e0 l&#8217;artiste r\u00e9v\u00e8le une production d&#8217;une qualit\u00e9, d&#8217;une vari\u00e9t\u00e9 et d&#8217;une long\u00e9vit\u00e9 insoup\u00e7onn\u00e9es. Fruit de recherches in\u00e9dites, elle reconstitue la [&hellip;]<\/p>\n","protected":false},"featured_media":43512,"template":"","meta":[],"product_cat":[2948,2958],"product_tag":[],"acf":[],"yoast_head":"<!-- This site is optimized with the Yoast SEO plugin v20.11 - https:\/\/yoast.com\/wordpress\/plugins\/seo\/ -->\n<title>C\u00e9line Laguarde : Photographe - Librairie 7L<\/title>\n<meta name=\"robots\" content=\"index, follow, max-snippet:-1, max-image-preview:large, max-video-preview:-1\" \/>\n<link rel=\"canonical\" href=\"https:\/\/librairie7l.com\/en\/produit\/celine-laguarde-photographe-2\/\" \/>\n<meta property=\"og:locale\" content=\"en_US\" \/>\n<meta property=\"og:type\" content=\"article\" \/>\n<meta property=\"og:title\" content=\"C\u00e9line Laguarde : Photographe - Librairie 7L\" \/>\n<meta property=\"og:description\" content=\"Au d\u00e9but du XX? si\u00e8cle, C\u00e9line Laguarde s&#8217;est impos\u00e9e comme une figure internationale du premier mouvement artistique de l&#8217;histoire de la photographie, le pictorialisme. Son oeuvre sort aujourd&#8217;hui d&#8217;un si\u00e8cle d&#8217;oubli. Cette premi\u00e8re monographie consacr\u00e9e \u00e0 l&#8217;artiste r\u00e9v\u00e8le une production d&#8217;une qualit\u00e9, d&#8217;une vari\u00e9t\u00e9 et d&#8217;une long\u00e9vit\u00e9 insoup\u00e7onn\u00e9es. Fruit de recherches in\u00e9dites, elle reconstitue la [&hellip;]\" \/>\n<meta property=\"og:url\" content=\"https:\/\/librairie7l.com\/en\/produit\/celine-laguarde-photographe-2\/\" \/>\n<meta property=\"og:site_name\" content=\"Librairie 7L\" \/>\n<meta property=\"article:modified_time\" content=\"2026-04-08T17:02:57+00:00\" \/>\n<meta property=\"og:image\" content=\"https:\/\/librairie7l.com\/wp-content\/uploads\/2024\/03\/9782073073013_1_75.jpg\" \/>\n\t<meta property=\"og:image:width\" content=\"600\" \/>\n\t<meta property=\"og:image:height\" content=\"786\" \/>\n\t<meta property=\"og:image:type\" content=\"image\/jpeg\" \/>\n<meta name=\"twitter:card\" content=\"summary_large_image\" \/>\n<meta name=\"twitter:label1\" content=\"Est. reading time\" \/>\n\t<meta name=\"twitter:data1\" content=\"1 minute\" \/>\n<script type=\"application\/ld+json\" class=\"yoast-schema-graph\">{\"@context\":\"https:\/\/schema.org\",\"@graph\":[{\"@type\":\"WebPage\",\"@id\":\"https:\/\/librairie7l.com\/en\/produit\/celine-laguarde-photographe-2\/\",\"url\":\"https:\/\/librairie7l.com\/en\/produit\/celine-laguarde-photographe-2\/\",\"name\":\"C\u00e9line Laguarde : Photographe - Librairie 7L\",\"isPartOf\":{\"@id\":\"https:\/\/librairie7l.com\/en\/#website\"},\"datePublished\":\"2024-10-17T07:17:33+00:00\",\"dateModified\":\"2026-04-08T17:02:57+00:00\",\"breadcrumb\":{\"@id\":\"https:\/\/librairie7l.com\/en\/produit\/celine-laguarde-photographe-2\/#breadcrumb\"},\"inLanguage\":\"en-US\",\"potentialAction\":[{\"@type\":\"ReadAction\",\"target\":[\"https:\/\/librairie7l.com\/en\/produit\/celine-laguarde-photographe-2\/\"]}]},{\"@type\":\"BreadcrumbList\",\"@id\":\"https:\/\/librairie7l.com\/en\/produit\/celine-laguarde-photographe-2\/#breadcrumb\",\"itemListElement\":[{\"@type\":\"ListItem\",\"position\":1,\"name\":\"Accueil\",\"item\":\"https:\/\/librairie7l.com\/en\/\"},{\"@type\":\"ListItem\",\"position\":2,\"name\":\"Shop\",\"item\":\"https:\/\/librairie7l.com\/en\/shop\/\"},{\"@type\":\"ListItem\",\"position\":3,\"name\":\"C\u00c9LINE LAGUARDE : PHOTOGRAPHE\"}]},{\"@type\":\"WebSite\",\"@id\":\"https:\/\/librairie7l.com\/en\/#website\",\"url\":\"https:\/\/librairie7l.com\/en\/\",\"name\":\"Librairie 7L\",\"description\":\"Librairie fond\u00e9e en 1999 par Karl Lagerfeld \u00e0 Paris\",\"publisher\":{\"@id\":\"https:\/\/librairie7l.com\/en\/#organization\"},\"potentialAction\":[{\"@type\":\"SearchAction\",\"target\":{\"@type\":\"EntryPoint\",\"urlTemplate\":\"https:\/\/librairie7l.com\/en\/?s={search_term_string}\"},\"query-input\":\"required name=search_term_string\"}],\"inLanguage\":\"en-US\"},{\"@type\":\"Organization\",\"@id\":\"https:\/\/librairie7l.com\/en\/#organization\",\"name\":\"Librairie 7L\",\"url\":\"https:\/\/librairie7l.com\/en\/\",\"logo\":{\"@type\":\"ImageObject\",\"inLanguage\":\"en-US\",\"@id\":\"https:\/\/librairie7l.com\/en\/#\/schema\/logo\/image\/\",\"url\":\"https:\/\/librairie7l.com\/wp-content\/uploads\/2022\/08\/logo-1.png\",\"contentUrl\":\"https:\/\/librairie7l.com\/wp-content\/uploads\/2022\/08\/logo-1.png\",\"width\":227,\"height\":301,\"caption\":\"Librairie 7L\"},\"image\":{\"@id\":\"https:\/\/librairie7l.com\/en\/#\/schema\/logo\/image\/\"}}]}<\/script>\n<!-- \/ Yoast SEO plugin. -->","yoast_head_json":{"title":"C\u00e9line Laguarde : Photographe - Librairie 7L","robots":{"index":"index","follow":"follow","max-snippet":"max-snippet:-1","max-image-preview":"max-image-preview:large","max-video-preview":"max-video-preview:-1"},"canonical":"https:\/\/librairie7l.com\/en\/produit\/celine-laguarde-photographe-2\/","og_locale":"en_US","og_type":"article","og_title":"C\u00e9line Laguarde : Photographe - Librairie 7L","og_description":"Au d\u00e9but du XX? si\u00e8cle, C\u00e9line Laguarde s&#8217;est impos\u00e9e comme une figure internationale du premier mouvement artistique de l&#8217;histoire de la photographie, le pictorialisme. Son oeuvre sort aujourd&#8217;hui d&#8217;un si\u00e8cle d&#8217;oubli. Cette premi\u00e8re monographie consacr\u00e9e \u00e0 l&#8217;artiste r\u00e9v\u00e8le une production d&#8217;une qualit\u00e9, d&#8217;une vari\u00e9t\u00e9 et d&#8217;une long\u00e9vit\u00e9 insoup\u00e7onn\u00e9es. Fruit de recherches in\u00e9dites, elle reconstitue la [&hellip;]","og_url":"https:\/\/librairie7l.com\/en\/produit\/celine-laguarde-photographe-2\/","og_site_name":"Librairie 7L","article_modified_time":"2026-04-08T17:02:57+00:00","og_image":[{"width":600,"height":786,"url":"https:\/\/librairie7l.com\/wp-content\/uploads\/2024\/03\/9782073073013_1_75.jpg","type":"image\/jpeg"}],"twitter_card":"summary_large_image","twitter_misc":{"Est. reading time":"1 minute"},"schema":{"@context":"https:\/\/schema.org","@graph":[{"@type":"WebPage","@id":"https:\/\/librairie7l.com\/en\/produit\/celine-laguarde-photographe-2\/","url":"https:\/\/librairie7l.com\/en\/produit\/celine-laguarde-photographe-2\/","name":"C\u00e9line Laguarde : Photographe - Librairie 7L","isPartOf":{"@id":"https:\/\/librairie7l.com\/en\/#website"},"datePublished":"2024-10-17T07:17:33+00:00","dateModified":"2026-04-08T17:02:57+00:00","breadcrumb":{"@id":"https:\/\/librairie7l.com\/en\/produit\/celine-laguarde-photographe-2\/#breadcrumb"},"inLanguage":"en-US","potentialAction":[{"@type":"ReadAction","target":["https:\/\/librairie7l.com\/en\/produit\/celine-laguarde-photographe-2\/"]}]},{"@type":"BreadcrumbList","@id":"https:\/\/librairie7l.com\/en\/produit\/celine-laguarde-photographe-2\/#breadcrumb","itemListElement":[{"@type":"ListItem","position":1,"name":"Accueil","item":"https:\/\/librairie7l.com\/en\/"},{"@type":"ListItem","position":2,"name":"Shop","item":"https:\/\/librairie7l.com\/en\/shop\/"},{"@type":"ListItem","position":3,"name":"C\u00c9LINE LAGUARDE : PHOTOGRAPHE"}]},{"@type":"WebSite","@id":"https:\/\/librairie7l.com\/en\/#website","url":"https:\/\/librairie7l.com\/en\/","name":"Librairie 7L","description":"Librairie fond\u00e9e en 1999 par Karl Lagerfeld \u00e0 Paris","publisher":{"@id":"https:\/\/librairie7l.com\/en\/#organization"},"potentialAction":[{"@type":"SearchAction","target":{"@type":"EntryPoint","urlTemplate":"https:\/\/librairie7l.com\/en\/?s={search_term_string}"},"query-input":"required name=search_term_string"}],"inLanguage":"en-US"},{"@type":"Organization","@id":"https:\/\/librairie7l.com\/en\/#organization","name":"Librairie 7L","url":"https:\/\/librairie7l.com\/en\/","logo":{"@type":"ImageObject","inLanguage":"en-US","@id":"https:\/\/librairie7l.com\/en\/#\/schema\/logo\/image\/","url":"https:\/\/librairie7l.com\/wp-content\/uploads\/2022\/08\/logo-1.png","contentUrl":"https:\/\/librairie7l.com\/wp-content\/uploads\/2022\/08\/logo-1.png","width":227,"height":301,"caption":"Librairie 7L"},"image":{"@id":"https:\/\/librairie7l.com\/en\/#\/schema\/logo\/image\/"}}]}},"_links":{"self":[{"href":"https:\/\/librairie7l.com\/en\/wp-json\/wp\/v2\/product\/43514"}],"collection":[{"href":"https:\/\/librairie7l.com\/en\/wp-json\/wp\/v2\/product"}],"about":[{"href":"https:\/\/librairie7l.com\/en\/wp-json\/wp\/v2\/types\/product"}],"wp:featuredmedia":[{"embeddable":true,"href":"https:\/\/librairie7l.com\/en\/wp-json\/wp\/v2\/media\/43512"}],"wp:attachment":[{"href":"https:\/\/librairie7l.com\/en\/wp-json\/wp\/v2\/media?parent=43514"}],"wp:term":[{"taxonomy":"product_cat","embeddable":true,"href":"https:\/\/librairie7l.com\/en\/wp-json\/wp\/v2\/product_cat?post=43514"},{"taxonomy":"product_tag","embeddable":true,"href":"https:\/\/librairie7l.com\/en\/wp-json\/wp\/v2\/product_tag?post=43514"}],"curies":[{"name":"wp","href":"https:\/\/api.w.org\/{rel}","templated":true}]}}