{"id":43518,"date":"2024-10-17T09:17:36","date_gmt":"2024-10-17T07:17:36","guid":{"rendered":"https:\/\/librairie7l.com\/?post_type=product&#038;p=43518"},"modified":"2026-05-04T00:50:38","modified_gmt":"2026-05-03T22:50:38","slug":"pop-forever-tom-wesselmann-2","status":"publish","type":"product","link":"https:\/\/librairie7l.com\/en\/produit\/pop-forever-tom-wesselmann-2\/","title":{"rendered":"POP FOREVER : TOM WESSELMANN"},"content":{"rendered":"<p>Tom Wesselmann (1931-2004) est consid\u00e9r\u00e9 comme l&#8217;un des plus importants artistes Pop de sa g\u00e9n\u00e9ration, avec une production qui s&#8217;\u00e9tend sur presque cinq d\u00e9cennies, des ann\u00e9es 1950 aux ann\u00e9es 2000. N\u00e9 \u00e0 Cincinnati, l&#8217;artiste fera de New York son lieu de vie et de cr\u00e9ation, et il y restera jusqu&#8217;\u00e0 son d\u00e9c\u00e8s, le 17 d\u00e9cembre 2004. Catalogue de l&#8217;exposition pr\u00e9sent\u00e9es \u00e0 la Fondation Louis Vuitton, l&#8217;ouvrage explore toutes les p\u00e9riodes cr\u00e9atives de l&#8217;artiste et retrace les grandes lignes du mouvement Pop Art. Les oeuvres de Wesselmann seront entour\u00e9es des plus grands noms du Pop Art et de ses h\u00e9ritiers, r\u00e9v\u00e9lant alors les influences pass\u00e9es, ainsi que l&#8217;impact de l&#8217;artiste sur les futures g\u00e9n\u00e9rations. De Marcel Duchamp, \u00e0 Ai Weiwei, en passant par Kurt Schwitters, Hannah Hoch, Andy Warhol, Jasper Johns, Robert Rauschenberg, James Rosenquist, Roy Lichtenstein, Kaws, Jeff Koons, ou encore Martial Raysse, Meret Oppenheim, Tomokazu Matsuyama, Derrick Adams, Mickalene Thomas, c&#8217;est tout un pan de l&#8217;histoire de l&#8217;art contemporain qui prend forme dans un ouvrage sans pr\u00e9c\u00e9dent. Catalogue de l&#8217;exposition \u00e9v\u00e9nement \u00abPop Forever. Tom Wesselmann\u00bb pr\u00e9sent\u00e9e \u00e0 la Fondation Louis Vuitton du 16 octobre 2024 au 3 mars 2025.<\/p>\n","protected":false},"excerpt":{"rendered":"<p>Tom Wesselmann (1931-2004) est consid\u00e9r\u00e9 comme l&#8217;un des plus importants artistes Pop de sa g\u00e9n\u00e9ration, avec une production qui s&#8217;\u00e9tend sur presque cinq d\u00e9cennies, des ann\u00e9es 1950 aux ann\u00e9es 2000. N\u00e9 \u00e0 Cincinnati, l&#8217;artiste fera de New York son lieu de vie et de cr\u00e9ation, et il y restera jusqu&#8217;\u00e0 son d\u00e9c\u00e8s, le 17 d\u00e9cembre [&hellip;]<\/p>\n","protected":false},"featured_media":43516,"template":"","meta":[],"product_cat":[2948,2953],"product_tag":[],"acf":[],"yoast_head":"<!-- This site is optimized with the Yoast SEO plugin v20.11 - https:\/\/yoast.com\/wordpress\/plugins\/seo\/ -->\n<title>Pop Forever : Tom Wesselmann - Librairie 7L<\/title>\n<meta name=\"robots\" content=\"index, follow, max-snippet:-1, max-image-preview:large, max-video-preview:-1\" \/>\n<link rel=\"canonical\" href=\"https:\/\/librairie7l.com\/en\/produit\/pop-forever-tom-wesselmann-2\/\" \/>\n<meta property=\"og:locale\" content=\"en_US\" \/>\n<meta property=\"og:type\" content=\"article\" \/>\n<meta property=\"og:title\" content=\"Pop Forever : Tom Wesselmann - Librairie 7L\" \/>\n<meta property=\"og:description\" content=\"Tom Wesselmann (1931-2004) est consid\u00e9r\u00e9 comme l&#8217;un des plus importants artistes Pop de sa g\u00e9n\u00e9ration, avec une production qui s&#8217;\u00e9tend sur presque cinq d\u00e9cennies, des ann\u00e9es 1950 aux ann\u00e9es 2000. N\u00e9 \u00e0 Cincinnati, l&#8217;artiste fera de New York son lieu de vie et de cr\u00e9ation, et il y restera jusqu&#8217;\u00e0 son d\u00e9c\u00e8s, le 17 d\u00e9cembre [&hellip;]\" \/>\n<meta property=\"og:url\" content=\"https:\/\/librairie7l.com\/en\/produit\/pop-forever-tom-wesselmann-2\/\" \/>\n<meta property=\"og:site_name\" content=\"Librairie 7L\" \/>\n<meta property=\"article:modified_time\" content=\"2026-05-03T22:50:38+00:00\" \/>\n<meta property=\"og:image\" content=\"https:\/\/librairie7l.com\/wp-content\/uploads\/2024\/05\/9782073068323_1_75.jpg\" \/>\n\t<meta property=\"og:image:width\" content=\"600\" \/>\n\t<meta property=\"og:image:height\" content=\"691\" \/>\n\t<meta property=\"og:image:type\" content=\"image\/jpeg\" \/>\n<meta name=\"twitter:card\" content=\"summary_large_image\" \/>\n<meta name=\"twitter:label1\" content=\"Est. reading time\" \/>\n\t<meta name=\"twitter:data1\" content=\"1 minute\" \/>\n<script type=\"application\/ld+json\" class=\"yoast-schema-graph\">{\"@context\":\"https:\/\/schema.org\",\"@graph\":[{\"@type\":\"WebPage\",\"@id\":\"https:\/\/librairie7l.com\/en\/produit\/pop-forever-tom-wesselmann-2\/\",\"url\":\"https:\/\/librairie7l.com\/en\/produit\/pop-forever-tom-wesselmann-2\/\",\"name\":\"Pop Forever : Tom Wesselmann - Librairie 7L\",\"isPartOf\":{\"@id\":\"https:\/\/librairie7l.com\/en\/#website\"},\"datePublished\":\"2024-10-17T07:17:36+00:00\",\"dateModified\":\"2026-05-03T22:50:38+00:00\",\"breadcrumb\":{\"@id\":\"https:\/\/librairie7l.com\/en\/produit\/pop-forever-tom-wesselmann-2\/#breadcrumb\"},\"inLanguage\":\"en-US\",\"potentialAction\":[{\"@type\":\"ReadAction\",\"target\":[\"https:\/\/librairie7l.com\/en\/produit\/pop-forever-tom-wesselmann-2\/\"]}]},{\"@type\":\"BreadcrumbList\",\"@id\":\"https:\/\/librairie7l.com\/en\/produit\/pop-forever-tom-wesselmann-2\/#breadcrumb\",\"itemListElement\":[{\"@type\":\"ListItem\",\"position\":1,\"name\":\"Accueil\",\"item\":\"https:\/\/librairie7l.com\/en\/\"},{\"@type\":\"ListItem\",\"position\":2,\"name\":\"Shop\",\"item\":\"https:\/\/librairie7l.com\/en\/shop\/\"},{\"@type\":\"ListItem\",\"position\":3,\"name\":\"POP FOREVER : TOM WESSELMANN\"}]},{\"@type\":\"WebSite\",\"@id\":\"https:\/\/librairie7l.com\/en\/#website\",\"url\":\"https:\/\/librairie7l.com\/en\/\",\"name\":\"Librairie 7L\",\"description\":\"Librairie fond\u00e9e en 1999 par Karl Lagerfeld \u00e0 Paris\",\"publisher\":{\"@id\":\"https:\/\/librairie7l.com\/en\/#organization\"},\"potentialAction\":[{\"@type\":\"SearchAction\",\"target\":{\"@type\":\"EntryPoint\",\"urlTemplate\":\"https:\/\/librairie7l.com\/en\/?s={search_term_string}\"},\"query-input\":\"required name=search_term_string\"}],\"inLanguage\":\"en-US\"},{\"@type\":\"Organization\",\"@id\":\"https:\/\/librairie7l.com\/en\/#organization\",\"name\":\"Librairie 7L\",\"url\":\"https:\/\/librairie7l.com\/en\/\",\"logo\":{\"@type\":\"ImageObject\",\"inLanguage\":\"en-US\",\"@id\":\"https:\/\/librairie7l.com\/en\/#\/schema\/logo\/image\/\",\"url\":\"https:\/\/librairie7l.com\/wp-content\/uploads\/2022\/08\/logo-1.png\",\"contentUrl\":\"https:\/\/librairie7l.com\/wp-content\/uploads\/2022\/08\/logo-1.png\",\"width\":227,\"height\":301,\"caption\":\"Librairie 7L\"},\"image\":{\"@id\":\"https:\/\/librairie7l.com\/en\/#\/schema\/logo\/image\/\"}}]}<\/script>\n<!-- \/ Yoast SEO plugin. -->","yoast_head_json":{"title":"Pop Forever : Tom Wesselmann - Librairie 7L","robots":{"index":"index","follow":"follow","max-snippet":"max-snippet:-1","max-image-preview":"max-image-preview:large","max-video-preview":"max-video-preview:-1"},"canonical":"https:\/\/librairie7l.com\/en\/produit\/pop-forever-tom-wesselmann-2\/","og_locale":"en_US","og_type":"article","og_title":"Pop Forever : Tom Wesselmann - Librairie 7L","og_description":"Tom Wesselmann (1931-2004) est consid\u00e9r\u00e9 comme l&#8217;un des plus importants artistes Pop de sa g\u00e9n\u00e9ration, avec une production qui s&#8217;\u00e9tend sur presque cinq d\u00e9cennies, des ann\u00e9es 1950 aux ann\u00e9es 2000. N\u00e9 \u00e0 Cincinnati, l&#8217;artiste fera de New York son lieu de vie et de cr\u00e9ation, et il y restera jusqu&#8217;\u00e0 son d\u00e9c\u00e8s, le 17 d\u00e9cembre [&hellip;]","og_url":"https:\/\/librairie7l.com\/en\/produit\/pop-forever-tom-wesselmann-2\/","og_site_name":"Librairie 7L","article_modified_time":"2026-05-03T22:50:38+00:00","og_image":[{"width":600,"height":691,"url":"https:\/\/librairie7l.com\/wp-content\/uploads\/2024\/05\/9782073068323_1_75.jpg","type":"image\/jpeg"}],"twitter_card":"summary_large_image","twitter_misc":{"Est. reading time":"1 minute"},"schema":{"@context":"https:\/\/schema.org","@graph":[{"@type":"WebPage","@id":"https:\/\/librairie7l.com\/en\/produit\/pop-forever-tom-wesselmann-2\/","url":"https:\/\/librairie7l.com\/en\/produit\/pop-forever-tom-wesselmann-2\/","name":"Pop Forever : Tom Wesselmann - Librairie 7L","isPartOf":{"@id":"https:\/\/librairie7l.com\/en\/#website"},"datePublished":"2024-10-17T07:17:36+00:00","dateModified":"2026-05-03T22:50:38+00:00","breadcrumb":{"@id":"https:\/\/librairie7l.com\/en\/produit\/pop-forever-tom-wesselmann-2\/#breadcrumb"},"inLanguage":"en-US","potentialAction":[{"@type":"ReadAction","target":["https:\/\/librairie7l.com\/en\/produit\/pop-forever-tom-wesselmann-2\/"]}]},{"@type":"BreadcrumbList","@id":"https:\/\/librairie7l.com\/en\/produit\/pop-forever-tom-wesselmann-2\/#breadcrumb","itemListElement":[{"@type":"ListItem","position":1,"name":"Accueil","item":"https:\/\/librairie7l.com\/en\/"},{"@type":"ListItem","position":2,"name":"Shop","item":"https:\/\/librairie7l.com\/en\/shop\/"},{"@type":"ListItem","position":3,"name":"POP FOREVER : TOM WESSELMANN"}]},{"@type":"WebSite","@id":"https:\/\/librairie7l.com\/en\/#website","url":"https:\/\/librairie7l.com\/en\/","name":"Librairie 7L","description":"Librairie fond\u00e9e en 1999 par Karl Lagerfeld \u00e0 Paris","publisher":{"@id":"https:\/\/librairie7l.com\/en\/#organization"},"potentialAction":[{"@type":"SearchAction","target":{"@type":"EntryPoint","urlTemplate":"https:\/\/librairie7l.com\/en\/?s={search_term_string}"},"query-input":"required name=search_term_string"}],"inLanguage":"en-US"},{"@type":"Organization","@id":"https:\/\/librairie7l.com\/en\/#organization","name":"Librairie 7L","url":"https:\/\/librairie7l.com\/en\/","logo":{"@type":"ImageObject","inLanguage":"en-US","@id":"https:\/\/librairie7l.com\/en\/#\/schema\/logo\/image\/","url":"https:\/\/librairie7l.com\/wp-content\/uploads\/2022\/08\/logo-1.png","contentUrl":"https:\/\/librairie7l.com\/wp-content\/uploads\/2022\/08\/logo-1.png","width":227,"height":301,"caption":"Librairie 7L"},"image":{"@id":"https:\/\/librairie7l.com\/en\/#\/schema\/logo\/image\/"}}]}},"_links":{"self":[{"href":"https:\/\/librairie7l.com\/en\/wp-json\/wp\/v2\/product\/43518"}],"collection":[{"href":"https:\/\/librairie7l.com\/en\/wp-json\/wp\/v2\/product"}],"about":[{"href":"https:\/\/librairie7l.com\/en\/wp-json\/wp\/v2\/types\/product"}],"wp:featuredmedia":[{"embeddable":true,"href":"https:\/\/librairie7l.com\/en\/wp-json\/wp\/v2\/media\/43516"}],"wp:attachment":[{"href":"https:\/\/librairie7l.com\/en\/wp-json\/wp\/v2\/media?parent=43518"}],"wp:term":[{"taxonomy":"product_cat","embeddable":true,"href":"https:\/\/librairie7l.com\/en\/wp-json\/wp\/v2\/product_cat?post=43518"},{"taxonomy":"product_tag","embeddable":true,"href":"https:\/\/librairie7l.com\/en\/wp-json\/wp\/v2\/product_tag?post=43518"}],"curies":[{"name":"wp","href":"https:\/\/api.w.org\/{rel}","templated":true}]}}