{"id":43522,"date":"2024-10-17T09:17:39","date_gmt":"2024-10-17T07:17:39","guid":{"rendered":"https:\/\/librairie7l.com\/?post_type=product&#038;p=43522"},"modified":"2026-04-08T20:39:20","modified_gmt":"2026-04-08T18:39:20","slug":"figures-du-fou-du-moyen-age-aux-romantiques-2","status":"publish","type":"product","link":"https:\/\/librairie7l.com\/en\/produit\/figures-du-fou-du-moyen-age-aux-romantiques-2\/","title":{"rendered":"FIGURES DU FOU : DU MOYEN \u00c2GE AUX ROMANTIQUES"},"content":{"rendered":"<p>\u00abInfini est le nombre des fous\u00bb Eccl\u00e9siaste, chapitre I, 15 Au commencement \u00e9tait \u00abl&#8217;insens\u00e9\u00bb, pauvre fou d\u00e9pourvu de sagesse qui se d\u00e9tourne de Dieu. Rel\u00e9gu\u00e9 dans les marges, il sort de la sph\u00e8re religieuse au cours du Moyen \u00c2ge pour s&#8217;\u00e9panouir dans le monde profane et devenir tour \u00e0 tour celui qui divertit, met en garde, d\u00e9nonce, inverse les valeurs, voire renverse l&#8217;ordre \u00e9tabli. Reconnaissable \u00e0 ses attributs embl\u00e9matiques &#8211; capuchon \u00e0 oreilles d&#8217;\u00e2ne ou \u00e0 cr\u00eate de coq, grelots, clochettes, marotte, costume bariol\u00e9 -, cette figure \u00e9volue au fil des si\u00e8cles et s&#8217;incarne en de multiples avatars : fous de cour, fous d&#8217;amour ou bouffons envahissent alors tout l&#8217;espace artistique occidental. Du Moyen \u00c2ge \u00e0 la Renaissance et jusqu&#8217;\u00e0 l&#8217;\u00e9poque moderne, un parcours exceptionnel dans l&#8217;art de l&#8217;Europe du Nord r\u00e9unit ici pr\u00e8s de 350 oeuvres aussi diverses que les personnages qu&#8217;elles mettent en sc\u00e8ne : manuscrits enlumin\u00e9s, livres imprim\u00e9s, gravures, tapisseries, sculptures, objets pr\u00e9cieux ou du quotidien et peintures d&#8217;illustres artistes, tels que Bosch, Bruegel, G\u00e9ricault, Courbet&#8230; Sous le regard expert des plus grands sp\u00e9cialistes, cet ouvrage nous invite \u00e0 r\u00e9fl\u00e9chir \u00e0 ce que la norme conserve comme \u00e0 ce qu&#8217;elle rejette. Il propose de reconsid\u00e9rer quelques articulations majeures de l&#8217;histoire et de l&#8217;histoire de l&#8217;art, \u00e0 l&#8217;aune de cette figure qui cristallise les inqui\u00e9tudes et les passions. Une plong\u00e9e dans un monde de folie qui nous renvoie \u00e0 nous-m\u00eames et \u00e0 notre rapport \u00e0 l&#8217;Autre.<\/p>\n","protected":false},"excerpt":{"rendered":"<p>\u00abInfini est le nombre des fous\u00bb Eccl\u00e9siaste, chapitre I, 15 Au commencement \u00e9tait \u00abl&#8217;insens\u00e9\u00bb, pauvre fou d\u00e9pourvu de sagesse qui se d\u00e9tourne de Dieu. Rel\u00e9gu\u00e9 dans les marges, il sort de la sph\u00e8re religieuse au cours du Moyen \u00c2ge pour s&#8217;\u00e9panouir dans le monde profane et devenir tour \u00e0 tour celui qui divertit, met en [&hellip;]<\/p>\n","protected":false},"featured_media":43520,"template":"","meta":[],"product_cat":[2948,2953],"product_tag":[],"acf":[],"yoast_head":"<!-- This site is optimized with the Yoast SEO plugin v20.11 - https:\/\/yoast.com\/wordpress\/plugins\/seo\/ -->\n<title>Figures du fou : Du Moyen \u00c2ge aux romantiques - Librairie 7L<\/title>\n<meta name=\"robots\" content=\"index, follow, max-snippet:-1, max-image-preview:large, max-video-preview:-1\" \/>\n<link rel=\"canonical\" href=\"https:\/\/librairie7l.com\/en\/produit\/figures-du-fou-du-moyen-age-aux-romantiques-2\/\" \/>\n<meta property=\"og:locale\" content=\"en_US\" \/>\n<meta property=\"og:type\" content=\"article\" \/>\n<meta property=\"og:title\" content=\"Figures du fou : Du Moyen \u00c2ge aux romantiques - Librairie 7L\" \/>\n<meta property=\"og:description\" content=\"\u00abInfini est le nombre des fous\u00bb Eccl\u00e9siaste, chapitre I, 15 Au commencement \u00e9tait \u00abl&#8217;insens\u00e9\u00bb, pauvre fou d\u00e9pourvu de sagesse qui se d\u00e9tourne de Dieu. Rel\u00e9gu\u00e9 dans les marges, il sort de la sph\u00e8re religieuse au cours du Moyen \u00c2ge pour s&#8217;\u00e9panouir dans le monde profane et devenir tour \u00e0 tour celui qui divertit, met en [&hellip;]\" \/>\n<meta property=\"og:url\" content=\"https:\/\/librairie7l.com\/en\/produit\/figures-du-fou-du-moyen-age-aux-romantiques-2\/\" \/>\n<meta property=\"og:site_name\" content=\"Librairie 7L\" \/>\n<meta property=\"article:modified_time\" content=\"2026-04-08T18:39:20+00:00\" \/>\n<meta property=\"og:image\" content=\"https:\/\/librairie7l.com\/wp-content\/uploads\/2024\/05\/9782073073037_1_75.jpg\" \/>\n\t<meta property=\"og:image:width\" content=\"600\" \/>\n\t<meta property=\"og:image:height\" content=\"666\" \/>\n\t<meta property=\"og:image:type\" content=\"image\/jpeg\" \/>\n<meta name=\"twitter:card\" content=\"summary_large_image\" \/>\n<meta name=\"twitter:label1\" content=\"Est. reading time\" \/>\n\t<meta name=\"twitter:data1\" content=\"1 minute\" \/>\n<script type=\"application\/ld+json\" class=\"yoast-schema-graph\">{\"@context\":\"https:\/\/schema.org\",\"@graph\":[{\"@type\":\"WebPage\",\"@id\":\"https:\/\/librairie7l.com\/en\/produit\/figures-du-fou-du-moyen-age-aux-romantiques-2\/\",\"url\":\"https:\/\/librairie7l.com\/en\/produit\/figures-du-fou-du-moyen-age-aux-romantiques-2\/\",\"name\":\"Figures du fou : Du Moyen \u00c2ge aux romantiques - Librairie 7L\",\"isPartOf\":{\"@id\":\"https:\/\/librairie7l.com\/en\/#website\"},\"datePublished\":\"2024-10-17T07:17:39+00:00\",\"dateModified\":\"2026-04-08T18:39:20+00:00\",\"breadcrumb\":{\"@id\":\"https:\/\/librairie7l.com\/en\/produit\/figures-du-fou-du-moyen-age-aux-romantiques-2\/#breadcrumb\"},\"inLanguage\":\"en-US\",\"potentialAction\":[{\"@type\":\"ReadAction\",\"target\":[\"https:\/\/librairie7l.com\/en\/produit\/figures-du-fou-du-moyen-age-aux-romantiques-2\/\"]}]},{\"@type\":\"BreadcrumbList\",\"@id\":\"https:\/\/librairie7l.com\/en\/produit\/figures-du-fou-du-moyen-age-aux-romantiques-2\/#breadcrumb\",\"itemListElement\":[{\"@type\":\"ListItem\",\"position\":1,\"name\":\"Accueil\",\"item\":\"https:\/\/librairie7l.com\/en\/\"},{\"@type\":\"ListItem\",\"position\":2,\"name\":\"Shop\",\"item\":\"https:\/\/librairie7l.com\/en\/shop\/\"},{\"@type\":\"ListItem\",\"position\":3,\"name\":\"FIGURES DU FOU : DU MOYEN \u00c2GE AUX ROMANTIQUES\"}]},{\"@type\":\"WebSite\",\"@id\":\"https:\/\/librairie7l.com\/en\/#website\",\"url\":\"https:\/\/librairie7l.com\/en\/\",\"name\":\"Librairie 7L\",\"description\":\"Librairie fond\u00e9e en 1999 par Karl Lagerfeld \u00e0 Paris\",\"publisher\":{\"@id\":\"https:\/\/librairie7l.com\/en\/#organization\"},\"potentialAction\":[{\"@type\":\"SearchAction\",\"target\":{\"@type\":\"EntryPoint\",\"urlTemplate\":\"https:\/\/librairie7l.com\/en\/?s={search_term_string}\"},\"query-input\":\"required name=search_term_string\"}],\"inLanguage\":\"en-US\"},{\"@type\":\"Organization\",\"@id\":\"https:\/\/librairie7l.com\/en\/#organization\",\"name\":\"Librairie 7L\",\"url\":\"https:\/\/librairie7l.com\/en\/\",\"logo\":{\"@type\":\"ImageObject\",\"inLanguage\":\"en-US\",\"@id\":\"https:\/\/librairie7l.com\/en\/#\/schema\/logo\/image\/\",\"url\":\"https:\/\/librairie7l.com\/wp-content\/uploads\/2022\/08\/logo-1.png\",\"contentUrl\":\"https:\/\/librairie7l.com\/wp-content\/uploads\/2022\/08\/logo-1.png\",\"width\":227,\"height\":301,\"caption\":\"Librairie 7L\"},\"image\":{\"@id\":\"https:\/\/librairie7l.com\/en\/#\/schema\/logo\/image\/\"}}]}<\/script>\n<!-- \/ Yoast SEO plugin. -->","yoast_head_json":{"title":"Figures du fou : Du Moyen \u00c2ge aux romantiques - Librairie 7L","robots":{"index":"index","follow":"follow","max-snippet":"max-snippet:-1","max-image-preview":"max-image-preview:large","max-video-preview":"max-video-preview:-1"},"canonical":"https:\/\/librairie7l.com\/en\/produit\/figures-du-fou-du-moyen-age-aux-romantiques-2\/","og_locale":"en_US","og_type":"article","og_title":"Figures du fou : Du Moyen \u00c2ge aux romantiques - Librairie 7L","og_description":"\u00abInfini est le nombre des fous\u00bb Eccl\u00e9siaste, chapitre I, 15 Au commencement \u00e9tait \u00abl&#8217;insens\u00e9\u00bb, pauvre fou d\u00e9pourvu de sagesse qui se d\u00e9tourne de Dieu. Rel\u00e9gu\u00e9 dans les marges, il sort de la sph\u00e8re religieuse au cours du Moyen \u00c2ge pour s&#8217;\u00e9panouir dans le monde profane et devenir tour \u00e0 tour celui qui divertit, met en [&hellip;]","og_url":"https:\/\/librairie7l.com\/en\/produit\/figures-du-fou-du-moyen-age-aux-romantiques-2\/","og_site_name":"Librairie 7L","article_modified_time":"2026-04-08T18:39:20+00:00","og_image":[{"width":600,"height":666,"url":"https:\/\/librairie7l.com\/wp-content\/uploads\/2024\/05\/9782073073037_1_75.jpg","type":"image\/jpeg"}],"twitter_card":"summary_large_image","twitter_misc":{"Est. reading time":"1 minute"},"schema":{"@context":"https:\/\/schema.org","@graph":[{"@type":"WebPage","@id":"https:\/\/librairie7l.com\/en\/produit\/figures-du-fou-du-moyen-age-aux-romantiques-2\/","url":"https:\/\/librairie7l.com\/en\/produit\/figures-du-fou-du-moyen-age-aux-romantiques-2\/","name":"Figures du fou : Du Moyen \u00c2ge aux romantiques - Librairie 7L","isPartOf":{"@id":"https:\/\/librairie7l.com\/en\/#website"},"datePublished":"2024-10-17T07:17:39+00:00","dateModified":"2026-04-08T18:39:20+00:00","breadcrumb":{"@id":"https:\/\/librairie7l.com\/en\/produit\/figures-du-fou-du-moyen-age-aux-romantiques-2\/#breadcrumb"},"inLanguage":"en-US","potentialAction":[{"@type":"ReadAction","target":["https:\/\/librairie7l.com\/en\/produit\/figures-du-fou-du-moyen-age-aux-romantiques-2\/"]}]},{"@type":"BreadcrumbList","@id":"https:\/\/librairie7l.com\/en\/produit\/figures-du-fou-du-moyen-age-aux-romantiques-2\/#breadcrumb","itemListElement":[{"@type":"ListItem","position":1,"name":"Accueil","item":"https:\/\/librairie7l.com\/en\/"},{"@type":"ListItem","position":2,"name":"Shop","item":"https:\/\/librairie7l.com\/en\/shop\/"},{"@type":"ListItem","position":3,"name":"FIGURES DU FOU : DU MOYEN \u00c2GE AUX ROMANTIQUES"}]},{"@type":"WebSite","@id":"https:\/\/librairie7l.com\/en\/#website","url":"https:\/\/librairie7l.com\/en\/","name":"Librairie 7L","description":"Librairie fond\u00e9e en 1999 par Karl Lagerfeld \u00e0 Paris","publisher":{"@id":"https:\/\/librairie7l.com\/en\/#organization"},"potentialAction":[{"@type":"SearchAction","target":{"@type":"EntryPoint","urlTemplate":"https:\/\/librairie7l.com\/en\/?s={search_term_string}"},"query-input":"required name=search_term_string"}],"inLanguage":"en-US"},{"@type":"Organization","@id":"https:\/\/librairie7l.com\/en\/#organization","name":"Librairie 7L","url":"https:\/\/librairie7l.com\/en\/","logo":{"@type":"ImageObject","inLanguage":"en-US","@id":"https:\/\/librairie7l.com\/en\/#\/schema\/logo\/image\/","url":"https:\/\/librairie7l.com\/wp-content\/uploads\/2022\/08\/logo-1.png","contentUrl":"https:\/\/librairie7l.com\/wp-content\/uploads\/2022\/08\/logo-1.png","width":227,"height":301,"caption":"Librairie 7L"},"image":{"@id":"https:\/\/librairie7l.com\/en\/#\/schema\/logo\/image\/"}}]}},"_links":{"self":[{"href":"https:\/\/librairie7l.com\/en\/wp-json\/wp\/v2\/product\/43522"}],"collection":[{"href":"https:\/\/librairie7l.com\/en\/wp-json\/wp\/v2\/product"}],"about":[{"href":"https:\/\/librairie7l.com\/en\/wp-json\/wp\/v2\/types\/product"}],"wp:featuredmedia":[{"embeddable":true,"href":"https:\/\/librairie7l.com\/en\/wp-json\/wp\/v2\/media\/43520"}],"wp:attachment":[{"href":"https:\/\/librairie7l.com\/en\/wp-json\/wp\/v2\/media?parent=43522"}],"wp:term":[{"taxonomy":"product_cat","embeddable":true,"href":"https:\/\/librairie7l.com\/en\/wp-json\/wp\/v2\/product_cat?post=43522"},{"taxonomy":"product_tag","embeddable":true,"href":"https:\/\/librairie7l.com\/en\/wp-json\/wp\/v2\/product_tag?post=43522"}],"curies":[{"name":"wp","href":"https:\/\/api.w.org\/{rel}","templated":true}]}}