{"id":43530,"date":"2024-10-17T09:17:47","date_gmt":"2024-10-17T07:17:47","guid":{"rendered":"https:\/\/librairie7l.com\/?post_type=product&#038;p=43530"},"modified":"2026-04-09T10:19:36","modified_gmt":"2026-04-09T08:19:36","slug":"lart-nordique-une-philosophie-de-vie-environnement-artistes-themes-2","status":"publish","type":"product","link":"https:\/\/librairie7l.com\/en\/produit\/lart-nordique-une-philosophie-de-vie-environnement-artistes-themes-2\/","title":{"rendered":"L&#8217;ART NORDIQUE, UNE PHILOSOPHIE DE VIE : ENVIRONNEMENT, ARTISTES, TH\u00c8MES"},"content":{"rendered":"<p>AUTEURS: Eva-Lena Bergstrom, Anna-Maria von Bonsdorff, Michaela Giebelhausen, Monica Grini, Tonje Haugland S\u00f8rensen, Alexandra Herlitz, Marja Lahelma, Peter N\u00f8rgaard Larsen, Nils Ohlsen, Martin Olin, Susanna Pettersson, Carina Rech, Jessica Sjoholm Skrubbe, Patrik Steorn <\/p>\n<p> Une exploration du d\u00e9veloppement de la sc\u00e8ne artistique, de son contexte socio-politique et du r\u00f4le des beaux-arts dans la soci\u00e9t\u00e9 nordique du 19e si\u00e8cle. <\/p>\n<p> Harriet Backet. The Music of Color : Mus\u00e9e d&#8217;Orsay (Paris) (septembre 2024)<br \/>\n Pionering Female Artists around 1900 : Ateneum (Helsinki) \/ Kunstpalast (D\u00fcsseldorf) (Spring-Autumn 2025)<br \/>\n Gothic art in the German World : Albertina (Vienna) (September 2025)<br \/>\n Pekka Halonen : Petit Palais (Paris) (November 2025)<br \/>\n Bruno Liljefors : Petit Palais (Paris) (2026<\/p>\n","protected":false},"excerpt":{"rendered":"<p>AUTEURS: Eva-Lena Bergstrom, Anna-Maria von Bonsdorff, Michaela Giebelhausen, Monica Grini, Tonje Haugland S\u00f8rensen, Alexandra Herlitz, Marja Lahelma, Peter N\u00f8rgaard Larsen, Nils Ohlsen, Martin Olin, Susanna Pettersson, Carina Rech, Jessica Sjoholm Skrubbe, Patrik Steorn Une exploration du d\u00e9veloppement de la sc\u00e8ne artistique, de son contexte socio-politique et du r\u00f4le des beaux-arts dans la soci\u00e9t\u00e9 nordique du [&hellip;]<\/p>\n","protected":false},"featured_media":43528,"template":"","meta":[],"product_cat":[2948,2953],"product_tag":[],"acf":[],"yoast_head":"<!-- This site is optimized with the Yoast SEO plugin v20.11 - https:\/\/yoast.com\/wordpress\/plugins\/seo\/ -->\n<title>L&#039;art nordique, une philosophie de vie : Environnement, artistes, th\u00e8mes - Librairie 7L<\/title>\n<meta name=\"robots\" content=\"index, follow, max-snippet:-1, max-image-preview:large, max-video-preview:-1\" \/>\n<link rel=\"canonical\" href=\"https:\/\/librairie7l.com\/en\/produit\/lart-nordique-une-philosophie-de-vie-environnement-artistes-themes-2\/\" \/>\n<meta property=\"og:locale\" content=\"en_US\" \/>\n<meta property=\"og:type\" content=\"article\" \/>\n<meta property=\"og:title\" content=\"L&#039;art nordique, une philosophie de vie : Environnement, artistes, th\u00e8mes - Librairie 7L\" \/>\n<meta property=\"og:description\" content=\"AUTEURS: Eva-Lena Bergstrom, Anna-Maria von Bonsdorff, Michaela Giebelhausen, Monica Grini, Tonje Haugland S\u00f8rensen, Alexandra Herlitz, Marja Lahelma, Peter N\u00f8rgaard Larsen, Nils Ohlsen, Martin Olin, Susanna Pettersson, Carina Rech, Jessica Sjoholm Skrubbe, Patrik Steorn Une exploration du d\u00e9veloppement de la sc\u00e8ne artistique, de son contexte socio-politique et du r\u00f4le des beaux-arts dans la soci\u00e9t\u00e9 nordique du [&hellip;]\" \/>\n<meta property=\"og:url\" content=\"https:\/\/librairie7l.com\/en\/produit\/lart-nordique-une-philosophie-de-vie-environnement-artistes-themes-2\/\" \/>\n<meta property=\"og:site_name\" content=\"Librairie 7L\" \/>\n<meta property=\"article:modified_time\" content=\"2026-04-09T08:19:36+00:00\" \/>\n<meta property=\"og:image\" content=\"https:\/\/librairie7l.com\/wp-content\/uploads\/2024\/06\/9789462303799_1_75.jpg\" \/>\n\t<meta property=\"og:image:width\" content=\"600\" \/>\n\t<meta property=\"og:image:height\" content=\"742\" \/>\n\t<meta property=\"og:image:type\" content=\"image\/jpeg\" \/>\n<meta name=\"twitter:card\" content=\"summary_large_image\" \/>\n<meta name=\"twitter:label1\" content=\"Est. reading time\" \/>\n\t<meta name=\"twitter:data1\" content=\"1 minute\" \/>\n<script type=\"application\/ld+json\" class=\"yoast-schema-graph\">{\"@context\":\"https:\/\/schema.org\",\"@graph\":[{\"@type\":\"WebPage\",\"@id\":\"https:\/\/librairie7l.com\/en\/produit\/lart-nordique-une-philosophie-de-vie-environnement-artistes-themes-2\/\",\"url\":\"https:\/\/librairie7l.com\/en\/produit\/lart-nordique-une-philosophie-de-vie-environnement-artistes-themes-2\/\",\"name\":\"L'art nordique, une philosophie de vie : Environnement, artistes, th\u00e8mes - Librairie 7L\",\"isPartOf\":{\"@id\":\"https:\/\/librairie7l.com\/en\/#website\"},\"datePublished\":\"2024-10-17T07:17:47+00:00\",\"dateModified\":\"2026-04-09T08:19:36+00:00\",\"breadcrumb\":{\"@id\":\"https:\/\/librairie7l.com\/en\/produit\/lart-nordique-une-philosophie-de-vie-environnement-artistes-themes-2\/#breadcrumb\"},\"inLanguage\":\"en-US\",\"potentialAction\":[{\"@type\":\"ReadAction\",\"target\":[\"https:\/\/librairie7l.com\/en\/produit\/lart-nordique-une-philosophie-de-vie-environnement-artistes-themes-2\/\"]}]},{\"@type\":\"BreadcrumbList\",\"@id\":\"https:\/\/librairie7l.com\/en\/produit\/lart-nordique-une-philosophie-de-vie-environnement-artistes-themes-2\/#breadcrumb\",\"itemListElement\":[{\"@type\":\"ListItem\",\"position\":1,\"name\":\"Accueil\",\"item\":\"https:\/\/librairie7l.com\/en\/\"},{\"@type\":\"ListItem\",\"position\":2,\"name\":\"Shop\",\"item\":\"https:\/\/librairie7l.com\/en\/shop\/\"},{\"@type\":\"ListItem\",\"position\":3,\"name\":\"L&#8217;ART NORDIQUE, UNE PHILOSOPHIE DE VIE : ENVIRONNEMENT, ARTISTES, TH\u00c8MES\"}]},{\"@type\":\"WebSite\",\"@id\":\"https:\/\/librairie7l.com\/en\/#website\",\"url\":\"https:\/\/librairie7l.com\/en\/\",\"name\":\"Librairie 7L\",\"description\":\"Librairie fond\u00e9e en 1999 par Karl Lagerfeld \u00e0 Paris\",\"publisher\":{\"@id\":\"https:\/\/librairie7l.com\/en\/#organization\"},\"potentialAction\":[{\"@type\":\"SearchAction\",\"target\":{\"@type\":\"EntryPoint\",\"urlTemplate\":\"https:\/\/librairie7l.com\/en\/?s={search_term_string}\"},\"query-input\":\"required name=search_term_string\"}],\"inLanguage\":\"en-US\"},{\"@type\":\"Organization\",\"@id\":\"https:\/\/librairie7l.com\/en\/#organization\",\"name\":\"Librairie 7L\",\"url\":\"https:\/\/librairie7l.com\/en\/\",\"logo\":{\"@type\":\"ImageObject\",\"inLanguage\":\"en-US\",\"@id\":\"https:\/\/librairie7l.com\/en\/#\/schema\/logo\/image\/\",\"url\":\"https:\/\/librairie7l.com\/wp-content\/uploads\/2022\/08\/logo-1.png\",\"contentUrl\":\"https:\/\/librairie7l.com\/wp-content\/uploads\/2022\/08\/logo-1.png\",\"width\":227,\"height\":301,\"caption\":\"Librairie 7L\"},\"image\":{\"@id\":\"https:\/\/librairie7l.com\/en\/#\/schema\/logo\/image\/\"}}]}<\/script>\n<!-- \/ Yoast SEO plugin. -->","yoast_head_json":{"title":"L'art nordique, une philosophie de vie : Environnement, artistes, th\u00e8mes - Librairie 7L","robots":{"index":"index","follow":"follow","max-snippet":"max-snippet:-1","max-image-preview":"max-image-preview:large","max-video-preview":"max-video-preview:-1"},"canonical":"https:\/\/librairie7l.com\/en\/produit\/lart-nordique-une-philosophie-de-vie-environnement-artistes-themes-2\/","og_locale":"en_US","og_type":"article","og_title":"L'art nordique, une philosophie de vie : Environnement, artistes, th\u00e8mes - Librairie 7L","og_description":"AUTEURS: Eva-Lena Bergstrom, Anna-Maria von Bonsdorff, Michaela Giebelhausen, Monica Grini, Tonje Haugland S\u00f8rensen, Alexandra Herlitz, Marja Lahelma, Peter N\u00f8rgaard Larsen, Nils Ohlsen, Martin Olin, Susanna Pettersson, Carina Rech, Jessica Sjoholm Skrubbe, Patrik Steorn Une exploration du d\u00e9veloppement de la sc\u00e8ne artistique, de son contexte socio-politique et du r\u00f4le des beaux-arts dans la soci\u00e9t\u00e9 nordique du [&hellip;]","og_url":"https:\/\/librairie7l.com\/en\/produit\/lart-nordique-une-philosophie-de-vie-environnement-artistes-themes-2\/","og_site_name":"Librairie 7L","article_modified_time":"2026-04-09T08:19:36+00:00","og_image":[{"width":600,"height":742,"url":"https:\/\/librairie7l.com\/wp-content\/uploads\/2024\/06\/9789462303799_1_75.jpg","type":"image\/jpeg"}],"twitter_card":"summary_large_image","twitter_misc":{"Est. reading time":"1 minute"},"schema":{"@context":"https:\/\/schema.org","@graph":[{"@type":"WebPage","@id":"https:\/\/librairie7l.com\/en\/produit\/lart-nordique-une-philosophie-de-vie-environnement-artistes-themes-2\/","url":"https:\/\/librairie7l.com\/en\/produit\/lart-nordique-une-philosophie-de-vie-environnement-artistes-themes-2\/","name":"L'art nordique, une philosophie de vie : Environnement, artistes, th\u00e8mes - Librairie 7L","isPartOf":{"@id":"https:\/\/librairie7l.com\/en\/#website"},"datePublished":"2024-10-17T07:17:47+00:00","dateModified":"2026-04-09T08:19:36+00:00","breadcrumb":{"@id":"https:\/\/librairie7l.com\/en\/produit\/lart-nordique-une-philosophie-de-vie-environnement-artistes-themes-2\/#breadcrumb"},"inLanguage":"en-US","potentialAction":[{"@type":"ReadAction","target":["https:\/\/librairie7l.com\/en\/produit\/lart-nordique-une-philosophie-de-vie-environnement-artistes-themes-2\/"]}]},{"@type":"BreadcrumbList","@id":"https:\/\/librairie7l.com\/en\/produit\/lart-nordique-une-philosophie-de-vie-environnement-artistes-themes-2\/#breadcrumb","itemListElement":[{"@type":"ListItem","position":1,"name":"Accueil","item":"https:\/\/librairie7l.com\/en\/"},{"@type":"ListItem","position":2,"name":"Shop","item":"https:\/\/librairie7l.com\/en\/shop\/"},{"@type":"ListItem","position":3,"name":"L&#8217;ART NORDIQUE, UNE PHILOSOPHIE DE VIE : ENVIRONNEMENT, ARTISTES, TH\u00c8MES"}]},{"@type":"WebSite","@id":"https:\/\/librairie7l.com\/en\/#website","url":"https:\/\/librairie7l.com\/en\/","name":"Librairie 7L","description":"Librairie fond\u00e9e en 1999 par Karl Lagerfeld \u00e0 Paris","publisher":{"@id":"https:\/\/librairie7l.com\/en\/#organization"},"potentialAction":[{"@type":"SearchAction","target":{"@type":"EntryPoint","urlTemplate":"https:\/\/librairie7l.com\/en\/?s={search_term_string}"},"query-input":"required name=search_term_string"}],"inLanguage":"en-US"},{"@type":"Organization","@id":"https:\/\/librairie7l.com\/en\/#organization","name":"Librairie 7L","url":"https:\/\/librairie7l.com\/en\/","logo":{"@type":"ImageObject","inLanguage":"en-US","@id":"https:\/\/librairie7l.com\/en\/#\/schema\/logo\/image\/","url":"https:\/\/librairie7l.com\/wp-content\/uploads\/2022\/08\/logo-1.png","contentUrl":"https:\/\/librairie7l.com\/wp-content\/uploads\/2022\/08\/logo-1.png","width":227,"height":301,"caption":"Librairie 7L"},"image":{"@id":"https:\/\/librairie7l.com\/en\/#\/schema\/logo\/image\/"}}]}},"_links":{"self":[{"href":"https:\/\/librairie7l.com\/en\/wp-json\/wp\/v2\/product\/43530"}],"collection":[{"href":"https:\/\/librairie7l.com\/en\/wp-json\/wp\/v2\/product"}],"about":[{"href":"https:\/\/librairie7l.com\/en\/wp-json\/wp\/v2\/types\/product"}],"wp:featuredmedia":[{"embeddable":true,"href":"https:\/\/librairie7l.com\/en\/wp-json\/wp\/v2\/media\/43528"}],"wp:attachment":[{"href":"https:\/\/librairie7l.com\/en\/wp-json\/wp\/v2\/media?parent=43530"}],"wp:term":[{"taxonomy":"product_cat","embeddable":true,"href":"https:\/\/librairie7l.com\/en\/wp-json\/wp\/v2\/product_cat?post=43530"},{"taxonomy":"product_tag","embeddable":true,"href":"https:\/\/librairie7l.com\/en\/wp-json\/wp\/v2\/product_tag?post=43530"}],"curies":[{"name":"wp","href":"https:\/\/api.w.org\/{rel}","templated":true}]}}