{"id":43534,"date":"2024-10-17T09:17:50","date_gmt":"2024-10-17T07:17:50","guid":{"rendered":"https:\/\/librairie7l.com\/?post_type=product&#038;p=43534"},"modified":"2026-04-08T19:03:59","modified_gmt":"2026-04-08T17:03:59","slug":"lodyssee-des-petites-iles-italiennes-2","status":"publish","type":"product","link":"https:\/\/librairie7l.com\/en\/produit\/lodyssee-des-petites-iles-italiennes-2\/","title":{"rendered":"L&#8217;ODYSS\u00c9E DES PETITES \u00ceLES ITALIENNES"},"content":{"rendered":"<p>Durant 30 ans, Bernard Plossu a sillonn\u00e9 les petites \u00eeles italiennes, dopo l&#8217;estate, en compagnie de sa femme Fran\u00e7oise Nunez. Cette odyss\u00e9e minuscule est le plus long et le plus intime voyage du photographe po\u00e8te. Capri, Elbe, Capraia, Favignana, Giglio, Levanzo, Procida, Linosa, Lampedusa, Panarea, Marettimo&#8230;. Ce corpus jamais pr\u00e9sent\u00e9 dans son ensemble est une d\u00e9claration d&#8217;amour \u00e0 l&#8217;Italie.<\/p>\n","protected":false},"excerpt":{"rendered":"<p>Durant 30 ans, Bernard Plossu a sillonn\u00e9 les petites \u00eeles italiennes, dopo l&#8217;estate, en compagnie de sa femme Fran\u00e7oise Nunez. Cette odyss\u00e9e minuscule est le plus long et le plus intime voyage du photographe po\u00e8te. Capri, Elbe, Capraia, Favignana, Giglio, Levanzo, Procida, Linosa, Lampedusa, Panarea, Marettimo&#8230;. Ce corpus jamais pr\u00e9sent\u00e9 dans son ensemble est une [&hellip;]<\/p>\n","protected":false},"featured_media":43532,"template":"","meta":[],"product_cat":[2948,2958],"product_tag":[],"acf":[],"yoast_head":"<!-- This site is optimized with the Yoast SEO plugin v20.11 - https:\/\/yoast.com\/wordpress\/plugins\/seo\/ -->\n<title>L&#039;odyss\u00e9e des petites \u00eeles italiennes - Librairie 7L<\/title>\n<meta name=\"robots\" content=\"index, follow, max-snippet:-1, max-image-preview:large, max-video-preview:-1\" \/>\n<link rel=\"canonical\" href=\"https:\/\/librairie7l.com\/en\/produit\/lodyssee-des-petites-iles-italiennes-2\/\" \/>\n<meta property=\"og:locale\" content=\"en_US\" \/>\n<meta property=\"og:type\" content=\"article\" \/>\n<meta property=\"og:title\" content=\"L&#039;odyss\u00e9e des petites \u00eeles italiennes - Librairie 7L\" \/>\n<meta property=\"og:description\" content=\"Durant 30 ans, Bernard Plossu a sillonn\u00e9 les petites \u00eeles italiennes, dopo l&#8217;estate, en compagnie de sa femme Fran\u00e7oise Nunez. Cette odyss\u00e9e minuscule est le plus long et le plus intime voyage du photographe po\u00e8te. Capri, Elbe, Capraia, Favignana, Giglio, Levanzo, Procida, Linosa, Lampedusa, Panarea, Marettimo&#8230;. Ce corpus jamais pr\u00e9sent\u00e9 dans son ensemble est une [&hellip;]\" \/>\n<meta property=\"og:url\" content=\"https:\/\/librairie7l.com\/en\/produit\/lodyssee-des-petites-iles-italiennes-2\/\" \/>\n<meta property=\"og:site_name\" content=\"Librairie 7L\" \/>\n<meta property=\"article:modified_time\" content=\"2026-04-08T17:03:59+00:00\" \/>\n<meta property=\"og:image\" content=\"https:\/\/librairie7l.com\/wp-content\/uploads\/2024\/01\/9782845979468_1_75.jpg\" \/>\n\t<meta property=\"og:image:width\" content=\"600\" \/>\n\t<meta property=\"og:image:height\" content=\"857\" \/>\n\t<meta property=\"og:image:type\" content=\"image\/jpeg\" \/>\n<meta name=\"twitter:card\" content=\"summary_large_image\" \/>\n<script type=\"application\/ld+json\" class=\"yoast-schema-graph\">{\"@context\":\"https:\/\/schema.org\",\"@graph\":[{\"@type\":\"WebPage\",\"@id\":\"https:\/\/librairie7l.com\/en\/produit\/lodyssee-des-petites-iles-italiennes-2\/\",\"url\":\"https:\/\/librairie7l.com\/en\/produit\/lodyssee-des-petites-iles-italiennes-2\/\",\"name\":\"L'odyss\u00e9e des petites \u00eeles italiennes - Librairie 7L\",\"isPartOf\":{\"@id\":\"https:\/\/librairie7l.com\/en\/#website\"},\"datePublished\":\"2024-10-17T07:17:50+00:00\",\"dateModified\":\"2026-04-08T17:03:59+00:00\",\"breadcrumb\":{\"@id\":\"https:\/\/librairie7l.com\/en\/produit\/lodyssee-des-petites-iles-italiennes-2\/#breadcrumb\"},\"inLanguage\":\"en-US\",\"potentialAction\":[{\"@type\":\"ReadAction\",\"target\":[\"https:\/\/librairie7l.com\/en\/produit\/lodyssee-des-petites-iles-italiennes-2\/\"]}]},{\"@type\":\"BreadcrumbList\",\"@id\":\"https:\/\/librairie7l.com\/en\/produit\/lodyssee-des-petites-iles-italiennes-2\/#breadcrumb\",\"itemListElement\":[{\"@type\":\"ListItem\",\"position\":1,\"name\":\"Accueil\",\"item\":\"https:\/\/librairie7l.com\/en\/\"},{\"@type\":\"ListItem\",\"position\":2,\"name\":\"Shop\",\"item\":\"https:\/\/librairie7l.com\/en\/shop\/\"},{\"@type\":\"ListItem\",\"position\":3,\"name\":\"L&#8217;ODYSS\u00c9E DES PETITES \u00ceLES ITALIENNES\"}]},{\"@type\":\"WebSite\",\"@id\":\"https:\/\/librairie7l.com\/en\/#website\",\"url\":\"https:\/\/librairie7l.com\/en\/\",\"name\":\"Librairie 7L\",\"description\":\"Librairie fond\u00e9e en 1999 par Karl Lagerfeld \u00e0 Paris\",\"publisher\":{\"@id\":\"https:\/\/librairie7l.com\/en\/#organization\"},\"potentialAction\":[{\"@type\":\"SearchAction\",\"target\":{\"@type\":\"EntryPoint\",\"urlTemplate\":\"https:\/\/librairie7l.com\/en\/?s={search_term_string}\"},\"query-input\":\"required name=search_term_string\"}],\"inLanguage\":\"en-US\"},{\"@type\":\"Organization\",\"@id\":\"https:\/\/librairie7l.com\/en\/#organization\",\"name\":\"Librairie 7L\",\"url\":\"https:\/\/librairie7l.com\/en\/\",\"logo\":{\"@type\":\"ImageObject\",\"inLanguage\":\"en-US\",\"@id\":\"https:\/\/librairie7l.com\/en\/#\/schema\/logo\/image\/\",\"url\":\"https:\/\/librairie7l.com\/wp-content\/uploads\/2022\/08\/logo-1.png\",\"contentUrl\":\"https:\/\/librairie7l.com\/wp-content\/uploads\/2022\/08\/logo-1.png\",\"width\":227,\"height\":301,\"caption\":\"Librairie 7L\"},\"image\":{\"@id\":\"https:\/\/librairie7l.com\/en\/#\/schema\/logo\/image\/\"}}]}<\/script>\n<!-- \/ Yoast SEO plugin. -->","yoast_head_json":{"title":"L'odyss\u00e9e des petites \u00eeles italiennes - Librairie 7L","robots":{"index":"index","follow":"follow","max-snippet":"max-snippet:-1","max-image-preview":"max-image-preview:large","max-video-preview":"max-video-preview:-1"},"canonical":"https:\/\/librairie7l.com\/en\/produit\/lodyssee-des-petites-iles-italiennes-2\/","og_locale":"en_US","og_type":"article","og_title":"L'odyss\u00e9e des petites \u00eeles italiennes - Librairie 7L","og_description":"Durant 30 ans, Bernard Plossu a sillonn\u00e9 les petites \u00eeles italiennes, dopo l&#8217;estate, en compagnie de sa femme Fran\u00e7oise Nunez. Cette odyss\u00e9e minuscule est le plus long et le plus intime voyage du photographe po\u00e8te. Capri, Elbe, Capraia, Favignana, Giglio, Levanzo, Procida, Linosa, Lampedusa, Panarea, Marettimo&#8230;. Ce corpus jamais pr\u00e9sent\u00e9 dans son ensemble est une [&hellip;]","og_url":"https:\/\/librairie7l.com\/en\/produit\/lodyssee-des-petites-iles-italiennes-2\/","og_site_name":"Librairie 7L","article_modified_time":"2026-04-08T17:03:59+00:00","og_image":[{"width":600,"height":857,"url":"https:\/\/librairie7l.com\/wp-content\/uploads\/2024\/01\/9782845979468_1_75.jpg","type":"image\/jpeg"}],"twitter_card":"summary_large_image","schema":{"@context":"https:\/\/schema.org","@graph":[{"@type":"WebPage","@id":"https:\/\/librairie7l.com\/en\/produit\/lodyssee-des-petites-iles-italiennes-2\/","url":"https:\/\/librairie7l.com\/en\/produit\/lodyssee-des-petites-iles-italiennes-2\/","name":"L'odyss\u00e9e des petites \u00eeles italiennes - Librairie 7L","isPartOf":{"@id":"https:\/\/librairie7l.com\/en\/#website"},"datePublished":"2024-10-17T07:17:50+00:00","dateModified":"2026-04-08T17:03:59+00:00","breadcrumb":{"@id":"https:\/\/librairie7l.com\/en\/produit\/lodyssee-des-petites-iles-italiennes-2\/#breadcrumb"},"inLanguage":"en-US","potentialAction":[{"@type":"ReadAction","target":["https:\/\/librairie7l.com\/en\/produit\/lodyssee-des-petites-iles-italiennes-2\/"]}]},{"@type":"BreadcrumbList","@id":"https:\/\/librairie7l.com\/en\/produit\/lodyssee-des-petites-iles-italiennes-2\/#breadcrumb","itemListElement":[{"@type":"ListItem","position":1,"name":"Accueil","item":"https:\/\/librairie7l.com\/en\/"},{"@type":"ListItem","position":2,"name":"Shop","item":"https:\/\/librairie7l.com\/en\/shop\/"},{"@type":"ListItem","position":3,"name":"L&#8217;ODYSS\u00c9E DES PETITES \u00ceLES ITALIENNES"}]},{"@type":"WebSite","@id":"https:\/\/librairie7l.com\/en\/#website","url":"https:\/\/librairie7l.com\/en\/","name":"Librairie 7L","description":"Librairie fond\u00e9e en 1999 par Karl Lagerfeld \u00e0 Paris","publisher":{"@id":"https:\/\/librairie7l.com\/en\/#organization"},"potentialAction":[{"@type":"SearchAction","target":{"@type":"EntryPoint","urlTemplate":"https:\/\/librairie7l.com\/en\/?s={search_term_string}"},"query-input":"required name=search_term_string"}],"inLanguage":"en-US"},{"@type":"Organization","@id":"https:\/\/librairie7l.com\/en\/#organization","name":"Librairie 7L","url":"https:\/\/librairie7l.com\/en\/","logo":{"@type":"ImageObject","inLanguage":"en-US","@id":"https:\/\/librairie7l.com\/en\/#\/schema\/logo\/image\/","url":"https:\/\/librairie7l.com\/wp-content\/uploads\/2022\/08\/logo-1.png","contentUrl":"https:\/\/librairie7l.com\/wp-content\/uploads\/2022\/08\/logo-1.png","width":227,"height":301,"caption":"Librairie 7L"},"image":{"@id":"https:\/\/librairie7l.com\/en\/#\/schema\/logo\/image\/"}}]}},"_links":{"self":[{"href":"https:\/\/librairie7l.com\/en\/wp-json\/wp\/v2\/product\/43534"}],"collection":[{"href":"https:\/\/librairie7l.com\/en\/wp-json\/wp\/v2\/product"}],"about":[{"href":"https:\/\/librairie7l.com\/en\/wp-json\/wp\/v2\/types\/product"}],"wp:featuredmedia":[{"embeddable":true,"href":"https:\/\/librairie7l.com\/en\/wp-json\/wp\/v2\/media\/43532"}],"wp:attachment":[{"href":"https:\/\/librairie7l.com\/en\/wp-json\/wp\/v2\/media?parent=43534"}],"wp:term":[{"taxonomy":"product_cat","embeddable":true,"href":"https:\/\/librairie7l.com\/en\/wp-json\/wp\/v2\/product_cat?post=43534"},{"taxonomy":"product_tag","embeddable":true,"href":"https:\/\/librairie7l.com\/en\/wp-json\/wp\/v2\/product_tag?post=43534"}],"curies":[{"name":"wp","href":"https:\/\/api.w.org\/{rel}","templated":true}]}}