{"id":43538,"date":"2024-10-17T09:17:53","date_gmt":"2024-10-17T07:17:53","guid":{"rendered":"https:\/\/librairie7l.com\/?post_type=product&#038;p=43538"},"modified":"2026-04-17T21:47:18","modified_gmt":"2026-04-17T19:47:18","slug":"journal-choses-vues-et-dessinees-2019-2023-2","status":"publish","type":"product","link":"https:\/\/librairie7l.com\/en\/produit\/journal-choses-vues-et-dessinees-2019-2023-2\/","title":{"rendered":"JOURNAL : CHOSES VUES ET DESSIN\u00c9ES (2019-2023)"},"content":{"rendered":"<p>\u00c0 la mani\u00e8re d&#8217;un carnet de bord, ce Journal donne \u00e0 voir la m\u00e9thode de travail et les sources d&#8217;inspiration de Jochen Gerner.<br \/>\nLe travail quotidien de dessinateur impose d&#8217;apprendre \u00e0 regarder avant de pouvoir cr\u00e9er. Il est amen\u00e9 \u00e0 ressentir le r\u00e9el et \u00e0 interpr\u00e9ter les choses vues, afin de retranscrire graphiquement ses propres perceptions. Dans ce livre, Jochen Gerner revient sur quatre ann\u00e9es d&#8217;observation et de cr\u00e9ation d&#8217;images. Il d\u00e9taille son processus de travail lui permettant de publier chaque semaine des dessins de presse, de cr\u00e9er des livres illustr\u00e9s ou des expositions. Le dessin est per\u00e7u comme un r\u00e9servoir de trames, de pictogrammes, et se d\u00e9cline \u00e0 travers le principe du recouvrement \u00e0 l&#8217;encre sur une multitude de supports imprim\u00e9s pour en \u00e9tudier les d\u00e9tails.<br \/>\nCe jumelage permanent de l&#8217;\u00e9crit et de l&#8217;image et cette inspiration quotidienne du r\u00e9el ont incit\u00e9 Jochen Gerner \u00e0 en retranscrire les effets, au fil des jours, sans r\u00e9gularit\u00e9 particuli\u00e8re.<br \/>\nRelev\u00e9s de poussi\u00e8res ou de m\u00e9t\u00e9ores, observations de retomb\u00e9es de sable du Sahara ou d&#8217;amas de gr\u00ealons, r\u00e9flexions sur la repr\u00e9sentation des \u00eatres et des choses, \u00e9tude de formes abstraites ou de d\u00e9ambulations d&#8217;insectes, analyse des courbes d&#8217;un escalier h\u00e9lico\u00efdal ou de centrales thermiques en coupe : chacune de ces situations ou micro-\u00e9v\u00e8nements advenant dans le quotidien vient d\u00e8s lors alimenter l&#8217;inspiration de l&#8217;illustrateur et est ici retranscrite, en mots et en images. Cette figuration du monde par le dessin se confronte au minuscule et au gigantesque, \u00e0 la sph\u00e8re priv\u00e9e et aux guerres, aux accidents du quotidien et \u00e0 la pand\u00e9mie mondiale.<\/p>\n","protected":false},"excerpt":{"rendered":"<p>\u00c0 la mani\u00e8re d&#8217;un carnet de bord, ce Journal donne \u00e0 voir la m\u00e9thode de travail et les sources d&#8217;inspiration de Jochen Gerner. Le travail quotidien de dessinateur impose d&#8217;apprendre \u00e0 regarder avant de pouvoir cr\u00e9er. Il est amen\u00e9 \u00e0 ressentir le r\u00e9el et \u00e0 interpr\u00e9ter les choses vues, afin de retranscrire graphiquement ses propres [&hellip;]<\/p>\n","protected":false},"featured_media":43536,"template":"","meta":[],"product_cat":[2948,2953],"product_tag":[],"acf":[],"yoast_head":"<!-- This site is optimized with the Yoast SEO plugin v20.11 - https:\/\/yoast.com\/wordpress\/plugins\/seo\/ -->\n<title>Journal : Choses vues et dessin\u00e9es (2019-2023) - Librairie 7L<\/title>\n<meta name=\"robots\" content=\"index, follow, max-snippet:-1, max-image-preview:large, max-video-preview:-1\" \/>\n<link rel=\"canonical\" href=\"https:\/\/librairie7l.com\/en\/produit\/journal-choses-vues-et-dessinees-2019-2023-2\/\" \/>\n<meta property=\"og:locale\" content=\"en_US\" \/>\n<meta property=\"og:type\" content=\"article\" \/>\n<meta property=\"og:title\" content=\"Journal : Choses vues et dessin\u00e9es (2019-2023) - Librairie 7L\" \/>\n<meta property=\"og:description\" content=\"\u00c0 la mani\u00e8re d&#8217;un carnet de bord, ce Journal donne \u00e0 voir la m\u00e9thode de travail et les sources d&#8217;inspiration de Jochen Gerner. Le travail quotidien de dessinateur impose d&#8217;apprendre \u00e0 regarder avant de pouvoir cr\u00e9er. Il est amen\u00e9 \u00e0 ressentir le r\u00e9el et \u00e0 interpr\u00e9ter les choses vues, afin de retranscrire graphiquement ses propres [&hellip;]\" \/>\n<meta property=\"og:url\" content=\"https:\/\/librairie7l.com\/en\/produit\/journal-choses-vues-et-dessinees-2019-2023-2\/\" \/>\n<meta property=\"og:site_name\" content=\"Librairie 7L\" \/>\n<meta property=\"article:modified_time\" content=\"2026-04-17T19:47:18+00:00\" \/>\n<meta property=\"og:image\" content=\"https:\/\/librairie7l.com\/wp-content\/uploads\/2024\/06\/9782494983229_1_75.jpg\" \/>\n\t<meta property=\"og:image:width\" content=\"600\" \/>\n\t<meta property=\"og:image:height\" content=\"843\" \/>\n\t<meta property=\"og:image:type\" content=\"image\/jpeg\" \/>\n<meta name=\"twitter:card\" content=\"summary_large_image\" \/>\n<meta name=\"twitter:label1\" content=\"Est. reading time\" \/>\n\t<meta name=\"twitter:data1\" content=\"1 minute\" \/>\n<script type=\"application\/ld+json\" class=\"yoast-schema-graph\">{\"@context\":\"https:\/\/schema.org\",\"@graph\":[{\"@type\":\"WebPage\",\"@id\":\"https:\/\/librairie7l.com\/en\/produit\/journal-choses-vues-et-dessinees-2019-2023-2\/\",\"url\":\"https:\/\/librairie7l.com\/en\/produit\/journal-choses-vues-et-dessinees-2019-2023-2\/\",\"name\":\"Journal : Choses vues et dessin\u00e9es (2019-2023) - Librairie 7L\",\"isPartOf\":{\"@id\":\"https:\/\/librairie7l.com\/en\/#website\"},\"datePublished\":\"2024-10-17T07:17:53+00:00\",\"dateModified\":\"2026-04-17T19:47:18+00:00\",\"breadcrumb\":{\"@id\":\"https:\/\/librairie7l.com\/en\/produit\/journal-choses-vues-et-dessinees-2019-2023-2\/#breadcrumb\"},\"inLanguage\":\"en-US\",\"potentialAction\":[{\"@type\":\"ReadAction\",\"target\":[\"https:\/\/librairie7l.com\/en\/produit\/journal-choses-vues-et-dessinees-2019-2023-2\/\"]}]},{\"@type\":\"BreadcrumbList\",\"@id\":\"https:\/\/librairie7l.com\/en\/produit\/journal-choses-vues-et-dessinees-2019-2023-2\/#breadcrumb\",\"itemListElement\":[{\"@type\":\"ListItem\",\"position\":1,\"name\":\"Accueil\",\"item\":\"https:\/\/librairie7l.com\/en\/\"},{\"@type\":\"ListItem\",\"position\":2,\"name\":\"Shop\",\"item\":\"https:\/\/librairie7l.com\/en\/shop\/\"},{\"@type\":\"ListItem\",\"position\":3,\"name\":\"JOURNAL : CHOSES VUES ET DESSIN\u00c9ES (2019-2023)\"}]},{\"@type\":\"WebSite\",\"@id\":\"https:\/\/librairie7l.com\/en\/#website\",\"url\":\"https:\/\/librairie7l.com\/en\/\",\"name\":\"Librairie 7L\",\"description\":\"Librairie fond\u00e9e en 1999 par Karl Lagerfeld \u00e0 Paris\",\"publisher\":{\"@id\":\"https:\/\/librairie7l.com\/en\/#organization\"},\"potentialAction\":[{\"@type\":\"SearchAction\",\"target\":{\"@type\":\"EntryPoint\",\"urlTemplate\":\"https:\/\/librairie7l.com\/en\/?s={search_term_string}\"},\"query-input\":\"required name=search_term_string\"}],\"inLanguage\":\"en-US\"},{\"@type\":\"Organization\",\"@id\":\"https:\/\/librairie7l.com\/en\/#organization\",\"name\":\"Librairie 7L\",\"url\":\"https:\/\/librairie7l.com\/en\/\",\"logo\":{\"@type\":\"ImageObject\",\"inLanguage\":\"en-US\",\"@id\":\"https:\/\/librairie7l.com\/en\/#\/schema\/logo\/image\/\",\"url\":\"https:\/\/librairie7l.com\/wp-content\/uploads\/2022\/08\/logo-1.png\",\"contentUrl\":\"https:\/\/librairie7l.com\/wp-content\/uploads\/2022\/08\/logo-1.png\",\"width\":227,\"height\":301,\"caption\":\"Librairie 7L\"},\"image\":{\"@id\":\"https:\/\/librairie7l.com\/en\/#\/schema\/logo\/image\/\"}}]}<\/script>\n<!-- \/ Yoast SEO plugin. -->","yoast_head_json":{"title":"Journal : Choses vues et dessin\u00e9es (2019-2023) - Librairie 7L","robots":{"index":"index","follow":"follow","max-snippet":"max-snippet:-1","max-image-preview":"max-image-preview:large","max-video-preview":"max-video-preview:-1"},"canonical":"https:\/\/librairie7l.com\/en\/produit\/journal-choses-vues-et-dessinees-2019-2023-2\/","og_locale":"en_US","og_type":"article","og_title":"Journal : Choses vues et dessin\u00e9es (2019-2023) - Librairie 7L","og_description":"\u00c0 la mani\u00e8re d&#8217;un carnet de bord, ce Journal donne \u00e0 voir la m\u00e9thode de travail et les sources d&#8217;inspiration de Jochen Gerner. Le travail quotidien de dessinateur impose d&#8217;apprendre \u00e0 regarder avant de pouvoir cr\u00e9er. Il est amen\u00e9 \u00e0 ressentir le r\u00e9el et \u00e0 interpr\u00e9ter les choses vues, afin de retranscrire graphiquement ses propres [&hellip;]","og_url":"https:\/\/librairie7l.com\/en\/produit\/journal-choses-vues-et-dessinees-2019-2023-2\/","og_site_name":"Librairie 7L","article_modified_time":"2026-04-17T19:47:18+00:00","og_image":[{"width":600,"height":843,"url":"https:\/\/librairie7l.com\/wp-content\/uploads\/2024\/06\/9782494983229_1_75.jpg","type":"image\/jpeg"}],"twitter_card":"summary_large_image","twitter_misc":{"Est. reading time":"1 minute"},"schema":{"@context":"https:\/\/schema.org","@graph":[{"@type":"WebPage","@id":"https:\/\/librairie7l.com\/en\/produit\/journal-choses-vues-et-dessinees-2019-2023-2\/","url":"https:\/\/librairie7l.com\/en\/produit\/journal-choses-vues-et-dessinees-2019-2023-2\/","name":"Journal : Choses vues et dessin\u00e9es (2019-2023) - Librairie 7L","isPartOf":{"@id":"https:\/\/librairie7l.com\/en\/#website"},"datePublished":"2024-10-17T07:17:53+00:00","dateModified":"2026-04-17T19:47:18+00:00","breadcrumb":{"@id":"https:\/\/librairie7l.com\/en\/produit\/journal-choses-vues-et-dessinees-2019-2023-2\/#breadcrumb"},"inLanguage":"en-US","potentialAction":[{"@type":"ReadAction","target":["https:\/\/librairie7l.com\/en\/produit\/journal-choses-vues-et-dessinees-2019-2023-2\/"]}]},{"@type":"BreadcrumbList","@id":"https:\/\/librairie7l.com\/en\/produit\/journal-choses-vues-et-dessinees-2019-2023-2\/#breadcrumb","itemListElement":[{"@type":"ListItem","position":1,"name":"Accueil","item":"https:\/\/librairie7l.com\/en\/"},{"@type":"ListItem","position":2,"name":"Shop","item":"https:\/\/librairie7l.com\/en\/shop\/"},{"@type":"ListItem","position":3,"name":"JOURNAL : CHOSES VUES ET DESSIN\u00c9ES (2019-2023)"}]},{"@type":"WebSite","@id":"https:\/\/librairie7l.com\/en\/#website","url":"https:\/\/librairie7l.com\/en\/","name":"Librairie 7L","description":"Librairie fond\u00e9e en 1999 par Karl Lagerfeld \u00e0 Paris","publisher":{"@id":"https:\/\/librairie7l.com\/en\/#organization"},"potentialAction":[{"@type":"SearchAction","target":{"@type":"EntryPoint","urlTemplate":"https:\/\/librairie7l.com\/en\/?s={search_term_string}"},"query-input":"required name=search_term_string"}],"inLanguage":"en-US"},{"@type":"Organization","@id":"https:\/\/librairie7l.com\/en\/#organization","name":"Librairie 7L","url":"https:\/\/librairie7l.com\/en\/","logo":{"@type":"ImageObject","inLanguage":"en-US","@id":"https:\/\/librairie7l.com\/en\/#\/schema\/logo\/image\/","url":"https:\/\/librairie7l.com\/wp-content\/uploads\/2022\/08\/logo-1.png","contentUrl":"https:\/\/librairie7l.com\/wp-content\/uploads\/2022\/08\/logo-1.png","width":227,"height":301,"caption":"Librairie 7L"},"image":{"@id":"https:\/\/librairie7l.com\/en\/#\/schema\/logo\/image\/"}}]}},"_links":{"self":[{"href":"https:\/\/librairie7l.com\/en\/wp-json\/wp\/v2\/product\/43538"}],"collection":[{"href":"https:\/\/librairie7l.com\/en\/wp-json\/wp\/v2\/product"}],"about":[{"href":"https:\/\/librairie7l.com\/en\/wp-json\/wp\/v2\/types\/product"}],"wp:featuredmedia":[{"embeddable":true,"href":"https:\/\/librairie7l.com\/en\/wp-json\/wp\/v2\/media\/43536"}],"wp:attachment":[{"href":"https:\/\/librairie7l.com\/en\/wp-json\/wp\/v2\/media?parent=43538"}],"wp:term":[{"taxonomy":"product_cat","embeddable":true,"href":"https:\/\/librairie7l.com\/en\/wp-json\/wp\/v2\/product_cat?post=43538"},{"taxonomy":"product_tag","embeddable":true,"href":"https:\/\/librairie7l.com\/en\/wp-json\/wp\/v2\/product_tag?post=43538"}],"curies":[{"name":"wp","href":"https:\/\/api.w.org\/{rel}","templated":true}]}}