{"id":43552,"date":"2024-10-17T09:18:08","date_gmt":"2024-10-17T07:18:08","guid":{"rendered":"https:\/\/librairie7l.com\/?post_type=product&#038;p=43552"},"modified":"2026-04-08T20:33:02","modified_gmt":"2026-04-08T18:33:02","slug":"gustave-caillebotte-la-peinture-est-un-jeu-serieux-2","status":"publish","type":"product","link":"https:\/\/librairie7l.com\/en\/produit\/gustave-caillebotte-la-peinture-est-un-jeu-serieux-2\/","title":{"rendered":"GUSTAVE CAILLEBOTTE : LA PEINTURE EST UN JEU S\u00c9RIEUX"},"content":{"rendered":"<p>De Gustave Caillebotte, red\u00e9couvert sur le tard en 1994 lors du centenaire de sa mort, on sait peu de choses. M\u00e9c\u00e8ne du mouvement impressionniste auquel il s&#8217;\u00e9tait joint aux c\u00f4t\u00e9s de Monet, Degas, Pissarro ou Renoir, il a \u00e9t\u00e9 le peintre du Paris haussmannien, des Raboteurs de parquet, d&#8217;\u00e9l\u00e9gants passants abrit\u00e9s sous leurs parapluies, de quelques vigies urbaines juch\u00e9es sur des balcons. On sait aussi qu&#8217;il s&#8217;est piqu\u00e9 de navigation \u00e0 voile dont il a \u00e9t\u00e9 l&#8217;un des meilleurs r\u00e9gatiers et un architecte visionnaire. Qu&#8217;il s&#8217;est int\u00e9ress\u00e9 \u00e0 l&#8217;horticulture dans son jardin des bords de Seine o\u00f9 il a trouv\u00e9 la mort, jeune. Mais on se souvient surtout de son legs, ses toiles impressionnistes donn\u00e9es \u00e0 l&#8217;\u00c9tat dans un spectaculaire coup de force et qui ont constitu\u00e9 le socle des collections du mus\u00e9e d&#8217;Orsay. Pourtant, l&#8217;essentiel de sa personnalit\u00e9, de son temp\u00e9rament intime nous \u00e9chappe. Le d\u00e9c\u00e8s pr\u00e9coce de son jeune fr\u00e8re, sa travers\u00e9e de la guerre de 1870, ses amiti\u00e9s, sa myst\u00e9rieuse compagne Charlotte, tant d&#8217;\u00e9l\u00e9ments restent dans l&#8217;ombre. Or chez Caillebotte, la peinture est le reflet de la vie, elle s&#8217;apparente \u00e0 un journal intime. Dans cette enqu\u00eate, les d\u00e9couvertes biographiques \u00e9clairent son oeuvre et renouvellent l&#8217;interpr\u00e9tation de certaines toiles. On y d\u00e9couvre un caract\u00e8re passionn\u00e9, curieux, cern\u00e9 par l&#8217;inqui\u00e9tude, s&#8217;investissant sans compter dans toutes ses passions, \u00e0 commencer par l&#8217;art. \u00c9merge aussi un go\u00fbt pour l&#8217;humour et le commentaire social. Sous les pinceaux du peintre, la peinture devient un jeu de piste, o\u00f9 les indices invitent au d\u00e9chiffrement. Un jeu s\u00e9rieux, tant sa vie m\u00eame fut l&#8217;inverse d&#8217;une sin\u00e9cure. Amaury Chardeau est journaliste, documentariste et producteur de radio.<\/p>\n","protected":false},"excerpt":{"rendered":"<p>De Gustave Caillebotte, red\u00e9couvert sur le tard en 1994 lors du centenaire de sa mort, on sait peu de choses. M\u00e9c\u00e8ne du mouvement impressionniste auquel il s&#8217;\u00e9tait joint aux c\u00f4t\u00e9s de Monet, Degas, Pissarro ou Renoir, il a \u00e9t\u00e9 le peintre du Paris haussmannien, des Raboteurs de parquet, d&#8217;\u00e9l\u00e9gants passants abrit\u00e9s sous leurs parapluies, de [&hellip;]<\/p>\n","protected":false},"featured_media":43550,"template":"","meta":[],"product_cat":[2948,2953],"product_tag":[],"acf":[],"yoast_head":"<!-- This site is optimized with the Yoast SEO plugin v20.11 - https:\/\/yoast.com\/wordpress\/plugins\/seo\/ -->\n<title>Gustave Caillebotte : La peinture est un jeu s\u00e9rieux - Librairie 7L<\/title>\n<meta name=\"robots\" content=\"index, follow, max-snippet:-1, max-image-preview:large, max-video-preview:-1\" \/>\n<link rel=\"canonical\" href=\"https:\/\/librairie7l.com\/en\/produit\/gustave-caillebotte-la-peinture-est-un-jeu-serieux-2\/\" \/>\n<meta property=\"og:locale\" content=\"en_US\" \/>\n<meta property=\"og:type\" content=\"article\" \/>\n<meta property=\"og:title\" content=\"Gustave Caillebotte : La peinture est un jeu s\u00e9rieux - Librairie 7L\" \/>\n<meta property=\"og:description\" content=\"De Gustave Caillebotte, red\u00e9couvert sur le tard en 1994 lors du centenaire de sa mort, on sait peu de choses. M\u00e9c\u00e8ne du mouvement impressionniste auquel il s&#8217;\u00e9tait joint aux c\u00f4t\u00e9s de Monet, Degas, Pissarro ou Renoir, il a \u00e9t\u00e9 le peintre du Paris haussmannien, des Raboteurs de parquet, d&#8217;\u00e9l\u00e9gants passants abrit\u00e9s sous leurs parapluies, de [&hellip;]\" \/>\n<meta property=\"og:url\" content=\"https:\/\/librairie7l.com\/en\/produit\/gustave-caillebotte-la-peinture-est-un-jeu-serieux-2\/\" \/>\n<meta property=\"og:site_name\" content=\"Librairie 7L\" \/>\n<meta property=\"article:modified_time\" content=\"2026-04-08T18:33:02+00:00\" \/>\n<meta property=\"og:image\" content=\"https:\/\/librairie7l.com\/wp-content\/uploads\/2024\/04\/9782376660927_1_75.jpg\" \/>\n\t<meta property=\"og:image:width\" content=\"600\" \/>\n\t<meta property=\"og:image:height\" content=\"885\" \/>\n\t<meta property=\"og:image:type\" content=\"image\/jpeg\" \/>\n<meta name=\"twitter:card\" content=\"summary_large_image\" \/>\n<meta name=\"twitter:label1\" content=\"Est. reading time\" \/>\n\t<meta name=\"twitter:data1\" content=\"2 minutes\" \/>\n<script type=\"application\/ld+json\" class=\"yoast-schema-graph\">{\"@context\":\"https:\/\/schema.org\",\"@graph\":[{\"@type\":\"WebPage\",\"@id\":\"https:\/\/librairie7l.com\/en\/produit\/gustave-caillebotte-la-peinture-est-un-jeu-serieux-2\/\",\"url\":\"https:\/\/librairie7l.com\/en\/produit\/gustave-caillebotte-la-peinture-est-un-jeu-serieux-2\/\",\"name\":\"Gustave Caillebotte : La peinture est un jeu s\u00e9rieux - Librairie 7L\",\"isPartOf\":{\"@id\":\"https:\/\/librairie7l.com\/en\/#website\"},\"datePublished\":\"2024-10-17T07:18:08+00:00\",\"dateModified\":\"2026-04-08T18:33:02+00:00\",\"breadcrumb\":{\"@id\":\"https:\/\/librairie7l.com\/en\/produit\/gustave-caillebotte-la-peinture-est-un-jeu-serieux-2\/#breadcrumb\"},\"inLanguage\":\"en-US\",\"potentialAction\":[{\"@type\":\"ReadAction\",\"target\":[\"https:\/\/librairie7l.com\/en\/produit\/gustave-caillebotte-la-peinture-est-un-jeu-serieux-2\/\"]}]},{\"@type\":\"BreadcrumbList\",\"@id\":\"https:\/\/librairie7l.com\/en\/produit\/gustave-caillebotte-la-peinture-est-un-jeu-serieux-2\/#breadcrumb\",\"itemListElement\":[{\"@type\":\"ListItem\",\"position\":1,\"name\":\"Accueil\",\"item\":\"https:\/\/librairie7l.com\/en\/\"},{\"@type\":\"ListItem\",\"position\":2,\"name\":\"Shop\",\"item\":\"https:\/\/librairie7l.com\/en\/shop\/\"},{\"@type\":\"ListItem\",\"position\":3,\"name\":\"GUSTAVE CAILLEBOTTE : LA PEINTURE EST UN JEU S\u00c9RIEUX\"}]},{\"@type\":\"WebSite\",\"@id\":\"https:\/\/librairie7l.com\/en\/#website\",\"url\":\"https:\/\/librairie7l.com\/en\/\",\"name\":\"Librairie 7L\",\"description\":\"Librairie fond\u00e9e en 1999 par Karl Lagerfeld \u00e0 Paris\",\"publisher\":{\"@id\":\"https:\/\/librairie7l.com\/en\/#organization\"},\"potentialAction\":[{\"@type\":\"SearchAction\",\"target\":{\"@type\":\"EntryPoint\",\"urlTemplate\":\"https:\/\/librairie7l.com\/en\/?s={search_term_string}\"},\"query-input\":\"required name=search_term_string\"}],\"inLanguage\":\"en-US\"},{\"@type\":\"Organization\",\"@id\":\"https:\/\/librairie7l.com\/en\/#organization\",\"name\":\"Librairie 7L\",\"url\":\"https:\/\/librairie7l.com\/en\/\",\"logo\":{\"@type\":\"ImageObject\",\"inLanguage\":\"en-US\",\"@id\":\"https:\/\/librairie7l.com\/en\/#\/schema\/logo\/image\/\",\"url\":\"https:\/\/librairie7l.com\/wp-content\/uploads\/2022\/08\/logo-1.png\",\"contentUrl\":\"https:\/\/librairie7l.com\/wp-content\/uploads\/2022\/08\/logo-1.png\",\"width\":227,\"height\":301,\"caption\":\"Librairie 7L\"},\"image\":{\"@id\":\"https:\/\/librairie7l.com\/en\/#\/schema\/logo\/image\/\"}}]}<\/script>\n<!-- \/ Yoast SEO plugin. -->","yoast_head_json":{"title":"Gustave Caillebotte : La peinture est un jeu s\u00e9rieux - Librairie 7L","robots":{"index":"index","follow":"follow","max-snippet":"max-snippet:-1","max-image-preview":"max-image-preview:large","max-video-preview":"max-video-preview:-1"},"canonical":"https:\/\/librairie7l.com\/en\/produit\/gustave-caillebotte-la-peinture-est-un-jeu-serieux-2\/","og_locale":"en_US","og_type":"article","og_title":"Gustave Caillebotte : La peinture est un jeu s\u00e9rieux - Librairie 7L","og_description":"De Gustave Caillebotte, red\u00e9couvert sur le tard en 1994 lors du centenaire de sa mort, on sait peu de choses. M\u00e9c\u00e8ne du mouvement impressionniste auquel il s&#8217;\u00e9tait joint aux c\u00f4t\u00e9s de Monet, Degas, Pissarro ou Renoir, il a \u00e9t\u00e9 le peintre du Paris haussmannien, des Raboteurs de parquet, d&#8217;\u00e9l\u00e9gants passants abrit\u00e9s sous leurs parapluies, de [&hellip;]","og_url":"https:\/\/librairie7l.com\/en\/produit\/gustave-caillebotte-la-peinture-est-un-jeu-serieux-2\/","og_site_name":"Librairie 7L","article_modified_time":"2026-04-08T18:33:02+00:00","og_image":[{"width":600,"height":885,"url":"https:\/\/librairie7l.com\/wp-content\/uploads\/2024\/04\/9782376660927_1_75.jpg","type":"image\/jpeg"}],"twitter_card":"summary_large_image","twitter_misc":{"Est. reading time":"2 minutes"},"schema":{"@context":"https:\/\/schema.org","@graph":[{"@type":"WebPage","@id":"https:\/\/librairie7l.com\/en\/produit\/gustave-caillebotte-la-peinture-est-un-jeu-serieux-2\/","url":"https:\/\/librairie7l.com\/en\/produit\/gustave-caillebotte-la-peinture-est-un-jeu-serieux-2\/","name":"Gustave Caillebotte : La peinture est un jeu s\u00e9rieux - Librairie 7L","isPartOf":{"@id":"https:\/\/librairie7l.com\/en\/#website"},"datePublished":"2024-10-17T07:18:08+00:00","dateModified":"2026-04-08T18:33:02+00:00","breadcrumb":{"@id":"https:\/\/librairie7l.com\/en\/produit\/gustave-caillebotte-la-peinture-est-un-jeu-serieux-2\/#breadcrumb"},"inLanguage":"en-US","potentialAction":[{"@type":"ReadAction","target":["https:\/\/librairie7l.com\/en\/produit\/gustave-caillebotte-la-peinture-est-un-jeu-serieux-2\/"]}]},{"@type":"BreadcrumbList","@id":"https:\/\/librairie7l.com\/en\/produit\/gustave-caillebotte-la-peinture-est-un-jeu-serieux-2\/#breadcrumb","itemListElement":[{"@type":"ListItem","position":1,"name":"Accueil","item":"https:\/\/librairie7l.com\/en\/"},{"@type":"ListItem","position":2,"name":"Shop","item":"https:\/\/librairie7l.com\/en\/shop\/"},{"@type":"ListItem","position":3,"name":"GUSTAVE CAILLEBOTTE : LA PEINTURE EST UN JEU S\u00c9RIEUX"}]},{"@type":"WebSite","@id":"https:\/\/librairie7l.com\/en\/#website","url":"https:\/\/librairie7l.com\/en\/","name":"Librairie 7L","description":"Librairie fond\u00e9e en 1999 par Karl Lagerfeld \u00e0 Paris","publisher":{"@id":"https:\/\/librairie7l.com\/en\/#organization"},"potentialAction":[{"@type":"SearchAction","target":{"@type":"EntryPoint","urlTemplate":"https:\/\/librairie7l.com\/en\/?s={search_term_string}"},"query-input":"required name=search_term_string"}],"inLanguage":"en-US"},{"@type":"Organization","@id":"https:\/\/librairie7l.com\/en\/#organization","name":"Librairie 7L","url":"https:\/\/librairie7l.com\/en\/","logo":{"@type":"ImageObject","inLanguage":"en-US","@id":"https:\/\/librairie7l.com\/en\/#\/schema\/logo\/image\/","url":"https:\/\/librairie7l.com\/wp-content\/uploads\/2022\/08\/logo-1.png","contentUrl":"https:\/\/librairie7l.com\/wp-content\/uploads\/2022\/08\/logo-1.png","width":227,"height":301,"caption":"Librairie 7L"},"image":{"@id":"https:\/\/librairie7l.com\/en\/#\/schema\/logo\/image\/"}}]}},"_links":{"self":[{"href":"https:\/\/librairie7l.com\/en\/wp-json\/wp\/v2\/product\/43552"}],"collection":[{"href":"https:\/\/librairie7l.com\/en\/wp-json\/wp\/v2\/product"}],"about":[{"href":"https:\/\/librairie7l.com\/en\/wp-json\/wp\/v2\/types\/product"}],"wp:featuredmedia":[{"embeddable":true,"href":"https:\/\/librairie7l.com\/en\/wp-json\/wp\/v2\/media\/43550"}],"wp:attachment":[{"href":"https:\/\/librairie7l.com\/en\/wp-json\/wp\/v2\/media?parent=43552"}],"wp:term":[{"taxonomy":"product_cat","embeddable":true,"href":"https:\/\/librairie7l.com\/en\/wp-json\/wp\/v2\/product_cat?post=43552"},{"taxonomy":"product_tag","embeddable":true,"href":"https:\/\/librairie7l.com\/en\/wp-json\/wp\/v2\/product_tag?post=43552"}],"curies":[{"name":"wp","href":"https:\/\/api.w.org\/{rel}","templated":true}]}}