{"id":43560,"date":"2024-10-17T09:18:15","date_gmt":"2024-10-17T07:18:15","guid":{"rendered":"https:\/\/librairie7l.com\/?post_type=product&#038;p=43560"},"modified":"2026-04-16T10:35:16","modified_gmt":"2026-04-16T08:35:16","slug":"va-t-en-guerre-2","status":"publish","type":"product","link":"https:\/\/librairie7l.com\/en\/produit\/va-t-en-guerre-2\/","title":{"rendered":"VA-T-EN-GUERRE"},"content":{"rendered":"<p>Il s&#8217;agit sans doute du plus c\u00e9l\u00e8bre trait\u00e9 d&#8217;art de la guerre \u00e0 avoir vu le jour en Occident. Un ouvrage essentiel et dont la renomm\u00e9e n&#8217;a pas faibli entre le Ve et le XIXe si\u00e8cle. Son titre ? De la chose militaire (De re militari). Son auteur est un certain V\u00e9g\u00e8ce (? &#8211; vers 450), haut fonctionnaire du Bas-Empire romain et qui n&#8217;\u00e9tait d&#8217;aucune fa\u00e7on un militaire. Il ne s&#8217;agit donc pas d&#8217;un trait\u00e9 r\u00e9dig\u00e9 sur la base d&#8217;une exp\u00e9rience de la guerre, mais d&#8217;un manuel \u00e9minemment pratique, r\u00e9fl\u00e9chi, complet, concernant les meilleures mani\u00e8res de mener une guerre, tant du point de vue des combattants, des armes, que de celui de la tactique et de la strat\u00e9gie. Un art de mener les combats, tant sur terre que sur mer, une science des moyens efficaces qu&#8217;il y faut employer, comme savent les mettre en sc\u00e8ne, de mani\u00e8re magistrale, les gravures \u00e9tonnantes de ce trait\u00e9 d&#8217;art de la guerre. Gravures exceptionnelles o\u00f9 l&#8217;on peut d\u00e9couvrir, avec curiosit\u00e9, avec stup\u00e9faction, l&#8217;ing\u00e9niosit\u00e9, l&#8217;inventivit\u00e9 sans pareilles, l&#8217;habilit\u00e9, l&#8217;esprit, l&#8217;astuce, l&#8217;imagination, la cr\u00e9ativit\u00e9 dont il faut faire preuve pour pouvoir l&#8217;emporter et crier victoire.<\/p>\n","protected":false},"excerpt":{"rendered":"<p>Il s&#8217;agit sans doute du plus c\u00e9l\u00e8bre trait\u00e9 d&#8217;art de la guerre \u00e0 avoir vu le jour en Occident. Un ouvrage essentiel et dont la renomm\u00e9e n&#8217;a pas faibli entre le Ve et le XIXe si\u00e8cle. Son titre ? De la chose militaire (De re militari). Son auteur est un certain V\u00e9g\u00e8ce (? &#8211; vers [&hellip;]<\/p>\n","protected":false},"featured_media":43558,"template":"","meta":[],"product_cat":[2948,2953],"product_tag":[],"acf":[],"yoast_head":"<!-- This site is optimized with the Yoast SEO plugin v20.11 - https:\/\/yoast.com\/wordpress\/plugins\/seo\/ -->\n<title>Va-t-en-guerre - Librairie 7L<\/title>\n<meta name=\"robots\" content=\"index, follow, max-snippet:-1, max-image-preview:large, max-video-preview:-1\" \/>\n<link rel=\"canonical\" href=\"https:\/\/librairie7l.com\/en\/produit\/va-t-en-guerre-2\/\" \/>\n<meta property=\"og:locale\" content=\"en_US\" \/>\n<meta property=\"og:type\" content=\"article\" \/>\n<meta property=\"og:title\" content=\"Va-t-en-guerre - Librairie 7L\" \/>\n<meta property=\"og:description\" content=\"Il s&#8217;agit sans doute du plus c\u00e9l\u00e8bre trait\u00e9 d&#8217;art de la guerre \u00e0 avoir vu le jour en Occident. Un ouvrage essentiel et dont la renomm\u00e9e n&#8217;a pas faibli entre le Ve et le XIXe si\u00e8cle. Son titre ? De la chose militaire (De re militari). Son auteur est un certain V\u00e9g\u00e8ce (? &#8211; vers [&hellip;]\" \/>\n<meta property=\"og:url\" content=\"https:\/\/librairie7l.com\/en\/produit\/va-t-en-guerre-2\/\" \/>\n<meta property=\"og:site_name\" content=\"Librairie 7L\" \/>\n<meta property=\"article:modified_time\" content=\"2026-04-16T08:35:16+00:00\" \/>\n<meta property=\"og:image\" content=\"https:\/\/librairie7l.com\/wp-content\/uploads\/2024\/06\/9782493282521_1_75.jpg\" \/>\n\t<meta property=\"og:image:width\" content=\"600\" \/>\n\t<meta property=\"og:image:height\" content=\"918\" \/>\n\t<meta property=\"og:image:type\" content=\"image\/jpeg\" \/>\n<meta name=\"twitter:card\" content=\"summary_large_image\" \/>\n<meta name=\"twitter:label1\" content=\"Est. reading time\" \/>\n\t<meta name=\"twitter:data1\" content=\"1 minute\" \/>\n<script type=\"application\/ld+json\" class=\"yoast-schema-graph\">{\"@context\":\"https:\/\/schema.org\",\"@graph\":[{\"@type\":\"WebPage\",\"@id\":\"https:\/\/librairie7l.com\/en\/produit\/va-t-en-guerre-2\/\",\"url\":\"https:\/\/librairie7l.com\/en\/produit\/va-t-en-guerre-2\/\",\"name\":\"Va-t-en-guerre - Librairie 7L\",\"isPartOf\":{\"@id\":\"https:\/\/librairie7l.com\/en\/#website\"},\"datePublished\":\"2024-10-17T07:18:15+00:00\",\"dateModified\":\"2026-04-16T08:35:16+00:00\",\"breadcrumb\":{\"@id\":\"https:\/\/librairie7l.com\/en\/produit\/va-t-en-guerre-2\/#breadcrumb\"},\"inLanguage\":\"en-US\",\"potentialAction\":[{\"@type\":\"ReadAction\",\"target\":[\"https:\/\/librairie7l.com\/en\/produit\/va-t-en-guerre-2\/\"]}]},{\"@type\":\"BreadcrumbList\",\"@id\":\"https:\/\/librairie7l.com\/en\/produit\/va-t-en-guerre-2\/#breadcrumb\",\"itemListElement\":[{\"@type\":\"ListItem\",\"position\":1,\"name\":\"Accueil\",\"item\":\"https:\/\/librairie7l.com\/en\/\"},{\"@type\":\"ListItem\",\"position\":2,\"name\":\"Shop\",\"item\":\"https:\/\/librairie7l.com\/en\/shop\/\"},{\"@type\":\"ListItem\",\"position\":3,\"name\":\"VA-T-EN-GUERRE\"}]},{\"@type\":\"WebSite\",\"@id\":\"https:\/\/librairie7l.com\/en\/#website\",\"url\":\"https:\/\/librairie7l.com\/en\/\",\"name\":\"Librairie 7L\",\"description\":\"Librairie fond\u00e9e en 1999 par Karl Lagerfeld \u00e0 Paris\",\"publisher\":{\"@id\":\"https:\/\/librairie7l.com\/en\/#organization\"},\"potentialAction\":[{\"@type\":\"SearchAction\",\"target\":{\"@type\":\"EntryPoint\",\"urlTemplate\":\"https:\/\/librairie7l.com\/en\/?s={search_term_string}\"},\"query-input\":\"required name=search_term_string\"}],\"inLanguage\":\"en-US\"},{\"@type\":\"Organization\",\"@id\":\"https:\/\/librairie7l.com\/en\/#organization\",\"name\":\"Librairie 7L\",\"url\":\"https:\/\/librairie7l.com\/en\/\",\"logo\":{\"@type\":\"ImageObject\",\"inLanguage\":\"en-US\",\"@id\":\"https:\/\/librairie7l.com\/en\/#\/schema\/logo\/image\/\",\"url\":\"https:\/\/librairie7l.com\/wp-content\/uploads\/2022\/08\/logo-1.png\",\"contentUrl\":\"https:\/\/librairie7l.com\/wp-content\/uploads\/2022\/08\/logo-1.png\",\"width\":227,\"height\":301,\"caption\":\"Librairie 7L\"},\"image\":{\"@id\":\"https:\/\/librairie7l.com\/en\/#\/schema\/logo\/image\/\"}}]}<\/script>\n<!-- \/ Yoast SEO plugin. -->","yoast_head_json":{"title":"Va-t-en-guerre - Librairie 7L","robots":{"index":"index","follow":"follow","max-snippet":"max-snippet:-1","max-image-preview":"max-image-preview:large","max-video-preview":"max-video-preview:-1"},"canonical":"https:\/\/librairie7l.com\/en\/produit\/va-t-en-guerre-2\/","og_locale":"en_US","og_type":"article","og_title":"Va-t-en-guerre - Librairie 7L","og_description":"Il s&#8217;agit sans doute du plus c\u00e9l\u00e8bre trait\u00e9 d&#8217;art de la guerre \u00e0 avoir vu le jour en Occident. Un ouvrage essentiel et dont la renomm\u00e9e n&#8217;a pas faibli entre le Ve et le XIXe si\u00e8cle. Son titre ? De la chose militaire (De re militari). Son auteur est un certain V\u00e9g\u00e8ce (? &#8211; vers [&hellip;]","og_url":"https:\/\/librairie7l.com\/en\/produit\/va-t-en-guerre-2\/","og_site_name":"Librairie 7L","article_modified_time":"2026-04-16T08:35:16+00:00","og_image":[{"width":600,"height":918,"url":"https:\/\/librairie7l.com\/wp-content\/uploads\/2024\/06\/9782493282521_1_75.jpg","type":"image\/jpeg"}],"twitter_card":"summary_large_image","twitter_misc":{"Est. reading time":"1 minute"},"schema":{"@context":"https:\/\/schema.org","@graph":[{"@type":"WebPage","@id":"https:\/\/librairie7l.com\/en\/produit\/va-t-en-guerre-2\/","url":"https:\/\/librairie7l.com\/en\/produit\/va-t-en-guerre-2\/","name":"Va-t-en-guerre - Librairie 7L","isPartOf":{"@id":"https:\/\/librairie7l.com\/en\/#website"},"datePublished":"2024-10-17T07:18:15+00:00","dateModified":"2026-04-16T08:35:16+00:00","breadcrumb":{"@id":"https:\/\/librairie7l.com\/en\/produit\/va-t-en-guerre-2\/#breadcrumb"},"inLanguage":"en-US","potentialAction":[{"@type":"ReadAction","target":["https:\/\/librairie7l.com\/en\/produit\/va-t-en-guerre-2\/"]}]},{"@type":"BreadcrumbList","@id":"https:\/\/librairie7l.com\/en\/produit\/va-t-en-guerre-2\/#breadcrumb","itemListElement":[{"@type":"ListItem","position":1,"name":"Accueil","item":"https:\/\/librairie7l.com\/en\/"},{"@type":"ListItem","position":2,"name":"Shop","item":"https:\/\/librairie7l.com\/en\/shop\/"},{"@type":"ListItem","position":3,"name":"VA-T-EN-GUERRE"}]},{"@type":"WebSite","@id":"https:\/\/librairie7l.com\/en\/#website","url":"https:\/\/librairie7l.com\/en\/","name":"Librairie 7L","description":"Librairie fond\u00e9e en 1999 par Karl Lagerfeld \u00e0 Paris","publisher":{"@id":"https:\/\/librairie7l.com\/en\/#organization"},"potentialAction":[{"@type":"SearchAction","target":{"@type":"EntryPoint","urlTemplate":"https:\/\/librairie7l.com\/en\/?s={search_term_string}"},"query-input":"required name=search_term_string"}],"inLanguage":"en-US"},{"@type":"Organization","@id":"https:\/\/librairie7l.com\/en\/#organization","name":"Librairie 7L","url":"https:\/\/librairie7l.com\/en\/","logo":{"@type":"ImageObject","inLanguage":"en-US","@id":"https:\/\/librairie7l.com\/en\/#\/schema\/logo\/image\/","url":"https:\/\/librairie7l.com\/wp-content\/uploads\/2022\/08\/logo-1.png","contentUrl":"https:\/\/librairie7l.com\/wp-content\/uploads\/2022\/08\/logo-1.png","width":227,"height":301,"caption":"Librairie 7L"},"image":{"@id":"https:\/\/librairie7l.com\/en\/#\/schema\/logo\/image\/"}}]}},"_links":{"self":[{"href":"https:\/\/librairie7l.com\/en\/wp-json\/wp\/v2\/product\/43560"}],"collection":[{"href":"https:\/\/librairie7l.com\/en\/wp-json\/wp\/v2\/product"}],"about":[{"href":"https:\/\/librairie7l.com\/en\/wp-json\/wp\/v2\/types\/product"}],"wp:featuredmedia":[{"embeddable":true,"href":"https:\/\/librairie7l.com\/en\/wp-json\/wp\/v2\/media\/43558"}],"wp:attachment":[{"href":"https:\/\/librairie7l.com\/en\/wp-json\/wp\/v2\/media?parent=43560"}],"wp:term":[{"taxonomy":"product_cat","embeddable":true,"href":"https:\/\/librairie7l.com\/en\/wp-json\/wp\/v2\/product_cat?post=43560"},{"taxonomy":"product_tag","embeddable":true,"href":"https:\/\/librairie7l.com\/en\/wp-json\/wp\/v2\/product_tag?post=43560"}],"curies":[{"name":"wp","href":"https:\/\/api.w.org\/{rel}","templated":true}]}}