{"id":43570,"date":"2024-10-17T09:18:23","date_gmt":"2024-10-17T07:18:23","guid":{"rendered":"https:\/\/librairie7l.com\/?post_type=product&#038;p=43570"},"modified":"2026-04-18T13:17:29","modified_gmt":"2026-04-18T11:17:29","slug":"loutil-2","status":"publish","type":"product","link":"https:\/\/librairie7l.com\/en\/produit\/loutil-2\/","title":{"rendered":"L&#8217;OUTIL"},"content":{"rendered":"<p>Douze mille outils ! Voici ce que pr\u00e9sente la Maison<br \/>\nde l&#8217;Outil et de la Pens\u00e9e Ouvri\u00e8re, v\u00e9ritable temple<br \/>\nd\u00e9di\u00e9 au travail fait main. \u00c9rig\u00e9s dans ce \u00ab Louvre de<br \/>\nl&#8217;ouvrier \u00bb, ces objets furent ceux d&#8217;un quotidien<br \/>\nparfois p\u00e9nible, mais sur lequel l&#8217;amour du travail<br \/>\nbien fait pr\u00e9valait largement. Chaque artisan mettait<br \/>\ndu coeur \u00e0 l&#8217;ouvrage. Ses outils \u00e9taient pr\u00e9cieux, il<br \/>\nles adaptait \u00e0 sa main, les entretenait, les l\u00e9guait,<br \/>\nc&#8217;est dire l&#8217;importance qu&#8217;ils rev\u00eataient \u00e0 ses yeux.<br \/>\nCertains les sculptaient, gravaient leurs initiales, leur<br \/>\nnom, des symboles ou des citations religieuses. Ils<br \/>\nd\u00e9montraient alors l&#8217;attachement du propri\u00e9taire \u00e0 la<br \/>\nn\u00e9cessit\u00e9 et \u00e0 la po\u00e9sie d\u00e9velopp\u00e9es par l&#8217;exercice<br \/>\ndu m\u00e9tier. L&#8217; outil n&#8217;est \u00ab beau \u00bb que s&#8217;il est \u00ab bon \u00bb,<br \/>\nalors qu&#8217;un bon outil n&#8217;est pas forc\u00e9ment beau ! Il<br \/>\nest charg\u00e9 du t\u00e9moignage d&#8217;une vie d&#8217;homme, de<br \/>\nma\u00eetrise et de culture.<br \/>\nConstruite autour de quatre grandes familles de<br \/>\nm\u00e9tiers &#8211; le bois, le fer, l&#8217;animal et le min\u00e9ral &#8211; la<br \/>\nMaison invite \u00e0 d\u00e9couvrir, non pas la fonction des<br \/>\noutils, mais la main, le coeur et l&#8217;esprit de leurs<br \/>\npropri\u00e9taires. Elle rend un hommage vibrant \u00e0 tous<br \/>\nles ouvriers qui ont utilis\u00e9 ces outils, mais aussi \u00e0<br \/>\nleur savoir-faire et au g\u00e9nie dont ils ont fait preuve<br \/>\npour les inventer. La cr\u00e9ation d&#8217;un outil est \u00e0 la fois<br \/>\nle produit de l&#8217;exp\u00e9rience, d&#8217;une r\u00e9flexion et de la<br \/>\ncollaboration entre les diff\u00e9rents corps de m\u00e9tier,<br \/>\nnotamment avec le taillandier dont la sp\u00e9cialit\u00e9 est<br \/>\nde forger des outils.<br \/>\nDans les vitrines ne sont pr\u00e9sent\u00e9s que les outils<br \/>\n\u00ab aboutis \u00bb, ceux qui font le mieux ce pour quoi ils<br \/>\nsont destin\u00e9s.<\/p>\n","protected":false},"excerpt":{"rendered":"<p>Douze mille outils ! Voici ce que pr\u00e9sente la Maison de l&#8217;Outil et de la Pens\u00e9e Ouvri\u00e8re, v\u00e9ritable temple d\u00e9di\u00e9 au travail fait main. \u00c9rig\u00e9s dans ce \u00ab Louvre de l&#8217;ouvrier \u00bb, ces objets furent ceux d&#8217;un quotidien parfois p\u00e9nible, mais sur lequel l&#8217;amour du travail bien fait pr\u00e9valait largement. Chaque artisan mettait du coeur [&hellip;]<\/p>\n","protected":false},"featured_media":0,"template":"","meta":[],"product_cat":[2948,2952],"product_tag":[],"acf":[],"yoast_head":"<!-- This site is optimized with the Yoast SEO plugin v20.11 - https:\/\/yoast.com\/wordpress\/plugins\/seo\/ -->\n<title>L&#039;outil - Librairie 7L<\/title>\n<meta name=\"robots\" content=\"index, follow, max-snippet:-1, max-image-preview:large, max-video-preview:-1\" \/>\n<link rel=\"canonical\" href=\"https:\/\/librairie7l.com\/en\/produit\/loutil-2\/\" \/>\n<meta property=\"og:locale\" content=\"en_US\" \/>\n<meta property=\"og:type\" content=\"article\" \/>\n<meta property=\"og:title\" content=\"L&#039;outil - Librairie 7L\" \/>\n<meta property=\"og:description\" content=\"Douze mille outils ! Voici ce que pr\u00e9sente la Maison de l&#8217;Outil et de la Pens\u00e9e Ouvri\u00e8re, v\u00e9ritable temple d\u00e9di\u00e9 au travail fait main. \u00c9rig\u00e9s dans ce \u00ab Louvre de l&#8217;ouvrier \u00bb, ces objets furent ceux d&#8217;un quotidien parfois p\u00e9nible, mais sur lequel l&#8217;amour du travail bien fait pr\u00e9valait largement. Chaque artisan mettait du coeur [&hellip;]\" \/>\n<meta property=\"og:url\" content=\"https:\/\/librairie7l.com\/en\/produit\/loutil-2\/\" \/>\n<meta property=\"og:site_name\" content=\"Librairie 7L\" \/>\n<meta property=\"article:modified_time\" content=\"2026-04-18T11:17:29+00:00\" \/>\n<meta name=\"twitter:card\" content=\"summary_large_image\" \/>\n<meta name=\"twitter:label1\" content=\"Est. reading time\" \/>\n\t<meta name=\"twitter:data1\" content=\"1 minute\" \/>\n<script type=\"application\/ld+json\" class=\"yoast-schema-graph\">{\"@context\":\"https:\/\/schema.org\",\"@graph\":[{\"@type\":\"WebPage\",\"@id\":\"https:\/\/librairie7l.com\/en\/produit\/loutil-2\/\",\"url\":\"https:\/\/librairie7l.com\/en\/produit\/loutil-2\/\",\"name\":\"L'outil - Librairie 7L\",\"isPartOf\":{\"@id\":\"https:\/\/librairie7l.com\/en\/#website\"},\"datePublished\":\"2024-10-17T07:18:23+00:00\",\"dateModified\":\"2026-04-18T11:17:29+00:00\",\"breadcrumb\":{\"@id\":\"https:\/\/librairie7l.com\/en\/produit\/loutil-2\/#breadcrumb\"},\"inLanguage\":\"en-US\",\"potentialAction\":[{\"@type\":\"ReadAction\",\"target\":[\"https:\/\/librairie7l.com\/en\/produit\/loutil-2\/\"]}]},{\"@type\":\"BreadcrumbList\",\"@id\":\"https:\/\/librairie7l.com\/en\/produit\/loutil-2\/#breadcrumb\",\"itemListElement\":[{\"@type\":\"ListItem\",\"position\":1,\"name\":\"Accueil\",\"item\":\"https:\/\/librairie7l.com\/en\/\"},{\"@type\":\"ListItem\",\"position\":2,\"name\":\"Shop\",\"item\":\"https:\/\/librairie7l.com\/en\/shop\/\"},{\"@type\":\"ListItem\",\"position\":3,\"name\":\"L&#8217;OUTIL\"}]},{\"@type\":\"WebSite\",\"@id\":\"https:\/\/librairie7l.com\/en\/#website\",\"url\":\"https:\/\/librairie7l.com\/en\/\",\"name\":\"Librairie 7L\",\"description\":\"Librairie fond\u00e9e en 1999 par Karl Lagerfeld \u00e0 Paris\",\"publisher\":{\"@id\":\"https:\/\/librairie7l.com\/en\/#organization\"},\"potentialAction\":[{\"@type\":\"SearchAction\",\"target\":{\"@type\":\"EntryPoint\",\"urlTemplate\":\"https:\/\/librairie7l.com\/en\/?s={search_term_string}\"},\"query-input\":\"required name=search_term_string\"}],\"inLanguage\":\"en-US\"},{\"@type\":\"Organization\",\"@id\":\"https:\/\/librairie7l.com\/en\/#organization\",\"name\":\"Librairie 7L\",\"url\":\"https:\/\/librairie7l.com\/en\/\",\"logo\":{\"@type\":\"ImageObject\",\"inLanguage\":\"en-US\",\"@id\":\"https:\/\/librairie7l.com\/en\/#\/schema\/logo\/image\/\",\"url\":\"https:\/\/librairie7l.com\/wp-content\/uploads\/2022\/08\/logo-1.png\",\"contentUrl\":\"https:\/\/librairie7l.com\/wp-content\/uploads\/2022\/08\/logo-1.png\",\"width\":227,\"height\":301,\"caption\":\"Librairie 7L\"},\"image\":{\"@id\":\"https:\/\/librairie7l.com\/en\/#\/schema\/logo\/image\/\"}}]}<\/script>\n<!-- \/ Yoast SEO plugin. -->","yoast_head_json":{"title":"L'outil - Librairie 7L","robots":{"index":"index","follow":"follow","max-snippet":"max-snippet:-1","max-image-preview":"max-image-preview:large","max-video-preview":"max-video-preview:-1"},"canonical":"https:\/\/librairie7l.com\/en\/produit\/loutil-2\/","og_locale":"en_US","og_type":"article","og_title":"L'outil - Librairie 7L","og_description":"Douze mille outils ! Voici ce que pr\u00e9sente la Maison de l&#8217;Outil et de la Pens\u00e9e Ouvri\u00e8re, v\u00e9ritable temple d\u00e9di\u00e9 au travail fait main. \u00c9rig\u00e9s dans ce \u00ab Louvre de l&#8217;ouvrier \u00bb, ces objets furent ceux d&#8217;un quotidien parfois p\u00e9nible, mais sur lequel l&#8217;amour du travail bien fait pr\u00e9valait largement. Chaque artisan mettait du coeur [&hellip;]","og_url":"https:\/\/librairie7l.com\/en\/produit\/loutil-2\/","og_site_name":"Librairie 7L","article_modified_time":"2026-04-18T11:17:29+00:00","twitter_card":"summary_large_image","twitter_misc":{"Est. reading time":"1 minute"},"schema":{"@context":"https:\/\/schema.org","@graph":[{"@type":"WebPage","@id":"https:\/\/librairie7l.com\/en\/produit\/loutil-2\/","url":"https:\/\/librairie7l.com\/en\/produit\/loutil-2\/","name":"L'outil - Librairie 7L","isPartOf":{"@id":"https:\/\/librairie7l.com\/en\/#website"},"datePublished":"2024-10-17T07:18:23+00:00","dateModified":"2026-04-18T11:17:29+00:00","breadcrumb":{"@id":"https:\/\/librairie7l.com\/en\/produit\/loutil-2\/#breadcrumb"},"inLanguage":"en-US","potentialAction":[{"@type":"ReadAction","target":["https:\/\/librairie7l.com\/en\/produit\/loutil-2\/"]}]},{"@type":"BreadcrumbList","@id":"https:\/\/librairie7l.com\/en\/produit\/loutil-2\/#breadcrumb","itemListElement":[{"@type":"ListItem","position":1,"name":"Accueil","item":"https:\/\/librairie7l.com\/en\/"},{"@type":"ListItem","position":2,"name":"Shop","item":"https:\/\/librairie7l.com\/en\/shop\/"},{"@type":"ListItem","position":3,"name":"L&#8217;OUTIL"}]},{"@type":"WebSite","@id":"https:\/\/librairie7l.com\/en\/#website","url":"https:\/\/librairie7l.com\/en\/","name":"Librairie 7L","description":"Librairie fond\u00e9e en 1999 par Karl Lagerfeld \u00e0 Paris","publisher":{"@id":"https:\/\/librairie7l.com\/en\/#organization"},"potentialAction":[{"@type":"SearchAction","target":{"@type":"EntryPoint","urlTemplate":"https:\/\/librairie7l.com\/en\/?s={search_term_string}"},"query-input":"required name=search_term_string"}],"inLanguage":"en-US"},{"@type":"Organization","@id":"https:\/\/librairie7l.com\/en\/#organization","name":"Librairie 7L","url":"https:\/\/librairie7l.com\/en\/","logo":{"@type":"ImageObject","inLanguage":"en-US","@id":"https:\/\/librairie7l.com\/en\/#\/schema\/logo\/image\/","url":"https:\/\/librairie7l.com\/wp-content\/uploads\/2022\/08\/logo-1.png","contentUrl":"https:\/\/librairie7l.com\/wp-content\/uploads\/2022\/08\/logo-1.png","width":227,"height":301,"caption":"Librairie 7L"},"image":{"@id":"https:\/\/librairie7l.com\/en\/#\/schema\/logo\/image\/"}}]}},"_links":{"self":[{"href":"https:\/\/librairie7l.com\/en\/wp-json\/wp\/v2\/product\/43570"}],"collection":[{"href":"https:\/\/librairie7l.com\/en\/wp-json\/wp\/v2\/product"}],"about":[{"href":"https:\/\/librairie7l.com\/en\/wp-json\/wp\/v2\/types\/product"}],"wp:attachment":[{"href":"https:\/\/librairie7l.com\/en\/wp-json\/wp\/v2\/media?parent=43570"}],"wp:term":[{"taxonomy":"product_cat","embeddable":true,"href":"https:\/\/librairie7l.com\/en\/wp-json\/wp\/v2\/product_cat?post=43570"},{"taxonomy":"product_tag","embeddable":true,"href":"https:\/\/librairie7l.com\/en\/wp-json\/wp\/v2\/product_tag?post=43570"}],"curies":[{"name":"wp","href":"https:\/\/api.w.org\/{rel}","templated":true}]}}