{"id":43606,"date":"2024-10-18T09:17:37","date_gmt":"2024-10-18T07:17:37","guid":{"rendered":"https:\/\/librairie7l.com\/?post_type=product&#038;p=43606"},"modified":"2026-04-16T10:44:57","modified_gmt":"2026-04-16T08:44:57","slug":"mes-musees-en-liberte-120-promenades-artistiques-en-france-2","status":"publish","type":"product","link":"https:\/\/librairie7l.com\/en\/produit\/mes-musees-en-liberte-120-promenades-artistiques-en-france-2\/","title":{"rendered":"MES MUS\u00c9ES EN LIBERT\u00c9 : 120 PROMENADES ARTISTIQUES EN FRANCE"},"content":{"rendered":"<p>\u00ab  Il n&#8217;y a pas que le Louvre dans la vie.  \u00bb Voici ce que nous dit Adrien Goetz dans ces Promenades dans les mus\u00e9es de France. Les mus\u00e9es, il les conna\u00eet si bien que, d\u00e8s son enfance, il participait aux ateliers de son coll\u00e8ge au mus\u00e9e de Caen. Depuis, il parcourt la France pour les visiter, y organiser des expositions, en rendre compte, mais aussi pour son plaisir.<br \/>\nIl nous le fait partager dans ce livre o\u00f9 il se prom\u00e8ne avec nous dans cent vingt mus\u00e9es fran\u00e7ais dans un r\u00e9cit \u00e0 la premi\u00e8re personne. Non seulement il nous d\u00e9crit les lieux et les oeuvres, mais il nous fait part d&#8217;une multitude d&#8217;anecdotes aussi savantes que p\u00e9tillantes.<br \/>\nDu plus petit mus\u00e9e (le mus\u00e9e baron Martin de Grey dans le Doubs) aux plus grands (Lille, Lyon, Rouen),<br \/>\nDu plus ancien (le mus\u00e9e de la BNF, qui vient du cabinet du roi) au plus r\u00e9cent (le Louvre Lens),<br \/>\nDe la France m\u00e9tropolitaine \u00e0 la R\u00e9union (le mus\u00e9e L\u00e9on Dierx),<br \/>\nDe six pages \u00e0 six lignes pour chacun, avec une oeuvre m\u00e9connue qu&#8217;il nous recommande,<br \/>\nBien plus qu&#8217;un guide, un compagnon.<\/p>\n","protected":false},"excerpt":{"rendered":"<p>\u00ab Il n&#8217;y a pas que le Louvre dans la vie. \u00bb Voici ce que nous dit Adrien Goetz dans ces Promenades dans les mus\u00e9es de France. Les mus\u00e9es, il les conna\u00eet si bien que, d\u00e8s son enfance, il participait aux ateliers de son coll\u00e8ge au mus\u00e9e de Caen. Depuis, il parcourt la France pour [&hellip;]<\/p>\n","protected":false},"featured_media":43604,"template":"","meta":[],"product_cat":[2948],"product_tag":[],"acf":[],"yoast_head":"<!-- This site is optimized with the Yoast SEO plugin v20.11 - https:\/\/yoast.com\/wordpress\/plugins\/seo\/ -->\n<title>Mes mus\u00e9es en libert\u00e9 : 120 promenades artistiques en France - Librairie 7L<\/title>\n<meta name=\"robots\" content=\"index, follow, max-snippet:-1, max-image-preview:large, max-video-preview:-1\" \/>\n<link rel=\"canonical\" href=\"https:\/\/librairie7l.com\/en\/produit\/mes-musees-en-liberte-120-promenades-artistiques-en-france-2\/\" \/>\n<meta property=\"og:locale\" content=\"en_US\" \/>\n<meta property=\"og:type\" content=\"article\" \/>\n<meta property=\"og:title\" content=\"Mes mus\u00e9es en libert\u00e9 : 120 promenades artistiques en France - Librairie 7L\" \/>\n<meta property=\"og:description\" content=\"\u00ab Il n&#8217;y a pas que le Louvre dans la vie. \u00bb Voici ce que nous dit Adrien Goetz dans ces Promenades dans les mus\u00e9es de France. Les mus\u00e9es, il les conna\u00eet si bien que, d\u00e8s son enfance, il participait aux ateliers de son coll\u00e8ge au mus\u00e9e de Caen. Depuis, il parcourt la France pour [&hellip;]\" \/>\n<meta property=\"og:url\" content=\"https:\/\/librairie7l.com\/en\/produit\/mes-musees-en-liberte-120-promenades-artistiques-en-france-2\/\" \/>\n<meta property=\"og:site_name\" content=\"Librairie 7L\" \/>\n<meta property=\"article:modified_time\" content=\"2026-04-16T08:44:57+00:00\" \/>\n<meta property=\"og:image\" content=\"https:\/\/librairie7l.com\/wp-content\/uploads\/2024\/07\/9782246825012_1_75.jpg\" \/>\n\t<meta property=\"og:image:width\" content=\"600\" \/>\n\t<meta property=\"og:image:height\" content=\"878\" \/>\n\t<meta property=\"og:image:type\" content=\"image\/jpeg\" \/>\n<meta name=\"twitter:card\" content=\"summary_large_image\" \/>\n<meta name=\"twitter:label1\" content=\"Est. reading time\" \/>\n\t<meta name=\"twitter:data1\" content=\"1 minute\" \/>\n<script type=\"application\/ld+json\" class=\"yoast-schema-graph\">{\"@context\":\"https:\/\/schema.org\",\"@graph\":[{\"@type\":\"WebPage\",\"@id\":\"https:\/\/librairie7l.com\/en\/produit\/mes-musees-en-liberte-120-promenades-artistiques-en-france-2\/\",\"url\":\"https:\/\/librairie7l.com\/en\/produit\/mes-musees-en-liberte-120-promenades-artistiques-en-france-2\/\",\"name\":\"Mes mus\u00e9es en libert\u00e9 : 120 promenades artistiques en France - Librairie 7L\",\"isPartOf\":{\"@id\":\"https:\/\/librairie7l.com\/en\/#website\"},\"datePublished\":\"2024-10-18T07:17:37+00:00\",\"dateModified\":\"2026-04-16T08:44:57+00:00\",\"breadcrumb\":{\"@id\":\"https:\/\/librairie7l.com\/en\/produit\/mes-musees-en-liberte-120-promenades-artistiques-en-france-2\/#breadcrumb\"},\"inLanguage\":\"en-US\",\"potentialAction\":[{\"@type\":\"ReadAction\",\"target\":[\"https:\/\/librairie7l.com\/en\/produit\/mes-musees-en-liberte-120-promenades-artistiques-en-france-2\/\"]}]},{\"@type\":\"BreadcrumbList\",\"@id\":\"https:\/\/librairie7l.com\/en\/produit\/mes-musees-en-liberte-120-promenades-artistiques-en-france-2\/#breadcrumb\",\"itemListElement\":[{\"@type\":\"ListItem\",\"position\":1,\"name\":\"Accueil\",\"item\":\"https:\/\/librairie7l.com\/en\/\"},{\"@type\":\"ListItem\",\"position\":2,\"name\":\"Shop\",\"item\":\"https:\/\/librairie7l.com\/en\/shop\/\"},{\"@type\":\"ListItem\",\"position\":3,\"name\":\"MES MUS\u00c9ES EN LIBERT\u00c9 : 120 PROMENADES ARTISTIQUES EN FRANCE\"}]},{\"@type\":\"WebSite\",\"@id\":\"https:\/\/librairie7l.com\/en\/#website\",\"url\":\"https:\/\/librairie7l.com\/en\/\",\"name\":\"Librairie 7L\",\"description\":\"Librairie fond\u00e9e en 1999 par Karl Lagerfeld \u00e0 Paris\",\"publisher\":{\"@id\":\"https:\/\/librairie7l.com\/en\/#organization\"},\"potentialAction\":[{\"@type\":\"SearchAction\",\"target\":{\"@type\":\"EntryPoint\",\"urlTemplate\":\"https:\/\/librairie7l.com\/en\/?s={search_term_string}\"},\"query-input\":\"required name=search_term_string\"}],\"inLanguage\":\"en-US\"},{\"@type\":\"Organization\",\"@id\":\"https:\/\/librairie7l.com\/en\/#organization\",\"name\":\"Librairie 7L\",\"url\":\"https:\/\/librairie7l.com\/en\/\",\"logo\":{\"@type\":\"ImageObject\",\"inLanguage\":\"en-US\",\"@id\":\"https:\/\/librairie7l.com\/en\/#\/schema\/logo\/image\/\",\"url\":\"https:\/\/librairie7l.com\/wp-content\/uploads\/2022\/08\/logo-1.png\",\"contentUrl\":\"https:\/\/librairie7l.com\/wp-content\/uploads\/2022\/08\/logo-1.png\",\"width\":227,\"height\":301,\"caption\":\"Librairie 7L\"},\"image\":{\"@id\":\"https:\/\/librairie7l.com\/en\/#\/schema\/logo\/image\/\"}}]}<\/script>\n<!-- \/ Yoast SEO plugin. -->","yoast_head_json":{"title":"Mes mus\u00e9es en libert\u00e9 : 120 promenades artistiques en France - Librairie 7L","robots":{"index":"index","follow":"follow","max-snippet":"max-snippet:-1","max-image-preview":"max-image-preview:large","max-video-preview":"max-video-preview:-1"},"canonical":"https:\/\/librairie7l.com\/en\/produit\/mes-musees-en-liberte-120-promenades-artistiques-en-france-2\/","og_locale":"en_US","og_type":"article","og_title":"Mes mus\u00e9es en libert\u00e9 : 120 promenades artistiques en France - Librairie 7L","og_description":"\u00ab Il n&#8217;y a pas que le Louvre dans la vie. \u00bb Voici ce que nous dit Adrien Goetz dans ces Promenades dans les mus\u00e9es de France. Les mus\u00e9es, il les conna\u00eet si bien que, d\u00e8s son enfance, il participait aux ateliers de son coll\u00e8ge au mus\u00e9e de Caen. Depuis, il parcourt la France pour [&hellip;]","og_url":"https:\/\/librairie7l.com\/en\/produit\/mes-musees-en-liberte-120-promenades-artistiques-en-france-2\/","og_site_name":"Librairie 7L","article_modified_time":"2026-04-16T08:44:57+00:00","og_image":[{"width":600,"height":878,"url":"https:\/\/librairie7l.com\/wp-content\/uploads\/2024\/07\/9782246825012_1_75.jpg","type":"image\/jpeg"}],"twitter_card":"summary_large_image","twitter_misc":{"Est. reading time":"1 minute"},"schema":{"@context":"https:\/\/schema.org","@graph":[{"@type":"WebPage","@id":"https:\/\/librairie7l.com\/en\/produit\/mes-musees-en-liberte-120-promenades-artistiques-en-france-2\/","url":"https:\/\/librairie7l.com\/en\/produit\/mes-musees-en-liberte-120-promenades-artistiques-en-france-2\/","name":"Mes mus\u00e9es en libert\u00e9 : 120 promenades artistiques en France - Librairie 7L","isPartOf":{"@id":"https:\/\/librairie7l.com\/en\/#website"},"datePublished":"2024-10-18T07:17:37+00:00","dateModified":"2026-04-16T08:44:57+00:00","breadcrumb":{"@id":"https:\/\/librairie7l.com\/en\/produit\/mes-musees-en-liberte-120-promenades-artistiques-en-france-2\/#breadcrumb"},"inLanguage":"en-US","potentialAction":[{"@type":"ReadAction","target":["https:\/\/librairie7l.com\/en\/produit\/mes-musees-en-liberte-120-promenades-artistiques-en-france-2\/"]}]},{"@type":"BreadcrumbList","@id":"https:\/\/librairie7l.com\/en\/produit\/mes-musees-en-liberte-120-promenades-artistiques-en-france-2\/#breadcrumb","itemListElement":[{"@type":"ListItem","position":1,"name":"Accueil","item":"https:\/\/librairie7l.com\/en\/"},{"@type":"ListItem","position":2,"name":"Shop","item":"https:\/\/librairie7l.com\/en\/shop\/"},{"@type":"ListItem","position":3,"name":"MES MUS\u00c9ES EN LIBERT\u00c9 : 120 PROMENADES ARTISTIQUES EN FRANCE"}]},{"@type":"WebSite","@id":"https:\/\/librairie7l.com\/en\/#website","url":"https:\/\/librairie7l.com\/en\/","name":"Librairie 7L","description":"Librairie fond\u00e9e en 1999 par Karl Lagerfeld \u00e0 Paris","publisher":{"@id":"https:\/\/librairie7l.com\/en\/#organization"},"potentialAction":[{"@type":"SearchAction","target":{"@type":"EntryPoint","urlTemplate":"https:\/\/librairie7l.com\/en\/?s={search_term_string}"},"query-input":"required name=search_term_string"}],"inLanguage":"en-US"},{"@type":"Organization","@id":"https:\/\/librairie7l.com\/en\/#organization","name":"Librairie 7L","url":"https:\/\/librairie7l.com\/en\/","logo":{"@type":"ImageObject","inLanguage":"en-US","@id":"https:\/\/librairie7l.com\/en\/#\/schema\/logo\/image\/","url":"https:\/\/librairie7l.com\/wp-content\/uploads\/2022\/08\/logo-1.png","contentUrl":"https:\/\/librairie7l.com\/wp-content\/uploads\/2022\/08\/logo-1.png","width":227,"height":301,"caption":"Librairie 7L"},"image":{"@id":"https:\/\/librairie7l.com\/en\/#\/schema\/logo\/image\/"}}]}},"_links":{"self":[{"href":"https:\/\/librairie7l.com\/en\/wp-json\/wp\/v2\/product\/43606"}],"collection":[{"href":"https:\/\/librairie7l.com\/en\/wp-json\/wp\/v2\/product"}],"about":[{"href":"https:\/\/librairie7l.com\/en\/wp-json\/wp\/v2\/types\/product"}],"wp:featuredmedia":[{"embeddable":true,"href":"https:\/\/librairie7l.com\/en\/wp-json\/wp\/v2\/media\/43604"}],"wp:attachment":[{"href":"https:\/\/librairie7l.com\/en\/wp-json\/wp\/v2\/media?parent=43606"}],"wp:term":[{"taxonomy":"product_cat","embeddable":true,"href":"https:\/\/librairie7l.com\/en\/wp-json\/wp\/v2\/product_cat?post=43606"},{"taxonomy":"product_tag","embeddable":true,"href":"https:\/\/librairie7l.com\/en\/wp-json\/wp\/v2\/product_tag?post=43606"}],"curies":[{"name":"wp","href":"https:\/\/api.w.org\/{rel}","templated":true}]}}