{"id":43622,"date":"2024-10-18T11:57:27","date_gmt":"2024-10-18T09:57:27","guid":{"rendered":"https:\/\/librairie7l.com\/?post_type=product&#038;p=43622"},"modified":"2026-04-08T16:21:34","modified_gmt":"2026-04-08T14:21:34","slug":"revue-lavant-scene-theatre-n-1447-la-legende-dune-vie-2","status":"publish","type":"product","link":"https:\/\/librairie7l.com\/en\/produit\/revue-lavant-scene-theatre-n-1447-la-legende-dune-vie-2\/","title":{"rendered":"REVUE L&#8217;AVANT-SC\u00c8NE TH\u00c9\u00c2TRE N.1447 : LA L\u00c9GENDE D&#8217;UNE VIE"},"content":{"rendered":"<p>Vienne, 1919. Un jeune auteur cherche \u00e0` s&#8217;extirper du souvenir de son p\u00e8re, po\u00e8te devenu ic\u00f4ne nationale. Car il \u00e9touffe dans la maison familiale o\u00f9 tout est organis\u00e9 par sa m\u00e8re, femme autoritaire et intransigeante, autour du culte du grand homme. C&#8217;est alors que revient au s\u00e9rail une femme dont le secret pourrait bien lib\u00e9rer le jeune homme de son carcan.<\/p>\n","protected":false},"excerpt":{"rendered":"<p>Vienne, 1919. Un jeune auteur cherche \u00e0` s&#8217;extirper du souvenir de son p\u00e8re, po\u00e8te devenu ic\u00f4ne nationale. Car il \u00e9touffe dans la maison familiale o\u00f9 tout est organis\u00e9 par sa m\u00e8re, femme autoritaire et intransigeante, autour du culte du grand homme. C&#8217;est alors que revient au s\u00e9rail une femme dont le secret pourrait bien lib\u00e9rer [&hellip;]<\/p>\n","protected":false},"featured_media":43620,"template":"","meta":[],"product_cat":[7364,2948],"product_tag":[],"acf":[],"yoast_head":"<!-- This site is optimized with the Yoast SEO plugin v20.11 - https:\/\/yoast.com\/wordpress\/plugins\/seo\/ -->\n<title>Revue L&#039;Avant-sc\u00e8ne th\u00e9\u00e2tre n.1447 : la l\u00e9gende d&#039;une vie - Librairie 7L<\/title>\n<meta name=\"robots\" content=\"index, follow, max-snippet:-1, max-image-preview:large, max-video-preview:-1\" \/>\n<link rel=\"canonical\" href=\"https:\/\/librairie7l.com\/en\/produit\/revue-lavant-scene-theatre-n-1447-la-legende-dune-vie-2\/\" \/>\n<meta property=\"og:locale\" content=\"en_US\" \/>\n<meta property=\"og:type\" content=\"article\" \/>\n<meta property=\"og:title\" content=\"Revue L&#039;Avant-sc\u00e8ne th\u00e9\u00e2tre n.1447 : la l\u00e9gende d&#039;une vie - Librairie 7L\" \/>\n<meta property=\"og:description\" content=\"Vienne, 1919. Un jeune auteur cherche \u00e0` s&#8217;extirper du souvenir de son p\u00e8re, po\u00e8te devenu ic\u00f4ne nationale. Car il \u00e9touffe dans la maison familiale o\u00f9 tout est organis\u00e9 par sa m\u00e8re, femme autoritaire et intransigeante, autour du culte du grand homme. C&#8217;est alors que revient au s\u00e9rail une femme dont le secret pourrait bien lib\u00e9rer [&hellip;]\" \/>\n<meta property=\"og:url\" content=\"https:\/\/librairie7l.com\/en\/produit\/revue-lavant-scene-theatre-n-1447-la-legende-dune-vie-2\/\" \/>\n<meta property=\"og:site_name\" content=\"Librairie 7L\" \/>\n<meta property=\"article:modified_time\" content=\"2026-04-08T14:21:34+00:00\" \/>\n<meta property=\"og:image\" content=\"https:\/\/librairie7l.com\/wp-content\/uploads\/2018\/07\/9782749814254_1_75.jpg\" \/>\n\t<meta property=\"og:image:width\" content=\"408\" \/>\n\t<meta property=\"og:image:height\" content=\"556\" \/>\n\t<meta property=\"og:image:type\" content=\"image\/jpeg\" \/>\n<meta name=\"twitter:card\" content=\"summary_large_image\" \/>\n<script type=\"application\/ld+json\" class=\"yoast-schema-graph\">{\"@context\":\"https:\/\/schema.org\",\"@graph\":[{\"@type\":\"WebPage\",\"@id\":\"https:\/\/librairie7l.com\/en\/produit\/revue-lavant-scene-theatre-n-1447-la-legende-dune-vie-2\/\",\"url\":\"https:\/\/librairie7l.com\/en\/produit\/revue-lavant-scene-theatre-n-1447-la-legende-dune-vie-2\/\",\"name\":\"Revue L'Avant-sc\u00e8ne th\u00e9\u00e2tre n.1447 : la l\u00e9gende d'une vie - Librairie 7L\",\"isPartOf\":{\"@id\":\"https:\/\/librairie7l.com\/en\/#website\"},\"datePublished\":\"2024-10-18T09:57:27+00:00\",\"dateModified\":\"2026-04-08T14:21:34+00:00\",\"breadcrumb\":{\"@id\":\"https:\/\/librairie7l.com\/en\/produit\/revue-lavant-scene-theatre-n-1447-la-legende-dune-vie-2\/#breadcrumb\"},\"inLanguage\":\"en-US\",\"potentialAction\":[{\"@type\":\"ReadAction\",\"target\":[\"https:\/\/librairie7l.com\/en\/produit\/revue-lavant-scene-theatre-n-1447-la-legende-dune-vie-2\/\"]}]},{\"@type\":\"BreadcrumbList\",\"@id\":\"https:\/\/librairie7l.com\/en\/produit\/revue-lavant-scene-theatre-n-1447-la-legende-dune-vie-2\/#breadcrumb\",\"itemListElement\":[{\"@type\":\"ListItem\",\"position\":1,\"name\":\"Accueil\",\"item\":\"https:\/\/librairie7l.com\/en\/\"},{\"@type\":\"ListItem\",\"position\":2,\"name\":\"Shop\",\"item\":\"https:\/\/librairie7l.com\/en\/shop\/\"},{\"@type\":\"ListItem\",\"position\":3,\"name\":\"REVUE L&#8217;AVANT-SC\u00c8NE TH\u00c9\u00c2TRE N.1447 : LA L\u00c9GENDE D&#8217;UNE VIE\"}]},{\"@type\":\"WebSite\",\"@id\":\"https:\/\/librairie7l.com\/en\/#website\",\"url\":\"https:\/\/librairie7l.com\/en\/\",\"name\":\"Librairie 7L\",\"description\":\"Librairie fond\u00e9e en 1999 par Karl Lagerfeld \u00e0 Paris\",\"publisher\":{\"@id\":\"https:\/\/librairie7l.com\/en\/#organization\"},\"potentialAction\":[{\"@type\":\"SearchAction\",\"target\":{\"@type\":\"EntryPoint\",\"urlTemplate\":\"https:\/\/librairie7l.com\/en\/?s={search_term_string}\"},\"query-input\":\"required name=search_term_string\"}],\"inLanguage\":\"en-US\"},{\"@type\":\"Organization\",\"@id\":\"https:\/\/librairie7l.com\/en\/#organization\",\"name\":\"Librairie 7L\",\"url\":\"https:\/\/librairie7l.com\/en\/\",\"logo\":{\"@type\":\"ImageObject\",\"inLanguage\":\"en-US\",\"@id\":\"https:\/\/librairie7l.com\/en\/#\/schema\/logo\/image\/\",\"url\":\"https:\/\/librairie7l.com\/wp-content\/uploads\/2022\/08\/logo-1.png\",\"contentUrl\":\"https:\/\/librairie7l.com\/wp-content\/uploads\/2022\/08\/logo-1.png\",\"width\":227,\"height\":301,\"caption\":\"Librairie 7L\"},\"image\":{\"@id\":\"https:\/\/librairie7l.com\/en\/#\/schema\/logo\/image\/\"}}]}<\/script>\n<!-- \/ Yoast SEO plugin. -->","yoast_head_json":{"title":"Revue L'Avant-sc\u00e8ne th\u00e9\u00e2tre n.1447 : la l\u00e9gende d'une vie - Librairie 7L","robots":{"index":"index","follow":"follow","max-snippet":"max-snippet:-1","max-image-preview":"max-image-preview:large","max-video-preview":"max-video-preview:-1"},"canonical":"https:\/\/librairie7l.com\/en\/produit\/revue-lavant-scene-theatre-n-1447-la-legende-dune-vie-2\/","og_locale":"en_US","og_type":"article","og_title":"Revue L'Avant-sc\u00e8ne th\u00e9\u00e2tre n.1447 : la l\u00e9gende d'une vie - Librairie 7L","og_description":"Vienne, 1919. Un jeune auteur cherche \u00e0` s&#8217;extirper du souvenir de son p\u00e8re, po\u00e8te devenu ic\u00f4ne nationale. Car il \u00e9touffe dans la maison familiale o\u00f9 tout est organis\u00e9 par sa m\u00e8re, femme autoritaire et intransigeante, autour du culte du grand homme. C&#8217;est alors que revient au s\u00e9rail une femme dont le secret pourrait bien lib\u00e9rer [&hellip;]","og_url":"https:\/\/librairie7l.com\/en\/produit\/revue-lavant-scene-theatre-n-1447-la-legende-dune-vie-2\/","og_site_name":"Librairie 7L","article_modified_time":"2026-04-08T14:21:34+00:00","og_image":[{"width":408,"height":556,"url":"https:\/\/librairie7l.com\/wp-content\/uploads\/2018\/07\/9782749814254_1_75.jpg","type":"image\/jpeg"}],"twitter_card":"summary_large_image","schema":{"@context":"https:\/\/schema.org","@graph":[{"@type":"WebPage","@id":"https:\/\/librairie7l.com\/en\/produit\/revue-lavant-scene-theatre-n-1447-la-legende-dune-vie-2\/","url":"https:\/\/librairie7l.com\/en\/produit\/revue-lavant-scene-theatre-n-1447-la-legende-dune-vie-2\/","name":"Revue L'Avant-sc\u00e8ne th\u00e9\u00e2tre n.1447 : la l\u00e9gende d'une vie - Librairie 7L","isPartOf":{"@id":"https:\/\/librairie7l.com\/en\/#website"},"datePublished":"2024-10-18T09:57:27+00:00","dateModified":"2026-04-08T14:21:34+00:00","breadcrumb":{"@id":"https:\/\/librairie7l.com\/en\/produit\/revue-lavant-scene-theatre-n-1447-la-legende-dune-vie-2\/#breadcrumb"},"inLanguage":"en-US","potentialAction":[{"@type":"ReadAction","target":["https:\/\/librairie7l.com\/en\/produit\/revue-lavant-scene-theatre-n-1447-la-legende-dune-vie-2\/"]}]},{"@type":"BreadcrumbList","@id":"https:\/\/librairie7l.com\/en\/produit\/revue-lavant-scene-theatre-n-1447-la-legende-dune-vie-2\/#breadcrumb","itemListElement":[{"@type":"ListItem","position":1,"name":"Accueil","item":"https:\/\/librairie7l.com\/en\/"},{"@type":"ListItem","position":2,"name":"Shop","item":"https:\/\/librairie7l.com\/en\/shop\/"},{"@type":"ListItem","position":3,"name":"REVUE L&#8217;AVANT-SC\u00c8NE TH\u00c9\u00c2TRE N.1447 : LA L\u00c9GENDE D&#8217;UNE VIE"}]},{"@type":"WebSite","@id":"https:\/\/librairie7l.com\/en\/#website","url":"https:\/\/librairie7l.com\/en\/","name":"Librairie 7L","description":"Librairie fond\u00e9e en 1999 par Karl Lagerfeld \u00e0 Paris","publisher":{"@id":"https:\/\/librairie7l.com\/en\/#organization"},"potentialAction":[{"@type":"SearchAction","target":{"@type":"EntryPoint","urlTemplate":"https:\/\/librairie7l.com\/en\/?s={search_term_string}"},"query-input":"required name=search_term_string"}],"inLanguage":"en-US"},{"@type":"Organization","@id":"https:\/\/librairie7l.com\/en\/#organization","name":"Librairie 7L","url":"https:\/\/librairie7l.com\/en\/","logo":{"@type":"ImageObject","inLanguage":"en-US","@id":"https:\/\/librairie7l.com\/en\/#\/schema\/logo\/image\/","url":"https:\/\/librairie7l.com\/wp-content\/uploads\/2022\/08\/logo-1.png","contentUrl":"https:\/\/librairie7l.com\/wp-content\/uploads\/2022\/08\/logo-1.png","width":227,"height":301,"caption":"Librairie 7L"},"image":{"@id":"https:\/\/librairie7l.com\/en\/#\/schema\/logo\/image\/"}}]}},"_links":{"self":[{"href":"https:\/\/librairie7l.com\/en\/wp-json\/wp\/v2\/product\/43622"}],"collection":[{"href":"https:\/\/librairie7l.com\/en\/wp-json\/wp\/v2\/product"}],"about":[{"href":"https:\/\/librairie7l.com\/en\/wp-json\/wp\/v2\/types\/product"}],"wp:featuredmedia":[{"embeddable":true,"href":"https:\/\/librairie7l.com\/en\/wp-json\/wp\/v2\/media\/43620"}],"wp:attachment":[{"href":"https:\/\/librairie7l.com\/en\/wp-json\/wp\/v2\/media?parent=43622"}],"wp:term":[{"taxonomy":"product_cat","embeddable":true,"href":"https:\/\/librairie7l.com\/en\/wp-json\/wp\/v2\/product_cat?post=43622"},{"taxonomy":"product_tag","embeddable":true,"href":"https:\/\/librairie7l.com\/en\/wp-json\/wp\/v2\/product_tag?post=43622"}],"curies":[{"name":"wp","href":"https:\/\/api.w.org\/{rel}","templated":true}]}}