{"id":43626,"date":"2024-10-18T23:04:44","date_gmt":"2024-10-18T21:04:44","guid":{"rendered":"https:\/\/librairie7l.com\/?post_type=product&#038;p=43626"},"modified":"2026-05-03T23:20:06","modified_gmt":"2026-05-03T21:20:06","slug":"la-grande-histoire-de-la-mode-2","status":"publish","type":"product","link":"https:\/\/librairie7l.com\/en\/produit\/la-grande-histoire-de-la-mode-2\/","title":{"rendered":"LA GRANDE HISTOIRE DE LA MODE"},"content":{"rendered":"<p>Les plus grands cr\u00e9ateurs d&#8217;aujourd&#8217;hui n&#8217;ont eu de cesse de puiser leur inspiration dans le pass\u00e9 et de r\u00e9inventer le style et la silhouette. De la Renaissance au si\u00e8cle de Louis XIV, de la Belle \u00c9poque au style pop et disco des ann\u00e9es 70 et 80, un v\u00e9ritable panorama de la mode est dress\u00e9.<br \/>\nCe livre magnifiquement illustr\u00e9 revient ainsi sur les grandes p\u00e9riodes ayant marqu\u00e9 la mode, d\u00e9crypte l&#8217;apport des grands cr\u00e9ateurs et cr\u00e9atrices, de Elsa Schiaparelli \u00e0 Gabrielle Chanel, de Herm\u00e8s \u00e0 Gaultier en passant par Vivienne Westwood et Alexander McQueen.<br \/>\nOn trouvera dans cette bible de la mode : _ des focus sur les grands cr\u00e9ateurs et leurs plus beaux d\u00e9fil\u00e9s_ des pi\u00e8ces iconiques _ une chronologie repla\u00e7ant chaque cr\u00e9ateur dans son \u00e9poque_ un point de vue international (le style asiatique, japonais, britannique&#8230;). Une v\u00e9ritable plong\u00e9e dans les coulisses de la cr\u00e9ation et de la mode, d&#8217;hier et d&#8217;aujourd&#8217;hui !<\/p>\n","protected":false},"excerpt":{"rendered":"<p>Les plus grands cr\u00e9ateurs d&#8217;aujourd&#8217;hui n&#8217;ont eu de cesse de puiser leur inspiration dans le pass\u00e9 et de r\u00e9inventer le style et la silhouette. De la Renaissance au si\u00e8cle de Louis XIV, de la Belle \u00c9poque au style pop et disco des ann\u00e9es 70 et 80, un v\u00e9ritable panorama de la mode est dress\u00e9. Ce [&hellip;]<\/p>\n","protected":false},"featured_media":43624,"template":"","meta":[],"product_cat":[2948],"product_tag":[],"acf":[],"yoast_head":"<!-- This site is optimized with the Yoast SEO plugin v20.11 - https:\/\/yoast.com\/wordpress\/plugins\/seo\/ -->\n<title>La Grande histoire de la mode - Librairie 7L<\/title>\n<meta name=\"robots\" content=\"index, follow, max-snippet:-1, max-image-preview:large, max-video-preview:-1\" \/>\n<link rel=\"canonical\" href=\"https:\/\/librairie7l.com\/en\/produit\/la-grande-histoire-de-la-mode-2\/\" \/>\n<meta property=\"og:locale\" content=\"en_US\" \/>\n<meta property=\"og:type\" content=\"article\" \/>\n<meta property=\"og:title\" content=\"La Grande histoire de la mode - Librairie 7L\" \/>\n<meta property=\"og:description\" content=\"Les plus grands cr\u00e9ateurs d&#8217;aujourd&#8217;hui n&#8217;ont eu de cesse de puiser leur inspiration dans le pass\u00e9 et de r\u00e9inventer le style et la silhouette. De la Renaissance au si\u00e8cle de Louis XIV, de la Belle \u00c9poque au style pop et disco des ann\u00e9es 70 et 80, un v\u00e9ritable panorama de la mode est dress\u00e9. Ce [&hellip;]\" \/>\n<meta property=\"og:url\" content=\"https:\/\/librairie7l.com\/en\/produit\/la-grande-histoire-de-la-mode-2\/\" \/>\n<meta property=\"og:site_name\" content=\"Librairie 7L\" \/>\n<meta property=\"article:modified_time\" content=\"2026-05-03T21:20:06+00:00\" \/>\n<meta property=\"og:image\" content=\"https:\/\/librairie7l.com\/wp-content\/uploads\/2024\/05\/9782036066069_1_75.jpg\" \/>\n\t<meta property=\"og:image:width\" content=\"600\" \/>\n\t<meta property=\"og:image:height\" content=\"720\" \/>\n\t<meta property=\"og:image:type\" content=\"image\/jpeg\" \/>\n<meta name=\"twitter:card\" content=\"summary_large_image\" \/>\n<meta name=\"twitter:label1\" content=\"Est. reading time\" \/>\n\t<meta name=\"twitter:data1\" content=\"1 minute\" \/>\n<script type=\"application\/ld+json\" class=\"yoast-schema-graph\">{\"@context\":\"https:\/\/schema.org\",\"@graph\":[{\"@type\":\"WebPage\",\"@id\":\"https:\/\/librairie7l.com\/en\/produit\/la-grande-histoire-de-la-mode-2\/\",\"url\":\"https:\/\/librairie7l.com\/en\/produit\/la-grande-histoire-de-la-mode-2\/\",\"name\":\"La Grande histoire de la mode - Librairie 7L\",\"isPartOf\":{\"@id\":\"https:\/\/librairie7l.com\/en\/#website\"},\"datePublished\":\"2024-10-18T21:04:44+00:00\",\"dateModified\":\"2026-05-03T21:20:06+00:00\",\"breadcrumb\":{\"@id\":\"https:\/\/librairie7l.com\/en\/produit\/la-grande-histoire-de-la-mode-2\/#breadcrumb\"},\"inLanguage\":\"en-US\",\"potentialAction\":[{\"@type\":\"ReadAction\",\"target\":[\"https:\/\/librairie7l.com\/en\/produit\/la-grande-histoire-de-la-mode-2\/\"]}]},{\"@type\":\"BreadcrumbList\",\"@id\":\"https:\/\/librairie7l.com\/en\/produit\/la-grande-histoire-de-la-mode-2\/#breadcrumb\",\"itemListElement\":[{\"@type\":\"ListItem\",\"position\":1,\"name\":\"Accueil\",\"item\":\"https:\/\/librairie7l.com\/en\/\"},{\"@type\":\"ListItem\",\"position\":2,\"name\":\"Shop\",\"item\":\"https:\/\/librairie7l.com\/en\/shop\/\"},{\"@type\":\"ListItem\",\"position\":3,\"name\":\"LA GRANDE HISTOIRE DE LA MODE\"}]},{\"@type\":\"WebSite\",\"@id\":\"https:\/\/librairie7l.com\/en\/#website\",\"url\":\"https:\/\/librairie7l.com\/en\/\",\"name\":\"Librairie 7L\",\"description\":\"Librairie fond\u00e9e en 1999 par Karl Lagerfeld \u00e0 Paris\",\"publisher\":{\"@id\":\"https:\/\/librairie7l.com\/en\/#organization\"},\"potentialAction\":[{\"@type\":\"SearchAction\",\"target\":{\"@type\":\"EntryPoint\",\"urlTemplate\":\"https:\/\/librairie7l.com\/en\/?s={search_term_string}\"},\"query-input\":\"required name=search_term_string\"}],\"inLanguage\":\"en-US\"},{\"@type\":\"Organization\",\"@id\":\"https:\/\/librairie7l.com\/en\/#organization\",\"name\":\"Librairie 7L\",\"url\":\"https:\/\/librairie7l.com\/en\/\",\"logo\":{\"@type\":\"ImageObject\",\"inLanguage\":\"en-US\",\"@id\":\"https:\/\/librairie7l.com\/en\/#\/schema\/logo\/image\/\",\"url\":\"https:\/\/librairie7l.com\/wp-content\/uploads\/2022\/08\/logo-1.png\",\"contentUrl\":\"https:\/\/librairie7l.com\/wp-content\/uploads\/2022\/08\/logo-1.png\",\"width\":227,\"height\":301,\"caption\":\"Librairie 7L\"},\"image\":{\"@id\":\"https:\/\/librairie7l.com\/en\/#\/schema\/logo\/image\/\"}}]}<\/script>\n<!-- \/ Yoast SEO plugin. -->","yoast_head_json":{"title":"La Grande histoire de la mode - Librairie 7L","robots":{"index":"index","follow":"follow","max-snippet":"max-snippet:-1","max-image-preview":"max-image-preview:large","max-video-preview":"max-video-preview:-1"},"canonical":"https:\/\/librairie7l.com\/en\/produit\/la-grande-histoire-de-la-mode-2\/","og_locale":"en_US","og_type":"article","og_title":"La Grande histoire de la mode - Librairie 7L","og_description":"Les plus grands cr\u00e9ateurs d&#8217;aujourd&#8217;hui n&#8217;ont eu de cesse de puiser leur inspiration dans le pass\u00e9 et de r\u00e9inventer le style et la silhouette. De la Renaissance au si\u00e8cle de Louis XIV, de la Belle \u00c9poque au style pop et disco des ann\u00e9es 70 et 80, un v\u00e9ritable panorama de la mode est dress\u00e9. Ce [&hellip;]","og_url":"https:\/\/librairie7l.com\/en\/produit\/la-grande-histoire-de-la-mode-2\/","og_site_name":"Librairie 7L","article_modified_time":"2026-05-03T21:20:06+00:00","og_image":[{"width":600,"height":720,"url":"https:\/\/librairie7l.com\/wp-content\/uploads\/2024\/05\/9782036066069_1_75.jpg","type":"image\/jpeg"}],"twitter_card":"summary_large_image","twitter_misc":{"Est. reading time":"1 minute"},"schema":{"@context":"https:\/\/schema.org","@graph":[{"@type":"WebPage","@id":"https:\/\/librairie7l.com\/en\/produit\/la-grande-histoire-de-la-mode-2\/","url":"https:\/\/librairie7l.com\/en\/produit\/la-grande-histoire-de-la-mode-2\/","name":"La Grande histoire de la mode - Librairie 7L","isPartOf":{"@id":"https:\/\/librairie7l.com\/en\/#website"},"datePublished":"2024-10-18T21:04:44+00:00","dateModified":"2026-05-03T21:20:06+00:00","breadcrumb":{"@id":"https:\/\/librairie7l.com\/en\/produit\/la-grande-histoire-de-la-mode-2\/#breadcrumb"},"inLanguage":"en-US","potentialAction":[{"@type":"ReadAction","target":["https:\/\/librairie7l.com\/en\/produit\/la-grande-histoire-de-la-mode-2\/"]}]},{"@type":"BreadcrumbList","@id":"https:\/\/librairie7l.com\/en\/produit\/la-grande-histoire-de-la-mode-2\/#breadcrumb","itemListElement":[{"@type":"ListItem","position":1,"name":"Accueil","item":"https:\/\/librairie7l.com\/en\/"},{"@type":"ListItem","position":2,"name":"Shop","item":"https:\/\/librairie7l.com\/en\/shop\/"},{"@type":"ListItem","position":3,"name":"LA GRANDE HISTOIRE DE LA MODE"}]},{"@type":"WebSite","@id":"https:\/\/librairie7l.com\/en\/#website","url":"https:\/\/librairie7l.com\/en\/","name":"Librairie 7L","description":"Librairie fond\u00e9e en 1999 par Karl Lagerfeld \u00e0 Paris","publisher":{"@id":"https:\/\/librairie7l.com\/en\/#organization"},"potentialAction":[{"@type":"SearchAction","target":{"@type":"EntryPoint","urlTemplate":"https:\/\/librairie7l.com\/en\/?s={search_term_string}"},"query-input":"required name=search_term_string"}],"inLanguage":"en-US"},{"@type":"Organization","@id":"https:\/\/librairie7l.com\/en\/#organization","name":"Librairie 7L","url":"https:\/\/librairie7l.com\/en\/","logo":{"@type":"ImageObject","inLanguage":"en-US","@id":"https:\/\/librairie7l.com\/en\/#\/schema\/logo\/image\/","url":"https:\/\/librairie7l.com\/wp-content\/uploads\/2022\/08\/logo-1.png","contentUrl":"https:\/\/librairie7l.com\/wp-content\/uploads\/2022\/08\/logo-1.png","width":227,"height":301,"caption":"Librairie 7L"},"image":{"@id":"https:\/\/librairie7l.com\/en\/#\/schema\/logo\/image\/"}}]}},"_links":{"self":[{"href":"https:\/\/librairie7l.com\/en\/wp-json\/wp\/v2\/product\/43626"}],"collection":[{"href":"https:\/\/librairie7l.com\/en\/wp-json\/wp\/v2\/product"}],"about":[{"href":"https:\/\/librairie7l.com\/en\/wp-json\/wp\/v2\/types\/product"}],"wp:featuredmedia":[{"embeddable":true,"href":"https:\/\/librairie7l.com\/en\/wp-json\/wp\/v2\/media\/43624"}],"wp:attachment":[{"href":"https:\/\/librairie7l.com\/en\/wp-json\/wp\/v2\/media?parent=43626"}],"wp:term":[{"taxonomy":"product_cat","embeddable":true,"href":"https:\/\/librairie7l.com\/en\/wp-json\/wp\/v2\/product_cat?post=43626"},{"taxonomy":"product_tag","embeddable":true,"href":"https:\/\/librairie7l.com\/en\/wp-json\/wp\/v2\/product_tag?post=43626"}],"curies":[{"name":"wp","href":"https:\/\/api.w.org\/{rel}","templated":true}]}}