{"id":43630,"date":"2024-10-18T23:04:47","date_gmt":"2024-10-18T21:04:47","guid":{"rendered":"https:\/\/librairie7l.com\/?post_type=product&#038;p=43630"},"modified":"2026-04-16T10:49:49","modified_gmt":"2026-04-16T08:49:49","slug":"vintage-de-luxe-bijoux-sacs-foulards-vetements-2","status":"publish","type":"product","link":"https:\/\/librairie7l.com\/en\/produit\/vintage-de-luxe-bijoux-sacs-foulards-vetements-2\/","title":{"rendered":"VINTAGE DE LUXE : BIJOUX, SACS, FOULARDS, V\u00caTEMENTS"},"content":{"rendered":"<p>Rien que le mot fascine : vintage ! Dans le monde entier, il a ses adaptes et il ne fait que commencer \u00e0 se d\u00e9velopper. Imaginez qu&#8217;on puisse acqu\u00e9rir un iconique 2.55, un Lady Dior ou un Kelly des ann\u00e9es 1980 \u00e0 un cout abordable ? Imaginez-vous porter un foulard Herm\u00e8s, la Chanel Premi\u00e8re ou un des c\u00e9l\u00e9brissime sac de voyage Vuitton ? Sauriez-vous les reconnaitre ? Quelles sont leur caract\u00e9ristiques principales, leur histoire, leur marque de fabrique, leur secret de fabrication ?<br \/>\nCe livre \u00e9l\u00e9gamment vintage met en avant les pi\u00e8ces les plus iconiques, les plus embl\u00e9matiques, les plus \u00ab vintage \u00bb de chaque \u00e9poque, et donne les cl\u00e9s pour apprendre \u00e0 les identifier et \u00e0 les reconna\u00eetre. Des encadr\u00e9s techniques d\u00e9cryptent chaque \u00e9l\u00e9ment des pi\u00e8ces phares et expliquent comment et pourquoi elles sont devenues incontournables et recherch\u00e9es.<\/p>\n","protected":false},"excerpt":{"rendered":"<p>Rien que le mot fascine : vintage ! Dans le monde entier, il a ses adaptes et il ne fait que commencer \u00e0 se d\u00e9velopper. Imaginez qu&#8217;on puisse acqu\u00e9rir un iconique 2.55, un Lady Dior ou un Kelly des ann\u00e9es 1980 \u00e0 un cout abordable ? Imaginez-vous porter un foulard Herm\u00e8s, la Chanel Premi\u00e8re ou [&hellip;]<\/p>\n","protected":false},"featured_media":43628,"template":"","meta":[],"product_cat":[2948],"product_tag":[],"acf":[],"yoast_head":"<!-- This site is optimized with the Yoast SEO plugin v20.11 - https:\/\/yoast.com\/wordpress\/plugins\/seo\/ -->\n<title>Vintage de luxe : bijoux, sacs, foulards, v\u00eatements - Librairie 7L<\/title>\n<meta name=\"robots\" content=\"index, follow, max-snippet:-1, max-image-preview:large, max-video-preview:-1\" \/>\n<link rel=\"canonical\" href=\"https:\/\/librairie7l.com\/en\/produit\/vintage-de-luxe-bijoux-sacs-foulards-vetements-2\/\" \/>\n<meta property=\"og:locale\" content=\"en_US\" \/>\n<meta property=\"og:type\" content=\"article\" \/>\n<meta property=\"og:title\" content=\"Vintage de luxe : bijoux, sacs, foulards, v\u00eatements - Librairie 7L\" \/>\n<meta property=\"og:description\" content=\"Rien que le mot fascine : vintage ! Dans le monde entier, il a ses adaptes et il ne fait que commencer \u00e0 se d\u00e9velopper. Imaginez qu&#8217;on puisse acqu\u00e9rir un iconique 2.55, un Lady Dior ou un Kelly des ann\u00e9es 1980 \u00e0 un cout abordable ? Imaginez-vous porter un foulard Herm\u00e8s, la Chanel Premi\u00e8re ou [&hellip;]\" \/>\n<meta property=\"og:url\" content=\"https:\/\/librairie7l.com\/en\/produit\/vintage-de-luxe-bijoux-sacs-foulards-vetements-2\/\" \/>\n<meta property=\"og:site_name\" content=\"Librairie 7L\" \/>\n<meta property=\"article:modified_time\" content=\"2026-04-16T08:49:49+00:00\" \/>\n<meta property=\"og:image\" content=\"https:\/\/librairie7l.com\/wp-content\/uploads\/2024\/05\/9782036066076_1_75.jpg\" \/>\n\t<meta property=\"og:image:width\" content=\"600\" \/>\n\t<meta property=\"og:image:height\" content=\"724\" \/>\n\t<meta property=\"og:image:type\" content=\"image\/jpeg\" \/>\n<meta name=\"twitter:card\" content=\"summary_large_image\" \/>\n<meta name=\"twitter:label1\" content=\"Est. reading time\" \/>\n\t<meta name=\"twitter:data1\" content=\"1 minute\" \/>\n<script type=\"application\/ld+json\" class=\"yoast-schema-graph\">{\"@context\":\"https:\/\/schema.org\",\"@graph\":[{\"@type\":\"WebPage\",\"@id\":\"https:\/\/librairie7l.com\/en\/produit\/vintage-de-luxe-bijoux-sacs-foulards-vetements-2\/\",\"url\":\"https:\/\/librairie7l.com\/en\/produit\/vintage-de-luxe-bijoux-sacs-foulards-vetements-2\/\",\"name\":\"Vintage de luxe : bijoux, sacs, foulards, v\u00eatements - Librairie 7L\",\"isPartOf\":{\"@id\":\"https:\/\/librairie7l.com\/en\/#website\"},\"datePublished\":\"2024-10-18T21:04:47+00:00\",\"dateModified\":\"2026-04-16T08:49:49+00:00\",\"breadcrumb\":{\"@id\":\"https:\/\/librairie7l.com\/en\/produit\/vintage-de-luxe-bijoux-sacs-foulards-vetements-2\/#breadcrumb\"},\"inLanguage\":\"en-US\",\"potentialAction\":[{\"@type\":\"ReadAction\",\"target\":[\"https:\/\/librairie7l.com\/en\/produit\/vintage-de-luxe-bijoux-sacs-foulards-vetements-2\/\"]}]},{\"@type\":\"BreadcrumbList\",\"@id\":\"https:\/\/librairie7l.com\/en\/produit\/vintage-de-luxe-bijoux-sacs-foulards-vetements-2\/#breadcrumb\",\"itemListElement\":[{\"@type\":\"ListItem\",\"position\":1,\"name\":\"Accueil\",\"item\":\"https:\/\/librairie7l.com\/en\/\"},{\"@type\":\"ListItem\",\"position\":2,\"name\":\"Shop\",\"item\":\"https:\/\/librairie7l.com\/en\/shop\/\"},{\"@type\":\"ListItem\",\"position\":3,\"name\":\"VINTAGE DE LUXE : BIJOUX, SACS, FOULARDS, V\u00caTEMENTS\"}]},{\"@type\":\"WebSite\",\"@id\":\"https:\/\/librairie7l.com\/en\/#website\",\"url\":\"https:\/\/librairie7l.com\/en\/\",\"name\":\"Librairie 7L\",\"description\":\"Librairie fond\u00e9e en 1999 par Karl Lagerfeld \u00e0 Paris\",\"publisher\":{\"@id\":\"https:\/\/librairie7l.com\/en\/#organization\"},\"potentialAction\":[{\"@type\":\"SearchAction\",\"target\":{\"@type\":\"EntryPoint\",\"urlTemplate\":\"https:\/\/librairie7l.com\/en\/?s={search_term_string}\"},\"query-input\":\"required name=search_term_string\"}],\"inLanguage\":\"en-US\"},{\"@type\":\"Organization\",\"@id\":\"https:\/\/librairie7l.com\/en\/#organization\",\"name\":\"Librairie 7L\",\"url\":\"https:\/\/librairie7l.com\/en\/\",\"logo\":{\"@type\":\"ImageObject\",\"inLanguage\":\"en-US\",\"@id\":\"https:\/\/librairie7l.com\/en\/#\/schema\/logo\/image\/\",\"url\":\"https:\/\/librairie7l.com\/wp-content\/uploads\/2022\/08\/logo-1.png\",\"contentUrl\":\"https:\/\/librairie7l.com\/wp-content\/uploads\/2022\/08\/logo-1.png\",\"width\":227,\"height\":301,\"caption\":\"Librairie 7L\"},\"image\":{\"@id\":\"https:\/\/librairie7l.com\/en\/#\/schema\/logo\/image\/\"}}]}<\/script>\n<!-- \/ Yoast SEO plugin. -->","yoast_head_json":{"title":"Vintage de luxe : bijoux, sacs, foulards, v\u00eatements - Librairie 7L","robots":{"index":"index","follow":"follow","max-snippet":"max-snippet:-1","max-image-preview":"max-image-preview:large","max-video-preview":"max-video-preview:-1"},"canonical":"https:\/\/librairie7l.com\/en\/produit\/vintage-de-luxe-bijoux-sacs-foulards-vetements-2\/","og_locale":"en_US","og_type":"article","og_title":"Vintage de luxe : bijoux, sacs, foulards, v\u00eatements - Librairie 7L","og_description":"Rien que le mot fascine : vintage ! Dans le monde entier, il a ses adaptes et il ne fait que commencer \u00e0 se d\u00e9velopper. Imaginez qu&#8217;on puisse acqu\u00e9rir un iconique 2.55, un Lady Dior ou un Kelly des ann\u00e9es 1980 \u00e0 un cout abordable ? Imaginez-vous porter un foulard Herm\u00e8s, la Chanel Premi\u00e8re ou [&hellip;]","og_url":"https:\/\/librairie7l.com\/en\/produit\/vintage-de-luxe-bijoux-sacs-foulards-vetements-2\/","og_site_name":"Librairie 7L","article_modified_time":"2026-04-16T08:49:49+00:00","og_image":[{"width":600,"height":724,"url":"https:\/\/librairie7l.com\/wp-content\/uploads\/2024\/05\/9782036066076_1_75.jpg","type":"image\/jpeg"}],"twitter_card":"summary_large_image","twitter_misc":{"Est. reading time":"1 minute"},"schema":{"@context":"https:\/\/schema.org","@graph":[{"@type":"WebPage","@id":"https:\/\/librairie7l.com\/en\/produit\/vintage-de-luxe-bijoux-sacs-foulards-vetements-2\/","url":"https:\/\/librairie7l.com\/en\/produit\/vintage-de-luxe-bijoux-sacs-foulards-vetements-2\/","name":"Vintage de luxe : bijoux, sacs, foulards, v\u00eatements - Librairie 7L","isPartOf":{"@id":"https:\/\/librairie7l.com\/en\/#website"},"datePublished":"2024-10-18T21:04:47+00:00","dateModified":"2026-04-16T08:49:49+00:00","breadcrumb":{"@id":"https:\/\/librairie7l.com\/en\/produit\/vintage-de-luxe-bijoux-sacs-foulards-vetements-2\/#breadcrumb"},"inLanguage":"en-US","potentialAction":[{"@type":"ReadAction","target":["https:\/\/librairie7l.com\/en\/produit\/vintage-de-luxe-bijoux-sacs-foulards-vetements-2\/"]}]},{"@type":"BreadcrumbList","@id":"https:\/\/librairie7l.com\/en\/produit\/vintage-de-luxe-bijoux-sacs-foulards-vetements-2\/#breadcrumb","itemListElement":[{"@type":"ListItem","position":1,"name":"Accueil","item":"https:\/\/librairie7l.com\/en\/"},{"@type":"ListItem","position":2,"name":"Shop","item":"https:\/\/librairie7l.com\/en\/shop\/"},{"@type":"ListItem","position":3,"name":"VINTAGE DE LUXE : BIJOUX, SACS, FOULARDS, V\u00caTEMENTS"}]},{"@type":"WebSite","@id":"https:\/\/librairie7l.com\/en\/#website","url":"https:\/\/librairie7l.com\/en\/","name":"Librairie 7L","description":"Librairie fond\u00e9e en 1999 par Karl Lagerfeld \u00e0 Paris","publisher":{"@id":"https:\/\/librairie7l.com\/en\/#organization"},"potentialAction":[{"@type":"SearchAction","target":{"@type":"EntryPoint","urlTemplate":"https:\/\/librairie7l.com\/en\/?s={search_term_string}"},"query-input":"required name=search_term_string"}],"inLanguage":"en-US"},{"@type":"Organization","@id":"https:\/\/librairie7l.com\/en\/#organization","name":"Librairie 7L","url":"https:\/\/librairie7l.com\/en\/","logo":{"@type":"ImageObject","inLanguage":"en-US","@id":"https:\/\/librairie7l.com\/en\/#\/schema\/logo\/image\/","url":"https:\/\/librairie7l.com\/wp-content\/uploads\/2022\/08\/logo-1.png","contentUrl":"https:\/\/librairie7l.com\/wp-content\/uploads\/2022\/08\/logo-1.png","width":227,"height":301,"caption":"Librairie 7L"},"image":{"@id":"https:\/\/librairie7l.com\/en\/#\/schema\/logo\/image\/"}}]}},"_links":{"self":[{"href":"https:\/\/librairie7l.com\/en\/wp-json\/wp\/v2\/product\/43630"}],"collection":[{"href":"https:\/\/librairie7l.com\/en\/wp-json\/wp\/v2\/product"}],"about":[{"href":"https:\/\/librairie7l.com\/en\/wp-json\/wp\/v2\/types\/product"}],"wp:featuredmedia":[{"embeddable":true,"href":"https:\/\/librairie7l.com\/en\/wp-json\/wp\/v2\/media\/43628"}],"wp:attachment":[{"href":"https:\/\/librairie7l.com\/en\/wp-json\/wp\/v2\/media?parent=43630"}],"wp:term":[{"taxonomy":"product_cat","embeddable":true,"href":"https:\/\/librairie7l.com\/en\/wp-json\/wp\/v2\/product_cat?post=43630"},{"taxonomy":"product_tag","embeddable":true,"href":"https:\/\/librairie7l.com\/en\/wp-json\/wp\/v2\/product_tag?post=43630"}],"curies":[{"name":"wp","href":"https:\/\/api.w.org\/{rel}","templated":true}]}}