{"id":43638,"date":"2024-10-18T23:04:52","date_gmt":"2024-10-18T21:04:52","guid":{"rendered":"https:\/\/librairie7l.com\/?post_type=product&#038;p=43638"},"modified":"2026-04-05T19:23:18","modified_gmt":"2026-04-05T17:23:18","slug":"cest-jane-birkin-jane-2","status":"publish","type":"product","link":"https:\/\/librairie7l.com\/en\/produit\/cest-jane-birkin-jane-2\/","title":{"rendered":"C&#8217;EST JANE, BIRKIN JANE"},"content":{"rendered":"<p>Le portrait d&#8217;une Jane Birkin priv\u00e9e, par sa meilleure amie de toujours, la photographe Gabrielle Crawford, enrichi de t\u00e9moignages de son plus proche entourage (ami, collaborateurs, famille). Un texte touchant, intime, mais toujours pudique, qui laisse d\u00e9couvrir une femme g\u00e9n\u00e9reuse, fougueuse, talentueuse, joyeuse et combative face aux \u00e9preuves de la vie. Un livre sur une amiti\u00e9 joyeuse, un hommage et un dernier adieu \u00e0 l&#8217;Anglaise pr\u00e9f\u00e9r\u00e9e des Fran\u00e7ais, amie, femme et artiste d&#8217;exception.<br \/>\n Des photographies in\u00e9dites viendront compl\u00e9ter ce r\u00e9cit.<\/p>\n","protected":false},"excerpt":{"rendered":"<p>Le portrait d&#8217;une Jane Birkin priv\u00e9e, par sa meilleure amie de toujours, la photographe Gabrielle Crawford, enrichi de t\u00e9moignages de son plus proche entourage (ami, collaborateurs, famille). Un texte touchant, intime, mais toujours pudique, qui laisse d\u00e9couvrir une femme g\u00e9n\u00e9reuse, fougueuse, talentueuse, joyeuse et combative face aux \u00e9preuves de la vie. Un livre sur une [&hellip;]<\/p>\n","protected":false},"featured_media":43636,"template":"","meta":[],"product_cat":[2948],"product_tag":[],"acf":[],"yoast_head":"<!-- This site is optimized with the Yoast SEO plugin v20.11 - https:\/\/yoast.com\/wordpress\/plugins\/seo\/ -->\n<title>C&#039;est Jane, Birkin Jane - Librairie 7L<\/title>\n<meta name=\"robots\" content=\"index, follow, max-snippet:-1, max-image-preview:large, max-video-preview:-1\" \/>\n<link rel=\"canonical\" href=\"https:\/\/librairie7l.com\/en\/produit\/cest-jane-birkin-jane-2\/\" \/>\n<meta property=\"og:locale\" content=\"en_US\" \/>\n<meta property=\"og:type\" content=\"article\" \/>\n<meta property=\"og:title\" content=\"C&#039;est Jane, Birkin Jane - Librairie 7L\" \/>\n<meta property=\"og:description\" content=\"Le portrait d&#8217;une Jane Birkin priv\u00e9e, par sa meilleure amie de toujours, la photographe Gabrielle Crawford, enrichi de t\u00e9moignages de son plus proche entourage (ami, collaborateurs, famille). Un texte touchant, intime, mais toujours pudique, qui laisse d\u00e9couvrir une femme g\u00e9n\u00e9reuse, fougueuse, talentueuse, joyeuse et combative face aux \u00e9preuves de la vie. Un livre sur une [&hellip;]\" \/>\n<meta property=\"og:url\" content=\"https:\/\/librairie7l.com\/en\/produit\/cest-jane-birkin-jane-2\/\" \/>\n<meta property=\"og:site_name\" content=\"Librairie 7L\" \/>\n<meta property=\"article:modified_time\" content=\"2026-04-05T17:23:18+00:00\" \/>\n<meta property=\"og:image\" content=\"https:\/\/librairie7l.com\/wp-content\/uploads\/2024\/06\/9782330198053_1_75.jpg\" \/>\n\t<meta property=\"og:image:width\" content=\"600\" \/>\n\t<meta property=\"og:image:height\" content=\"929\" \/>\n\t<meta property=\"og:image:type\" content=\"image\/jpeg\" \/>\n<meta name=\"twitter:card\" content=\"summary_large_image\" \/>\n<script type=\"application\/ld+json\" class=\"yoast-schema-graph\">{\"@context\":\"https:\/\/schema.org\",\"@graph\":[{\"@type\":\"WebPage\",\"@id\":\"https:\/\/librairie7l.com\/en\/produit\/cest-jane-birkin-jane-2\/\",\"url\":\"https:\/\/librairie7l.com\/en\/produit\/cest-jane-birkin-jane-2\/\",\"name\":\"C'est Jane, Birkin Jane - Librairie 7L\",\"isPartOf\":{\"@id\":\"https:\/\/librairie7l.com\/en\/#website\"},\"datePublished\":\"2024-10-18T21:04:52+00:00\",\"dateModified\":\"2026-04-05T17:23:18+00:00\",\"breadcrumb\":{\"@id\":\"https:\/\/librairie7l.com\/en\/produit\/cest-jane-birkin-jane-2\/#breadcrumb\"},\"inLanguage\":\"en-US\",\"potentialAction\":[{\"@type\":\"ReadAction\",\"target\":[\"https:\/\/librairie7l.com\/en\/produit\/cest-jane-birkin-jane-2\/\"]}]},{\"@type\":\"BreadcrumbList\",\"@id\":\"https:\/\/librairie7l.com\/en\/produit\/cest-jane-birkin-jane-2\/#breadcrumb\",\"itemListElement\":[{\"@type\":\"ListItem\",\"position\":1,\"name\":\"Accueil\",\"item\":\"https:\/\/librairie7l.com\/en\/\"},{\"@type\":\"ListItem\",\"position\":2,\"name\":\"Shop\",\"item\":\"https:\/\/librairie7l.com\/en\/shop\/\"},{\"@type\":\"ListItem\",\"position\":3,\"name\":\"C&#8217;EST JANE, BIRKIN JANE\"}]},{\"@type\":\"WebSite\",\"@id\":\"https:\/\/librairie7l.com\/en\/#website\",\"url\":\"https:\/\/librairie7l.com\/en\/\",\"name\":\"Librairie 7L\",\"description\":\"Librairie fond\u00e9e en 1999 par Karl Lagerfeld \u00e0 Paris\",\"publisher\":{\"@id\":\"https:\/\/librairie7l.com\/en\/#organization\"},\"potentialAction\":[{\"@type\":\"SearchAction\",\"target\":{\"@type\":\"EntryPoint\",\"urlTemplate\":\"https:\/\/librairie7l.com\/en\/?s={search_term_string}\"},\"query-input\":\"required name=search_term_string\"}],\"inLanguage\":\"en-US\"},{\"@type\":\"Organization\",\"@id\":\"https:\/\/librairie7l.com\/en\/#organization\",\"name\":\"Librairie 7L\",\"url\":\"https:\/\/librairie7l.com\/en\/\",\"logo\":{\"@type\":\"ImageObject\",\"inLanguage\":\"en-US\",\"@id\":\"https:\/\/librairie7l.com\/en\/#\/schema\/logo\/image\/\",\"url\":\"https:\/\/librairie7l.com\/wp-content\/uploads\/2022\/08\/logo-1.png\",\"contentUrl\":\"https:\/\/librairie7l.com\/wp-content\/uploads\/2022\/08\/logo-1.png\",\"width\":227,\"height\":301,\"caption\":\"Librairie 7L\"},\"image\":{\"@id\":\"https:\/\/librairie7l.com\/en\/#\/schema\/logo\/image\/\"}}]}<\/script>\n<!-- \/ Yoast SEO plugin. -->","yoast_head_json":{"title":"C'est Jane, Birkin Jane - Librairie 7L","robots":{"index":"index","follow":"follow","max-snippet":"max-snippet:-1","max-image-preview":"max-image-preview:large","max-video-preview":"max-video-preview:-1"},"canonical":"https:\/\/librairie7l.com\/en\/produit\/cest-jane-birkin-jane-2\/","og_locale":"en_US","og_type":"article","og_title":"C'est Jane, Birkin Jane - Librairie 7L","og_description":"Le portrait d&#8217;une Jane Birkin priv\u00e9e, par sa meilleure amie de toujours, la photographe Gabrielle Crawford, enrichi de t\u00e9moignages de son plus proche entourage (ami, collaborateurs, famille). Un texte touchant, intime, mais toujours pudique, qui laisse d\u00e9couvrir une femme g\u00e9n\u00e9reuse, fougueuse, talentueuse, joyeuse et combative face aux \u00e9preuves de la vie. Un livre sur une [&hellip;]","og_url":"https:\/\/librairie7l.com\/en\/produit\/cest-jane-birkin-jane-2\/","og_site_name":"Librairie 7L","article_modified_time":"2026-04-05T17:23:18+00:00","og_image":[{"width":600,"height":929,"url":"https:\/\/librairie7l.com\/wp-content\/uploads\/2024\/06\/9782330198053_1_75.jpg","type":"image\/jpeg"}],"twitter_card":"summary_large_image","schema":{"@context":"https:\/\/schema.org","@graph":[{"@type":"WebPage","@id":"https:\/\/librairie7l.com\/en\/produit\/cest-jane-birkin-jane-2\/","url":"https:\/\/librairie7l.com\/en\/produit\/cest-jane-birkin-jane-2\/","name":"C'est Jane, Birkin Jane - Librairie 7L","isPartOf":{"@id":"https:\/\/librairie7l.com\/en\/#website"},"datePublished":"2024-10-18T21:04:52+00:00","dateModified":"2026-04-05T17:23:18+00:00","breadcrumb":{"@id":"https:\/\/librairie7l.com\/en\/produit\/cest-jane-birkin-jane-2\/#breadcrumb"},"inLanguage":"en-US","potentialAction":[{"@type":"ReadAction","target":["https:\/\/librairie7l.com\/en\/produit\/cest-jane-birkin-jane-2\/"]}]},{"@type":"BreadcrumbList","@id":"https:\/\/librairie7l.com\/en\/produit\/cest-jane-birkin-jane-2\/#breadcrumb","itemListElement":[{"@type":"ListItem","position":1,"name":"Accueil","item":"https:\/\/librairie7l.com\/en\/"},{"@type":"ListItem","position":2,"name":"Shop","item":"https:\/\/librairie7l.com\/en\/shop\/"},{"@type":"ListItem","position":3,"name":"C&#8217;EST JANE, BIRKIN JANE"}]},{"@type":"WebSite","@id":"https:\/\/librairie7l.com\/en\/#website","url":"https:\/\/librairie7l.com\/en\/","name":"Librairie 7L","description":"Librairie fond\u00e9e en 1999 par Karl Lagerfeld \u00e0 Paris","publisher":{"@id":"https:\/\/librairie7l.com\/en\/#organization"},"potentialAction":[{"@type":"SearchAction","target":{"@type":"EntryPoint","urlTemplate":"https:\/\/librairie7l.com\/en\/?s={search_term_string}"},"query-input":"required name=search_term_string"}],"inLanguage":"en-US"},{"@type":"Organization","@id":"https:\/\/librairie7l.com\/en\/#organization","name":"Librairie 7L","url":"https:\/\/librairie7l.com\/en\/","logo":{"@type":"ImageObject","inLanguage":"en-US","@id":"https:\/\/librairie7l.com\/en\/#\/schema\/logo\/image\/","url":"https:\/\/librairie7l.com\/wp-content\/uploads\/2022\/08\/logo-1.png","contentUrl":"https:\/\/librairie7l.com\/wp-content\/uploads\/2022\/08\/logo-1.png","width":227,"height":301,"caption":"Librairie 7L"},"image":{"@id":"https:\/\/librairie7l.com\/en\/#\/schema\/logo\/image\/"}}]}},"_links":{"self":[{"href":"https:\/\/librairie7l.com\/en\/wp-json\/wp\/v2\/product\/43638"}],"collection":[{"href":"https:\/\/librairie7l.com\/en\/wp-json\/wp\/v2\/product"}],"about":[{"href":"https:\/\/librairie7l.com\/en\/wp-json\/wp\/v2\/types\/product"}],"wp:featuredmedia":[{"embeddable":true,"href":"https:\/\/librairie7l.com\/en\/wp-json\/wp\/v2\/media\/43636"}],"wp:attachment":[{"href":"https:\/\/librairie7l.com\/en\/wp-json\/wp\/v2\/media?parent=43638"}],"wp:term":[{"taxonomy":"product_cat","embeddable":true,"href":"https:\/\/librairie7l.com\/en\/wp-json\/wp\/v2\/product_cat?post=43638"},{"taxonomy":"product_tag","embeddable":true,"href":"https:\/\/librairie7l.com\/en\/wp-json\/wp\/v2\/product_tag?post=43638"}],"curies":[{"name":"wp","href":"https:\/\/api.w.org\/{rel}","templated":true}]}}