{"id":43656,"date":"2024-10-20T09:17:45","date_gmt":"2024-10-20T07:17:45","guid":{"rendered":"https:\/\/librairie7l.com\/?post_type=product&#038;p=43656"},"modified":"2026-05-05T23:31:54","modified_gmt":"2026-05-05T21:31:54","slug":"david-jimenez-roma-2","status":"publish","type":"product","link":"https:\/\/librairie7l.com\/en\/produit\/david-jimenez-roma-2\/","title":{"rendered":"DAVID JIMENEZ ROMA"},"content":{"rendered":"<p>Descubra la perspectiva \u00fanica del fot\u00f3grafo espa\u00f1ol David Jim\u00e9nez, que capta h\u00e1bilmente la esencia del tiempo, el espacio y la emoci\u00f3n.<\/p>\n<p>Sea testigo de la superposici\u00f3n del pasado hist\u00f3rico con los efectos de la erosi\u00f3n material y experimente la coexistencia de diferentes escalas temporales. Las rocas se transforman en volutas de humo y el agua adopta formas aleatorias.<\/p>\n<p>La obra de David Jim\u00e9nez forma parte de numerosas colecciones p\u00fablicas y privadas, como la Fundaci\u00f3n MAPFRE, el Centro de Arte CA2M y la Colecci\u00f3n de Arte DKV.<\/p>\n<p>Una exposici\u00f3n del proyecto ROMA tiene lugar en el Centro de Arte Jos\u00e9 Guerrero, Granada (2024) y en el Centro Andaluz de la Fotograf\u00eda, Almer\u00eda (2025)<\/p>\n<p>ROMA presenta de manera monogr\u00e1fica el conjunto del trabajo realizado por David Jim\u00e9nez durante diversas estancias en Italia desde 2016 hasta la actualidad, e iniciado durante su residencia en la Real Academia de Espa\u00f1a en Roma. Jim\u00e9nez plante\u00f3 su personal indagaci\u00f3n fotogr\u00e1fica en torno a las relaciones que operan secretamente en lo que resulta aparentemente familiar, revocando la noci\u00f3n heredada de Roma como icono inamovible. Sirvi\u00e9ndose de toda su sobrecarga de estratos, la convierte en una suerte de palimpsesto que invita a asociaciones libres. El resultado de esa descontextualizaci\u00f3n de objetos y representaciones es una combinatoria de tiempos y espacios que genera en el espectador una doble sensaci\u00f3n de extra\u00f1amiento y epifan\u00eda.<\/p>\n<p>Otros fotolibros de David Jim\u00e9nez: UNIVERSOS (2019), INFINITO (2018), VERSUS (2014).<\/p>\n","protected":false},"excerpt":{"rendered":"<p>Descubra la perspectiva \u00fanica del fot\u00f3grafo espa\u00f1ol David Jim\u00e9nez, que capta h\u00e1bilmente la esencia del tiempo, el espacio y la emoci\u00f3n. Sea testigo de la superposici\u00f3n del pasado hist\u00f3rico con los efectos de la erosi\u00f3n material y experimente la coexistencia de diferentes escalas temporales. Las rocas se transforman en volutas de humo y el agua [&hellip;]<\/p>\n","protected":false},"featured_media":43654,"template":"","meta":[],"product_cat":[2948],"product_tag":[],"acf":[],"yoast_head":"<!-- This site is optimized with the Yoast SEO plugin v20.11 - https:\/\/yoast.com\/wordpress\/plugins\/seo\/ -->\n<title>David Jimenez Roma - Librairie 7L<\/title>\n<meta name=\"robots\" content=\"index, follow, max-snippet:-1, max-image-preview:large, max-video-preview:-1\" \/>\n<link rel=\"canonical\" href=\"https:\/\/librairie7l.com\/en\/produit\/david-jimenez-roma-2\/\" \/>\n<meta property=\"og:locale\" content=\"en_US\" \/>\n<meta property=\"og:type\" content=\"article\" \/>\n<meta property=\"og:title\" content=\"David Jimenez Roma - Librairie 7L\" \/>\n<meta property=\"og:description\" content=\"Descubra la perspectiva \u00fanica del fot\u00f3grafo espa\u00f1ol David Jim\u00e9nez, que capta h\u00e1bilmente la esencia del tiempo, el espacio y la emoci\u00f3n. Sea testigo de la superposici\u00f3n del pasado hist\u00f3rico con los efectos de la erosi\u00f3n material y experimente la coexistencia de diferentes escalas temporales. Las rocas se transforman en volutas de humo y el agua [&hellip;]\" \/>\n<meta property=\"og:url\" content=\"https:\/\/librairie7l.com\/en\/produit\/david-jimenez-roma-2\/\" \/>\n<meta property=\"og:site_name\" content=\"Librairie 7L\" \/>\n<meta property=\"article:modified_time\" content=\"2026-05-05T21:31:54+00:00\" \/>\n<meta property=\"og:image\" content=\"https:\/\/librairie7l.com\/wp-content\/uploads\/2024\/02\/9788419233899_1_75.jpg\" \/>\n\t<meta property=\"og:image:width\" content=\"348\" \/>\n\t<meta property=\"og:image:height\" content=\"500\" \/>\n\t<meta property=\"og:image:type\" content=\"image\/jpeg\" \/>\n<meta name=\"twitter:card\" content=\"summary_large_image\" \/>\n<meta name=\"twitter:label1\" content=\"Est. reading time\" \/>\n\t<meta name=\"twitter:data1\" content=\"1 minute\" \/>\n<script type=\"application\/ld+json\" class=\"yoast-schema-graph\">{\"@context\":\"https:\/\/schema.org\",\"@graph\":[{\"@type\":\"WebPage\",\"@id\":\"https:\/\/librairie7l.com\/en\/produit\/david-jimenez-roma-2\/\",\"url\":\"https:\/\/librairie7l.com\/en\/produit\/david-jimenez-roma-2\/\",\"name\":\"David Jimenez Roma - Librairie 7L\",\"isPartOf\":{\"@id\":\"https:\/\/librairie7l.com\/en\/#website\"},\"datePublished\":\"2024-10-20T07:17:45+00:00\",\"dateModified\":\"2026-05-05T21:31:54+00:00\",\"breadcrumb\":{\"@id\":\"https:\/\/librairie7l.com\/en\/produit\/david-jimenez-roma-2\/#breadcrumb\"},\"inLanguage\":\"en-US\",\"potentialAction\":[{\"@type\":\"ReadAction\",\"target\":[\"https:\/\/librairie7l.com\/en\/produit\/david-jimenez-roma-2\/\"]}]},{\"@type\":\"BreadcrumbList\",\"@id\":\"https:\/\/librairie7l.com\/en\/produit\/david-jimenez-roma-2\/#breadcrumb\",\"itemListElement\":[{\"@type\":\"ListItem\",\"position\":1,\"name\":\"Accueil\",\"item\":\"https:\/\/librairie7l.com\/en\/\"},{\"@type\":\"ListItem\",\"position\":2,\"name\":\"Shop\",\"item\":\"https:\/\/librairie7l.com\/en\/shop\/\"},{\"@type\":\"ListItem\",\"position\":3,\"name\":\"DAVID JIMENEZ ROMA\"}]},{\"@type\":\"WebSite\",\"@id\":\"https:\/\/librairie7l.com\/en\/#website\",\"url\":\"https:\/\/librairie7l.com\/en\/\",\"name\":\"Librairie 7L\",\"description\":\"Librairie fond\u00e9e en 1999 par Karl Lagerfeld \u00e0 Paris\",\"publisher\":{\"@id\":\"https:\/\/librairie7l.com\/en\/#organization\"},\"potentialAction\":[{\"@type\":\"SearchAction\",\"target\":{\"@type\":\"EntryPoint\",\"urlTemplate\":\"https:\/\/librairie7l.com\/en\/?s={search_term_string}\"},\"query-input\":\"required name=search_term_string\"}],\"inLanguage\":\"en-US\"},{\"@type\":\"Organization\",\"@id\":\"https:\/\/librairie7l.com\/en\/#organization\",\"name\":\"Librairie 7L\",\"url\":\"https:\/\/librairie7l.com\/en\/\",\"logo\":{\"@type\":\"ImageObject\",\"inLanguage\":\"en-US\",\"@id\":\"https:\/\/librairie7l.com\/en\/#\/schema\/logo\/image\/\",\"url\":\"https:\/\/librairie7l.com\/wp-content\/uploads\/2022\/08\/logo-1.png\",\"contentUrl\":\"https:\/\/librairie7l.com\/wp-content\/uploads\/2022\/08\/logo-1.png\",\"width\":227,\"height\":301,\"caption\":\"Librairie 7L\"},\"image\":{\"@id\":\"https:\/\/librairie7l.com\/en\/#\/schema\/logo\/image\/\"}}]}<\/script>\n<!-- \/ Yoast SEO plugin. -->","yoast_head_json":{"title":"David Jimenez Roma - Librairie 7L","robots":{"index":"index","follow":"follow","max-snippet":"max-snippet:-1","max-image-preview":"max-image-preview:large","max-video-preview":"max-video-preview:-1"},"canonical":"https:\/\/librairie7l.com\/en\/produit\/david-jimenez-roma-2\/","og_locale":"en_US","og_type":"article","og_title":"David Jimenez Roma - Librairie 7L","og_description":"Descubra la perspectiva \u00fanica del fot\u00f3grafo espa\u00f1ol David Jim\u00e9nez, que capta h\u00e1bilmente la esencia del tiempo, el espacio y la emoci\u00f3n. Sea testigo de la superposici\u00f3n del pasado hist\u00f3rico con los efectos de la erosi\u00f3n material y experimente la coexistencia de diferentes escalas temporales. Las rocas se transforman en volutas de humo y el agua [&hellip;]","og_url":"https:\/\/librairie7l.com\/en\/produit\/david-jimenez-roma-2\/","og_site_name":"Librairie 7L","article_modified_time":"2026-05-05T21:31:54+00:00","og_image":[{"width":348,"height":500,"url":"https:\/\/librairie7l.com\/wp-content\/uploads\/2024\/02\/9788419233899_1_75.jpg","type":"image\/jpeg"}],"twitter_card":"summary_large_image","twitter_misc":{"Est. reading time":"1 minute"},"schema":{"@context":"https:\/\/schema.org","@graph":[{"@type":"WebPage","@id":"https:\/\/librairie7l.com\/en\/produit\/david-jimenez-roma-2\/","url":"https:\/\/librairie7l.com\/en\/produit\/david-jimenez-roma-2\/","name":"David Jimenez Roma - Librairie 7L","isPartOf":{"@id":"https:\/\/librairie7l.com\/en\/#website"},"datePublished":"2024-10-20T07:17:45+00:00","dateModified":"2026-05-05T21:31:54+00:00","breadcrumb":{"@id":"https:\/\/librairie7l.com\/en\/produit\/david-jimenez-roma-2\/#breadcrumb"},"inLanguage":"en-US","potentialAction":[{"@type":"ReadAction","target":["https:\/\/librairie7l.com\/en\/produit\/david-jimenez-roma-2\/"]}]},{"@type":"BreadcrumbList","@id":"https:\/\/librairie7l.com\/en\/produit\/david-jimenez-roma-2\/#breadcrumb","itemListElement":[{"@type":"ListItem","position":1,"name":"Accueil","item":"https:\/\/librairie7l.com\/en\/"},{"@type":"ListItem","position":2,"name":"Shop","item":"https:\/\/librairie7l.com\/en\/shop\/"},{"@type":"ListItem","position":3,"name":"DAVID JIMENEZ ROMA"}]},{"@type":"WebSite","@id":"https:\/\/librairie7l.com\/en\/#website","url":"https:\/\/librairie7l.com\/en\/","name":"Librairie 7L","description":"Librairie fond\u00e9e en 1999 par Karl Lagerfeld \u00e0 Paris","publisher":{"@id":"https:\/\/librairie7l.com\/en\/#organization"},"potentialAction":[{"@type":"SearchAction","target":{"@type":"EntryPoint","urlTemplate":"https:\/\/librairie7l.com\/en\/?s={search_term_string}"},"query-input":"required name=search_term_string"}],"inLanguage":"en-US"},{"@type":"Organization","@id":"https:\/\/librairie7l.com\/en\/#organization","name":"Librairie 7L","url":"https:\/\/librairie7l.com\/en\/","logo":{"@type":"ImageObject","inLanguage":"en-US","@id":"https:\/\/librairie7l.com\/en\/#\/schema\/logo\/image\/","url":"https:\/\/librairie7l.com\/wp-content\/uploads\/2022\/08\/logo-1.png","contentUrl":"https:\/\/librairie7l.com\/wp-content\/uploads\/2022\/08\/logo-1.png","width":227,"height":301,"caption":"Librairie 7L"},"image":{"@id":"https:\/\/librairie7l.com\/en\/#\/schema\/logo\/image\/"}}]}},"_links":{"self":[{"href":"https:\/\/librairie7l.com\/en\/wp-json\/wp\/v2\/product\/43656"}],"collection":[{"href":"https:\/\/librairie7l.com\/en\/wp-json\/wp\/v2\/product"}],"about":[{"href":"https:\/\/librairie7l.com\/en\/wp-json\/wp\/v2\/types\/product"}],"wp:featuredmedia":[{"embeddable":true,"href":"https:\/\/librairie7l.com\/en\/wp-json\/wp\/v2\/media\/43654"}],"wp:attachment":[{"href":"https:\/\/librairie7l.com\/en\/wp-json\/wp\/v2\/media?parent=43656"}],"wp:term":[{"taxonomy":"product_cat","embeddable":true,"href":"https:\/\/librairie7l.com\/en\/wp-json\/wp\/v2\/product_cat?post=43656"},{"taxonomy":"product_tag","embeddable":true,"href":"https:\/\/librairie7l.com\/en\/wp-json\/wp\/v2\/product_tag?post=43656"}],"curies":[{"name":"wp","href":"https:\/\/api.w.org\/{rel}","templated":true}]}}