{"id":43704,"date":"2024-10-20T09:18:17","date_gmt":"2024-10-20T07:18:17","guid":{"rendered":"https:\/\/librairie7l.com\/?post_type=product&#038;p=43704"},"modified":"2026-04-18T13:18:10","modified_gmt":"2026-04-18T11:18:10","slug":"jardins-visionnaires-2","status":"publish","type":"product","link":"https:\/\/librairie7l.com\/en\/produit\/jardins-visionnaires-2\/","title":{"rendered":"JARDINS VISIONNAIRES"},"content":{"rendered":"<p>Tour du monde des quatre-vingts jardins visionnaires qui pr\u00e9sentent une nouvelle esth\u00e9tique r\u00e9pondant aux d\u00e9fis environnementaux du XXIe si\u00e8cle. Impr\u00e9gn\u00e9s de leur environnement, ils r\u00e9v\u00e8lent une v\u00e9g\u00e9tation simple, robuste, \u00e0 la fois indig\u00e8ne et exotique, ne r\u00e9clamant ni arrosages ni soins particuliers. Des jardins qui regardent vers l&#8217;avenir.<br \/>\nR\u00e9silients, ces nouveaux jardins-paysages jouent un r\u00f4le d&#8217;importance et d\u00e9montrent que l&#8217;adaptation aux contraintes climatiques stimule la cr\u00e9ativit\u00e9. Au fil des reportages, les auteurs, paysagistes de renomm\u00e9e internationale, nous ouvrent les portes des plus beaux jardins d&#8217;aujourd&#8217;hui qui s&#8217;impr\u00e8gnent de leur environnement pour s&#8217;y fondre int\u00e9gralement, adoptant les formes et les couleurs du lieu.<\/p>\n","protected":false},"excerpt":{"rendered":"<p>Tour du monde des quatre-vingts jardins visionnaires qui pr\u00e9sentent une nouvelle esth\u00e9tique r\u00e9pondant aux d\u00e9fis environnementaux du XXIe si\u00e8cle. Impr\u00e9gn\u00e9s de leur environnement, ils r\u00e9v\u00e8lent une v\u00e9g\u00e9tation simple, robuste, \u00e0 la fois indig\u00e8ne et exotique, ne r\u00e9clamant ni arrosages ni soins particuliers. Des jardins qui regardent vers l&#8217;avenir. R\u00e9silients, ces nouveaux jardins-paysages jouent un r\u00f4le [&hellip;]<\/p>\n","protected":false},"featured_media":43702,"template":"","meta":[],"product_cat":[2948,2956],"product_tag":[],"acf":[],"yoast_head":"<!-- This site is optimized with the Yoast SEO plugin v20.11 - https:\/\/yoast.com\/wordpress\/plugins\/seo\/ -->\n<title>Jardins visionnaires - Librairie 7L<\/title>\n<meta name=\"robots\" content=\"index, follow, max-snippet:-1, max-image-preview:large, max-video-preview:-1\" \/>\n<link rel=\"canonical\" href=\"https:\/\/librairie7l.com\/en\/produit\/jardins-visionnaires-2\/\" \/>\n<meta property=\"og:locale\" content=\"en_US\" \/>\n<meta property=\"og:type\" content=\"article\" \/>\n<meta property=\"og:title\" content=\"Jardins visionnaires - Librairie 7L\" \/>\n<meta property=\"og:description\" content=\"Tour du monde des quatre-vingts jardins visionnaires qui pr\u00e9sentent une nouvelle esth\u00e9tique r\u00e9pondant aux d\u00e9fis environnementaux du XXIe si\u00e8cle. Impr\u00e9gn\u00e9s de leur environnement, ils r\u00e9v\u00e8lent une v\u00e9g\u00e9tation simple, robuste, \u00e0 la fois indig\u00e8ne et exotique, ne r\u00e9clamant ni arrosages ni soins particuliers. Des jardins qui regardent vers l&#8217;avenir. R\u00e9silients, ces nouveaux jardins-paysages jouent un r\u00f4le [&hellip;]\" \/>\n<meta property=\"og:url\" content=\"https:\/\/librairie7l.com\/en\/produit\/jardins-visionnaires-2\/\" \/>\n<meta property=\"og:site_name\" content=\"Librairie 7L\" \/>\n<meta property=\"article:modified_time\" content=\"2026-04-18T11:18:10+00:00\" \/>\n<meta property=\"og:image\" content=\"https:\/\/librairie7l.com\/wp-content\/uploads\/2024\/06\/9782379223914_1_75.jpg\" \/>\n\t<meta property=\"og:image:width\" content=\"600\" \/>\n\t<meta property=\"og:image:height\" content=\"712\" \/>\n\t<meta property=\"og:image:type\" content=\"image\/jpeg\" \/>\n<meta name=\"twitter:card\" content=\"summary_large_image\" \/>\n<meta name=\"twitter:label1\" content=\"Est. reading time\" \/>\n\t<meta name=\"twitter:data1\" content=\"1 minute\" \/>\n<script type=\"application\/ld+json\" class=\"yoast-schema-graph\">{\"@context\":\"https:\/\/schema.org\",\"@graph\":[{\"@type\":\"WebPage\",\"@id\":\"https:\/\/librairie7l.com\/en\/produit\/jardins-visionnaires-2\/\",\"url\":\"https:\/\/librairie7l.com\/en\/produit\/jardins-visionnaires-2\/\",\"name\":\"Jardins visionnaires - Librairie 7L\",\"isPartOf\":{\"@id\":\"https:\/\/librairie7l.com\/en\/#website\"},\"datePublished\":\"2024-10-20T07:18:17+00:00\",\"dateModified\":\"2026-04-18T11:18:10+00:00\",\"breadcrumb\":{\"@id\":\"https:\/\/librairie7l.com\/en\/produit\/jardins-visionnaires-2\/#breadcrumb\"},\"inLanguage\":\"en-US\",\"potentialAction\":[{\"@type\":\"ReadAction\",\"target\":[\"https:\/\/librairie7l.com\/en\/produit\/jardins-visionnaires-2\/\"]}]},{\"@type\":\"BreadcrumbList\",\"@id\":\"https:\/\/librairie7l.com\/en\/produit\/jardins-visionnaires-2\/#breadcrumb\",\"itemListElement\":[{\"@type\":\"ListItem\",\"position\":1,\"name\":\"Accueil\",\"item\":\"https:\/\/librairie7l.com\/en\/\"},{\"@type\":\"ListItem\",\"position\":2,\"name\":\"Shop\",\"item\":\"https:\/\/librairie7l.com\/en\/shop\/\"},{\"@type\":\"ListItem\",\"position\":3,\"name\":\"JARDINS VISIONNAIRES\"}]},{\"@type\":\"WebSite\",\"@id\":\"https:\/\/librairie7l.com\/en\/#website\",\"url\":\"https:\/\/librairie7l.com\/en\/\",\"name\":\"Librairie 7L\",\"description\":\"Librairie fond\u00e9e en 1999 par Karl Lagerfeld \u00e0 Paris\",\"publisher\":{\"@id\":\"https:\/\/librairie7l.com\/en\/#organization\"},\"potentialAction\":[{\"@type\":\"SearchAction\",\"target\":{\"@type\":\"EntryPoint\",\"urlTemplate\":\"https:\/\/librairie7l.com\/en\/?s={search_term_string}\"},\"query-input\":\"required name=search_term_string\"}],\"inLanguage\":\"en-US\"},{\"@type\":\"Organization\",\"@id\":\"https:\/\/librairie7l.com\/en\/#organization\",\"name\":\"Librairie 7L\",\"url\":\"https:\/\/librairie7l.com\/en\/\",\"logo\":{\"@type\":\"ImageObject\",\"inLanguage\":\"en-US\",\"@id\":\"https:\/\/librairie7l.com\/en\/#\/schema\/logo\/image\/\",\"url\":\"https:\/\/librairie7l.com\/wp-content\/uploads\/2022\/08\/logo-1.png\",\"contentUrl\":\"https:\/\/librairie7l.com\/wp-content\/uploads\/2022\/08\/logo-1.png\",\"width\":227,\"height\":301,\"caption\":\"Librairie 7L\"},\"image\":{\"@id\":\"https:\/\/librairie7l.com\/en\/#\/schema\/logo\/image\/\"}}]}<\/script>\n<!-- \/ Yoast SEO plugin. -->","yoast_head_json":{"title":"Jardins visionnaires - Librairie 7L","robots":{"index":"index","follow":"follow","max-snippet":"max-snippet:-1","max-image-preview":"max-image-preview:large","max-video-preview":"max-video-preview:-1"},"canonical":"https:\/\/librairie7l.com\/en\/produit\/jardins-visionnaires-2\/","og_locale":"en_US","og_type":"article","og_title":"Jardins visionnaires - Librairie 7L","og_description":"Tour du monde des quatre-vingts jardins visionnaires qui pr\u00e9sentent une nouvelle esth\u00e9tique r\u00e9pondant aux d\u00e9fis environnementaux du XXIe si\u00e8cle. Impr\u00e9gn\u00e9s de leur environnement, ils r\u00e9v\u00e8lent une v\u00e9g\u00e9tation simple, robuste, \u00e0 la fois indig\u00e8ne et exotique, ne r\u00e9clamant ni arrosages ni soins particuliers. Des jardins qui regardent vers l&#8217;avenir. R\u00e9silients, ces nouveaux jardins-paysages jouent un r\u00f4le [&hellip;]","og_url":"https:\/\/librairie7l.com\/en\/produit\/jardins-visionnaires-2\/","og_site_name":"Librairie 7L","article_modified_time":"2026-04-18T11:18:10+00:00","og_image":[{"width":600,"height":712,"url":"https:\/\/librairie7l.com\/wp-content\/uploads\/2024\/06\/9782379223914_1_75.jpg","type":"image\/jpeg"}],"twitter_card":"summary_large_image","twitter_misc":{"Est. reading time":"1 minute"},"schema":{"@context":"https:\/\/schema.org","@graph":[{"@type":"WebPage","@id":"https:\/\/librairie7l.com\/en\/produit\/jardins-visionnaires-2\/","url":"https:\/\/librairie7l.com\/en\/produit\/jardins-visionnaires-2\/","name":"Jardins visionnaires - Librairie 7L","isPartOf":{"@id":"https:\/\/librairie7l.com\/en\/#website"},"datePublished":"2024-10-20T07:18:17+00:00","dateModified":"2026-04-18T11:18:10+00:00","breadcrumb":{"@id":"https:\/\/librairie7l.com\/en\/produit\/jardins-visionnaires-2\/#breadcrumb"},"inLanguage":"en-US","potentialAction":[{"@type":"ReadAction","target":["https:\/\/librairie7l.com\/en\/produit\/jardins-visionnaires-2\/"]}]},{"@type":"BreadcrumbList","@id":"https:\/\/librairie7l.com\/en\/produit\/jardins-visionnaires-2\/#breadcrumb","itemListElement":[{"@type":"ListItem","position":1,"name":"Accueil","item":"https:\/\/librairie7l.com\/en\/"},{"@type":"ListItem","position":2,"name":"Shop","item":"https:\/\/librairie7l.com\/en\/shop\/"},{"@type":"ListItem","position":3,"name":"JARDINS VISIONNAIRES"}]},{"@type":"WebSite","@id":"https:\/\/librairie7l.com\/en\/#website","url":"https:\/\/librairie7l.com\/en\/","name":"Librairie 7L","description":"Librairie fond\u00e9e en 1999 par Karl Lagerfeld \u00e0 Paris","publisher":{"@id":"https:\/\/librairie7l.com\/en\/#organization"},"potentialAction":[{"@type":"SearchAction","target":{"@type":"EntryPoint","urlTemplate":"https:\/\/librairie7l.com\/en\/?s={search_term_string}"},"query-input":"required name=search_term_string"}],"inLanguage":"en-US"},{"@type":"Organization","@id":"https:\/\/librairie7l.com\/en\/#organization","name":"Librairie 7L","url":"https:\/\/librairie7l.com\/en\/","logo":{"@type":"ImageObject","inLanguage":"en-US","@id":"https:\/\/librairie7l.com\/en\/#\/schema\/logo\/image\/","url":"https:\/\/librairie7l.com\/wp-content\/uploads\/2022\/08\/logo-1.png","contentUrl":"https:\/\/librairie7l.com\/wp-content\/uploads\/2022\/08\/logo-1.png","width":227,"height":301,"caption":"Librairie 7L"},"image":{"@id":"https:\/\/librairie7l.com\/en\/#\/schema\/logo\/image\/"}}]}},"_links":{"self":[{"href":"https:\/\/librairie7l.com\/en\/wp-json\/wp\/v2\/product\/43704"}],"collection":[{"href":"https:\/\/librairie7l.com\/en\/wp-json\/wp\/v2\/product"}],"about":[{"href":"https:\/\/librairie7l.com\/en\/wp-json\/wp\/v2\/types\/product"}],"wp:featuredmedia":[{"embeddable":true,"href":"https:\/\/librairie7l.com\/en\/wp-json\/wp\/v2\/media\/43702"}],"wp:attachment":[{"href":"https:\/\/librairie7l.com\/en\/wp-json\/wp\/v2\/media?parent=43704"}],"wp:term":[{"taxonomy":"product_cat","embeddable":true,"href":"https:\/\/librairie7l.com\/en\/wp-json\/wp\/v2\/product_cat?post=43704"},{"taxonomy":"product_tag","embeddable":true,"href":"https:\/\/librairie7l.com\/en\/wp-json\/wp\/v2\/product_tag?post=43704"}],"curies":[{"name":"wp","href":"https:\/\/api.w.org\/{rel}","templated":true}]}}