{"id":43716,"date":"2024-10-23T09:17:34","date_gmt":"2024-10-23T07:17:34","guid":{"rendered":"https:\/\/librairie7l.com\/?post_type=product&#038;p=43716"},"modified":"2026-04-08T13:31:44","modified_gmt":"2026-04-08T11:31:44","slug":"le-tour-du-monde-du-papier-creations-savoirs-boutiques-2","status":"publish","type":"product","link":"https:\/\/librairie7l.com\/en\/produit\/le-tour-du-monde-du-papier-creations-savoirs-boutiques-2\/","title":{"rendered":"LE TOUR DU MONDE DU PAPIER : CR\u00c9ATIONS, SAVOIRS, BOUTIQUES"},"content":{"rendered":"<p>Le papier est sans conteste l&#8217;une des plus grandes et des plus fascinantes inventions de l&#8217;humanit\u00e9. C&#8217;est \u00e0 une exploration de son univers merveilleux que nous convie la relieuse Julie Auzillon dans ce livre. Elle nous invite \u00e0 un voyage autour du monde, \u00e0 travers des visites de boutiques, de mus\u00e9es et d&#8217;ateliers d&#8217;artisans. Cette fascinante balade est ponctu\u00e9e de r\u00e9cits historiques, d&#8217;informations techniques et de focus culturels.<\/p>\n<p>Cet ouvrage pr\u00e9sente ainsi toute la diversit\u00e9 du papier \u00e0 travers le monde. Il ouvre le champ des possibles, en conjuguant le papier \u00e0 l&#8217;infini, et en explorant sa fabrication, ses usages, les traditions auxquelles il est li\u00e9&#8230;<\/p>\n<p>Une v\u00e9ritable invitation au voyage aux confluences de l&#8217;art, de l&#8217;artisanat, de la culture et du design !<\/p>\n","protected":false},"excerpt":{"rendered":"<p>Le papier est sans conteste l&#8217;une des plus grandes et des plus fascinantes inventions de l&#8217;humanit\u00e9. C&#8217;est \u00e0 une exploration de son univers merveilleux que nous convie la relieuse Julie Auzillon dans ce livre. Elle nous invite \u00e0 un voyage autour du monde, \u00e0 travers des visites de boutiques, de mus\u00e9es et d&#8217;ateliers d&#8217;artisans. Cette [&hellip;]<\/p>\n","protected":false},"featured_media":43714,"template":"","meta":[],"product_cat":[2948],"product_tag":[],"acf":[],"yoast_head":"<!-- This site is optimized with the Yoast SEO plugin v20.11 - https:\/\/yoast.com\/wordpress\/plugins\/seo\/ -->\n<title>Le tour du monde du papier : cr\u00e9ations, savoirs, boutiques - Librairie 7L<\/title>\n<meta name=\"robots\" content=\"index, follow, max-snippet:-1, max-image-preview:large, max-video-preview:-1\" \/>\n<link rel=\"canonical\" href=\"https:\/\/librairie7l.com\/en\/produit\/le-tour-du-monde-du-papier-creations-savoirs-boutiques-2\/\" \/>\n<meta property=\"og:locale\" content=\"en_US\" \/>\n<meta property=\"og:type\" content=\"article\" \/>\n<meta property=\"og:title\" content=\"Le tour du monde du papier : cr\u00e9ations, savoirs, boutiques - Librairie 7L\" \/>\n<meta property=\"og:description\" content=\"Le papier est sans conteste l&#8217;une des plus grandes et des plus fascinantes inventions de l&#8217;humanit\u00e9. C&#8217;est \u00e0 une exploration de son univers merveilleux que nous convie la relieuse Julie Auzillon dans ce livre. Elle nous invite \u00e0 un voyage autour du monde, \u00e0 travers des visites de boutiques, de mus\u00e9es et d&#8217;ateliers d&#8217;artisans. Cette [&hellip;]\" \/>\n<meta property=\"og:url\" content=\"https:\/\/librairie7l.com\/en\/produit\/le-tour-du-monde-du-papier-creations-savoirs-boutiques-2\/\" \/>\n<meta property=\"og:site_name\" content=\"Librairie 7L\" \/>\n<meta property=\"article:modified_time\" content=\"2026-04-08T11:31:44+00:00\" \/>\n<meta property=\"og:image\" content=\"https:\/\/librairie7l.com\/wp-content\/uploads\/2024\/06\/9782350175881_1_75.jpg\" \/>\n\t<meta property=\"og:image:width\" content=\"600\" \/>\n\t<meta property=\"og:image:height\" content=\"758\" \/>\n\t<meta property=\"og:image:type\" content=\"image\/jpeg\" \/>\n<meta name=\"twitter:card\" content=\"summary_large_image\" \/>\n<meta name=\"twitter:label1\" content=\"Est. reading time\" \/>\n\t<meta name=\"twitter:data1\" content=\"1 minute\" \/>\n<script type=\"application\/ld+json\" class=\"yoast-schema-graph\">{\"@context\":\"https:\/\/schema.org\",\"@graph\":[{\"@type\":\"WebPage\",\"@id\":\"https:\/\/librairie7l.com\/en\/produit\/le-tour-du-monde-du-papier-creations-savoirs-boutiques-2\/\",\"url\":\"https:\/\/librairie7l.com\/en\/produit\/le-tour-du-monde-du-papier-creations-savoirs-boutiques-2\/\",\"name\":\"Le tour du monde du papier : cr\u00e9ations, savoirs, boutiques - Librairie 7L\",\"isPartOf\":{\"@id\":\"https:\/\/librairie7l.com\/en\/#website\"},\"datePublished\":\"2024-10-23T07:17:34+00:00\",\"dateModified\":\"2026-04-08T11:31:44+00:00\",\"breadcrumb\":{\"@id\":\"https:\/\/librairie7l.com\/en\/produit\/le-tour-du-monde-du-papier-creations-savoirs-boutiques-2\/#breadcrumb\"},\"inLanguage\":\"en-US\",\"potentialAction\":[{\"@type\":\"ReadAction\",\"target\":[\"https:\/\/librairie7l.com\/en\/produit\/le-tour-du-monde-du-papier-creations-savoirs-boutiques-2\/\"]}]},{\"@type\":\"BreadcrumbList\",\"@id\":\"https:\/\/librairie7l.com\/en\/produit\/le-tour-du-monde-du-papier-creations-savoirs-boutiques-2\/#breadcrumb\",\"itemListElement\":[{\"@type\":\"ListItem\",\"position\":1,\"name\":\"Accueil\",\"item\":\"https:\/\/librairie7l.com\/en\/\"},{\"@type\":\"ListItem\",\"position\":2,\"name\":\"Shop\",\"item\":\"https:\/\/librairie7l.com\/en\/shop\/\"},{\"@type\":\"ListItem\",\"position\":3,\"name\":\"LE TOUR DU MONDE DU PAPIER : CR\u00c9ATIONS, SAVOIRS, BOUTIQUES\"}]},{\"@type\":\"WebSite\",\"@id\":\"https:\/\/librairie7l.com\/en\/#website\",\"url\":\"https:\/\/librairie7l.com\/en\/\",\"name\":\"Librairie 7L\",\"description\":\"Librairie fond\u00e9e en 1999 par Karl Lagerfeld \u00e0 Paris\",\"publisher\":{\"@id\":\"https:\/\/librairie7l.com\/en\/#organization\"},\"potentialAction\":[{\"@type\":\"SearchAction\",\"target\":{\"@type\":\"EntryPoint\",\"urlTemplate\":\"https:\/\/librairie7l.com\/en\/?s={search_term_string}\"},\"query-input\":\"required name=search_term_string\"}],\"inLanguage\":\"en-US\"},{\"@type\":\"Organization\",\"@id\":\"https:\/\/librairie7l.com\/en\/#organization\",\"name\":\"Librairie 7L\",\"url\":\"https:\/\/librairie7l.com\/en\/\",\"logo\":{\"@type\":\"ImageObject\",\"inLanguage\":\"en-US\",\"@id\":\"https:\/\/librairie7l.com\/en\/#\/schema\/logo\/image\/\",\"url\":\"https:\/\/librairie7l.com\/wp-content\/uploads\/2022\/08\/logo-1.png\",\"contentUrl\":\"https:\/\/librairie7l.com\/wp-content\/uploads\/2022\/08\/logo-1.png\",\"width\":227,\"height\":301,\"caption\":\"Librairie 7L\"},\"image\":{\"@id\":\"https:\/\/librairie7l.com\/en\/#\/schema\/logo\/image\/\"}}]}<\/script>\n<!-- \/ Yoast SEO plugin. -->","yoast_head_json":{"title":"Le tour du monde du papier : cr\u00e9ations, savoirs, boutiques - Librairie 7L","robots":{"index":"index","follow":"follow","max-snippet":"max-snippet:-1","max-image-preview":"max-image-preview:large","max-video-preview":"max-video-preview:-1"},"canonical":"https:\/\/librairie7l.com\/en\/produit\/le-tour-du-monde-du-papier-creations-savoirs-boutiques-2\/","og_locale":"en_US","og_type":"article","og_title":"Le tour du monde du papier : cr\u00e9ations, savoirs, boutiques - Librairie 7L","og_description":"Le papier est sans conteste l&#8217;une des plus grandes et des plus fascinantes inventions de l&#8217;humanit\u00e9. C&#8217;est \u00e0 une exploration de son univers merveilleux que nous convie la relieuse Julie Auzillon dans ce livre. Elle nous invite \u00e0 un voyage autour du monde, \u00e0 travers des visites de boutiques, de mus\u00e9es et d&#8217;ateliers d&#8217;artisans. Cette [&hellip;]","og_url":"https:\/\/librairie7l.com\/en\/produit\/le-tour-du-monde-du-papier-creations-savoirs-boutiques-2\/","og_site_name":"Librairie 7L","article_modified_time":"2026-04-08T11:31:44+00:00","og_image":[{"width":600,"height":758,"url":"https:\/\/librairie7l.com\/wp-content\/uploads\/2024\/06\/9782350175881_1_75.jpg","type":"image\/jpeg"}],"twitter_card":"summary_large_image","twitter_misc":{"Est. reading time":"1 minute"},"schema":{"@context":"https:\/\/schema.org","@graph":[{"@type":"WebPage","@id":"https:\/\/librairie7l.com\/en\/produit\/le-tour-du-monde-du-papier-creations-savoirs-boutiques-2\/","url":"https:\/\/librairie7l.com\/en\/produit\/le-tour-du-monde-du-papier-creations-savoirs-boutiques-2\/","name":"Le tour du monde du papier : cr\u00e9ations, savoirs, boutiques - Librairie 7L","isPartOf":{"@id":"https:\/\/librairie7l.com\/en\/#website"},"datePublished":"2024-10-23T07:17:34+00:00","dateModified":"2026-04-08T11:31:44+00:00","breadcrumb":{"@id":"https:\/\/librairie7l.com\/en\/produit\/le-tour-du-monde-du-papier-creations-savoirs-boutiques-2\/#breadcrumb"},"inLanguage":"en-US","potentialAction":[{"@type":"ReadAction","target":["https:\/\/librairie7l.com\/en\/produit\/le-tour-du-monde-du-papier-creations-savoirs-boutiques-2\/"]}]},{"@type":"BreadcrumbList","@id":"https:\/\/librairie7l.com\/en\/produit\/le-tour-du-monde-du-papier-creations-savoirs-boutiques-2\/#breadcrumb","itemListElement":[{"@type":"ListItem","position":1,"name":"Accueil","item":"https:\/\/librairie7l.com\/en\/"},{"@type":"ListItem","position":2,"name":"Shop","item":"https:\/\/librairie7l.com\/en\/shop\/"},{"@type":"ListItem","position":3,"name":"LE TOUR DU MONDE DU PAPIER : CR\u00c9ATIONS, SAVOIRS, BOUTIQUES"}]},{"@type":"WebSite","@id":"https:\/\/librairie7l.com\/en\/#website","url":"https:\/\/librairie7l.com\/en\/","name":"Librairie 7L","description":"Librairie fond\u00e9e en 1999 par Karl Lagerfeld \u00e0 Paris","publisher":{"@id":"https:\/\/librairie7l.com\/en\/#organization"},"potentialAction":[{"@type":"SearchAction","target":{"@type":"EntryPoint","urlTemplate":"https:\/\/librairie7l.com\/en\/?s={search_term_string}"},"query-input":"required name=search_term_string"}],"inLanguage":"en-US"},{"@type":"Organization","@id":"https:\/\/librairie7l.com\/en\/#organization","name":"Librairie 7L","url":"https:\/\/librairie7l.com\/en\/","logo":{"@type":"ImageObject","inLanguage":"en-US","@id":"https:\/\/librairie7l.com\/en\/#\/schema\/logo\/image\/","url":"https:\/\/librairie7l.com\/wp-content\/uploads\/2022\/08\/logo-1.png","contentUrl":"https:\/\/librairie7l.com\/wp-content\/uploads\/2022\/08\/logo-1.png","width":227,"height":301,"caption":"Librairie 7L"},"image":{"@id":"https:\/\/librairie7l.com\/en\/#\/schema\/logo\/image\/"}}]}},"_links":{"self":[{"href":"https:\/\/librairie7l.com\/en\/wp-json\/wp\/v2\/product\/43716"}],"collection":[{"href":"https:\/\/librairie7l.com\/en\/wp-json\/wp\/v2\/product"}],"about":[{"href":"https:\/\/librairie7l.com\/en\/wp-json\/wp\/v2\/types\/product"}],"wp:featuredmedia":[{"embeddable":true,"href":"https:\/\/librairie7l.com\/en\/wp-json\/wp\/v2\/media\/43714"}],"wp:attachment":[{"href":"https:\/\/librairie7l.com\/en\/wp-json\/wp\/v2\/media?parent=43716"}],"wp:term":[{"taxonomy":"product_cat","embeddable":true,"href":"https:\/\/librairie7l.com\/en\/wp-json\/wp\/v2\/product_cat?post=43716"},{"taxonomy":"product_tag","embeddable":true,"href":"https:\/\/librairie7l.com\/en\/wp-json\/wp\/v2\/product_tag?post=43716"}],"curies":[{"name":"wp","href":"https:\/\/api.w.org\/{rel}","templated":true}]}}