{"id":43742,"date":"2024-10-24T09:17:47","date_gmt":"2024-10-24T07:17:47","guid":{"rendered":"https:\/\/librairie7l.com\/?post_type=product&#038;p=43742"},"modified":"2026-04-16T09:07:08","modified_gmt":"2026-04-16T07:07:08","slug":"leopold-rudolf-blaschka-les-invertebres-marins-2","status":"publish","type":"product","link":"https:\/\/librairie7l.com\/en\/produit\/leopold-rudolf-blaschka-les-invertebres-marins-2\/","title":{"rendered":"LEOPOLD &AMP; RUDOLF BLASCHKA, LES INVERT\u00c9BR\u00c9S MARINS"},"content":{"rendered":"<p>Plus de 200 photos d&#8217;animaux marins en verre d&#8217;une incroyable pr\u00e9cision et d&#8217;une beaut\u00e9 exceptionnelle<\/p>\n<p> Artisans verriers install\u00e9s \u00e0 Dresde, Rudolph Blaschka et son fils Leopold mirent au point, au cours de la deuxi\u00e8me moiti\u00e9 du 19e si\u00e8cle, une technique permettant de reproduire en verre les invert\u00e9br\u00e9s marins qui n&#8217;\u00e9taient jusqu&#8217;alors repr\u00e9sent\u00e9s qu&#8217;en dessins. Entre 1860 et 1890, ils produisirent plus de 600 mod\u00e8les destin\u00e9s aux mus\u00e9es d&#8217;histoire naturelle, aux aquariums et aux universit\u00e9s qui souhaitaient \u00e9tudier ces animaux marins mais ne savaient pas comment les conserver de mani\u00e8re satisfaisante.<\/p>\n<p>Ces objets d&#8217;une incroyable pr\u00e9cision et d&#8217;une beaut\u00e9 exceptionnelle font aujourd&#8217;hui partie des collections d&#8217;un certain nombre de mus\u00e9es en Europe et aux Etats-Unis.<\/p>\n<p> LE LIVRE EST COMPOS\u00c9 EN TROIS PARTIES.<\/p>\n<p>Une introduction imprim\u00e9e sur un cahier de 16 pages en papier mat comprenant : un texte de Delphine Roche, r\u00e9dactrice en chef du magazine Num\u00e9ro, pr\u00e9sentant la d\u00e9marche photographique de Guido Mocafico et son travail sur les invert\u00e9br\u00e9s marins des<\/p>\n<p>Blaschkas.<\/p>\n<p>Une pr\u00e9sentation de l&#8217;oeuvre de Rudolph et Leopold Blaschka par Emmanuel G Reynaud, chercheur en biologie marine. Un essai sur la restauration des mod\u00e8les en verre cr\u00e9\u00e9s par les Blaschkas par Isabelle Pirotte, conservatrice et restauratrice. L&#8217;ensemble est illustr\u00e9 par des dessins r\u00e9alis\u00e9s par Rudolph et Leopold Blaschka.<\/p>\n<p> Photographies de Guido Mocafico.<\/p>\n<p>Photographe de nature morte, pl\u00e9biscit\u00e9 par les marques de luxe et connu pour ses photos de serpents et de m\u00e9duses d\u00e9j\u00e0 r\u00e9unis en plusieurs ouvrages publi\u00e9s par Steidl, Guido Mocafico, s&#8217;est passionn\u00e9 pour cette production. Obtenant des diff\u00e9rentes institutions, o\u00f9 ces pr\u00e9cieux et fragiles objets sont conserv\u00e9s, la permission de les sortir de leurs vitrines, il a pass\u00e9 plusieurs ann\u00e9es \u00e0 les documenter.<\/p>\n","protected":false},"excerpt":{"rendered":"<p>Plus de 200 photos d&#8217;animaux marins en verre d&#8217;une incroyable pr\u00e9cision et d&#8217;une beaut\u00e9 exceptionnelle Artisans verriers install\u00e9s \u00e0 Dresde, Rudolph Blaschka et son fils Leopold mirent au point, au cours de la deuxi\u00e8me moiti\u00e9 du 19e si\u00e8cle, une technique permettant de reproduire en verre les invert\u00e9br\u00e9s marins qui n&#8217;\u00e9taient jusqu&#8217;alors repr\u00e9sent\u00e9s qu&#8217;en dessins. Entre [&hellip;]<\/p>\n","protected":false},"featured_media":43740,"template":"","meta":[],"product_cat":[2948],"product_tag":[],"acf":[],"yoast_head":"<!-- This site is optimized with the Yoast SEO plugin v20.11 - https:\/\/yoast.com\/wordpress\/plugins\/seo\/ -->\n<title>Leopold &amp; Rudolf Blaschka, les invert\u00e9br\u00e9s marins - Librairie 7L<\/title>\n<meta name=\"robots\" content=\"index, follow, max-snippet:-1, max-image-preview:large, max-video-preview:-1\" \/>\n<link rel=\"canonical\" href=\"https:\/\/librairie7l.com\/en\/produit\/leopold-rudolf-blaschka-les-invertebres-marins-2\/\" \/>\n<meta property=\"og:locale\" content=\"en_US\" \/>\n<meta property=\"og:type\" content=\"article\" \/>\n<meta property=\"og:title\" content=\"Leopold &amp; Rudolf Blaschka, les invert\u00e9br\u00e9s marins - Librairie 7L\" \/>\n<meta property=\"og:description\" content=\"Plus de 200 photos d&#8217;animaux marins en verre d&#8217;une incroyable pr\u00e9cision et d&#8217;une beaut\u00e9 exceptionnelle Artisans verriers install\u00e9s \u00e0 Dresde, Rudolph Blaschka et son fils Leopold mirent au point, au cours de la deuxi\u00e8me moiti\u00e9 du 19e si\u00e8cle, une technique permettant de reproduire en verre les invert\u00e9br\u00e9s marins qui n&#8217;\u00e9taient jusqu&#8217;alors repr\u00e9sent\u00e9s qu&#8217;en dessins. Entre [&hellip;]\" \/>\n<meta property=\"og:url\" content=\"https:\/\/librairie7l.com\/en\/produit\/leopold-rudolf-blaschka-les-invertebres-marins-2\/\" \/>\n<meta property=\"og:site_name\" content=\"Librairie 7L\" \/>\n<meta property=\"article:modified_time\" content=\"2026-04-16T07:07:08+00:00\" \/>\n<meta property=\"og:image\" content=\"https:\/\/librairie7l.com\/wp-content\/uploads\/2024\/06\/9791037512994_1_75.jpg\" \/>\n\t<meta property=\"og:image:width\" content=\"600\" \/>\n\t<meta property=\"og:image:height\" content=\"794\" \/>\n\t<meta property=\"og:image:type\" content=\"image\/jpeg\" \/>\n<meta name=\"twitter:card\" content=\"summary_large_image\" \/>\n<meta name=\"twitter:label1\" content=\"Est. reading time\" \/>\n\t<meta name=\"twitter:data1\" content=\"2 minutes\" \/>\n<script type=\"application\/ld+json\" class=\"yoast-schema-graph\">{\"@context\":\"https:\/\/schema.org\",\"@graph\":[{\"@type\":\"WebPage\",\"@id\":\"https:\/\/librairie7l.com\/en\/produit\/leopold-rudolf-blaschka-les-invertebres-marins-2\/\",\"url\":\"https:\/\/librairie7l.com\/en\/produit\/leopold-rudolf-blaschka-les-invertebres-marins-2\/\",\"name\":\"Leopold &amp; Rudolf Blaschka, les invert\u00e9br\u00e9s marins - Librairie 7L\",\"isPartOf\":{\"@id\":\"https:\/\/librairie7l.com\/en\/#website\"},\"datePublished\":\"2024-10-24T07:17:47+00:00\",\"dateModified\":\"2026-04-16T07:07:08+00:00\",\"breadcrumb\":{\"@id\":\"https:\/\/librairie7l.com\/en\/produit\/leopold-rudolf-blaschka-les-invertebres-marins-2\/#breadcrumb\"},\"inLanguage\":\"en-US\",\"potentialAction\":[{\"@type\":\"ReadAction\",\"target\":[\"https:\/\/librairie7l.com\/en\/produit\/leopold-rudolf-blaschka-les-invertebres-marins-2\/\"]}]},{\"@type\":\"BreadcrumbList\",\"@id\":\"https:\/\/librairie7l.com\/en\/produit\/leopold-rudolf-blaschka-les-invertebres-marins-2\/#breadcrumb\",\"itemListElement\":[{\"@type\":\"ListItem\",\"position\":1,\"name\":\"Accueil\",\"item\":\"https:\/\/librairie7l.com\/en\/\"},{\"@type\":\"ListItem\",\"position\":2,\"name\":\"Shop\",\"item\":\"https:\/\/librairie7l.com\/en\/shop\/\"},{\"@type\":\"ListItem\",\"position\":3,\"name\":\"LEOPOLD &AMP; RUDOLF BLASCHKA, LES INVERT\u00c9BR\u00c9S MARINS\"}]},{\"@type\":\"WebSite\",\"@id\":\"https:\/\/librairie7l.com\/en\/#website\",\"url\":\"https:\/\/librairie7l.com\/en\/\",\"name\":\"Librairie 7L\",\"description\":\"Librairie fond\u00e9e en 1999 par Karl Lagerfeld \u00e0 Paris\",\"publisher\":{\"@id\":\"https:\/\/librairie7l.com\/en\/#organization\"},\"potentialAction\":[{\"@type\":\"SearchAction\",\"target\":{\"@type\":\"EntryPoint\",\"urlTemplate\":\"https:\/\/librairie7l.com\/en\/?s={search_term_string}\"},\"query-input\":\"required name=search_term_string\"}],\"inLanguage\":\"en-US\"},{\"@type\":\"Organization\",\"@id\":\"https:\/\/librairie7l.com\/en\/#organization\",\"name\":\"Librairie 7L\",\"url\":\"https:\/\/librairie7l.com\/en\/\",\"logo\":{\"@type\":\"ImageObject\",\"inLanguage\":\"en-US\",\"@id\":\"https:\/\/librairie7l.com\/en\/#\/schema\/logo\/image\/\",\"url\":\"https:\/\/librairie7l.com\/wp-content\/uploads\/2022\/08\/logo-1.png\",\"contentUrl\":\"https:\/\/librairie7l.com\/wp-content\/uploads\/2022\/08\/logo-1.png\",\"width\":227,\"height\":301,\"caption\":\"Librairie 7L\"},\"image\":{\"@id\":\"https:\/\/librairie7l.com\/en\/#\/schema\/logo\/image\/\"}}]}<\/script>\n<!-- \/ Yoast SEO plugin. -->","yoast_head_json":{"title":"Leopold &amp; Rudolf Blaschka, les invert\u00e9br\u00e9s marins - Librairie 7L","robots":{"index":"index","follow":"follow","max-snippet":"max-snippet:-1","max-image-preview":"max-image-preview:large","max-video-preview":"max-video-preview:-1"},"canonical":"https:\/\/librairie7l.com\/en\/produit\/leopold-rudolf-blaschka-les-invertebres-marins-2\/","og_locale":"en_US","og_type":"article","og_title":"Leopold &amp; Rudolf Blaschka, les invert\u00e9br\u00e9s marins - Librairie 7L","og_description":"Plus de 200 photos d&#8217;animaux marins en verre d&#8217;une incroyable pr\u00e9cision et d&#8217;une beaut\u00e9 exceptionnelle Artisans verriers install\u00e9s \u00e0 Dresde, Rudolph Blaschka et son fils Leopold mirent au point, au cours de la deuxi\u00e8me moiti\u00e9 du 19e si\u00e8cle, une technique permettant de reproduire en verre les invert\u00e9br\u00e9s marins qui n&#8217;\u00e9taient jusqu&#8217;alors repr\u00e9sent\u00e9s qu&#8217;en dessins. Entre [&hellip;]","og_url":"https:\/\/librairie7l.com\/en\/produit\/leopold-rudolf-blaschka-les-invertebres-marins-2\/","og_site_name":"Librairie 7L","article_modified_time":"2026-04-16T07:07:08+00:00","og_image":[{"width":600,"height":794,"url":"https:\/\/librairie7l.com\/wp-content\/uploads\/2024\/06\/9791037512994_1_75.jpg","type":"image\/jpeg"}],"twitter_card":"summary_large_image","twitter_misc":{"Est. reading time":"2 minutes"},"schema":{"@context":"https:\/\/schema.org","@graph":[{"@type":"WebPage","@id":"https:\/\/librairie7l.com\/en\/produit\/leopold-rudolf-blaschka-les-invertebres-marins-2\/","url":"https:\/\/librairie7l.com\/en\/produit\/leopold-rudolf-blaschka-les-invertebres-marins-2\/","name":"Leopold &amp; Rudolf Blaschka, les invert\u00e9br\u00e9s marins - Librairie 7L","isPartOf":{"@id":"https:\/\/librairie7l.com\/en\/#website"},"datePublished":"2024-10-24T07:17:47+00:00","dateModified":"2026-04-16T07:07:08+00:00","breadcrumb":{"@id":"https:\/\/librairie7l.com\/en\/produit\/leopold-rudolf-blaschka-les-invertebres-marins-2\/#breadcrumb"},"inLanguage":"en-US","potentialAction":[{"@type":"ReadAction","target":["https:\/\/librairie7l.com\/en\/produit\/leopold-rudolf-blaschka-les-invertebres-marins-2\/"]}]},{"@type":"BreadcrumbList","@id":"https:\/\/librairie7l.com\/en\/produit\/leopold-rudolf-blaschka-les-invertebres-marins-2\/#breadcrumb","itemListElement":[{"@type":"ListItem","position":1,"name":"Accueil","item":"https:\/\/librairie7l.com\/en\/"},{"@type":"ListItem","position":2,"name":"Shop","item":"https:\/\/librairie7l.com\/en\/shop\/"},{"@type":"ListItem","position":3,"name":"LEOPOLD &AMP; RUDOLF BLASCHKA, LES INVERT\u00c9BR\u00c9S MARINS"}]},{"@type":"WebSite","@id":"https:\/\/librairie7l.com\/en\/#website","url":"https:\/\/librairie7l.com\/en\/","name":"Librairie 7L","description":"Librairie fond\u00e9e en 1999 par Karl Lagerfeld \u00e0 Paris","publisher":{"@id":"https:\/\/librairie7l.com\/en\/#organization"},"potentialAction":[{"@type":"SearchAction","target":{"@type":"EntryPoint","urlTemplate":"https:\/\/librairie7l.com\/en\/?s={search_term_string}"},"query-input":"required name=search_term_string"}],"inLanguage":"en-US"},{"@type":"Organization","@id":"https:\/\/librairie7l.com\/en\/#organization","name":"Librairie 7L","url":"https:\/\/librairie7l.com\/en\/","logo":{"@type":"ImageObject","inLanguage":"en-US","@id":"https:\/\/librairie7l.com\/en\/#\/schema\/logo\/image\/","url":"https:\/\/librairie7l.com\/wp-content\/uploads\/2022\/08\/logo-1.png","contentUrl":"https:\/\/librairie7l.com\/wp-content\/uploads\/2022\/08\/logo-1.png","width":227,"height":301,"caption":"Librairie 7L"},"image":{"@id":"https:\/\/librairie7l.com\/en\/#\/schema\/logo\/image\/"}}]}},"_links":{"self":[{"href":"https:\/\/librairie7l.com\/en\/wp-json\/wp\/v2\/product\/43742"}],"collection":[{"href":"https:\/\/librairie7l.com\/en\/wp-json\/wp\/v2\/product"}],"about":[{"href":"https:\/\/librairie7l.com\/en\/wp-json\/wp\/v2\/types\/product"}],"wp:featuredmedia":[{"embeddable":true,"href":"https:\/\/librairie7l.com\/en\/wp-json\/wp\/v2\/media\/43740"}],"wp:attachment":[{"href":"https:\/\/librairie7l.com\/en\/wp-json\/wp\/v2\/media?parent=43742"}],"wp:term":[{"taxonomy":"product_cat","embeddable":true,"href":"https:\/\/librairie7l.com\/en\/wp-json\/wp\/v2\/product_cat?post=43742"},{"taxonomy":"product_tag","embeddable":true,"href":"https:\/\/librairie7l.com\/en\/wp-json\/wp\/v2\/product_tag?post=43742"}],"curies":[{"name":"wp","href":"https:\/\/api.w.org\/{rel}","templated":true}]}}