{"id":43746,"date":"2024-10-24T09:17:50","date_gmt":"2024-10-24T07:17:50","guid":{"rendered":"https:\/\/librairie7l.com\/?post_type=product&#038;p=43746"},"modified":"2026-04-16T10:47:46","modified_gmt":"2026-04-16T08:47:46","slug":"du-cote-de-chez-marilyn-2","status":"publish","type":"product","link":"https:\/\/librairie7l.com\/en\/produit\/du-cote-de-chez-marilyn-2\/","title":{"rendered":"DU C\u00d4T\u00c9 DE CHEZ MARILYN"},"content":{"rendered":"<p>Comment se raconter et vraiment parler de soi, quand on est une ic\u00f4ne du cin\u00e9ma ?<br \/>\nDeux voix. Deux femmes. Deux ic\u00f4nes. Mais une seule et m\u00eame qu\u00eate de v\u00e9rit\u00e9. Pour son premier livre, Isabelle Adjani, accompagn\u00e9e par Olivier Steiner, orchestre une rencontre imaginaire entre Marilyn Monroe et elle-m\u00eame, un t\u00eate-\u00e0-t\u00eate qui brise les barri\u00e8res du temps et de l&#8217;espace.<br \/>\nP\u00e9n\u00e9trez dans une sc\u00e8ne intimiste o\u00f9 une femme en robe noire vous attend. Vingt-quatre projecteurs de cin\u00e9ma illuminent soudain une tour de Babel m\u00e9tallique, tandis que des voix se m\u00ealent et se r\u00e9pondent. Mais qui parle ? Marilyn Monroe, Isabelle Adjani, ou les deux ?<br \/>\nPlongez dans ce ravissement, ce vertige, cette exp\u00e9rience litt\u00e9raire o\u00f9 le mythe rencontre la r\u00e9alit\u00e9, o\u00f9 le visible s&#8217;efface devant l&#8217;invisible, et o\u00f9 les confessions intimes dessinent les contours d&#8217;une sororit\u00e9 \u00e9ph\u00e9m\u00e8re.<\/p>\n","protected":false},"excerpt":{"rendered":"<p>Comment se raconter et vraiment parler de soi, quand on est une ic\u00f4ne du cin\u00e9ma ? Deux voix. Deux femmes. Deux ic\u00f4nes. Mais une seule et m\u00eame qu\u00eate de v\u00e9rit\u00e9. Pour son premier livre, Isabelle Adjani, accompagn\u00e9e par Olivier Steiner, orchestre une rencontre imaginaire entre Marilyn Monroe et elle-m\u00eame, un t\u00eate-\u00e0-t\u00eate qui brise les barri\u00e8res [&hellip;]<\/p>\n","protected":false},"featured_media":43744,"template":"","meta":[],"product_cat":[2948],"product_tag":[],"acf":[],"yoast_head":"<!-- This site is optimized with the Yoast SEO plugin v20.11 - https:\/\/yoast.com\/wordpress\/plugins\/seo\/ -->\n<title>Du c\u00f4t\u00e9 de chez Marilyn - Librairie 7L<\/title>\n<meta name=\"robots\" content=\"index, follow, max-snippet:-1, max-image-preview:large, max-video-preview:-1\" \/>\n<link rel=\"canonical\" href=\"https:\/\/librairie7l.com\/en\/produit\/du-cote-de-chez-marilyn-2\/\" \/>\n<meta property=\"og:locale\" content=\"en_US\" \/>\n<meta property=\"og:type\" content=\"article\" \/>\n<meta property=\"og:title\" content=\"Du c\u00f4t\u00e9 de chez Marilyn - Librairie 7L\" \/>\n<meta property=\"og:description\" content=\"Comment se raconter et vraiment parler de soi, quand on est une ic\u00f4ne du cin\u00e9ma ? Deux voix. Deux femmes. Deux ic\u00f4nes. Mais une seule et m\u00eame qu\u00eate de v\u00e9rit\u00e9. Pour son premier livre, Isabelle Adjani, accompagn\u00e9e par Olivier Steiner, orchestre une rencontre imaginaire entre Marilyn Monroe et elle-m\u00eame, un t\u00eate-\u00e0-t\u00eate qui brise les barri\u00e8res [&hellip;]\" \/>\n<meta property=\"og:url\" content=\"https:\/\/librairie7l.com\/en\/produit\/du-cote-de-chez-marilyn-2\/\" \/>\n<meta property=\"og:site_name\" content=\"Librairie 7L\" \/>\n<meta property=\"article:modified_time\" content=\"2026-04-16T08:47:46+00:00\" \/>\n<meta property=\"og:image\" content=\"https:\/\/librairie7l.com\/wp-content\/uploads\/2023\/09\/9791032931776_1_75.jpg\" \/>\n\t<meta property=\"og:image:width\" content=\"600\" \/>\n\t<meta property=\"og:image:height\" content=\"943\" \/>\n\t<meta property=\"og:image:type\" content=\"image\/jpeg\" \/>\n<meta name=\"twitter:card\" content=\"summary_large_image\" \/>\n<meta name=\"twitter:label1\" content=\"Est. reading time\" \/>\n\t<meta name=\"twitter:data1\" content=\"1 minute\" \/>\n<script type=\"application\/ld+json\" class=\"yoast-schema-graph\">{\"@context\":\"https:\/\/schema.org\",\"@graph\":[{\"@type\":\"WebPage\",\"@id\":\"https:\/\/librairie7l.com\/en\/produit\/du-cote-de-chez-marilyn-2\/\",\"url\":\"https:\/\/librairie7l.com\/en\/produit\/du-cote-de-chez-marilyn-2\/\",\"name\":\"Du c\u00f4t\u00e9 de chez Marilyn - Librairie 7L\",\"isPartOf\":{\"@id\":\"https:\/\/librairie7l.com\/en\/#website\"},\"datePublished\":\"2024-10-24T07:17:50+00:00\",\"dateModified\":\"2026-04-16T08:47:46+00:00\",\"breadcrumb\":{\"@id\":\"https:\/\/librairie7l.com\/en\/produit\/du-cote-de-chez-marilyn-2\/#breadcrumb\"},\"inLanguage\":\"en-US\",\"potentialAction\":[{\"@type\":\"ReadAction\",\"target\":[\"https:\/\/librairie7l.com\/en\/produit\/du-cote-de-chez-marilyn-2\/\"]}]},{\"@type\":\"BreadcrumbList\",\"@id\":\"https:\/\/librairie7l.com\/en\/produit\/du-cote-de-chez-marilyn-2\/#breadcrumb\",\"itemListElement\":[{\"@type\":\"ListItem\",\"position\":1,\"name\":\"Accueil\",\"item\":\"https:\/\/librairie7l.com\/en\/\"},{\"@type\":\"ListItem\",\"position\":2,\"name\":\"Shop\",\"item\":\"https:\/\/librairie7l.com\/en\/shop\/\"},{\"@type\":\"ListItem\",\"position\":3,\"name\":\"DU C\u00d4T\u00c9 DE CHEZ MARILYN\"}]},{\"@type\":\"WebSite\",\"@id\":\"https:\/\/librairie7l.com\/en\/#website\",\"url\":\"https:\/\/librairie7l.com\/en\/\",\"name\":\"Librairie 7L\",\"description\":\"Librairie fond\u00e9e en 1999 par Karl Lagerfeld \u00e0 Paris\",\"publisher\":{\"@id\":\"https:\/\/librairie7l.com\/en\/#organization\"},\"potentialAction\":[{\"@type\":\"SearchAction\",\"target\":{\"@type\":\"EntryPoint\",\"urlTemplate\":\"https:\/\/librairie7l.com\/en\/?s={search_term_string}\"},\"query-input\":\"required name=search_term_string\"}],\"inLanguage\":\"en-US\"},{\"@type\":\"Organization\",\"@id\":\"https:\/\/librairie7l.com\/en\/#organization\",\"name\":\"Librairie 7L\",\"url\":\"https:\/\/librairie7l.com\/en\/\",\"logo\":{\"@type\":\"ImageObject\",\"inLanguage\":\"en-US\",\"@id\":\"https:\/\/librairie7l.com\/en\/#\/schema\/logo\/image\/\",\"url\":\"https:\/\/librairie7l.com\/wp-content\/uploads\/2022\/08\/logo-1.png\",\"contentUrl\":\"https:\/\/librairie7l.com\/wp-content\/uploads\/2022\/08\/logo-1.png\",\"width\":227,\"height\":301,\"caption\":\"Librairie 7L\"},\"image\":{\"@id\":\"https:\/\/librairie7l.com\/en\/#\/schema\/logo\/image\/\"}}]}<\/script>\n<!-- \/ Yoast SEO plugin. -->","yoast_head_json":{"title":"Du c\u00f4t\u00e9 de chez Marilyn - Librairie 7L","robots":{"index":"index","follow":"follow","max-snippet":"max-snippet:-1","max-image-preview":"max-image-preview:large","max-video-preview":"max-video-preview:-1"},"canonical":"https:\/\/librairie7l.com\/en\/produit\/du-cote-de-chez-marilyn-2\/","og_locale":"en_US","og_type":"article","og_title":"Du c\u00f4t\u00e9 de chez Marilyn - Librairie 7L","og_description":"Comment se raconter et vraiment parler de soi, quand on est une ic\u00f4ne du cin\u00e9ma ? Deux voix. Deux femmes. Deux ic\u00f4nes. Mais une seule et m\u00eame qu\u00eate de v\u00e9rit\u00e9. Pour son premier livre, Isabelle Adjani, accompagn\u00e9e par Olivier Steiner, orchestre une rencontre imaginaire entre Marilyn Monroe et elle-m\u00eame, un t\u00eate-\u00e0-t\u00eate qui brise les barri\u00e8res [&hellip;]","og_url":"https:\/\/librairie7l.com\/en\/produit\/du-cote-de-chez-marilyn-2\/","og_site_name":"Librairie 7L","article_modified_time":"2026-04-16T08:47:46+00:00","og_image":[{"width":600,"height":943,"url":"https:\/\/librairie7l.com\/wp-content\/uploads\/2023\/09\/9791032931776_1_75.jpg","type":"image\/jpeg"}],"twitter_card":"summary_large_image","twitter_misc":{"Est. reading time":"1 minute"},"schema":{"@context":"https:\/\/schema.org","@graph":[{"@type":"WebPage","@id":"https:\/\/librairie7l.com\/en\/produit\/du-cote-de-chez-marilyn-2\/","url":"https:\/\/librairie7l.com\/en\/produit\/du-cote-de-chez-marilyn-2\/","name":"Du c\u00f4t\u00e9 de chez Marilyn - Librairie 7L","isPartOf":{"@id":"https:\/\/librairie7l.com\/en\/#website"},"datePublished":"2024-10-24T07:17:50+00:00","dateModified":"2026-04-16T08:47:46+00:00","breadcrumb":{"@id":"https:\/\/librairie7l.com\/en\/produit\/du-cote-de-chez-marilyn-2\/#breadcrumb"},"inLanguage":"en-US","potentialAction":[{"@type":"ReadAction","target":["https:\/\/librairie7l.com\/en\/produit\/du-cote-de-chez-marilyn-2\/"]}]},{"@type":"BreadcrumbList","@id":"https:\/\/librairie7l.com\/en\/produit\/du-cote-de-chez-marilyn-2\/#breadcrumb","itemListElement":[{"@type":"ListItem","position":1,"name":"Accueil","item":"https:\/\/librairie7l.com\/en\/"},{"@type":"ListItem","position":2,"name":"Shop","item":"https:\/\/librairie7l.com\/en\/shop\/"},{"@type":"ListItem","position":3,"name":"DU C\u00d4T\u00c9 DE CHEZ MARILYN"}]},{"@type":"WebSite","@id":"https:\/\/librairie7l.com\/en\/#website","url":"https:\/\/librairie7l.com\/en\/","name":"Librairie 7L","description":"Librairie fond\u00e9e en 1999 par Karl Lagerfeld \u00e0 Paris","publisher":{"@id":"https:\/\/librairie7l.com\/en\/#organization"},"potentialAction":[{"@type":"SearchAction","target":{"@type":"EntryPoint","urlTemplate":"https:\/\/librairie7l.com\/en\/?s={search_term_string}"},"query-input":"required name=search_term_string"}],"inLanguage":"en-US"},{"@type":"Organization","@id":"https:\/\/librairie7l.com\/en\/#organization","name":"Librairie 7L","url":"https:\/\/librairie7l.com\/en\/","logo":{"@type":"ImageObject","inLanguage":"en-US","@id":"https:\/\/librairie7l.com\/en\/#\/schema\/logo\/image\/","url":"https:\/\/librairie7l.com\/wp-content\/uploads\/2022\/08\/logo-1.png","contentUrl":"https:\/\/librairie7l.com\/wp-content\/uploads\/2022\/08\/logo-1.png","width":227,"height":301,"caption":"Librairie 7L"},"image":{"@id":"https:\/\/librairie7l.com\/en\/#\/schema\/logo\/image\/"}}]}},"_links":{"self":[{"href":"https:\/\/librairie7l.com\/en\/wp-json\/wp\/v2\/product\/43746"}],"collection":[{"href":"https:\/\/librairie7l.com\/en\/wp-json\/wp\/v2\/product"}],"about":[{"href":"https:\/\/librairie7l.com\/en\/wp-json\/wp\/v2\/types\/product"}],"wp:featuredmedia":[{"embeddable":true,"href":"https:\/\/librairie7l.com\/en\/wp-json\/wp\/v2\/media\/43744"}],"wp:attachment":[{"href":"https:\/\/librairie7l.com\/en\/wp-json\/wp\/v2\/media?parent=43746"}],"wp:term":[{"taxonomy":"product_cat","embeddable":true,"href":"https:\/\/librairie7l.com\/en\/wp-json\/wp\/v2\/product_cat?post=43746"},{"taxonomy":"product_tag","embeddable":true,"href":"https:\/\/librairie7l.com\/en\/wp-json\/wp\/v2\/product_tag?post=43746"}],"curies":[{"name":"wp","href":"https:\/\/api.w.org\/{rel}","templated":true}]}}