{"id":43750,"date":"2024-10-24T09:17:52","date_gmt":"2024-10-24T07:17:52","guid":{"rendered":"https:\/\/librairie7l.com\/?post_type=product&#038;p=43750"},"modified":"2026-04-04T19:02:37","modified_gmt":"2026-04-04T17:02:37","slug":"heinz-berggruen-un-marchand-et-sa-collection-picasso-klee-matisse-giacometti-chefs-doeuvre-du-museum-berggruen-neue-nationalgalerie-berlin-2","status":"publish","type":"product","link":"https:\/\/librairie7l.com\/en\/produit\/heinz-berggruen-un-marchand-et-sa-collection-picasso-klee-matisse-giacometti-chefs-doeuvre-du-museum-berggruen-neue-nationalgalerie-berlin-2\/","title":{"rendered":"HEINZ BERGGRUEN, UN MARCHAND ET SA COLLECTION : PICASSO, KLEE, MATISSE, GIACOMETTI. CHEFS-D&#8217;OEUVRE DU MUSEUM BERGGRUEN \/ NEUE NATIONALGALERIE BERLIN"},"content":{"rendered":"<p>La destin\u00e9e d&#8217;Heinz Berggruen n&#8217;avait rien de tout trac\u00e9. N\u00e9 dans une famille juive \u00e0 Berlin en 1914, il s&#8217;exile aux \u00c9tats-Unis en 1936 avec dix marks en poche. D&#8217;abord orient\u00e9 vers des \u00e9tudes litt\u00e9raires, il d\u00e9couvre le monde de l&#8217;art au Museum of Modern Art de San Francisco, il rentre finalement en Europe au lendemain de la Seconde Guerre mondiale, et ouvre \u00e0 Paris sa premi\u00e8re galerie en 1947. \u00c0 la fois marchand d&#8217;art et collectionneur, guid\u00e9 par ses go\u00fbts et d&#8217;une fid\u00e9lit\u00e9 sans faille \u00e0 ses artistes de pr\u00e9dilection, il a constitu\u00e9 une exceptionnelle collection d&#8217;oeuvres du XX? si\u00e8cle. Cette derni\u00e8re, pr\u00e9sent\u00e9e depuis 1996 au Museum Berggruen \/ Neue Nationalgalerie Berlin compte plus d&#8217;une centaine de chefs-d&#8217;oeuvre de Picasso, Klee, Matisse et Giacometti. Cet ouvrage rend hommage \u00e0 l&#8217;oeil de ce grand marchand et propose de nouvelles cl\u00e9s de compr\u00e9hension de ses go\u00fbts artistiques.<\/p>\n","protected":false},"excerpt":{"rendered":"<p>La destin\u00e9e d&#8217;Heinz Berggruen n&#8217;avait rien de tout trac\u00e9. N\u00e9 dans une famille juive \u00e0 Berlin en 1914, il s&#8217;exile aux \u00c9tats-Unis en 1936 avec dix marks en poche. D&#8217;abord orient\u00e9 vers des \u00e9tudes litt\u00e9raires, il d\u00e9couvre le monde de l&#8217;art au Museum of Modern Art de San Francisco, il rentre finalement en Europe au [&hellip;]<\/p>\n","protected":false},"featured_media":43748,"template":"","meta":[],"product_cat":[2948],"product_tag":[],"acf":[],"yoast_head":"<!-- This site is optimized with the Yoast SEO plugin v20.11 - https:\/\/yoast.com\/wordpress\/plugins\/seo\/ -->\n<title>Heinz Berggruen, un marchand et sa collection : Picasso, Klee, Matisse, Giacometti. Chefs-d&#039;oeuvre du Museum Berggruen \/ Neue Nationalgalerie Berlin - Librairie 7L<\/title>\n<meta name=\"robots\" content=\"index, follow, max-snippet:-1, max-image-preview:large, max-video-preview:-1\" \/>\n<link rel=\"canonical\" href=\"https:\/\/librairie7l.com\/en\/produit\/heinz-berggruen-un-marchand-et-sa-collection-picasso-klee-matisse-giacometti-chefs-doeuvre-du-museum-berggruen-neue-nationalgalerie-berlin-2\/\" \/>\n<meta property=\"og:locale\" content=\"en_US\" \/>\n<meta property=\"og:type\" content=\"article\" \/>\n<meta property=\"og:title\" content=\"Heinz Berggruen, un marchand et sa collection : Picasso, Klee, Matisse, Giacometti. Chefs-d&#039;oeuvre du Museum Berggruen \/ Neue Nationalgalerie Berlin - Librairie 7L\" \/>\n<meta property=\"og:description\" content=\"La destin\u00e9e d&#8217;Heinz Berggruen n&#8217;avait rien de tout trac\u00e9. N\u00e9 dans une famille juive \u00e0 Berlin en 1914, il s&#8217;exile aux \u00c9tats-Unis en 1936 avec dix marks en poche. D&#8217;abord orient\u00e9 vers des \u00e9tudes litt\u00e9raires, il d\u00e9couvre le monde de l&#8217;art au Museum of Modern Art de San Francisco, il rentre finalement en Europe au [&hellip;]\" \/>\n<meta property=\"og:url\" content=\"https:\/\/librairie7l.com\/en\/produit\/heinz-berggruen-un-marchand-et-sa-collection-picasso-klee-matisse-giacometti-chefs-doeuvre-du-museum-berggruen-neue-nationalgalerie-berlin-2\/\" \/>\n<meta property=\"og:site_name\" content=\"Librairie 7L\" \/>\n<meta property=\"article:modified_time\" content=\"2026-04-04T17:02:37+00:00\" \/>\n<meta property=\"og:image\" content=\"https:\/\/librairie7l.com\/wp-content\/uploads\/2024\/06\/9782080456274_1_75.jpg\" \/>\n\t<meta property=\"og:image:width\" content=\"600\" \/>\n\t<meta property=\"og:image:height\" content=\"840\" \/>\n\t<meta property=\"og:image:type\" content=\"image\/jpeg\" \/>\n<meta name=\"twitter:card\" content=\"summary_large_image\" \/>\n<meta name=\"twitter:label1\" content=\"Est. reading time\" \/>\n\t<meta name=\"twitter:data1\" content=\"1 minute\" \/>\n<script type=\"application\/ld+json\" class=\"yoast-schema-graph\">{\"@context\":\"https:\/\/schema.org\",\"@graph\":[{\"@type\":\"WebPage\",\"@id\":\"https:\/\/librairie7l.com\/en\/produit\/heinz-berggruen-un-marchand-et-sa-collection-picasso-klee-matisse-giacometti-chefs-doeuvre-du-museum-berggruen-neue-nationalgalerie-berlin-2\/\",\"url\":\"https:\/\/librairie7l.com\/en\/produit\/heinz-berggruen-un-marchand-et-sa-collection-picasso-klee-matisse-giacometti-chefs-doeuvre-du-museum-berggruen-neue-nationalgalerie-berlin-2\/\",\"name\":\"Heinz Berggruen, un marchand et sa collection : Picasso, Klee, Matisse, Giacometti. Chefs-d'oeuvre du Museum Berggruen \/ Neue Nationalgalerie Berlin - Librairie 7L\",\"isPartOf\":{\"@id\":\"https:\/\/librairie7l.com\/en\/#website\"},\"datePublished\":\"2024-10-24T07:17:52+00:00\",\"dateModified\":\"2026-04-04T17:02:37+00:00\",\"breadcrumb\":{\"@id\":\"https:\/\/librairie7l.com\/en\/produit\/heinz-berggruen-un-marchand-et-sa-collection-picasso-klee-matisse-giacometti-chefs-doeuvre-du-museum-berggruen-neue-nationalgalerie-berlin-2\/#breadcrumb\"},\"inLanguage\":\"en-US\",\"potentialAction\":[{\"@type\":\"ReadAction\",\"target\":[\"https:\/\/librairie7l.com\/en\/produit\/heinz-berggruen-un-marchand-et-sa-collection-picasso-klee-matisse-giacometti-chefs-doeuvre-du-museum-berggruen-neue-nationalgalerie-berlin-2\/\"]}]},{\"@type\":\"BreadcrumbList\",\"@id\":\"https:\/\/librairie7l.com\/en\/produit\/heinz-berggruen-un-marchand-et-sa-collection-picasso-klee-matisse-giacometti-chefs-doeuvre-du-museum-berggruen-neue-nationalgalerie-berlin-2\/#breadcrumb\",\"itemListElement\":[{\"@type\":\"ListItem\",\"position\":1,\"name\":\"Accueil\",\"item\":\"https:\/\/librairie7l.com\/en\/\"},{\"@type\":\"ListItem\",\"position\":2,\"name\":\"Shop\",\"item\":\"https:\/\/librairie7l.com\/en\/shop\/\"},{\"@type\":\"ListItem\",\"position\":3,\"name\":\"HEINZ BERGGRUEN, UN MARCHAND ET SA COLLECTION : PICASSO, KLEE, MATISSE, GIACOMETTI. CHEFS-D&#8217;OEUVRE DU MUSEUM BERGGRUEN \/ NEUE NATIONALGALERIE BERLIN\"}]},{\"@type\":\"WebSite\",\"@id\":\"https:\/\/librairie7l.com\/en\/#website\",\"url\":\"https:\/\/librairie7l.com\/en\/\",\"name\":\"Librairie 7L\",\"description\":\"Librairie fond\u00e9e en 1999 par Karl Lagerfeld \u00e0 Paris\",\"publisher\":{\"@id\":\"https:\/\/librairie7l.com\/en\/#organization\"},\"potentialAction\":[{\"@type\":\"SearchAction\",\"target\":{\"@type\":\"EntryPoint\",\"urlTemplate\":\"https:\/\/librairie7l.com\/en\/?s={search_term_string}\"},\"query-input\":\"required name=search_term_string\"}],\"inLanguage\":\"en-US\"},{\"@type\":\"Organization\",\"@id\":\"https:\/\/librairie7l.com\/en\/#organization\",\"name\":\"Librairie 7L\",\"url\":\"https:\/\/librairie7l.com\/en\/\",\"logo\":{\"@type\":\"ImageObject\",\"inLanguage\":\"en-US\",\"@id\":\"https:\/\/librairie7l.com\/en\/#\/schema\/logo\/image\/\",\"url\":\"https:\/\/librairie7l.com\/wp-content\/uploads\/2022\/08\/logo-1.png\",\"contentUrl\":\"https:\/\/librairie7l.com\/wp-content\/uploads\/2022\/08\/logo-1.png\",\"width\":227,\"height\":301,\"caption\":\"Librairie 7L\"},\"image\":{\"@id\":\"https:\/\/librairie7l.com\/en\/#\/schema\/logo\/image\/\"}}]}<\/script>\n<!-- \/ Yoast SEO plugin. -->","yoast_head_json":{"title":"Heinz Berggruen, un marchand et sa collection : Picasso, Klee, Matisse, Giacometti. Chefs-d'oeuvre du Museum Berggruen \/ Neue Nationalgalerie Berlin - Librairie 7L","robots":{"index":"index","follow":"follow","max-snippet":"max-snippet:-1","max-image-preview":"max-image-preview:large","max-video-preview":"max-video-preview:-1"},"canonical":"https:\/\/librairie7l.com\/en\/produit\/heinz-berggruen-un-marchand-et-sa-collection-picasso-klee-matisse-giacometti-chefs-doeuvre-du-museum-berggruen-neue-nationalgalerie-berlin-2\/","og_locale":"en_US","og_type":"article","og_title":"Heinz Berggruen, un marchand et sa collection : Picasso, Klee, Matisse, Giacometti. Chefs-d'oeuvre du Museum Berggruen \/ Neue Nationalgalerie Berlin - Librairie 7L","og_description":"La destin\u00e9e d&#8217;Heinz Berggruen n&#8217;avait rien de tout trac\u00e9. N\u00e9 dans une famille juive \u00e0 Berlin en 1914, il s&#8217;exile aux \u00c9tats-Unis en 1936 avec dix marks en poche. D&#8217;abord orient\u00e9 vers des \u00e9tudes litt\u00e9raires, il d\u00e9couvre le monde de l&#8217;art au Museum of Modern Art de San Francisco, il rentre finalement en Europe au [&hellip;]","og_url":"https:\/\/librairie7l.com\/en\/produit\/heinz-berggruen-un-marchand-et-sa-collection-picasso-klee-matisse-giacometti-chefs-doeuvre-du-museum-berggruen-neue-nationalgalerie-berlin-2\/","og_site_name":"Librairie 7L","article_modified_time":"2026-04-04T17:02:37+00:00","og_image":[{"width":600,"height":840,"url":"https:\/\/librairie7l.com\/wp-content\/uploads\/2024\/06\/9782080456274_1_75.jpg","type":"image\/jpeg"}],"twitter_card":"summary_large_image","twitter_misc":{"Est. reading time":"1 minute"},"schema":{"@context":"https:\/\/schema.org","@graph":[{"@type":"WebPage","@id":"https:\/\/librairie7l.com\/en\/produit\/heinz-berggruen-un-marchand-et-sa-collection-picasso-klee-matisse-giacometti-chefs-doeuvre-du-museum-berggruen-neue-nationalgalerie-berlin-2\/","url":"https:\/\/librairie7l.com\/en\/produit\/heinz-berggruen-un-marchand-et-sa-collection-picasso-klee-matisse-giacometti-chefs-doeuvre-du-museum-berggruen-neue-nationalgalerie-berlin-2\/","name":"Heinz Berggruen, un marchand et sa collection : Picasso, Klee, Matisse, Giacometti. Chefs-d'oeuvre du Museum Berggruen \/ Neue Nationalgalerie Berlin - Librairie 7L","isPartOf":{"@id":"https:\/\/librairie7l.com\/en\/#website"},"datePublished":"2024-10-24T07:17:52+00:00","dateModified":"2026-04-04T17:02:37+00:00","breadcrumb":{"@id":"https:\/\/librairie7l.com\/en\/produit\/heinz-berggruen-un-marchand-et-sa-collection-picasso-klee-matisse-giacometti-chefs-doeuvre-du-museum-berggruen-neue-nationalgalerie-berlin-2\/#breadcrumb"},"inLanguage":"en-US","potentialAction":[{"@type":"ReadAction","target":["https:\/\/librairie7l.com\/en\/produit\/heinz-berggruen-un-marchand-et-sa-collection-picasso-klee-matisse-giacometti-chefs-doeuvre-du-museum-berggruen-neue-nationalgalerie-berlin-2\/"]}]},{"@type":"BreadcrumbList","@id":"https:\/\/librairie7l.com\/en\/produit\/heinz-berggruen-un-marchand-et-sa-collection-picasso-klee-matisse-giacometti-chefs-doeuvre-du-museum-berggruen-neue-nationalgalerie-berlin-2\/#breadcrumb","itemListElement":[{"@type":"ListItem","position":1,"name":"Accueil","item":"https:\/\/librairie7l.com\/en\/"},{"@type":"ListItem","position":2,"name":"Shop","item":"https:\/\/librairie7l.com\/en\/shop\/"},{"@type":"ListItem","position":3,"name":"HEINZ BERGGRUEN, UN MARCHAND ET SA COLLECTION : PICASSO, KLEE, MATISSE, GIACOMETTI. CHEFS-D&#8217;OEUVRE DU MUSEUM BERGGRUEN \/ NEUE NATIONALGALERIE BERLIN"}]},{"@type":"WebSite","@id":"https:\/\/librairie7l.com\/en\/#website","url":"https:\/\/librairie7l.com\/en\/","name":"Librairie 7L","description":"Librairie fond\u00e9e en 1999 par Karl Lagerfeld \u00e0 Paris","publisher":{"@id":"https:\/\/librairie7l.com\/en\/#organization"},"potentialAction":[{"@type":"SearchAction","target":{"@type":"EntryPoint","urlTemplate":"https:\/\/librairie7l.com\/en\/?s={search_term_string}"},"query-input":"required name=search_term_string"}],"inLanguage":"en-US"},{"@type":"Organization","@id":"https:\/\/librairie7l.com\/en\/#organization","name":"Librairie 7L","url":"https:\/\/librairie7l.com\/en\/","logo":{"@type":"ImageObject","inLanguage":"en-US","@id":"https:\/\/librairie7l.com\/en\/#\/schema\/logo\/image\/","url":"https:\/\/librairie7l.com\/wp-content\/uploads\/2022\/08\/logo-1.png","contentUrl":"https:\/\/librairie7l.com\/wp-content\/uploads\/2022\/08\/logo-1.png","width":227,"height":301,"caption":"Librairie 7L"},"image":{"@id":"https:\/\/librairie7l.com\/en\/#\/schema\/logo\/image\/"}}]}},"_links":{"self":[{"href":"https:\/\/librairie7l.com\/en\/wp-json\/wp\/v2\/product\/43750"}],"collection":[{"href":"https:\/\/librairie7l.com\/en\/wp-json\/wp\/v2\/product"}],"about":[{"href":"https:\/\/librairie7l.com\/en\/wp-json\/wp\/v2\/types\/product"}],"wp:featuredmedia":[{"embeddable":true,"href":"https:\/\/librairie7l.com\/en\/wp-json\/wp\/v2\/media\/43748"}],"wp:attachment":[{"href":"https:\/\/librairie7l.com\/en\/wp-json\/wp\/v2\/media?parent=43750"}],"wp:term":[{"taxonomy":"product_cat","embeddable":true,"href":"https:\/\/librairie7l.com\/en\/wp-json\/wp\/v2\/product_cat?post=43750"},{"taxonomy":"product_tag","embeddable":true,"href":"https:\/\/librairie7l.com\/en\/wp-json\/wp\/v2\/product_tag?post=43750"}],"curies":[{"name":"wp","href":"https:\/\/api.w.org\/{rel}","templated":true}]}}