{"id":43754,"date":"2024-10-24T09:17:55","date_gmt":"2024-10-24T07:17:55","guid":{"rendered":"https:\/\/librairie7l.com\/?post_type=product&#038;p=43754"},"modified":"2026-04-04T19:01:06","modified_gmt":"2026-04-04T17:01:06","slug":"astres-ce-que-lart-doit-au-cosmos-2","status":"publish","type":"product","link":"https:\/\/librairie7l.com\/en\/produit\/astres-ce-que-lart-doit-au-cosmos-2\/","title":{"rendered":"ASTRES : CE QUE L&#8217;ART DOIT AU COSMOS"},"content":{"rendered":"<p>Peu d&#8217;activit\u00e9s unissent autant les diff\u00e9rentes cultures que la contemplation du ciel. Depuis l&#8217;Antiquit\u00e9 et par-del\u00e0 les fronti\u00e8res, le cosmos fascine, il est une source in\u00e9puisable d&#8217;\u00e9merveillement et d&#8217;inspiration pour un grand nombre d&#8217;artistes. Cet ouvrage propose un voyage stup\u00e9fiant dans l&#8217;espace, \u00e0 travers les cr\u00e9ations artistiques les plus diverses : des statues gr\u00e9co-romaines aux oeuvres contemporaines, des enluminures m\u00e9di\u00e9vales aux peintures surr\u00e9alistes, des st\u00e8les m\u00e9sopotamiennes aux gravures de la Renaissance et des mythologies occidentales aux l\u00e9gendes orientales. Hildegarde von Bingen, Johannes Vermeer, Caspar David Friedrich, Vincent Van Gogh, Claude Monet, Henri Matisse, Georgia O&#8217;Keeffe : la galerie du ciel \u00e9toil\u00e9 est infinie \u00e0 parcourir.<\/p>\n","protected":false},"excerpt":{"rendered":"<p>Peu d&#8217;activit\u00e9s unissent autant les diff\u00e9rentes cultures que la contemplation du ciel. Depuis l&#8217;Antiquit\u00e9 et par-del\u00e0 les fronti\u00e8res, le cosmos fascine, il est une source in\u00e9puisable d&#8217;\u00e9merveillement et d&#8217;inspiration pour un grand nombre d&#8217;artistes. Cet ouvrage propose un voyage stup\u00e9fiant dans l&#8217;espace, \u00e0 travers les cr\u00e9ations artistiques les plus diverses : des statues gr\u00e9co-romaines aux [&hellip;]<\/p>\n","protected":false},"featured_media":43752,"template":"","meta":[],"product_cat":[2948],"product_tag":[],"acf":[],"yoast_head":"<!-- This site is optimized with the Yoast SEO plugin v20.11 - https:\/\/yoast.com\/wordpress\/plugins\/seo\/ -->\n<title>Astres : Ce que l&#039;art doit au cosmos - Librairie 7L<\/title>\n<meta name=\"robots\" content=\"index, follow, max-snippet:-1, max-image-preview:large, max-video-preview:-1\" \/>\n<link rel=\"canonical\" href=\"https:\/\/librairie7l.com\/en\/produit\/astres-ce-que-lart-doit-au-cosmos-2\/\" \/>\n<meta property=\"og:locale\" content=\"en_US\" \/>\n<meta property=\"og:type\" content=\"article\" \/>\n<meta property=\"og:title\" content=\"Astres : Ce que l&#039;art doit au cosmos - Librairie 7L\" \/>\n<meta property=\"og:description\" content=\"Peu d&#8217;activit\u00e9s unissent autant les diff\u00e9rentes cultures que la contemplation du ciel. Depuis l&#8217;Antiquit\u00e9 et par-del\u00e0 les fronti\u00e8res, le cosmos fascine, il est une source in\u00e9puisable d&#8217;\u00e9merveillement et d&#8217;inspiration pour un grand nombre d&#8217;artistes. Cet ouvrage propose un voyage stup\u00e9fiant dans l&#8217;espace, \u00e0 travers les cr\u00e9ations artistiques les plus diverses : des statues gr\u00e9co-romaines aux [&hellip;]\" \/>\n<meta property=\"og:url\" content=\"https:\/\/librairie7l.com\/en\/produit\/astres-ce-que-lart-doit-au-cosmos-2\/\" \/>\n<meta property=\"og:site_name\" content=\"Librairie 7L\" \/>\n<meta property=\"article:modified_time\" content=\"2026-04-04T17:01:06+00:00\" \/>\n<meta property=\"og:image\" content=\"https:\/\/librairie7l.com\/wp-content\/uploads\/2024\/06\/9782080438034_1_75.jpg\" \/>\n\t<meta property=\"og:image:width\" content=\"600\" \/>\n\t<meta property=\"og:image:height\" content=\"724\" \/>\n\t<meta property=\"og:image:type\" content=\"image\/jpeg\" \/>\n<meta name=\"twitter:card\" content=\"summary_large_image\" \/>\n<meta name=\"twitter:label1\" content=\"Est. reading time\" \/>\n\t<meta name=\"twitter:data1\" content=\"1 minute\" \/>\n<script type=\"application\/ld+json\" class=\"yoast-schema-graph\">{\"@context\":\"https:\/\/schema.org\",\"@graph\":[{\"@type\":\"WebPage\",\"@id\":\"https:\/\/librairie7l.com\/en\/produit\/astres-ce-que-lart-doit-au-cosmos-2\/\",\"url\":\"https:\/\/librairie7l.com\/en\/produit\/astres-ce-que-lart-doit-au-cosmos-2\/\",\"name\":\"Astres : Ce que l'art doit au cosmos - Librairie 7L\",\"isPartOf\":{\"@id\":\"https:\/\/librairie7l.com\/en\/#website\"},\"datePublished\":\"2024-10-24T07:17:55+00:00\",\"dateModified\":\"2026-04-04T17:01:06+00:00\",\"breadcrumb\":{\"@id\":\"https:\/\/librairie7l.com\/en\/produit\/astres-ce-que-lart-doit-au-cosmos-2\/#breadcrumb\"},\"inLanguage\":\"en-US\",\"potentialAction\":[{\"@type\":\"ReadAction\",\"target\":[\"https:\/\/librairie7l.com\/en\/produit\/astres-ce-que-lart-doit-au-cosmos-2\/\"]}]},{\"@type\":\"BreadcrumbList\",\"@id\":\"https:\/\/librairie7l.com\/en\/produit\/astres-ce-que-lart-doit-au-cosmos-2\/#breadcrumb\",\"itemListElement\":[{\"@type\":\"ListItem\",\"position\":1,\"name\":\"Accueil\",\"item\":\"https:\/\/librairie7l.com\/en\/\"},{\"@type\":\"ListItem\",\"position\":2,\"name\":\"Shop\",\"item\":\"https:\/\/librairie7l.com\/en\/shop\/\"},{\"@type\":\"ListItem\",\"position\":3,\"name\":\"ASTRES : CE QUE L&#8217;ART DOIT AU COSMOS\"}]},{\"@type\":\"WebSite\",\"@id\":\"https:\/\/librairie7l.com\/en\/#website\",\"url\":\"https:\/\/librairie7l.com\/en\/\",\"name\":\"Librairie 7L\",\"description\":\"Librairie fond\u00e9e en 1999 par Karl Lagerfeld \u00e0 Paris\",\"publisher\":{\"@id\":\"https:\/\/librairie7l.com\/en\/#organization\"},\"potentialAction\":[{\"@type\":\"SearchAction\",\"target\":{\"@type\":\"EntryPoint\",\"urlTemplate\":\"https:\/\/librairie7l.com\/en\/?s={search_term_string}\"},\"query-input\":\"required name=search_term_string\"}],\"inLanguage\":\"en-US\"},{\"@type\":\"Organization\",\"@id\":\"https:\/\/librairie7l.com\/en\/#organization\",\"name\":\"Librairie 7L\",\"url\":\"https:\/\/librairie7l.com\/en\/\",\"logo\":{\"@type\":\"ImageObject\",\"inLanguage\":\"en-US\",\"@id\":\"https:\/\/librairie7l.com\/en\/#\/schema\/logo\/image\/\",\"url\":\"https:\/\/librairie7l.com\/wp-content\/uploads\/2022\/08\/logo-1.png\",\"contentUrl\":\"https:\/\/librairie7l.com\/wp-content\/uploads\/2022\/08\/logo-1.png\",\"width\":227,\"height\":301,\"caption\":\"Librairie 7L\"},\"image\":{\"@id\":\"https:\/\/librairie7l.com\/en\/#\/schema\/logo\/image\/\"}}]}<\/script>\n<!-- \/ Yoast SEO plugin. -->","yoast_head_json":{"title":"Astres : Ce que l'art doit au cosmos - Librairie 7L","robots":{"index":"index","follow":"follow","max-snippet":"max-snippet:-1","max-image-preview":"max-image-preview:large","max-video-preview":"max-video-preview:-1"},"canonical":"https:\/\/librairie7l.com\/en\/produit\/astres-ce-que-lart-doit-au-cosmos-2\/","og_locale":"en_US","og_type":"article","og_title":"Astres : Ce que l'art doit au cosmos - Librairie 7L","og_description":"Peu d&#8217;activit\u00e9s unissent autant les diff\u00e9rentes cultures que la contemplation du ciel. Depuis l&#8217;Antiquit\u00e9 et par-del\u00e0 les fronti\u00e8res, le cosmos fascine, il est une source in\u00e9puisable d&#8217;\u00e9merveillement et d&#8217;inspiration pour un grand nombre d&#8217;artistes. Cet ouvrage propose un voyage stup\u00e9fiant dans l&#8217;espace, \u00e0 travers les cr\u00e9ations artistiques les plus diverses : des statues gr\u00e9co-romaines aux [&hellip;]","og_url":"https:\/\/librairie7l.com\/en\/produit\/astres-ce-que-lart-doit-au-cosmos-2\/","og_site_name":"Librairie 7L","article_modified_time":"2026-04-04T17:01:06+00:00","og_image":[{"width":600,"height":724,"url":"https:\/\/librairie7l.com\/wp-content\/uploads\/2024\/06\/9782080438034_1_75.jpg","type":"image\/jpeg"}],"twitter_card":"summary_large_image","twitter_misc":{"Est. reading time":"1 minute"},"schema":{"@context":"https:\/\/schema.org","@graph":[{"@type":"WebPage","@id":"https:\/\/librairie7l.com\/en\/produit\/astres-ce-que-lart-doit-au-cosmos-2\/","url":"https:\/\/librairie7l.com\/en\/produit\/astres-ce-que-lart-doit-au-cosmos-2\/","name":"Astres : Ce que l'art doit au cosmos - Librairie 7L","isPartOf":{"@id":"https:\/\/librairie7l.com\/en\/#website"},"datePublished":"2024-10-24T07:17:55+00:00","dateModified":"2026-04-04T17:01:06+00:00","breadcrumb":{"@id":"https:\/\/librairie7l.com\/en\/produit\/astres-ce-que-lart-doit-au-cosmos-2\/#breadcrumb"},"inLanguage":"en-US","potentialAction":[{"@type":"ReadAction","target":["https:\/\/librairie7l.com\/en\/produit\/astres-ce-que-lart-doit-au-cosmos-2\/"]}]},{"@type":"BreadcrumbList","@id":"https:\/\/librairie7l.com\/en\/produit\/astres-ce-que-lart-doit-au-cosmos-2\/#breadcrumb","itemListElement":[{"@type":"ListItem","position":1,"name":"Accueil","item":"https:\/\/librairie7l.com\/en\/"},{"@type":"ListItem","position":2,"name":"Shop","item":"https:\/\/librairie7l.com\/en\/shop\/"},{"@type":"ListItem","position":3,"name":"ASTRES : CE QUE L&#8217;ART DOIT AU COSMOS"}]},{"@type":"WebSite","@id":"https:\/\/librairie7l.com\/en\/#website","url":"https:\/\/librairie7l.com\/en\/","name":"Librairie 7L","description":"Librairie fond\u00e9e en 1999 par Karl Lagerfeld \u00e0 Paris","publisher":{"@id":"https:\/\/librairie7l.com\/en\/#organization"},"potentialAction":[{"@type":"SearchAction","target":{"@type":"EntryPoint","urlTemplate":"https:\/\/librairie7l.com\/en\/?s={search_term_string}"},"query-input":"required name=search_term_string"}],"inLanguage":"en-US"},{"@type":"Organization","@id":"https:\/\/librairie7l.com\/en\/#organization","name":"Librairie 7L","url":"https:\/\/librairie7l.com\/en\/","logo":{"@type":"ImageObject","inLanguage":"en-US","@id":"https:\/\/librairie7l.com\/en\/#\/schema\/logo\/image\/","url":"https:\/\/librairie7l.com\/wp-content\/uploads\/2022\/08\/logo-1.png","contentUrl":"https:\/\/librairie7l.com\/wp-content\/uploads\/2022\/08\/logo-1.png","width":227,"height":301,"caption":"Librairie 7L"},"image":{"@id":"https:\/\/librairie7l.com\/en\/#\/schema\/logo\/image\/"}}]}},"_links":{"self":[{"href":"https:\/\/librairie7l.com\/en\/wp-json\/wp\/v2\/product\/43754"}],"collection":[{"href":"https:\/\/librairie7l.com\/en\/wp-json\/wp\/v2\/product"}],"about":[{"href":"https:\/\/librairie7l.com\/en\/wp-json\/wp\/v2\/types\/product"}],"wp:featuredmedia":[{"embeddable":true,"href":"https:\/\/librairie7l.com\/en\/wp-json\/wp\/v2\/media\/43752"}],"wp:attachment":[{"href":"https:\/\/librairie7l.com\/en\/wp-json\/wp\/v2\/media?parent=43754"}],"wp:term":[{"taxonomy":"product_cat","embeddable":true,"href":"https:\/\/librairie7l.com\/en\/wp-json\/wp\/v2\/product_cat?post=43754"},{"taxonomy":"product_tag","embeddable":true,"href":"https:\/\/librairie7l.com\/en\/wp-json\/wp\/v2\/product_tag?post=43754"}],"curies":[{"name":"wp","href":"https:\/\/api.w.org\/{rel}","templated":true}]}}