{"id":43816,"date":"2024-10-27T09:17:51","date_gmt":"2024-10-27T08:17:51","guid":{"rendered":"https:\/\/librairie7l.com\/?post_type=product&#038;p=43816"},"modified":"2026-05-03T20:15:54","modified_gmt":"2026-05-03T18:15:54","slug":"the-handbag-book-400-designer-bags-that-changed-fashion-2","status":"publish","type":"product","link":"https:\/\/librairie7l.com\/en\/produit\/the-handbag-book-400-designer-bags-that-changed-fashion-2\/","title":{"rendered":"THE HANDBAG BOOK &#8211; 400 DESIGNER BAGS THAT CHANGED FASHION"},"content":{"rendered":"<p>A luxe and definitive guide to 400 luxury handbags by the worlds leading fashion designers and couture houses  Luxury handbags account for almost a third of global luxury sales alone, and are both an aspiration and addiction for many. From Herm\u00e9ss priceless Birkin bag to Chanels coveted flap bags that have been prevalent since the 1950s, to Fendis instantly recognizable Baguette bag, it is no surprise why these incredible purses are often considered symbols of luxury and status due to their high-quality craftsmanship.The Handbag Book: 400 Essential Designer Bags is a look back at 400 of the most famous handbags designed by the greatest names in fashion. With stunning spreads, photographs of the handbags, and introductory text for each style, it is the authority on high-end fashion. In addition, this tome also includes backgrounds on the designers, stories of how certain styles became cemented into the fashion lexicon, tips on how to identify a counterfeit, a look at the increasing popularity of second-hand bags, and even behind-the-scenes looks into how these handbags are made. Featured designers: Acne Studios  Ala\u00efa  Alexander Mcqueen  Ami Anya Hindmarch  A.P.C. Balenciaga  Balmain  Bottega Veneta  Bulgari  Carel &#8211; Celine  Chanel  Chlo\u00e9  Christian Louboutin  Coach  Coperni  Delvaux  Destree  Dior  Dolce &amp; Gabbana  Fendi  Ferragamo  Fleuron Paris Fran\u00e7ois-Joseph Graf Paris  Gerard Darel  Giorgio Armani  Givenchy  Gucci  Herm\u00e8s  Herv\u00e9 Chapelier  Ines De La Fressange Paris  Isabel Marant  Issey Miyake  Jacquemus  J\u00e9r\u00f4me Dreyfuss  Jimmy Choo  Judith Leiber  JW Anderson  Lancel  Loewe  Longchamp  Loro Piana -Louis Vuitton  L\/Uniform  Maison Michel  Marc Jacobs  Michael Kors  Miu Miu  Moynat  Off-White  Olympia Le-Tan  Patou  Pierre Hardy  Prada  Rabanne  Roger Vivier  Rsvp Paris  Saint Laurent  Schiaparelli  Soeur  Stella Mccartney  Tods  Valextra  Vanessa Bruno  Zadig &amp; Voltaire<\/p>\n","protected":false},"excerpt":{"rendered":"<p>A luxe and definitive guide to 400 luxury handbags by the worlds leading fashion designers and couture houses Luxury handbags account for almost a third of global luxury sales alone, and are both an aspiration and addiction for many. From Herm\u00e9ss priceless Birkin bag to Chanels coveted flap bags that have been prevalent since the [&hellip;]<\/p>\n","protected":false},"featured_media":43814,"template":"","meta":[],"product_cat":[2948],"product_tag":[],"acf":[],"yoast_head":"<!-- This site is optimized with the Yoast SEO plugin v20.11 - https:\/\/yoast.com\/wordpress\/plugins\/seo\/ -->\n<title>THE HANDBAG BOOK - 400 DESIGNER BAGS THAT CHANGED FASHION - Librairie 7L<\/title>\n<meta name=\"robots\" content=\"index, follow, max-snippet:-1, max-image-preview:large, max-video-preview:-1\" \/>\n<link rel=\"canonical\" href=\"https:\/\/librairie7l.com\/en\/produit\/the-handbag-book-400-designer-bags-that-changed-fashion-2\/\" \/>\n<meta property=\"og:locale\" content=\"en_US\" \/>\n<meta property=\"og:type\" content=\"article\" \/>\n<meta property=\"og:title\" content=\"THE HANDBAG BOOK - 400 DESIGNER BAGS THAT CHANGED FASHION - Librairie 7L\" \/>\n<meta property=\"og:description\" content=\"A luxe and definitive guide to 400 luxury handbags by the worlds leading fashion designers and couture houses Luxury handbags account for almost a third of global luxury sales alone, and are both an aspiration and addiction for many. From Herm\u00e9ss priceless Birkin bag to Chanels coveted flap bags that have been prevalent since the [&hellip;]\" \/>\n<meta property=\"og:url\" content=\"https:\/\/librairie7l.com\/en\/produit\/the-handbag-book-400-designer-bags-that-changed-fashion-2\/\" \/>\n<meta property=\"og:site_name\" content=\"Librairie 7L\" \/>\n<meta property=\"article:modified_time\" content=\"2026-05-03T18:15:54+00:00\" \/>\n<meta property=\"og:image\" content=\"https:\/\/librairie7l.com\/wp-content\/uploads\/2024\/04\/9781419778193_1_75.jpg\" \/>\n\t<meta property=\"og:image:width\" content=\"368\" \/>\n\t<meta property=\"og:image:height\" content=\"500\" \/>\n\t<meta property=\"og:image:type\" content=\"image\/jpeg\" \/>\n<meta name=\"twitter:card\" content=\"summary_large_image\" \/>\n<meta name=\"twitter:label1\" content=\"Est. reading time\" \/>\n\t<meta name=\"twitter:data1\" content=\"1 minute\" \/>\n<script type=\"application\/ld+json\" class=\"yoast-schema-graph\">{\"@context\":\"https:\/\/schema.org\",\"@graph\":[{\"@type\":\"WebPage\",\"@id\":\"https:\/\/librairie7l.com\/en\/produit\/the-handbag-book-400-designer-bags-that-changed-fashion-2\/\",\"url\":\"https:\/\/librairie7l.com\/en\/produit\/the-handbag-book-400-designer-bags-that-changed-fashion-2\/\",\"name\":\"THE HANDBAG BOOK - 400 DESIGNER BAGS THAT CHANGED FASHION - Librairie 7L\",\"isPartOf\":{\"@id\":\"https:\/\/librairie7l.com\/en\/#website\"},\"datePublished\":\"2024-10-27T08:17:51+00:00\",\"dateModified\":\"2026-05-03T18:15:54+00:00\",\"breadcrumb\":{\"@id\":\"https:\/\/librairie7l.com\/en\/produit\/the-handbag-book-400-designer-bags-that-changed-fashion-2\/#breadcrumb\"},\"inLanguage\":\"en-US\",\"potentialAction\":[{\"@type\":\"ReadAction\",\"target\":[\"https:\/\/librairie7l.com\/en\/produit\/the-handbag-book-400-designer-bags-that-changed-fashion-2\/\"]}]},{\"@type\":\"BreadcrumbList\",\"@id\":\"https:\/\/librairie7l.com\/en\/produit\/the-handbag-book-400-designer-bags-that-changed-fashion-2\/#breadcrumb\",\"itemListElement\":[{\"@type\":\"ListItem\",\"position\":1,\"name\":\"Accueil\",\"item\":\"https:\/\/librairie7l.com\/en\/\"},{\"@type\":\"ListItem\",\"position\":2,\"name\":\"Shop\",\"item\":\"https:\/\/librairie7l.com\/en\/shop\/\"},{\"@type\":\"ListItem\",\"position\":3,\"name\":\"THE HANDBAG BOOK &#8211; 400 DESIGNER BAGS THAT CHANGED FASHION\"}]},{\"@type\":\"WebSite\",\"@id\":\"https:\/\/librairie7l.com\/en\/#website\",\"url\":\"https:\/\/librairie7l.com\/en\/\",\"name\":\"Librairie 7L\",\"description\":\"Librairie fond\u00e9e en 1999 par Karl Lagerfeld \u00e0 Paris\",\"publisher\":{\"@id\":\"https:\/\/librairie7l.com\/en\/#organization\"},\"potentialAction\":[{\"@type\":\"SearchAction\",\"target\":{\"@type\":\"EntryPoint\",\"urlTemplate\":\"https:\/\/librairie7l.com\/en\/?s={search_term_string}\"},\"query-input\":\"required name=search_term_string\"}],\"inLanguage\":\"en-US\"},{\"@type\":\"Organization\",\"@id\":\"https:\/\/librairie7l.com\/en\/#organization\",\"name\":\"Librairie 7L\",\"url\":\"https:\/\/librairie7l.com\/en\/\",\"logo\":{\"@type\":\"ImageObject\",\"inLanguage\":\"en-US\",\"@id\":\"https:\/\/librairie7l.com\/en\/#\/schema\/logo\/image\/\",\"url\":\"https:\/\/librairie7l.com\/wp-content\/uploads\/2022\/08\/logo-1.png\",\"contentUrl\":\"https:\/\/librairie7l.com\/wp-content\/uploads\/2022\/08\/logo-1.png\",\"width\":227,\"height\":301,\"caption\":\"Librairie 7L\"},\"image\":{\"@id\":\"https:\/\/librairie7l.com\/en\/#\/schema\/logo\/image\/\"}}]}<\/script>\n<!-- \/ Yoast SEO plugin. -->","yoast_head_json":{"title":"THE HANDBAG BOOK - 400 DESIGNER BAGS THAT CHANGED FASHION - Librairie 7L","robots":{"index":"index","follow":"follow","max-snippet":"max-snippet:-1","max-image-preview":"max-image-preview:large","max-video-preview":"max-video-preview:-1"},"canonical":"https:\/\/librairie7l.com\/en\/produit\/the-handbag-book-400-designer-bags-that-changed-fashion-2\/","og_locale":"en_US","og_type":"article","og_title":"THE HANDBAG BOOK - 400 DESIGNER BAGS THAT CHANGED FASHION - Librairie 7L","og_description":"A luxe and definitive guide to 400 luxury handbags by the worlds leading fashion designers and couture houses Luxury handbags account for almost a third of global luxury sales alone, and are both an aspiration and addiction for many. From Herm\u00e9ss priceless Birkin bag to Chanels coveted flap bags that have been prevalent since the [&hellip;]","og_url":"https:\/\/librairie7l.com\/en\/produit\/the-handbag-book-400-designer-bags-that-changed-fashion-2\/","og_site_name":"Librairie 7L","article_modified_time":"2026-05-03T18:15:54+00:00","og_image":[{"width":368,"height":500,"url":"https:\/\/librairie7l.com\/wp-content\/uploads\/2024\/04\/9781419778193_1_75.jpg","type":"image\/jpeg"}],"twitter_card":"summary_large_image","twitter_misc":{"Est. reading time":"1 minute"},"schema":{"@context":"https:\/\/schema.org","@graph":[{"@type":"WebPage","@id":"https:\/\/librairie7l.com\/en\/produit\/the-handbag-book-400-designer-bags-that-changed-fashion-2\/","url":"https:\/\/librairie7l.com\/en\/produit\/the-handbag-book-400-designer-bags-that-changed-fashion-2\/","name":"THE HANDBAG BOOK - 400 DESIGNER BAGS THAT CHANGED FASHION - Librairie 7L","isPartOf":{"@id":"https:\/\/librairie7l.com\/en\/#website"},"datePublished":"2024-10-27T08:17:51+00:00","dateModified":"2026-05-03T18:15:54+00:00","breadcrumb":{"@id":"https:\/\/librairie7l.com\/en\/produit\/the-handbag-book-400-designer-bags-that-changed-fashion-2\/#breadcrumb"},"inLanguage":"en-US","potentialAction":[{"@type":"ReadAction","target":["https:\/\/librairie7l.com\/en\/produit\/the-handbag-book-400-designer-bags-that-changed-fashion-2\/"]}]},{"@type":"BreadcrumbList","@id":"https:\/\/librairie7l.com\/en\/produit\/the-handbag-book-400-designer-bags-that-changed-fashion-2\/#breadcrumb","itemListElement":[{"@type":"ListItem","position":1,"name":"Accueil","item":"https:\/\/librairie7l.com\/en\/"},{"@type":"ListItem","position":2,"name":"Shop","item":"https:\/\/librairie7l.com\/en\/shop\/"},{"@type":"ListItem","position":3,"name":"THE HANDBAG BOOK &#8211; 400 DESIGNER BAGS THAT CHANGED FASHION"}]},{"@type":"WebSite","@id":"https:\/\/librairie7l.com\/en\/#website","url":"https:\/\/librairie7l.com\/en\/","name":"Librairie 7L","description":"Librairie fond\u00e9e en 1999 par Karl Lagerfeld \u00e0 Paris","publisher":{"@id":"https:\/\/librairie7l.com\/en\/#organization"},"potentialAction":[{"@type":"SearchAction","target":{"@type":"EntryPoint","urlTemplate":"https:\/\/librairie7l.com\/en\/?s={search_term_string}"},"query-input":"required name=search_term_string"}],"inLanguage":"en-US"},{"@type":"Organization","@id":"https:\/\/librairie7l.com\/en\/#organization","name":"Librairie 7L","url":"https:\/\/librairie7l.com\/en\/","logo":{"@type":"ImageObject","inLanguage":"en-US","@id":"https:\/\/librairie7l.com\/en\/#\/schema\/logo\/image\/","url":"https:\/\/librairie7l.com\/wp-content\/uploads\/2022\/08\/logo-1.png","contentUrl":"https:\/\/librairie7l.com\/wp-content\/uploads\/2022\/08\/logo-1.png","width":227,"height":301,"caption":"Librairie 7L"},"image":{"@id":"https:\/\/librairie7l.com\/en\/#\/schema\/logo\/image\/"}}]}},"_links":{"self":[{"href":"https:\/\/librairie7l.com\/en\/wp-json\/wp\/v2\/product\/43816"}],"collection":[{"href":"https:\/\/librairie7l.com\/en\/wp-json\/wp\/v2\/product"}],"about":[{"href":"https:\/\/librairie7l.com\/en\/wp-json\/wp\/v2\/types\/product"}],"wp:featuredmedia":[{"embeddable":true,"href":"https:\/\/librairie7l.com\/en\/wp-json\/wp\/v2\/media\/43814"}],"wp:attachment":[{"href":"https:\/\/librairie7l.com\/en\/wp-json\/wp\/v2\/media?parent=43816"}],"wp:term":[{"taxonomy":"product_cat","embeddable":true,"href":"https:\/\/librairie7l.com\/en\/wp-json\/wp\/v2\/product_cat?post=43816"},{"taxonomy":"product_tag","embeddable":true,"href":"https:\/\/librairie7l.com\/en\/wp-json\/wp\/v2\/product_tag?post=43816"}],"curies":[{"name":"wp","href":"https:\/\/api.w.org\/{rel}","templated":true}]}}