{"id":43822,"date":"2024-10-27T09:17:58","date_gmt":"2024-10-27T08:17:58","guid":{"rendered":"https:\/\/librairie7l.com\/?post_type=product&#038;p=43822"},"modified":"2026-04-16T15:46:16","modified_gmt":"2026-04-16T13:46:16","slug":"formes-du-desir-une-breve-histoire-de-la-collection-dart-2","status":"publish","type":"product","link":"https:\/\/librairie7l.com\/en\/produit\/formes-du-desir-une-breve-histoire-de-la-collection-dart-2\/","title":{"rendered":"FORMES DU D\u00c9SIR : UNE BR\u00c8VE HISTOIRE DE LA COLLECTION D&#8217;ART"},"content":{"rendered":"<p>Au fil des chapitres, nous d\u00e9couvrons comment la collection d&#8217;art refl\u00e8te &#8211; ou r\u00e9pond &#8211; au caract\u00e8re d&#8217;un individu.  Ainsi, la collection est tour \u00e0 tour projection de fantasmes infantiles (Bruce Chatwin), du pouvoir et de la gloire (Isabelle d&#8217;Este, Robert Walpole), d&#8217;un certain prestige social (J.P. Morgan), de la force r\u00e9paratrice et consolatrice de l&#8217;art (les fr\u00e8res Goncourt, les films de Luchino Visconti), d&#8217;une attitude esth\u00e9tique (Bernard Berenson, Heinz Berggruen), de pr\u00e9occupations sociales (Dominique de Menil, Agnes Gund), agencement de la pens\u00e9e par l&#8217;art (le couple Arensberg et Marcel Duchamp, Ibrahim Mahama), travail sur la m\u00e9moire (David et Rose Cholmondeley), d\u00e9passement de l&#8217;art en tant qu&#8217;objet mat\u00e9riel (Yves Klein, Tino Sehgal), ou encore de rejet des objets devenus superflus, comme si l&#8217;on se d\u00e9barrassait d&#8217;un poids astreignant pour gagner en l\u00e9g\u00e8ret\u00e9 (Ludwig Wittgenstein).<br \/>\nL&#8217;accumulation d&#8217;oeuvres d&#8217;art doit \u00eatre interpr\u00e9t\u00e9e comme autant de mani\u00e8res de cr\u00e9er des mondes, o\u00f9 les objets transforment et t\u00e9moignent de l&#8217;existence de celles et ceux qui les ont rassembl\u00e9s.<\/p>\n","protected":false},"excerpt":{"rendered":"<p>Au fil des chapitres, nous d\u00e9couvrons comment la collection d&#8217;art refl\u00e8te &#8211; ou r\u00e9pond &#8211; au caract\u00e8re d&#8217;un individu. Ainsi, la collection est tour \u00e0 tour projection de fantasmes infantiles (Bruce Chatwin), du pouvoir et de la gloire (Isabelle d&#8217;Este, Robert Walpole), d&#8217;un certain prestige social (J.P. Morgan), de la force r\u00e9paratrice et consolatrice de [&hellip;]<\/p>\n","protected":false},"featured_media":43820,"template":"","meta":[],"product_cat":[2948],"product_tag":[],"acf":[],"yoast_head":"<!-- This site is optimized with the Yoast SEO plugin v20.11 - https:\/\/yoast.com\/wordpress\/plugins\/seo\/ -->\n<title>Formes du d\u00e9sir : Une br\u00e8ve histoire de la collection d&#039;art - Librairie 7L<\/title>\n<meta name=\"robots\" content=\"index, follow, max-snippet:-1, max-image-preview:large, max-video-preview:-1\" \/>\n<link rel=\"canonical\" href=\"https:\/\/librairie7l.com\/en\/produit\/formes-du-desir-une-breve-histoire-de-la-collection-dart-2\/\" \/>\n<meta property=\"og:locale\" content=\"en_US\" \/>\n<meta property=\"og:type\" content=\"article\" \/>\n<meta property=\"og:title\" content=\"Formes du d\u00e9sir : Une br\u00e8ve histoire de la collection d&#039;art - Librairie 7L\" \/>\n<meta property=\"og:description\" content=\"Au fil des chapitres, nous d\u00e9couvrons comment la collection d&#8217;art refl\u00e8te &#8211; ou r\u00e9pond &#8211; au caract\u00e8re d&#8217;un individu. Ainsi, la collection est tour \u00e0 tour projection de fantasmes infantiles (Bruce Chatwin), du pouvoir et de la gloire (Isabelle d&#8217;Este, Robert Walpole), d&#8217;un certain prestige social (J.P. Morgan), de la force r\u00e9paratrice et consolatrice de [&hellip;]\" \/>\n<meta property=\"og:url\" content=\"https:\/\/librairie7l.com\/en\/produit\/formes-du-desir-une-breve-histoire-de-la-collection-dart-2\/\" \/>\n<meta property=\"og:site_name\" content=\"Librairie 7L\" \/>\n<meta property=\"article:modified_time\" content=\"2026-04-16T13:46:16+00:00\" \/>\n<meta property=\"og:image\" content=\"https:\/\/librairie7l.com\/wp-content\/uploads\/2024\/10\/9782378964900_1_75.jpg\" \/>\n\t<meta property=\"og:image:width\" content=\"600\" \/>\n\t<meta property=\"og:image:height\" content=\"851\" \/>\n\t<meta property=\"og:image:type\" content=\"image\/jpeg\" \/>\n<meta name=\"twitter:card\" content=\"summary_large_image\" \/>\n<meta name=\"twitter:label1\" content=\"Est. reading time\" \/>\n\t<meta name=\"twitter:data1\" content=\"1 minute\" \/>\n<script type=\"application\/ld+json\" class=\"yoast-schema-graph\">{\"@context\":\"https:\/\/schema.org\",\"@graph\":[{\"@type\":\"WebPage\",\"@id\":\"https:\/\/librairie7l.com\/en\/produit\/formes-du-desir-une-breve-histoire-de-la-collection-dart-2\/\",\"url\":\"https:\/\/librairie7l.com\/en\/produit\/formes-du-desir-une-breve-histoire-de-la-collection-dart-2\/\",\"name\":\"Formes du d\u00e9sir : Une br\u00e8ve histoire de la collection d'art - Librairie 7L\",\"isPartOf\":{\"@id\":\"https:\/\/librairie7l.com\/en\/#website\"},\"datePublished\":\"2024-10-27T08:17:58+00:00\",\"dateModified\":\"2026-04-16T13:46:16+00:00\",\"breadcrumb\":{\"@id\":\"https:\/\/librairie7l.com\/en\/produit\/formes-du-desir-une-breve-histoire-de-la-collection-dart-2\/#breadcrumb\"},\"inLanguage\":\"en-US\",\"potentialAction\":[{\"@type\":\"ReadAction\",\"target\":[\"https:\/\/librairie7l.com\/en\/produit\/formes-du-desir-une-breve-histoire-de-la-collection-dart-2\/\"]}]},{\"@type\":\"BreadcrumbList\",\"@id\":\"https:\/\/librairie7l.com\/en\/produit\/formes-du-desir-une-breve-histoire-de-la-collection-dart-2\/#breadcrumb\",\"itemListElement\":[{\"@type\":\"ListItem\",\"position\":1,\"name\":\"Accueil\",\"item\":\"https:\/\/librairie7l.com\/en\/\"},{\"@type\":\"ListItem\",\"position\":2,\"name\":\"Shop\",\"item\":\"https:\/\/librairie7l.com\/en\/shop\/\"},{\"@type\":\"ListItem\",\"position\":3,\"name\":\"FORMES DU D\u00c9SIR : UNE BR\u00c8VE HISTOIRE DE LA COLLECTION D&#8217;ART\"}]},{\"@type\":\"WebSite\",\"@id\":\"https:\/\/librairie7l.com\/en\/#website\",\"url\":\"https:\/\/librairie7l.com\/en\/\",\"name\":\"Librairie 7L\",\"description\":\"Librairie fond\u00e9e en 1999 par Karl Lagerfeld \u00e0 Paris\",\"publisher\":{\"@id\":\"https:\/\/librairie7l.com\/en\/#organization\"},\"potentialAction\":[{\"@type\":\"SearchAction\",\"target\":{\"@type\":\"EntryPoint\",\"urlTemplate\":\"https:\/\/librairie7l.com\/en\/?s={search_term_string}\"},\"query-input\":\"required name=search_term_string\"}],\"inLanguage\":\"en-US\"},{\"@type\":\"Organization\",\"@id\":\"https:\/\/librairie7l.com\/en\/#organization\",\"name\":\"Librairie 7L\",\"url\":\"https:\/\/librairie7l.com\/en\/\",\"logo\":{\"@type\":\"ImageObject\",\"inLanguage\":\"en-US\",\"@id\":\"https:\/\/librairie7l.com\/en\/#\/schema\/logo\/image\/\",\"url\":\"https:\/\/librairie7l.com\/wp-content\/uploads\/2022\/08\/logo-1.png\",\"contentUrl\":\"https:\/\/librairie7l.com\/wp-content\/uploads\/2022\/08\/logo-1.png\",\"width\":227,\"height\":301,\"caption\":\"Librairie 7L\"},\"image\":{\"@id\":\"https:\/\/librairie7l.com\/en\/#\/schema\/logo\/image\/\"}}]}<\/script>\n<!-- \/ Yoast SEO plugin. -->","yoast_head_json":{"title":"Formes du d\u00e9sir : Une br\u00e8ve histoire de la collection d'art - Librairie 7L","robots":{"index":"index","follow":"follow","max-snippet":"max-snippet:-1","max-image-preview":"max-image-preview:large","max-video-preview":"max-video-preview:-1"},"canonical":"https:\/\/librairie7l.com\/en\/produit\/formes-du-desir-une-breve-histoire-de-la-collection-dart-2\/","og_locale":"en_US","og_type":"article","og_title":"Formes du d\u00e9sir : Une br\u00e8ve histoire de la collection d'art - Librairie 7L","og_description":"Au fil des chapitres, nous d\u00e9couvrons comment la collection d&#8217;art refl\u00e8te &#8211; ou r\u00e9pond &#8211; au caract\u00e8re d&#8217;un individu. Ainsi, la collection est tour \u00e0 tour projection de fantasmes infantiles (Bruce Chatwin), du pouvoir et de la gloire (Isabelle d&#8217;Este, Robert Walpole), d&#8217;un certain prestige social (J.P. Morgan), de la force r\u00e9paratrice et consolatrice de [&hellip;]","og_url":"https:\/\/librairie7l.com\/en\/produit\/formes-du-desir-une-breve-histoire-de-la-collection-dart-2\/","og_site_name":"Librairie 7L","article_modified_time":"2026-04-16T13:46:16+00:00","og_image":[{"width":600,"height":851,"url":"https:\/\/librairie7l.com\/wp-content\/uploads\/2024\/10\/9782378964900_1_75.jpg","type":"image\/jpeg"}],"twitter_card":"summary_large_image","twitter_misc":{"Est. reading time":"1 minute"},"schema":{"@context":"https:\/\/schema.org","@graph":[{"@type":"WebPage","@id":"https:\/\/librairie7l.com\/en\/produit\/formes-du-desir-une-breve-histoire-de-la-collection-dart-2\/","url":"https:\/\/librairie7l.com\/en\/produit\/formes-du-desir-une-breve-histoire-de-la-collection-dart-2\/","name":"Formes du d\u00e9sir : Une br\u00e8ve histoire de la collection d'art - Librairie 7L","isPartOf":{"@id":"https:\/\/librairie7l.com\/en\/#website"},"datePublished":"2024-10-27T08:17:58+00:00","dateModified":"2026-04-16T13:46:16+00:00","breadcrumb":{"@id":"https:\/\/librairie7l.com\/en\/produit\/formes-du-desir-une-breve-histoire-de-la-collection-dart-2\/#breadcrumb"},"inLanguage":"en-US","potentialAction":[{"@type":"ReadAction","target":["https:\/\/librairie7l.com\/en\/produit\/formes-du-desir-une-breve-histoire-de-la-collection-dart-2\/"]}]},{"@type":"BreadcrumbList","@id":"https:\/\/librairie7l.com\/en\/produit\/formes-du-desir-une-breve-histoire-de-la-collection-dart-2\/#breadcrumb","itemListElement":[{"@type":"ListItem","position":1,"name":"Accueil","item":"https:\/\/librairie7l.com\/en\/"},{"@type":"ListItem","position":2,"name":"Shop","item":"https:\/\/librairie7l.com\/en\/shop\/"},{"@type":"ListItem","position":3,"name":"FORMES DU D\u00c9SIR : UNE BR\u00c8VE HISTOIRE DE LA COLLECTION D&#8217;ART"}]},{"@type":"WebSite","@id":"https:\/\/librairie7l.com\/en\/#website","url":"https:\/\/librairie7l.com\/en\/","name":"Librairie 7L","description":"Librairie fond\u00e9e en 1999 par Karl Lagerfeld \u00e0 Paris","publisher":{"@id":"https:\/\/librairie7l.com\/en\/#organization"},"potentialAction":[{"@type":"SearchAction","target":{"@type":"EntryPoint","urlTemplate":"https:\/\/librairie7l.com\/en\/?s={search_term_string}"},"query-input":"required name=search_term_string"}],"inLanguage":"en-US"},{"@type":"Organization","@id":"https:\/\/librairie7l.com\/en\/#organization","name":"Librairie 7L","url":"https:\/\/librairie7l.com\/en\/","logo":{"@type":"ImageObject","inLanguage":"en-US","@id":"https:\/\/librairie7l.com\/en\/#\/schema\/logo\/image\/","url":"https:\/\/librairie7l.com\/wp-content\/uploads\/2022\/08\/logo-1.png","contentUrl":"https:\/\/librairie7l.com\/wp-content\/uploads\/2022\/08\/logo-1.png","width":227,"height":301,"caption":"Librairie 7L"},"image":{"@id":"https:\/\/librairie7l.com\/en\/#\/schema\/logo\/image\/"}}]}},"_links":{"self":[{"href":"https:\/\/librairie7l.com\/en\/wp-json\/wp\/v2\/product\/43822"}],"collection":[{"href":"https:\/\/librairie7l.com\/en\/wp-json\/wp\/v2\/product"}],"about":[{"href":"https:\/\/librairie7l.com\/en\/wp-json\/wp\/v2\/types\/product"}],"wp:featuredmedia":[{"embeddable":true,"href":"https:\/\/librairie7l.com\/en\/wp-json\/wp\/v2\/media\/43820"}],"wp:attachment":[{"href":"https:\/\/librairie7l.com\/en\/wp-json\/wp\/v2\/media?parent=43822"}],"wp:term":[{"taxonomy":"product_cat","embeddable":true,"href":"https:\/\/librairie7l.com\/en\/wp-json\/wp\/v2\/product_cat?post=43822"},{"taxonomy":"product_tag","embeddable":true,"href":"https:\/\/librairie7l.com\/en\/wp-json\/wp\/v2\/product_tag?post=43822"}],"curies":[{"name":"wp","href":"https:\/\/api.w.org\/{rel}","templated":true}]}}