{"id":43826,"date":"2024-10-27T09:18:01","date_gmt":"2024-10-27T08:18:01","guid":{"rendered":"https:\/\/librairie7l.com\/?post_type=product&#038;p=43826"},"modified":"2026-04-08T15:28:56","modified_gmt":"2026-04-08T13:28:56","slug":"les-abstractions-concretes-danni-albers-1899-1994-une-histoire-textile-de-la-modernite-2","status":"publish","type":"product","link":"https:\/\/librairie7l.com\/en\/produit\/les-abstractions-concretes-danni-albers-1899-1994-une-histoire-textile-de-la-modernite-2\/","title":{"rendered":"LES ABSTRACTIONS CONCR\u00c8TES D&#8217;ANNI ALBERS (1899-1994) : UNE HISTOIRE TEXTILE DE LA MODERNIT\u00c9"},"content":{"rendered":"<p>N\u00e9e \u00e0 Berlin en 1899, Anni Albers, artiste, designer et \u00e9ducatrice, s&#8217;est rapidement heurt\u00e9e aux pr\u00e9jug\u00e9s de genre qui r\u00e9gnaient dans l&#8217;Allemagne des ann\u00e9es 1920. Pourtant, elle sut tirer parti de toutes les contraintes pour en faire une force au service de la construction d&#8217;un art qu&#8217;elle r\u00eavait intemporel. Entre deux continents et deux modernit\u00e9s, du Bauhaus, en Allemagne, au Black Mountain College aux \u00c9tats-Unis, elle a r\u00e9volutionn\u00e9 l&#8217;art du tissage et red\u00e9fini les fronti\u00e8res entre l&#8217;art et le design. Encore li\u00e9es, au d\u00e9but du XXe si\u00e8cle au travail des femmes et \u00e0 ce qu&#8217;on pourrait nommer une \u00ab sensibilit\u00e9 f\u00e9minine \u00bb, artisanat domestique, art d&#8217;ameublement, d&#8217;ornement et de surface, les pratiques de tissage reposent sur des syst\u00e8mes de r\u00e8gles et de codes. Anni Albers invente un langage tactile-textile, abstrait, fonctionnel et sensuel, \u00e9chappant aux classifications traditionnelles.<br \/>\nCette premi\u00e8re monographie d&#8217;ampleur consacr\u00e9e \u00e0 l&#8217;oeuvre textile d&#8217;Anni Albers apporte un point de vue nouveau sur une histoire de l&#8217;art moderne au prisme des cr\u00e9ations et pratiques textiles. Pourquoi s&#8217;int\u00e9resser aujourd&#8217;hui \u00e0 cette histoire moderne des formes textiles ? Pr\u00e9cis\u00e9ment parce qu&#8217;\u00e0 une \u00e9poque de profondes transformations culturelles elles offrent une multiplicit\u00e9 de bifurcations possibles et de chemins historiques non emprunt\u00e9s. \u00c0 la fois portrait d\u00e9taill\u00e9 d&#8217;une artiste majeure du XXe si\u00e8cle et essai dense et charpent\u00e9, ce livre constitue une porte d&#8217;entr\u00e9e essentielle pour quiconque souhaite explorer l&#8217;univers fascinant d&#8217;Anni Albers, sa contribution \u00e0 l&#8217;art et au design moderne, et la richesse de son h\u00e9ritage artistique.<\/p>\n","protected":false},"excerpt":{"rendered":"<p>N\u00e9e \u00e0 Berlin en 1899, Anni Albers, artiste, designer et \u00e9ducatrice, s&#8217;est rapidement heurt\u00e9e aux pr\u00e9jug\u00e9s de genre qui r\u00e9gnaient dans l&#8217;Allemagne des ann\u00e9es 1920. Pourtant, elle sut tirer parti de toutes les contraintes pour en faire une force au service de la construction d&#8217;un art qu&#8217;elle r\u00eavait intemporel. Entre deux continents et deux modernit\u00e9s, [&hellip;]<\/p>\n","protected":false},"featured_media":43824,"template":"","meta":[],"product_cat":[2948],"product_tag":[],"acf":[],"yoast_head":"<!-- This site is optimized with the Yoast SEO plugin v20.11 - https:\/\/yoast.com\/wordpress\/plugins\/seo\/ -->\n<title>Les abstractions concr\u00e8tes d&#039;Anni Albers (1899-1994) : Une histoire textile de la modernit\u00e9 - Librairie 7L<\/title>\n<meta name=\"robots\" content=\"index, follow, max-snippet:-1, max-image-preview:large, max-video-preview:-1\" \/>\n<link rel=\"canonical\" href=\"https:\/\/librairie7l.com\/en\/produit\/les-abstractions-concretes-danni-albers-1899-1994-une-histoire-textile-de-la-modernite-2\/\" \/>\n<meta property=\"og:locale\" content=\"en_US\" \/>\n<meta property=\"og:type\" content=\"article\" \/>\n<meta property=\"og:title\" content=\"Les abstractions concr\u00e8tes d&#039;Anni Albers (1899-1994) : Une histoire textile de la modernit\u00e9 - Librairie 7L\" \/>\n<meta property=\"og:description\" content=\"N\u00e9e \u00e0 Berlin en 1899, Anni Albers, artiste, designer et \u00e9ducatrice, s&#8217;est rapidement heurt\u00e9e aux pr\u00e9jug\u00e9s de genre qui r\u00e9gnaient dans l&#8217;Allemagne des ann\u00e9es 1920. Pourtant, elle sut tirer parti de toutes les contraintes pour en faire une force au service de la construction d&#8217;un art qu&#8217;elle r\u00eavait intemporel. Entre deux continents et deux modernit\u00e9s, [&hellip;]\" \/>\n<meta property=\"og:url\" content=\"https:\/\/librairie7l.com\/en\/produit\/les-abstractions-concretes-danni-albers-1899-1994-une-histoire-textile-de-la-modernite-2\/\" \/>\n<meta property=\"og:site_name\" content=\"Librairie 7L\" \/>\n<meta property=\"article:modified_time\" content=\"2026-04-08T13:28:56+00:00\" \/>\n<meta property=\"og:image\" content=\"https:\/\/librairie7l.com\/wp-content\/uploads\/2024\/10\/9782378964467_1_75.jpg\" \/>\n\t<meta property=\"og:image:width\" content=\"600\" \/>\n\t<meta property=\"og:image:height\" content=\"851\" \/>\n\t<meta property=\"og:image:type\" content=\"image\/jpeg\" \/>\n<meta name=\"twitter:card\" content=\"summary_large_image\" \/>\n<meta name=\"twitter:label1\" content=\"Est. reading time\" \/>\n\t<meta name=\"twitter:data1\" content=\"1 minute\" \/>\n<script type=\"application\/ld+json\" class=\"yoast-schema-graph\">{\"@context\":\"https:\/\/schema.org\",\"@graph\":[{\"@type\":\"WebPage\",\"@id\":\"https:\/\/librairie7l.com\/en\/produit\/les-abstractions-concretes-danni-albers-1899-1994-une-histoire-textile-de-la-modernite-2\/\",\"url\":\"https:\/\/librairie7l.com\/en\/produit\/les-abstractions-concretes-danni-albers-1899-1994-une-histoire-textile-de-la-modernite-2\/\",\"name\":\"Les abstractions concr\u00e8tes d'Anni Albers (1899-1994) : Une histoire textile de la modernit\u00e9 - Librairie 7L\",\"isPartOf\":{\"@id\":\"https:\/\/librairie7l.com\/en\/#website\"},\"datePublished\":\"2024-10-27T08:18:01+00:00\",\"dateModified\":\"2026-04-08T13:28:56+00:00\",\"breadcrumb\":{\"@id\":\"https:\/\/librairie7l.com\/en\/produit\/les-abstractions-concretes-danni-albers-1899-1994-une-histoire-textile-de-la-modernite-2\/#breadcrumb\"},\"inLanguage\":\"en-US\",\"potentialAction\":[{\"@type\":\"ReadAction\",\"target\":[\"https:\/\/librairie7l.com\/en\/produit\/les-abstractions-concretes-danni-albers-1899-1994-une-histoire-textile-de-la-modernite-2\/\"]}]},{\"@type\":\"BreadcrumbList\",\"@id\":\"https:\/\/librairie7l.com\/en\/produit\/les-abstractions-concretes-danni-albers-1899-1994-une-histoire-textile-de-la-modernite-2\/#breadcrumb\",\"itemListElement\":[{\"@type\":\"ListItem\",\"position\":1,\"name\":\"Accueil\",\"item\":\"https:\/\/librairie7l.com\/en\/\"},{\"@type\":\"ListItem\",\"position\":2,\"name\":\"Shop\",\"item\":\"https:\/\/librairie7l.com\/en\/shop\/\"},{\"@type\":\"ListItem\",\"position\":3,\"name\":\"LES ABSTRACTIONS CONCR\u00c8TES D&#8217;ANNI ALBERS (1899-1994) : UNE HISTOIRE TEXTILE DE LA MODERNIT\u00c9\"}]},{\"@type\":\"WebSite\",\"@id\":\"https:\/\/librairie7l.com\/en\/#website\",\"url\":\"https:\/\/librairie7l.com\/en\/\",\"name\":\"Librairie 7L\",\"description\":\"Librairie fond\u00e9e en 1999 par Karl Lagerfeld \u00e0 Paris\",\"publisher\":{\"@id\":\"https:\/\/librairie7l.com\/en\/#organization\"},\"potentialAction\":[{\"@type\":\"SearchAction\",\"target\":{\"@type\":\"EntryPoint\",\"urlTemplate\":\"https:\/\/librairie7l.com\/en\/?s={search_term_string}\"},\"query-input\":\"required name=search_term_string\"}],\"inLanguage\":\"en-US\"},{\"@type\":\"Organization\",\"@id\":\"https:\/\/librairie7l.com\/en\/#organization\",\"name\":\"Librairie 7L\",\"url\":\"https:\/\/librairie7l.com\/en\/\",\"logo\":{\"@type\":\"ImageObject\",\"inLanguage\":\"en-US\",\"@id\":\"https:\/\/librairie7l.com\/en\/#\/schema\/logo\/image\/\",\"url\":\"https:\/\/librairie7l.com\/wp-content\/uploads\/2022\/08\/logo-1.png\",\"contentUrl\":\"https:\/\/librairie7l.com\/wp-content\/uploads\/2022\/08\/logo-1.png\",\"width\":227,\"height\":301,\"caption\":\"Librairie 7L\"},\"image\":{\"@id\":\"https:\/\/librairie7l.com\/en\/#\/schema\/logo\/image\/\"}}]}<\/script>\n<!-- \/ Yoast SEO plugin. -->","yoast_head_json":{"title":"Les abstractions concr\u00e8tes d'Anni Albers (1899-1994) : Une histoire textile de la modernit\u00e9 - Librairie 7L","robots":{"index":"index","follow":"follow","max-snippet":"max-snippet:-1","max-image-preview":"max-image-preview:large","max-video-preview":"max-video-preview:-1"},"canonical":"https:\/\/librairie7l.com\/en\/produit\/les-abstractions-concretes-danni-albers-1899-1994-une-histoire-textile-de-la-modernite-2\/","og_locale":"en_US","og_type":"article","og_title":"Les abstractions concr\u00e8tes d'Anni Albers (1899-1994) : Une histoire textile de la modernit\u00e9 - Librairie 7L","og_description":"N\u00e9e \u00e0 Berlin en 1899, Anni Albers, artiste, designer et \u00e9ducatrice, s&#8217;est rapidement heurt\u00e9e aux pr\u00e9jug\u00e9s de genre qui r\u00e9gnaient dans l&#8217;Allemagne des ann\u00e9es 1920. Pourtant, elle sut tirer parti de toutes les contraintes pour en faire une force au service de la construction d&#8217;un art qu&#8217;elle r\u00eavait intemporel. Entre deux continents et deux modernit\u00e9s, [&hellip;]","og_url":"https:\/\/librairie7l.com\/en\/produit\/les-abstractions-concretes-danni-albers-1899-1994-une-histoire-textile-de-la-modernite-2\/","og_site_name":"Librairie 7L","article_modified_time":"2026-04-08T13:28:56+00:00","og_image":[{"width":600,"height":851,"url":"https:\/\/librairie7l.com\/wp-content\/uploads\/2024\/10\/9782378964467_1_75.jpg","type":"image\/jpeg"}],"twitter_card":"summary_large_image","twitter_misc":{"Est. reading time":"1 minute"},"schema":{"@context":"https:\/\/schema.org","@graph":[{"@type":"WebPage","@id":"https:\/\/librairie7l.com\/en\/produit\/les-abstractions-concretes-danni-albers-1899-1994-une-histoire-textile-de-la-modernite-2\/","url":"https:\/\/librairie7l.com\/en\/produit\/les-abstractions-concretes-danni-albers-1899-1994-une-histoire-textile-de-la-modernite-2\/","name":"Les abstractions concr\u00e8tes d'Anni Albers (1899-1994) : Une histoire textile de la modernit\u00e9 - Librairie 7L","isPartOf":{"@id":"https:\/\/librairie7l.com\/en\/#website"},"datePublished":"2024-10-27T08:18:01+00:00","dateModified":"2026-04-08T13:28:56+00:00","breadcrumb":{"@id":"https:\/\/librairie7l.com\/en\/produit\/les-abstractions-concretes-danni-albers-1899-1994-une-histoire-textile-de-la-modernite-2\/#breadcrumb"},"inLanguage":"en-US","potentialAction":[{"@type":"ReadAction","target":["https:\/\/librairie7l.com\/en\/produit\/les-abstractions-concretes-danni-albers-1899-1994-une-histoire-textile-de-la-modernite-2\/"]}]},{"@type":"BreadcrumbList","@id":"https:\/\/librairie7l.com\/en\/produit\/les-abstractions-concretes-danni-albers-1899-1994-une-histoire-textile-de-la-modernite-2\/#breadcrumb","itemListElement":[{"@type":"ListItem","position":1,"name":"Accueil","item":"https:\/\/librairie7l.com\/en\/"},{"@type":"ListItem","position":2,"name":"Shop","item":"https:\/\/librairie7l.com\/en\/shop\/"},{"@type":"ListItem","position":3,"name":"LES ABSTRACTIONS CONCR\u00c8TES D&#8217;ANNI ALBERS (1899-1994) : UNE HISTOIRE TEXTILE DE LA MODERNIT\u00c9"}]},{"@type":"WebSite","@id":"https:\/\/librairie7l.com\/en\/#website","url":"https:\/\/librairie7l.com\/en\/","name":"Librairie 7L","description":"Librairie fond\u00e9e en 1999 par Karl Lagerfeld \u00e0 Paris","publisher":{"@id":"https:\/\/librairie7l.com\/en\/#organization"},"potentialAction":[{"@type":"SearchAction","target":{"@type":"EntryPoint","urlTemplate":"https:\/\/librairie7l.com\/en\/?s={search_term_string}"},"query-input":"required name=search_term_string"}],"inLanguage":"en-US"},{"@type":"Organization","@id":"https:\/\/librairie7l.com\/en\/#organization","name":"Librairie 7L","url":"https:\/\/librairie7l.com\/en\/","logo":{"@type":"ImageObject","inLanguage":"en-US","@id":"https:\/\/librairie7l.com\/en\/#\/schema\/logo\/image\/","url":"https:\/\/librairie7l.com\/wp-content\/uploads\/2022\/08\/logo-1.png","contentUrl":"https:\/\/librairie7l.com\/wp-content\/uploads\/2022\/08\/logo-1.png","width":227,"height":301,"caption":"Librairie 7L"},"image":{"@id":"https:\/\/librairie7l.com\/en\/#\/schema\/logo\/image\/"}}]}},"_links":{"self":[{"href":"https:\/\/librairie7l.com\/en\/wp-json\/wp\/v2\/product\/43826"}],"collection":[{"href":"https:\/\/librairie7l.com\/en\/wp-json\/wp\/v2\/product"}],"about":[{"href":"https:\/\/librairie7l.com\/en\/wp-json\/wp\/v2\/types\/product"}],"wp:featuredmedia":[{"embeddable":true,"href":"https:\/\/librairie7l.com\/en\/wp-json\/wp\/v2\/media\/43824"}],"wp:attachment":[{"href":"https:\/\/librairie7l.com\/en\/wp-json\/wp\/v2\/media?parent=43826"}],"wp:term":[{"taxonomy":"product_cat","embeddable":true,"href":"https:\/\/librairie7l.com\/en\/wp-json\/wp\/v2\/product_cat?post=43826"},{"taxonomy":"product_tag","embeddable":true,"href":"https:\/\/librairie7l.com\/en\/wp-json\/wp\/v2\/product_tag?post=43826"}],"curies":[{"name":"wp","href":"https:\/\/api.w.org\/{rel}","templated":true}]}}