{"id":43830,"date":"2024-10-27T09:18:05","date_gmt":"2024-10-27T08:18:05","guid":{"rendered":"https:\/\/librairie7l.com\/?post_type=product&#038;p=43830"},"modified":"2026-05-03T21:28:52","modified_gmt":"2026-05-03T19:28:52","slug":"les-monstres-separer-loeuvre-de-lartiste-2","status":"publish","type":"product","link":"https:\/\/librairie7l.com\/en\/produit\/les-monstres-separer-loeuvre-de-lartiste-2\/","title":{"rendered":"LES MONSTRES : S\u00c9PARER L&#8217;OEUVRE DE L&#8217;ARTISTE ?"},"content":{"rendered":"<p>Peut-on encore aimer les oeuvres de Pablo Picasso, Ernest Hemingway, Roman Polanski et Michael Jackson ? Dans cet essai qui a fait beaucoup de bruit lors de sa sortie aux \u00c9tats-Unis, Claire Dederer, critique de cin\u00e9ma pour le New York Times, explore un malaise qui s&#8217;est install\u00e9 dans toutes les conversations  : certains de nos films, livres et musiques pr\u00e9f\u00e9r\u00e9s ont \u00e9t\u00e9 cr\u00e9\u00e9s par des \u00ab monstres \u00bb.<br \/>\n  \u00c0 la fois ode au plaisir d&#8217;une journaliste cin\u00e9phile qui raconte avec passion les oeuvres et confession d&#8217;une fan qui s&#8217;est sentie trahie, Les Monstres d\u00e9veloppe l&#8217;id\u00e9e de \u00ab taches \u00bb sur les productions artistiques, aussi soudaines qu&#8217;ind\u00e9l\u00e9biles, devenues impossibles \u00e0 ignorer. Il ne s&#8217;agit pas de dresser une liste noire de cr\u00e9ateurs mais plut\u00f4t de proposer une r\u00e9flexion sur la rencontre entre la biographie d&#8217;un artiste et celle de son public &#8211; dans la diversit\u00e9 des exp\u00e9riences et des traumatismes individuels. Claire Dederer examine une soci\u00e9t\u00e9 post-romantique o\u00f9 le g\u00e9nie, qui avait \u00e9t\u00e9 aur\u00e9ol\u00e9 d&#8217;une gloire toute virile, n&#8217;est plus exempt\u00e9 de jugement moral.<br \/>\n  Une oeuvre peut-elle \u00eatre destitu\u00e9e  \u00e0 cause des actions r\u00e9pr\u00e9hensibles de son cr\u00e9ateur ? Quel que soit son contenu  ? Et si elle a \u00e9t\u00e9 r\u00e9alis\u00e9e avant le passage \u00e0 l&#8217;acte de l&#8217;auteur, cela doit-il infl\u00e9chir notre jugement  ? Mais surtout, peut-on continuer \u00e0 aimer ces oeuvres malgr\u00e9 tout  ?<br \/>\n  V\u00e9ritable best-seller aux \u00c9tats-Unis, l&#8217;essai de Claire Dederer est une contribution essentielle au d\u00e9bat public. Con\u00e7u comme un Contre Sainte-Beuve contemporain et f\u00e9ministe, Les Monstres p\u00e9tille de dr\u00f4lerie et d&#8217;\u00e9rudition, sans jamais tomber dans le relativisme ni la caricature.<\/p>\n<p>Traduit de l&#8217;anglais (\u00c9tats-Unis) par Carine Chichereau<\/p>\n","protected":false},"excerpt":{"rendered":"<p>Peut-on encore aimer les oeuvres de Pablo Picasso, Ernest Hemingway, Roman Polanski et Michael Jackson ? Dans cet essai qui a fait beaucoup de bruit lors de sa sortie aux \u00c9tats-Unis, Claire Dederer, critique de cin\u00e9ma pour le New York Times, explore un malaise qui s&#8217;est install\u00e9 dans toutes les conversations : certains de nos [&hellip;]<\/p>\n","protected":false},"featured_media":43828,"template":"","meta":[],"product_cat":[2948],"product_tag":[],"acf":[],"yoast_head":"<!-- This site is optimized with the Yoast SEO plugin v20.11 - https:\/\/yoast.com\/wordpress\/plugins\/seo\/ -->\n<title>Les Monstres : S\u00e9parer l&#039;oeuvre de l&#039;artiste ? - Librairie 7L<\/title>\n<meta name=\"robots\" content=\"index, follow, max-snippet:-1, max-image-preview:large, max-video-preview:-1\" \/>\n<link rel=\"canonical\" href=\"https:\/\/librairie7l.com\/en\/produit\/les-monstres-separer-loeuvre-de-lartiste-2\/\" \/>\n<meta property=\"og:locale\" content=\"en_US\" \/>\n<meta property=\"og:type\" content=\"article\" \/>\n<meta property=\"og:title\" content=\"Les Monstres : S\u00e9parer l&#039;oeuvre de l&#039;artiste ? - Librairie 7L\" \/>\n<meta property=\"og:description\" content=\"Peut-on encore aimer les oeuvres de Pablo Picasso, Ernest Hemingway, Roman Polanski et Michael Jackson ? Dans cet essai qui a fait beaucoup de bruit lors de sa sortie aux \u00c9tats-Unis, Claire Dederer, critique de cin\u00e9ma pour le New York Times, explore un malaise qui s&#8217;est install\u00e9 dans toutes les conversations : certains de nos [&hellip;]\" \/>\n<meta property=\"og:url\" content=\"https:\/\/librairie7l.com\/en\/produit\/les-monstres-separer-loeuvre-de-lartiste-2\/\" \/>\n<meta property=\"og:site_name\" content=\"Librairie 7L\" \/>\n<meta property=\"article:modified_time\" content=\"2026-05-03T19:28:52+00:00\" \/>\n<meta property=\"og:image\" content=\"https:\/\/librairie7l.com\/wp-content\/uploads\/2024\/07\/9782246837169_1_75.jpg\" \/>\n\t<meta property=\"og:image:width\" content=\"600\" \/>\n\t<meta property=\"og:image:height\" content=\"878\" \/>\n\t<meta property=\"og:image:type\" content=\"image\/jpeg\" \/>\n<meta name=\"twitter:card\" content=\"summary_large_image\" \/>\n<meta name=\"twitter:label1\" content=\"Est. reading time\" \/>\n\t<meta name=\"twitter:data1\" content=\"1 minute\" \/>\n<script type=\"application\/ld+json\" class=\"yoast-schema-graph\">{\"@context\":\"https:\/\/schema.org\",\"@graph\":[{\"@type\":\"WebPage\",\"@id\":\"https:\/\/librairie7l.com\/en\/produit\/les-monstres-separer-loeuvre-de-lartiste-2\/\",\"url\":\"https:\/\/librairie7l.com\/en\/produit\/les-monstres-separer-loeuvre-de-lartiste-2\/\",\"name\":\"Les Monstres : S\u00e9parer l'oeuvre de l'artiste ? - Librairie 7L\",\"isPartOf\":{\"@id\":\"https:\/\/librairie7l.com\/en\/#website\"},\"datePublished\":\"2024-10-27T08:18:05+00:00\",\"dateModified\":\"2026-05-03T19:28:52+00:00\",\"breadcrumb\":{\"@id\":\"https:\/\/librairie7l.com\/en\/produit\/les-monstres-separer-loeuvre-de-lartiste-2\/#breadcrumb\"},\"inLanguage\":\"en-US\",\"potentialAction\":[{\"@type\":\"ReadAction\",\"target\":[\"https:\/\/librairie7l.com\/en\/produit\/les-monstres-separer-loeuvre-de-lartiste-2\/\"]}]},{\"@type\":\"BreadcrumbList\",\"@id\":\"https:\/\/librairie7l.com\/en\/produit\/les-monstres-separer-loeuvre-de-lartiste-2\/#breadcrumb\",\"itemListElement\":[{\"@type\":\"ListItem\",\"position\":1,\"name\":\"Accueil\",\"item\":\"https:\/\/librairie7l.com\/en\/\"},{\"@type\":\"ListItem\",\"position\":2,\"name\":\"Shop\",\"item\":\"https:\/\/librairie7l.com\/en\/shop\/\"},{\"@type\":\"ListItem\",\"position\":3,\"name\":\"LES MONSTRES : S\u00c9PARER L&#8217;OEUVRE DE L&#8217;ARTISTE ?\"}]},{\"@type\":\"WebSite\",\"@id\":\"https:\/\/librairie7l.com\/en\/#website\",\"url\":\"https:\/\/librairie7l.com\/en\/\",\"name\":\"Librairie 7L\",\"description\":\"Librairie fond\u00e9e en 1999 par Karl Lagerfeld \u00e0 Paris\",\"publisher\":{\"@id\":\"https:\/\/librairie7l.com\/en\/#organization\"},\"potentialAction\":[{\"@type\":\"SearchAction\",\"target\":{\"@type\":\"EntryPoint\",\"urlTemplate\":\"https:\/\/librairie7l.com\/en\/?s={search_term_string}\"},\"query-input\":\"required name=search_term_string\"}],\"inLanguage\":\"en-US\"},{\"@type\":\"Organization\",\"@id\":\"https:\/\/librairie7l.com\/en\/#organization\",\"name\":\"Librairie 7L\",\"url\":\"https:\/\/librairie7l.com\/en\/\",\"logo\":{\"@type\":\"ImageObject\",\"inLanguage\":\"en-US\",\"@id\":\"https:\/\/librairie7l.com\/en\/#\/schema\/logo\/image\/\",\"url\":\"https:\/\/librairie7l.com\/wp-content\/uploads\/2022\/08\/logo-1.png\",\"contentUrl\":\"https:\/\/librairie7l.com\/wp-content\/uploads\/2022\/08\/logo-1.png\",\"width\":227,\"height\":301,\"caption\":\"Librairie 7L\"},\"image\":{\"@id\":\"https:\/\/librairie7l.com\/en\/#\/schema\/logo\/image\/\"}}]}<\/script>\n<!-- \/ Yoast SEO plugin. -->","yoast_head_json":{"title":"Les Monstres : S\u00e9parer l'oeuvre de l'artiste ? - Librairie 7L","robots":{"index":"index","follow":"follow","max-snippet":"max-snippet:-1","max-image-preview":"max-image-preview:large","max-video-preview":"max-video-preview:-1"},"canonical":"https:\/\/librairie7l.com\/en\/produit\/les-monstres-separer-loeuvre-de-lartiste-2\/","og_locale":"en_US","og_type":"article","og_title":"Les Monstres : S\u00e9parer l'oeuvre de l'artiste ? - Librairie 7L","og_description":"Peut-on encore aimer les oeuvres de Pablo Picasso, Ernest Hemingway, Roman Polanski et Michael Jackson ? Dans cet essai qui a fait beaucoup de bruit lors de sa sortie aux \u00c9tats-Unis, Claire Dederer, critique de cin\u00e9ma pour le New York Times, explore un malaise qui s&#8217;est install\u00e9 dans toutes les conversations : certains de nos [&hellip;]","og_url":"https:\/\/librairie7l.com\/en\/produit\/les-monstres-separer-loeuvre-de-lartiste-2\/","og_site_name":"Librairie 7L","article_modified_time":"2026-05-03T19:28:52+00:00","og_image":[{"width":600,"height":878,"url":"https:\/\/librairie7l.com\/wp-content\/uploads\/2024\/07\/9782246837169_1_75.jpg","type":"image\/jpeg"}],"twitter_card":"summary_large_image","twitter_misc":{"Est. reading time":"1 minute"},"schema":{"@context":"https:\/\/schema.org","@graph":[{"@type":"WebPage","@id":"https:\/\/librairie7l.com\/en\/produit\/les-monstres-separer-loeuvre-de-lartiste-2\/","url":"https:\/\/librairie7l.com\/en\/produit\/les-monstres-separer-loeuvre-de-lartiste-2\/","name":"Les Monstres : S\u00e9parer l'oeuvre de l'artiste ? - Librairie 7L","isPartOf":{"@id":"https:\/\/librairie7l.com\/en\/#website"},"datePublished":"2024-10-27T08:18:05+00:00","dateModified":"2026-05-03T19:28:52+00:00","breadcrumb":{"@id":"https:\/\/librairie7l.com\/en\/produit\/les-monstres-separer-loeuvre-de-lartiste-2\/#breadcrumb"},"inLanguage":"en-US","potentialAction":[{"@type":"ReadAction","target":["https:\/\/librairie7l.com\/en\/produit\/les-monstres-separer-loeuvre-de-lartiste-2\/"]}]},{"@type":"BreadcrumbList","@id":"https:\/\/librairie7l.com\/en\/produit\/les-monstres-separer-loeuvre-de-lartiste-2\/#breadcrumb","itemListElement":[{"@type":"ListItem","position":1,"name":"Accueil","item":"https:\/\/librairie7l.com\/en\/"},{"@type":"ListItem","position":2,"name":"Shop","item":"https:\/\/librairie7l.com\/en\/shop\/"},{"@type":"ListItem","position":3,"name":"LES MONSTRES : S\u00c9PARER L&#8217;OEUVRE DE L&#8217;ARTISTE ?"}]},{"@type":"WebSite","@id":"https:\/\/librairie7l.com\/en\/#website","url":"https:\/\/librairie7l.com\/en\/","name":"Librairie 7L","description":"Librairie fond\u00e9e en 1999 par Karl Lagerfeld \u00e0 Paris","publisher":{"@id":"https:\/\/librairie7l.com\/en\/#organization"},"potentialAction":[{"@type":"SearchAction","target":{"@type":"EntryPoint","urlTemplate":"https:\/\/librairie7l.com\/en\/?s={search_term_string}"},"query-input":"required name=search_term_string"}],"inLanguage":"en-US"},{"@type":"Organization","@id":"https:\/\/librairie7l.com\/en\/#organization","name":"Librairie 7L","url":"https:\/\/librairie7l.com\/en\/","logo":{"@type":"ImageObject","inLanguage":"en-US","@id":"https:\/\/librairie7l.com\/en\/#\/schema\/logo\/image\/","url":"https:\/\/librairie7l.com\/wp-content\/uploads\/2022\/08\/logo-1.png","contentUrl":"https:\/\/librairie7l.com\/wp-content\/uploads\/2022\/08\/logo-1.png","width":227,"height":301,"caption":"Librairie 7L"},"image":{"@id":"https:\/\/librairie7l.com\/en\/#\/schema\/logo\/image\/"}}]}},"_links":{"self":[{"href":"https:\/\/librairie7l.com\/en\/wp-json\/wp\/v2\/product\/43830"}],"collection":[{"href":"https:\/\/librairie7l.com\/en\/wp-json\/wp\/v2\/product"}],"about":[{"href":"https:\/\/librairie7l.com\/en\/wp-json\/wp\/v2\/types\/product"}],"wp:featuredmedia":[{"embeddable":true,"href":"https:\/\/librairie7l.com\/en\/wp-json\/wp\/v2\/media\/43828"}],"wp:attachment":[{"href":"https:\/\/librairie7l.com\/en\/wp-json\/wp\/v2\/media?parent=43830"}],"wp:term":[{"taxonomy":"product_cat","embeddable":true,"href":"https:\/\/librairie7l.com\/en\/wp-json\/wp\/v2\/product_cat?post=43830"},{"taxonomy":"product_tag","embeddable":true,"href":"https:\/\/librairie7l.com\/en\/wp-json\/wp\/v2\/product_tag?post=43830"}],"curies":[{"name":"wp","href":"https:\/\/api.w.org\/{rel}","templated":true}]}}