{"id":43834,"date":"2024-10-27T09:18:09","date_gmt":"2024-10-27T08:18:09","guid":{"rendered":"https:\/\/librairie7l.com\/?post_type=product&#038;p=43834"},"modified":"2026-04-16T12:59:27","modified_gmt":"2026-04-16T10:59:27","slug":"tissus-2","status":"publish","type":"product","link":"https:\/\/librairie7l.com\/en\/produit\/tissus-2\/","title":{"rendered":"TISSUS"},"content":{"rendered":"<p>Fragile ou r\u00e9sistant, color\u00e9 ou diaphane, l\u00e9ger comme l&#8217;air ou pesant brocart aux fils d&#8217;or&#8230;. Objet de toutes les m\u00e9tamorphoses, le tissu incarne une infinit\u00e9 de cultures, aux savoir-faire ancestraux comme avant-gardiste.<\/p>\n<p>Qu&#8217;est-ce qui fait l&#8217;\u00e9toffe d&#8217;un tissu  ? Difficile \u00e0 dire, tant sa richesse repose \u00e0 la fois sur la qualit\u00e9 de ses fils, la profondeur de ses couleurs, le choix de son armure ou la splendeur de ses motifs. Pourtant, au fil des pages de cet ouvrage foisonnant, en images comme en \u00e9clairages, se dessinent quelques-unes de ses multiples singularit\u00e9s.<br \/>\nDe la fibre qui le constitue, \u00e0 la teinture, en passant par son tissage et l&#8217;impression, ses particularit\u00e9s jaillissent, nourrissent l&#8217;imagination et les savoir-faire exceptionnels, anciens ou contemporains, des cr\u00e9ateurs de mode et des \u00e9diteurs de textiles. Soie ou crin de cheval, byssus de coquillage ou fil de verre, brocart, damass\u00e9, jacquard, tweed, tartan&#8230;ce livre nous transporte de surprise en d\u00e9couvertes.<\/p>\n","protected":false},"excerpt":{"rendered":"<p>Fragile ou r\u00e9sistant, color\u00e9 ou diaphane, l\u00e9ger comme l&#8217;air ou pesant brocart aux fils d&#8217;or&#8230;. Objet de toutes les m\u00e9tamorphoses, le tissu incarne une infinit\u00e9 de cultures, aux savoir-faire ancestraux comme avant-gardiste. Qu&#8217;est-ce qui fait l&#8217;\u00e9toffe d&#8217;un tissu ? Difficile \u00e0 dire, tant sa richesse repose \u00e0 la fois sur la qualit\u00e9 de ses fils, [&hellip;]<\/p>\n","protected":false},"featured_media":43832,"template":"","meta":[],"product_cat":[2948],"product_tag":[],"acf":[],"yoast_head":"<!-- This site is optimized with the Yoast SEO plugin v20.11 - https:\/\/yoast.com\/wordpress\/plugins\/seo\/ -->\n<title>Tissus - Librairie 7L<\/title>\n<meta name=\"robots\" content=\"index, follow, max-snippet:-1, max-image-preview:large, max-video-preview:-1\" \/>\n<link rel=\"canonical\" href=\"https:\/\/librairie7l.com\/en\/produit\/tissus-2\/\" \/>\n<meta property=\"og:locale\" content=\"en_US\" \/>\n<meta property=\"og:type\" content=\"article\" \/>\n<meta property=\"og:title\" content=\"Tissus - Librairie 7L\" \/>\n<meta property=\"og:description\" content=\"Fragile ou r\u00e9sistant, color\u00e9 ou diaphane, l\u00e9ger comme l&#8217;air ou pesant brocart aux fils d&#8217;or&#8230;. Objet de toutes les m\u00e9tamorphoses, le tissu incarne une infinit\u00e9 de cultures, aux savoir-faire ancestraux comme avant-gardiste. Qu&#8217;est-ce qui fait l&#8217;\u00e9toffe d&#8217;un tissu ? Difficile \u00e0 dire, tant sa richesse repose \u00e0 la fois sur la qualit\u00e9 de ses fils, [&hellip;]\" \/>\n<meta property=\"og:url\" content=\"https:\/\/librairie7l.com\/en\/produit\/tissus-2\/\" \/>\n<meta property=\"og:site_name\" content=\"Librairie 7L\" \/>\n<meta property=\"article:modified_time\" content=\"2026-04-16T10:59:27+00:00\" \/>\n<meta property=\"og:image\" content=\"https:\/\/librairie7l.com\/wp-content\/uploads\/2024\/06\/9782376716655_1_75.jpg\" \/>\n\t<meta property=\"og:image:width\" content=\"600\" \/>\n\t<meta property=\"og:image:height\" content=\"749\" \/>\n\t<meta property=\"og:image:type\" content=\"image\/jpeg\" \/>\n<meta name=\"twitter:card\" content=\"summary_large_image\" \/>\n<meta name=\"twitter:label1\" content=\"Est. reading time\" \/>\n\t<meta name=\"twitter:data1\" content=\"1 minute\" \/>\n<script type=\"application\/ld+json\" class=\"yoast-schema-graph\">{\"@context\":\"https:\/\/schema.org\",\"@graph\":[{\"@type\":\"WebPage\",\"@id\":\"https:\/\/librairie7l.com\/en\/produit\/tissus-2\/\",\"url\":\"https:\/\/librairie7l.com\/en\/produit\/tissus-2\/\",\"name\":\"Tissus - Librairie 7L\",\"isPartOf\":{\"@id\":\"https:\/\/librairie7l.com\/en\/#website\"},\"datePublished\":\"2024-10-27T08:18:09+00:00\",\"dateModified\":\"2026-04-16T10:59:27+00:00\",\"breadcrumb\":{\"@id\":\"https:\/\/librairie7l.com\/en\/produit\/tissus-2\/#breadcrumb\"},\"inLanguage\":\"en-US\",\"potentialAction\":[{\"@type\":\"ReadAction\",\"target\":[\"https:\/\/librairie7l.com\/en\/produit\/tissus-2\/\"]}]},{\"@type\":\"BreadcrumbList\",\"@id\":\"https:\/\/librairie7l.com\/en\/produit\/tissus-2\/#breadcrumb\",\"itemListElement\":[{\"@type\":\"ListItem\",\"position\":1,\"name\":\"Accueil\",\"item\":\"https:\/\/librairie7l.com\/en\/\"},{\"@type\":\"ListItem\",\"position\":2,\"name\":\"Shop\",\"item\":\"https:\/\/librairie7l.com\/en\/shop\/\"},{\"@type\":\"ListItem\",\"position\":3,\"name\":\"TISSUS\"}]},{\"@type\":\"WebSite\",\"@id\":\"https:\/\/librairie7l.com\/en\/#website\",\"url\":\"https:\/\/librairie7l.com\/en\/\",\"name\":\"Librairie 7L\",\"description\":\"Librairie fond\u00e9e en 1999 par Karl Lagerfeld \u00e0 Paris\",\"publisher\":{\"@id\":\"https:\/\/librairie7l.com\/en\/#organization\"},\"potentialAction\":[{\"@type\":\"SearchAction\",\"target\":{\"@type\":\"EntryPoint\",\"urlTemplate\":\"https:\/\/librairie7l.com\/en\/?s={search_term_string}\"},\"query-input\":\"required name=search_term_string\"}],\"inLanguage\":\"en-US\"},{\"@type\":\"Organization\",\"@id\":\"https:\/\/librairie7l.com\/en\/#organization\",\"name\":\"Librairie 7L\",\"url\":\"https:\/\/librairie7l.com\/en\/\",\"logo\":{\"@type\":\"ImageObject\",\"inLanguage\":\"en-US\",\"@id\":\"https:\/\/librairie7l.com\/en\/#\/schema\/logo\/image\/\",\"url\":\"https:\/\/librairie7l.com\/wp-content\/uploads\/2022\/08\/logo-1.png\",\"contentUrl\":\"https:\/\/librairie7l.com\/wp-content\/uploads\/2022\/08\/logo-1.png\",\"width\":227,\"height\":301,\"caption\":\"Librairie 7L\"},\"image\":{\"@id\":\"https:\/\/librairie7l.com\/en\/#\/schema\/logo\/image\/\"}}]}<\/script>\n<!-- \/ Yoast SEO plugin. -->","yoast_head_json":{"title":"Tissus - Librairie 7L","robots":{"index":"index","follow":"follow","max-snippet":"max-snippet:-1","max-image-preview":"max-image-preview:large","max-video-preview":"max-video-preview:-1"},"canonical":"https:\/\/librairie7l.com\/en\/produit\/tissus-2\/","og_locale":"en_US","og_type":"article","og_title":"Tissus - Librairie 7L","og_description":"Fragile ou r\u00e9sistant, color\u00e9 ou diaphane, l\u00e9ger comme l&#8217;air ou pesant brocart aux fils d&#8217;or&#8230;. Objet de toutes les m\u00e9tamorphoses, le tissu incarne une infinit\u00e9 de cultures, aux savoir-faire ancestraux comme avant-gardiste. Qu&#8217;est-ce qui fait l&#8217;\u00e9toffe d&#8217;un tissu ? Difficile \u00e0 dire, tant sa richesse repose \u00e0 la fois sur la qualit\u00e9 de ses fils, [&hellip;]","og_url":"https:\/\/librairie7l.com\/en\/produit\/tissus-2\/","og_site_name":"Librairie 7L","article_modified_time":"2026-04-16T10:59:27+00:00","og_image":[{"width":600,"height":749,"url":"https:\/\/librairie7l.com\/wp-content\/uploads\/2024\/06\/9782376716655_1_75.jpg","type":"image\/jpeg"}],"twitter_card":"summary_large_image","twitter_misc":{"Est. reading time":"1 minute"},"schema":{"@context":"https:\/\/schema.org","@graph":[{"@type":"WebPage","@id":"https:\/\/librairie7l.com\/en\/produit\/tissus-2\/","url":"https:\/\/librairie7l.com\/en\/produit\/tissus-2\/","name":"Tissus - Librairie 7L","isPartOf":{"@id":"https:\/\/librairie7l.com\/en\/#website"},"datePublished":"2024-10-27T08:18:09+00:00","dateModified":"2026-04-16T10:59:27+00:00","breadcrumb":{"@id":"https:\/\/librairie7l.com\/en\/produit\/tissus-2\/#breadcrumb"},"inLanguage":"en-US","potentialAction":[{"@type":"ReadAction","target":["https:\/\/librairie7l.com\/en\/produit\/tissus-2\/"]}]},{"@type":"BreadcrumbList","@id":"https:\/\/librairie7l.com\/en\/produit\/tissus-2\/#breadcrumb","itemListElement":[{"@type":"ListItem","position":1,"name":"Accueil","item":"https:\/\/librairie7l.com\/en\/"},{"@type":"ListItem","position":2,"name":"Shop","item":"https:\/\/librairie7l.com\/en\/shop\/"},{"@type":"ListItem","position":3,"name":"TISSUS"}]},{"@type":"WebSite","@id":"https:\/\/librairie7l.com\/en\/#website","url":"https:\/\/librairie7l.com\/en\/","name":"Librairie 7L","description":"Librairie fond\u00e9e en 1999 par Karl Lagerfeld \u00e0 Paris","publisher":{"@id":"https:\/\/librairie7l.com\/en\/#organization"},"potentialAction":[{"@type":"SearchAction","target":{"@type":"EntryPoint","urlTemplate":"https:\/\/librairie7l.com\/en\/?s={search_term_string}"},"query-input":"required name=search_term_string"}],"inLanguage":"en-US"},{"@type":"Organization","@id":"https:\/\/librairie7l.com\/en\/#organization","name":"Librairie 7L","url":"https:\/\/librairie7l.com\/en\/","logo":{"@type":"ImageObject","inLanguage":"en-US","@id":"https:\/\/librairie7l.com\/en\/#\/schema\/logo\/image\/","url":"https:\/\/librairie7l.com\/wp-content\/uploads\/2022\/08\/logo-1.png","contentUrl":"https:\/\/librairie7l.com\/wp-content\/uploads\/2022\/08\/logo-1.png","width":227,"height":301,"caption":"Librairie 7L"},"image":{"@id":"https:\/\/librairie7l.com\/en\/#\/schema\/logo\/image\/"}}]}},"_links":{"self":[{"href":"https:\/\/librairie7l.com\/en\/wp-json\/wp\/v2\/product\/43834"}],"collection":[{"href":"https:\/\/librairie7l.com\/en\/wp-json\/wp\/v2\/product"}],"about":[{"href":"https:\/\/librairie7l.com\/en\/wp-json\/wp\/v2\/types\/product"}],"wp:featuredmedia":[{"embeddable":true,"href":"https:\/\/librairie7l.com\/en\/wp-json\/wp\/v2\/media\/43832"}],"wp:attachment":[{"href":"https:\/\/librairie7l.com\/en\/wp-json\/wp\/v2\/media?parent=43834"}],"wp:term":[{"taxonomy":"product_cat","embeddable":true,"href":"https:\/\/librairie7l.com\/en\/wp-json\/wp\/v2\/product_cat?post=43834"},{"taxonomy":"product_tag","embeddable":true,"href":"https:\/\/librairie7l.com\/en\/wp-json\/wp\/v2\/product_tag?post=43834"}],"curies":[{"name":"wp","href":"https:\/\/api.w.org\/{rel}","templated":true}]}}