{"id":43838,"date":"2024-10-27T09:18:12","date_gmt":"2024-10-27T08:18:12","guid":{"rendered":"https:\/\/librairie7l.com\/?post_type=product&#038;p=43838"},"modified":"2026-04-16T12:30:05","modified_gmt":"2026-04-16T10:30:05","slug":"ecrits-sur-lart-3","status":"publish","type":"product","link":"https:\/\/librairie7l.com\/en\/produit\/ecrits-sur-lart-3\/","title":{"rendered":"\u00c9CRITS SUR L&#8217;ART"},"content":{"rendered":"<p>Avant de rencontrer \u00ab l&#8217;ange terrifiant \u00bb des \u00c9l\u00e9gies de Duino, achev\u00e9es en 1922, Rainer Maria Rilke avait crois\u00e9 le regard \u00e9nigmatique des anges qui peuplent la peinture italienne, regard faisant signe vers \u00ab le paysage qui brille derri\u00e8re eux comme une \u00e2me qu&#8217;ils poss\u00e8dent en commun \u00bb. Des deux Lettres de Munich sur l&#8217;art en 1897 aux Lettres sur C\u00e9zanne en 1907, le po\u00e8te de langue allemande a \u00e9prouv\u00e9 sa prose au contact des arts visuels, \u00e0 travers une vingtaine d&#8217;\u00e9tudes, toutes recueillies dans cette \u00e9dition, comprenant sept in\u00e9dits en fran\u00e7ais. Au cours de cette d\u00e9cennie formatrice, il porta attention tant aux artistes du pass\u00e9, comme L\u00e9onard de Vinci, Fra Bartolomeo, ou Marco Basaiti, qu&#8217;aux artistes de son temps, comme Auguste Rodin et Paul C\u00e9zanne, mais aussi Heinrich Vogeler et Otto Modersohn, ou, quoiqu&#8217;il ne leur consacra directement aucune \u00e9tude, Clara Westhoff et Paula Modersohn-Becker, qu&#8217;il rencontra au sein de la communaut\u00e9 de Worpswede. \u00c9crire sur les arts, il le dit souvent, c&#8217;est avant tout chercher \u00e0 \u00ab ne pas juger \u00bb. \u00catre juste, c&#8217;est retrouver dans chaque oeuvre l&#8217;\u00e9tranget\u00e9 fascinante de chaque existence singuli\u00e8re, par-del\u00e0 raisons et fins. \u00ab C&#8217;est ainsi que doivent \u00eatre vues les oeuvres d&#8217;art : comme de vastes paysages solitaires aux ciels en hautes vo\u00fbtes, comme de grands arbres sombres, comme des mers s&#8217;\u00e9tendant calmement dans le soir, comme des maisons au loin dans des plaines, comme de beaux enfants qui dorment ou de jeunes animaux qui t\u00e8tent, comme mille choses de cette vie \u00e9ternelle et intemporelle que le jour ignore et que l&#8217;heure affair\u00e9e laisse de c\u00f4t\u00e9. \u00bb Dans cette fa\u00e7on \u00e9trange qu&#8217;ils peuvent avoir de renouer avec la vie cosmique, les arts ont, pour le jeune Rainer Maria Rilke, une port\u00e9e proph\u00e9tique, voire messianique. Ils annoncent une vie \u00ab qui ne peut pas encore \u00eatre v\u00e9cue aujourd&#8217;hui \u00bb, une vie \u00e0 venir, une vie nouvelle. En attendant, il reste \u00e0 faire l&#8217;effort, chaque fois, de s&#8217;ouvrir \u00e0 ce qu&#8217;on voit, de se d\u00e9faire du sentiment de peur devant ce qu&#8217;on ne comprend pas. \u00ab Nous aurons \u00e0 nous arr\u00eater souvent devant l&#8217;inconnu \u00bb, dit-il.<\/p>\n","protected":false},"excerpt":{"rendered":"<p>Avant de rencontrer \u00ab l&#8217;ange terrifiant \u00bb des \u00c9l\u00e9gies de Duino, achev\u00e9es en 1922, Rainer Maria Rilke avait crois\u00e9 le regard \u00e9nigmatique des anges qui peuplent la peinture italienne, regard faisant signe vers \u00ab le paysage qui brille derri\u00e8re eux comme une \u00e2me qu&#8217;ils poss\u00e8dent en commun \u00bb. Des deux Lettres de Munich sur l&#8217;art [&hellip;]<\/p>\n","protected":false},"featured_media":43836,"template":"","meta":[],"product_cat":[2948],"product_tag":[],"acf":[],"yoast_head":"<!-- This site is optimized with the Yoast SEO plugin v20.11 - https:\/\/yoast.com\/wordpress\/plugins\/seo\/ -->\n<title>\u00e9crits sur l&#039;art - Librairie 7L<\/title>\n<meta name=\"robots\" content=\"index, follow, max-snippet:-1, max-image-preview:large, max-video-preview:-1\" \/>\n<link rel=\"canonical\" href=\"https:\/\/librairie7l.com\/en\/produit\/ecrits-sur-lart-3\/\" \/>\n<meta property=\"og:locale\" content=\"en_US\" \/>\n<meta property=\"og:type\" content=\"article\" \/>\n<meta property=\"og:title\" content=\"\u00e9crits sur l&#039;art - Librairie 7L\" \/>\n<meta property=\"og:description\" content=\"Avant de rencontrer \u00ab l&#8217;ange terrifiant \u00bb des \u00c9l\u00e9gies de Duino, achev\u00e9es en 1922, Rainer Maria Rilke avait crois\u00e9 le regard \u00e9nigmatique des anges qui peuplent la peinture italienne, regard faisant signe vers \u00ab le paysage qui brille derri\u00e8re eux comme une \u00e2me qu&#8217;ils poss\u00e8dent en commun \u00bb. Des deux Lettres de Munich sur l&#8217;art [&hellip;]\" \/>\n<meta property=\"og:url\" content=\"https:\/\/librairie7l.com\/en\/produit\/ecrits-sur-lart-3\/\" \/>\n<meta property=\"og:site_name\" content=\"Librairie 7L\" \/>\n<meta property=\"article:modified_time\" content=\"2026-04-16T10:30:05+00:00\" \/>\n<meta property=\"og:image\" content=\"https:\/\/librairie7l.com\/wp-content\/uploads\/2023\/06\/9782850351273_1_75.jpg\" \/>\n\t<meta property=\"og:image:width\" content=\"600\" \/>\n\t<meta property=\"og:image:height\" content=\"795\" \/>\n\t<meta property=\"og:image:type\" content=\"image\/jpeg\" \/>\n<meta name=\"twitter:card\" content=\"summary_large_image\" \/>\n<meta name=\"twitter:label1\" content=\"Est. reading time\" \/>\n\t<meta name=\"twitter:data1\" content=\"2 minutes\" \/>\n<script type=\"application\/ld+json\" class=\"yoast-schema-graph\">{\"@context\":\"https:\/\/schema.org\",\"@graph\":[{\"@type\":\"WebPage\",\"@id\":\"https:\/\/librairie7l.com\/en\/produit\/ecrits-sur-lart-3\/\",\"url\":\"https:\/\/librairie7l.com\/en\/produit\/ecrits-sur-lart-3\/\",\"name\":\"\u00e9crits sur l'art - Librairie 7L\",\"isPartOf\":{\"@id\":\"https:\/\/librairie7l.com\/en\/#website\"},\"datePublished\":\"2024-10-27T08:18:12+00:00\",\"dateModified\":\"2026-04-16T10:30:05+00:00\",\"breadcrumb\":{\"@id\":\"https:\/\/librairie7l.com\/en\/produit\/ecrits-sur-lart-3\/#breadcrumb\"},\"inLanguage\":\"en-US\",\"potentialAction\":[{\"@type\":\"ReadAction\",\"target\":[\"https:\/\/librairie7l.com\/en\/produit\/ecrits-sur-lart-3\/\"]}]},{\"@type\":\"BreadcrumbList\",\"@id\":\"https:\/\/librairie7l.com\/en\/produit\/ecrits-sur-lart-3\/#breadcrumb\",\"itemListElement\":[{\"@type\":\"ListItem\",\"position\":1,\"name\":\"Accueil\",\"item\":\"https:\/\/librairie7l.com\/en\/\"},{\"@type\":\"ListItem\",\"position\":2,\"name\":\"Shop\",\"item\":\"https:\/\/librairie7l.com\/en\/shop\/\"},{\"@type\":\"ListItem\",\"position\":3,\"name\":\"\u00c9CRITS SUR L&#8217;ART\"}]},{\"@type\":\"WebSite\",\"@id\":\"https:\/\/librairie7l.com\/en\/#website\",\"url\":\"https:\/\/librairie7l.com\/en\/\",\"name\":\"Librairie 7L\",\"description\":\"Librairie fond\u00e9e en 1999 par Karl Lagerfeld \u00e0 Paris\",\"publisher\":{\"@id\":\"https:\/\/librairie7l.com\/en\/#organization\"},\"potentialAction\":[{\"@type\":\"SearchAction\",\"target\":{\"@type\":\"EntryPoint\",\"urlTemplate\":\"https:\/\/librairie7l.com\/en\/?s={search_term_string}\"},\"query-input\":\"required name=search_term_string\"}],\"inLanguage\":\"en-US\"},{\"@type\":\"Organization\",\"@id\":\"https:\/\/librairie7l.com\/en\/#organization\",\"name\":\"Librairie 7L\",\"url\":\"https:\/\/librairie7l.com\/en\/\",\"logo\":{\"@type\":\"ImageObject\",\"inLanguage\":\"en-US\",\"@id\":\"https:\/\/librairie7l.com\/en\/#\/schema\/logo\/image\/\",\"url\":\"https:\/\/librairie7l.com\/wp-content\/uploads\/2022\/08\/logo-1.png\",\"contentUrl\":\"https:\/\/librairie7l.com\/wp-content\/uploads\/2022\/08\/logo-1.png\",\"width\":227,\"height\":301,\"caption\":\"Librairie 7L\"},\"image\":{\"@id\":\"https:\/\/librairie7l.com\/en\/#\/schema\/logo\/image\/\"}}]}<\/script>\n<!-- \/ Yoast SEO plugin. -->","yoast_head_json":{"title":"\u00e9crits sur l'art - Librairie 7L","robots":{"index":"index","follow":"follow","max-snippet":"max-snippet:-1","max-image-preview":"max-image-preview:large","max-video-preview":"max-video-preview:-1"},"canonical":"https:\/\/librairie7l.com\/en\/produit\/ecrits-sur-lart-3\/","og_locale":"en_US","og_type":"article","og_title":"\u00e9crits sur l'art - Librairie 7L","og_description":"Avant de rencontrer \u00ab l&#8217;ange terrifiant \u00bb des \u00c9l\u00e9gies de Duino, achev\u00e9es en 1922, Rainer Maria Rilke avait crois\u00e9 le regard \u00e9nigmatique des anges qui peuplent la peinture italienne, regard faisant signe vers \u00ab le paysage qui brille derri\u00e8re eux comme une \u00e2me qu&#8217;ils poss\u00e8dent en commun \u00bb. Des deux Lettres de Munich sur l&#8217;art [&hellip;]","og_url":"https:\/\/librairie7l.com\/en\/produit\/ecrits-sur-lart-3\/","og_site_name":"Librairie 7L","article_modified_time":"2026-04-16T10:30:05+00:00","og_image":[{"width":600,"height":795,"url":"https:\/\/librairie7l.com\/wp-content\/uploads\/2023\/06\/9782850351273_1_75.jpg","type":"image\/jpeg"}],"twitter_card":"summary_large_image","twitter_misc":{"Est. reading time":"2 minutes"},"schema":{"@context":"https:\/\/schema.org","@graph":[{"@type":"WebPage","@id":"https:\/\/librairie7l.com\/en\/produit\/ecrits-sur-lart-3\/","url":"https:\/\/librairie7l.com\/en\/produit\/ecrits-sur-lart-3\/","name":"\u00e9crits sur l'art - Librairie 7L","isPartOf":{"@id":"https:\/\/librairie7l.com\/en\/#website"},"datePublished":"2024-10-27T08:18:12+00:00","dateModified":"2026-04-16T10:30:05+00:00","breadcrumb":{"@id":"https:\/\/librairie7l.com\/en\/produit\/ecrits-sur-lart-3\/#breadcrumb"},"inLanguage":"en-US","potentialAction":[{"@type":"ReadAction","target":["https:\/\/librairie7l.com\/en\/produit\/ecrits-sur-lart-3\/"]}]},{"@type":"BreadcrumbList","@id":"https:\/\/librairie7l.com\/en\/produit\/ecrits-sur-lart-3\/#breadcrumb","itemListElement":[{"@type":"ListItem","position":1,"name":"Accueil","item":"https:\/\/librairie7l.com\/en\/"},{"@type":"ListItem","position":2,"name":"Shop","item":"https:\/\/librairie7l.com\/en\/shop\/"},{"@type":"ListItem","position":3,"name":"\u00c9CRITS SUR L&#8217;ART"}]},{"@type":"WebSite","@id":"https:\/\/librairie7l.com\/en\/#website","url":"https:\/\/librairie7l.com\/en\/","name":"Librairie 7L","description":"Librairie fond\u00e9e en 1999 par Karl Lagerfeld \u00e0 Paris","publisher":{"@id":"https:\/\/librairie7l.com\/en\/#organization"},"potentialAction":[{"@type":"SearchAction","target":{"@type":"EntryPoint","urlTemplate":"https:\/\/librairie7l.com\/en\/?s={search_term_string}"},"query-input":"required name=search_term_string"}],"inLanguage":"en-US"},{"@type":"Organization","@id":"https:\/\/librairie7l.com\/en\/#organization","name":"Librairie 7L","url":"https:\/\/librairie7l.com\/en\/","logo":{"@type":"ImageObject","inLanguage":"en-US","@id":"https:\/\/librairie7l.com\/en\/#\/schema\/logo\/image\/","url":"https:\/\/librairie7l.com\/wp-content\/uploads\/2022\/08\/logo-1.png","contentUrl":"https:\/\/librairie7l.com\/wp-content\/uploads\/2022\/08\/logo-1.png","width":227,"height":301,"caption":"Librairie 7L"},"image":{"@id":"https:\/\/librairie7l.com\/en\/#\/schema\/logo\/image\/"}}]}},"_links":{"self":[{"href":"https:\/\/librairie7l.com\/en\/wp-json\/wp\/v2\/product\/43838"}],"collection":[{"href":"https:\/\/librairie7l.com\/en\/wp-json\/wp\/v2\/product"}],"about":[{"href":"https:\/\/librairie7l.com\/en\/wp-json\/wp\/v2\/types\/product"}],"wp:featuredmedia":[{"embeddable":true,"href":"https:\/\/librairie7l.com\/en\/wp-json\/wp\/v2\/media\/43836"}],"wp:attachment":[{"href":"https:\/\/librairie7l.com\/en\/wp-json\/wp\/v2\/media?parent=43838"}],"wp:term":[{"taxonomy":"product_cat","embeddable":true,"href":"https:\/\/librairie7l.com\/en\/wp-json\/wp\/v2\/product_cat?post=43838"},{"taxonomy":"product_tag","embeddable":true,"href":"https:\/\/librairie7l.com\/en\/wp-json\/wp\/v2\/product_tag?post=43838"}],"curies":[{"name":"wp","href":"https:\/\/api.w.org\/{rel}","templated":true}]}}