{"id":43883,"date":"2024-10-30T09:17:40","date_gmt":"2024-10-30T08:17:40","guid":{"rendered":"https:\/\/librairie7l.com\/?post_type=product&#038;p=43883"},"modified":"2026-05-03T18:43:33","modified_gmt":"2026-05-03T16:43:33","slug":"public-satori-2","status":"publish","type":"product","link":"https:\/\/librairie7l.com\/en\/produit\/public-satori-2\/","title":{"rendered":"PUBLIC SATORI"},"content":{"rendered":"<p>Public Satori est autant un lieu de rencontres, de partages, de transmissions, qu&#8217;un espace de r\u00eaves, de glissement d&#8217;un champ \u00e0 un autre, d&#8217;une discipline \u00e0 l&#8217;autre en donnant la parole \u00e0 des invit\u00e9s dans un espoir de cr\u00e9er des connivences et des correspondances entre diverses pratiques artistiques, scientifiques, cultuelles. C&#8217;est un paysage o\u00f9 l&#8217;on chemine sans savoir vraiment o\u00f9 l&#8217;on va, c&#8217;est un train dans lequel on monte sachant bien que le transport est plus important que la destination choisie.  Faisant se croiser les voix de po\u00e8tes, \u00e9crivains, philosophes, artistes, photographes, paysagistes, urbanistes, chercheurs, cin\u00e9astes, historiens, femmes &amp; hommes de la soci\u00e9t\u00e9 civile, danseuses, danseurs, chats, chiens, animaux sauvages, arbres, paysages&#8230; \u00c0 la mani\u00e8re d&#8217;une exposition collective dont le livre sera le lieu, on y retrouvera des cartes blanches litt\u00e9raires, visuelles, des entretiens, des dialogues, des po\u00e8mes, des photographies, des r\u00e9cits&#8230; Ce volume tente d&#8217;assembler divers souvenirs sur la question de m\u00e9moire du paysage. Une vingtaine de contributeurs se sont pr\u00eat\u00e9s au jeu de partage d&#8217;exp\u00e9riences, Gilles A. Tiberghien, philosophe, St\u00e9phane Girard, chercheur, Dominique A, auteur et musicien, Arnaud Benoit, paysagiste, Camille Loivier, \u00e9crivaine, Charles Daubas, romancier, Christophe Manon, Camille de Toledo et Luba Jurgensen, \u00e9crivains, Fabrice Caravaca, po\u00e8te, L\u00e9onard Lesage, danseur, Pierre Giner, artiste, Suzanne Doppelt, \u00e9crivaine et photographe, Fred Cosnier, \u00e9crivain, Vivianne Perelmuter, Antonio Catarino, Elisa Murcia, photographes, Pierre Dumazot, Erik Samakh, peintre, Marc Rumelhart, botaniste, Nicolas Leli\u00e8vre, designer&#8230; et d&#8217;autres encore.<\/p>\n","protected":false},"excerpt":{"rendered":"<p>Public Satori est autant un lieu de rencontres, de partages, de transmissions, qu&#8217;un espace de r\u00eaves, de glissement d&#8217;un champ \u00e0 un autre, d&#8217;une discipline \u00e0 l&#8217;autre en donnant la parole \u00e0 des invit\u00e9s dans un espoir de cr\u00e9er des connivences et des correspondances entre diverses pratiques artistiques, scientifiques, cultuelles. C&#8217;est un paysage o\u00f9 l&#8217;on [&hellip;]<\/p>\n","protected":false},"featured_media":43881,"template":"","meta":[],"product_cat":[2948],"product_tag":[],"acf":[],"yoast_head":"<!-- This site is optimized with the Yoast SEO plugin v20.11 - https:\/\/yoast.com\/wordpress\/plugins\/seo\/ -->\n<title>Public satori - Librairie 7L<\/title>\n<meta name=\"robots\" content=\"index, follow, max-snippet:-1, max-image-preview:large, max-video-preview:-1\" \/>\n<link rel=\"canonical\" href=\"https:\/\/librairie7l.com\/en\/produit\/public-satori-2\/\" \/>\n<meta property=\"og:locale\" content=\"en_US\" \/>\n<meta property=\"og:type\" content=\"article\" \/>\n<meta property=\"og:title\" content=\"Public satori - Librairie 7L\" \/>\n<meta property=\"og:description\" content=\"Public Satori est autant un lieu de rencontres, de partages, de transmissions, qu&#8217;un espace de r\u00eaves, de glissement d&#8217;un champ \u00e0 un autre, d&#8217;une discipline \u00e0 l&#8217;autre en donnant la parole \u00e0 des invit\u00e9s dans un espoir de cr\u00e9er des connivences et des correspondances entre diverses pratiques artistiques, scientifiques, cultuelles. C&#8217;est un paysage o\u00f9 l&#8217;on [&hellip;]\" \/>\n<meta property=\"og:url\" content=\"https:\/\/librairie7l.com\/en\/produit\/public-satori-2\/\" \/>\n<meta property=\"og:site_name\" content=\"Librairie 7L\" \/>\n<meta property=\"article:modified_time\" content=\"2026-05-03T16:43:33+00:00\" \/>\n<meta property=\"og:image\" content=\"https:\/\/librairie7l.com\/wp-content\/uploads\/2024\/03\/9782958823498_1_75.jpg\" \/>\n\t<meta property=\"og:image:width\" content=\"600\" \/>\n\t<meta property=\"og:image:height\" content=\"772\" \/>\n\t<meta property=\"og:image:type\" content=\"image\/jpeg\" \/>\n<meta name=\"twitter:card\" content=\"summary_large_image\" \/>\n<meta name=\"twitter:label1\" content=\"Est. reading time\" \/>\n\t<meta name=\"twitter:data1\" content=\"1 minute\" \/>\n<script type=\"application\/ld+json\" class=\"yoast-schema-graph\">{\"@context\":\"https:\/\/schema.org\",\"@graph\":[{\"@type\":\"WebPage\",\"@id\":\"https:\/\/librairie7l.com\/en\/produit\/public-satori-2\/\",\"url\":\"https:\/\/librairie7l.com\/en\/produit\/public-satori-2\/\",\"name\":\"Public satori - Librairie 7L\",\"isPartOf\":{\"@id\":\"https:\/\/librairie7l.com\/en\/#website\"},\"datePublished\":\"2024-10-30T08:17:40+00:00\",\"dateModified\":\"2026-05-03T16:43:33+00:00\",\"breadcrumb\":{\"@id\":\"https:\/\/librairie7l.com\/en\/produit\/public-satori-2\/#breadcrumb\"},\"inLanguage\":\"en-US\",\"potentialAction\":[{\"@type\":\"ReadAction\",\"target\":[\"https:\/\/librairie7l.com\/en\/produit\/public-satori-2\/\"]}]},{\"@type\":\"BreadcrumbList\",\"@id\":\"https:\/\/librairie7l.com\/en\/produit\/public-satori-2\/#breadcrumb\",\"itemListElement\":[{\"@type\":\"ListItem\",\"position\":1,\"name\":\"Accueil\",\"item\":\"https:\/\/librairie7l.com\/en\/\"},{\"@type\":\"ListItem\",\"position\":2,\"name\":\"Shop\",\"item\":\"https:\/\/librairie7l.com\/en\/shop\/\"},{\"@type\":\"ListItem\",\"position\":3,\"name\":\"PUBLIC SATORI\"}]},{\"@type\":\"WebSite\",\"@id\":\"https:\/\/librairie7l.com\/en\/#website\",\"url\":\"https:\/\/librairie7l.com\/en\/\",\"name\":\"Librairie 7L\",\"description\":\"Librairie fond\u00e9e en 1999 par Karl Lagerfeld \u00e0 Paris\",\"publisher\":{\"@id\":\"https:\/\/librairie7l.com\/en\/#organization\"},\"potentialAction\":[{\"@type\":\"SearchAction\",\"target\":{\"@type\":\"EntryPoint\",\"urlTemplate\":\"https:\/\/librairie7l.com\/en\/?s={search_term_string}\"},\"query-input\":\"required name=search_term_string\"}],\"inLanguage\":\"en-US\"},{\"@type\":\"Organization\",\"@id\":\"https:\/\/librairie7l.com\/en\/#organization\",\"name\":\"Librairie 7L\",\"url\":\"https:\/\/librairie7l.com\/en\/\",\"logo\":{\"@type\":\"ImageObject\",\"inLanguage\":\"en-US\",\"@id\":\"https:\/\/librairie7l.com\/en\/#\/schema\/logo\/image\/\",\"url\":\"https:\/\/librairie7l.com\/wp-content\/uploads\/2022\/08\/logo-1.png\",\"contentUrl\":\"https:\/\/librairie7l.com\/wp-content\/uploads\/2022\/08\/logo-1.png\",\"width\":227,\"height\":301,\"caption\":\"Librairie 7L\"},\"image\":{\"@id\":\"https:\/\/librairie7l.com\/en\/#\/schema\/logo\/image\/\"}}]}<\/script>\n<!-- \/ Yoast SEO plugin. -->","yoast_head_json":{"title":"Public satori - Librairie 7L","robots":{"index":"index","follow":"follow","max-snippet":"max-snippet:-1","max-image-preview":"max-image-preview:large","max-video-preview":"max-video-preview:-1"},"canonical":"https:\/\/librairie7l.com\/en\/produit\/public-satori-2\/","og_locale":"en_US","og_type":"article","og_title":"Public satori - Librairie 7L","og_description":"Public Satori est autant un lieu de rencontres, de partages, de transmissions, qu&#8217;un espace de r\u00eaves, de glissement d&#8217;un champ \u00e0 un autre, d&#8217;une discipline \u00e0 l&#8217;autre en donnant la parole \u00e0 des invit\u00e9s dans un espoir de cr\u00e9er des connivences et des correspondances entre diverses pratiques artistiques, scientifiques, cultuelles. C&#8217;est un paysage o\u00f9 l&#8217;on [&hellip;]","og_url":"https:\/\/librairie7l.com\/en\/produit\/public-satori-2\/","og_site_name":"Librairie 7L","article_modified_time":"2026-05-03T16:43:33+00:00","og_image":[{"width":600,"height":772,"url":"https:\/\/librairie7l.com\/wp-content\/uploads\/2024\/03\/9782958823498_1_75.jpg","type":"image\/jpeg"}],"twitter_card":"summary_large_image","twitter_misc":{"Est. reading time":"1 minute"},"schema":{"@context":"https:\/\/schema.org","@graph":[{"@type":"WebPage","@id":"https:\/\/librairie7l.com\/en\/produit\/public-satori-2\/","url":"https:\/\/librairie7l.com\/en\/produit\/public-satori-2\/","name":"Public satori - Librairie 7L","isPartOf":{"@id":"https:\/\/librairie7l.com\/en\/#website"},"datePublished":"2024-10-30T08:17:40+00:00","dateModified":"2026-05-03T16:43:33+00:00","breadcrumb":{"@id":"https:\/\/librairie7l.com\/en\/produit\/public-satori-2\/#breadcrumb"},"inLanguage":"en-US","potentialAction":[{"@type":"ReadAction","target":["https:\/\/librairie7l.com\/en\/produit\/public-satori-2\/"]}]},{"@type":"BreadcrumbList","@id":"https:\/\/librairie7l.com\/en\/produit\/public-satori-2\/#breadcrumb","itemListElement":[{"@type":"ListItem","position":1,"name":"Accueil","item":"https:\/\/librairie7l.com\/en\/"},{"@type":"ListItem","position":2,"name":"Shop","item":"https:\/\/librairie7l.com\/en\/shop\/"},{"@type":"ListItem","position":3,"name":"PUBLIC SATORI"}]},{"@type":"WebSite","@id":"https:\/\/librairie7l.com\/en\/#website","url":"https:\/\/librairie7l.com\/en\/","name":"Librairie 7L","description":"Librairie fond\u00e9e en 1999 par Karl Lagerfeld \u00e0 Paris","publisher":{"@id":"https:\/\/librairie7l.com\/en\/#organization"},"potentialAction":[{"@type":"SearchAction","target":{"@type":"EntryPoint","urlTemplate":"https:\/\/librairie7l.com\/en\/?s={search_term_string}"},"query-input":"required name=search_term_string"}],"inLanguage":"en-US"},{"@type":"Organization","@id":"https:\/\/librairie7l.com\/en\/#organization","name":"Librairie 7L","url":"https:\/\/librairie7l.com\/en\/","logo":{"@type":"ImageObject","inLanguage":"en-US","@id":"https:\/\/librairie7l.com\/en\/#\/schema\/logo\/image\/","url":"https:\/\/librairie7l.com\/wp-content\/uploads\/2022\/08\/logo-1.png","contentUrl":"https:\/\/librairie7l.com\/wp-content\/uploads\/2022\/08\/logo-1.png","width":227,"height":301,"caption":"Librairie 7L"},"image":{"@id":"https:\/\/librairie7l.com\/en\/#\/schema\/logo\/image\/"}}]}},"_links":{"self":[{"href":"https:\/\/librairie7l.com\/en\/wp-json\/wp\/v2\/product\/43883"}],"collection":[{"href":"https:\/\/librairie7l.com\/en\/wp-json\/wp\/v2\/product"}],"about":[{"href":"https:\/\/librairie7l.com\/en\/wp-json\/wp\/v2\/types\/product"}],"wp:featuredmedia":[{"embeddable":true,"href":"https:\/\/librairie7l.com\/en\/wp-json\/wp\/v2\/media\/43881"}],"wp:attachment":[{"href":"https:\/\/librairie7l.com\/en\/wp-json\/wp\/v2\/media?parent=43883"}],"wp:term":[{"taxonomy":"product_cat","embeddable":true,"href":"https:\/\/librairie7l.com\/en\/wp-json\/wp\/v2\/product_cat?post=43883"},{"taxonomy":"product_tag","embeddable":true,"href":"https:\/\/librairie7l.com\/en\/wp-json\/wp\/v2\/product_tag?post=43883"}],"curies":[{"name":"wp","href":"https:\/\/api.w.org\/{rel}","templated":true}]}}