{"id":43887,"date":"2024-10-30T09:17:42","date_gmt":"2024-10-30T08:17:42","guid":{"rendered":"https:\/\/librairie7l.com\/?post_type=product&#038;p=43887"},"modified":"2026-04-16T12:31:54","modified_gmt":"2026-04-16T10:31:54","slug":"kader-attia-descente-au-paradis-descent-into-paradise-2","status":"publish","type":"product","link":"https:\/\/librairie7l.com\/en\/produit\/kader-attia-descente-au-paradis-descent-into-paradise-2\/","title":{"rendered":"KADER ATTIA : DESCENTE AU PARADIS \/ DESCENT INTO PARADISE"},"content":{"rendered":"<p>Le MO.CO. consacre une exposition \u00e0 Kader Attia, l&#8217;un des artistes fran\u00e7ais les plus pr\u00e9sents sur la sc\u00e8ne internationale. L&#8217;ouvrage qui l&#8217;accompagne est un catalogue monographique sur cet artiste. Utilisant le dessin, la photographie, la vid\u00e9o, la sculpture ou l&#8217;installation au gr\u00e9 de chaque projet singulier, K. Attia interroge la soci\u00e9t\u00e9 actuelle en donnant une grande part \u00e0 la po\u00e9sie et \u00e0 l&#8217;induit, en s&#8217;attachant aux situations fragiles, aux peurs, aux traumatismes, au d\u00e9racinement, aux espoirs de r\u00e9paration. Le voyage tient \u00e9galement une place importante dans son histoire comme dans son travail, invoquant des cultures marginalis\u00e9es comme des destins individuels. Pour l&#8217;exposition &#8216;Descente au Paradis&#8217;, Kader Attia s&#8217;est inspir\u00e9 de la g\u00e9ographie m\u00eame du MO.CO., de son parcours du haut vers le bas, du ciel vers la terre et ses profondeurs, en proposant une r\u00e9flexion sur la r\u00e9paration et la transcendance qui interroge la notion de verticalit\u00e9, comme mouvement vital et spirituel. Comme les plaies du pass\u00e9 irriguent les fractures du pr\u00e9sent et juxtaposent les \u00e9poques par un mouvement de va-et-vient, la spiritualit\u00e9 permet d&#8217;\u00e9chapper \u00e0 l&#8217;emprise de l&#8217;Histoire. \u00c0 l&#8217;image de la pluie qui ravine et transforme, n&#8217;existe-t-il pas une \u00e9l\u00e9vation qui se joue dans un flux descendant ? Si les oeuvres de Kader Attia poss\u00e8dent une port\u00e9e philosophique et politique forte, Descente au Paradis t\u00e9moigne \u00e9galement des pr\u00e9occupations po\u00e9tiques et esth\u00e9tiques d&#8217;un artiste dont la recherche et la pens\u00e9e se fondent dans une pratique o\u00f9 la forme et le fond fusionnent en un langage propre. Aux c\u00f4t\u00e9s d&#8217;oeuvres majeures de l&#8217;artiste, l&#8217;ouvrage pr\u00e9sente des nouvelles oeuvres dont une installation immersive in\u00e9dite, compos\u00e9e d&#8217;un film tourn\u00e9 dans le nord de la Tha\u00eflande et d&#8217;une installation compos\u00e9e de b\u00e2tons de pluie.<\/p>\n","protected":false},"excerpt":{"rendered":"<p>Le MO.CO. consacre une exposition \u00e0 Kader Attia, l&#8217;un des artistes fran\u00e7ais les plus pr\u00e9sents sur la sc\u00e8ne internationale. L&#8217;ouvrage qui l&#8217;accompagne est un catalogue monographique sur cet artiste. Utilisant le dessin, la photographie, la vid\u00e9o, la sculpture ou l&#8217;installation au gr\u00e9 de chaque projet singulier, K. Attia interroge la soci\u00e9t\u00e9 actuelle en donnant une [&hellip;]<\/p>\n","protected":false},"featured_media":43885,"template":"","meta":[],"product_cat":[2948],"product_tag":[],"acf":[],"yoast_head":"<!-- This site is optimized with the Yoast SEO plugin v20.11 - https:\/\/yoast.com\/wordpress\/plugins\/seo\/ -->\n<title>Kader Attia : Descente au paradis \/ Descent into paradise - Librairie 7L<\/title>\n<meta name=\"robots\" content=\"index, follow, max-snippet:-1, max-image-preview:large, max-video-preview:-1\" \/>\n<link rel=\"canonical\" href=\"https:\/\/librairie7l.com\/en\/produit\/kader-attia-descente-au-paradis-descent-into-paradise-2\/\" \/>\n<meta property=\"og:locale\" content=\"en_US\" \/>\n<meta property=\"og:type\" content=\"article\" \/>\n<meta property=\"og:title\" content=\"Kader Attia : Descente au paradis \/ Descent into paradise - Librairie 7L\" \/>\n<meta property=\"og:description\" content=\"Le MO.CO. consacre une exposition \u00e0 Kader Attia, l&#8217;un des artistes fran\u00e7ais les plus pr\u00e9sents sur la sc\u00e8ne internationale. L&#8217;ouvrage qui l&#8217;accompagne est un catalogue monographique sur cet artiste. Utilisant le dessin, la photographie, la vid\u00e9o, la sculpture ou l&#8217;installation au gr\u00e9 de chaque projet singulier, K. Attia interroge la soci\u00e9t\u00e9 actuelle en donnant une [&hellip;]\" \/>\n<meta property=\"og:url\" content=\"https:\/\/librairie7l.com\/en\/produit\/kader-attia-descente-au-paradis-descent-into-paradise-2\/\" \/>\n<meta property=\"og:site_name\" content=\"Librairie 7L\" \/>\n<meta property=\"article:modified_time\" content=\"2026-04-16T10:31:54+00:00\" \/>\n<meta property=\"og:image\" content=\"https:\/\/librairie7l.com\/wp-content\/uploads\/2024\/05\/9782363063618_1_75.jpg\" \/>\n\t<meta property=\"og:image:width\" content=\"600\" \/>\n\t<meta property=\"og:image:height\" content=\"763\" \/>\n\t<meta property=\"og:image:type\" content=\"image\/jpeg\" \/>\n<meta name=\"twitter:card\" content=\"summary_large_image\" \/>\n<meta name=\"twitter:label1\" content=\"Est. reading time\" \/>\n\t<meta name=\"twitter:data1\" content=\"2 minutes\" \/>\n<script type=\"application\/ld+json\" class=\"yoast-schema-graph\">{\"@context\":\"https:\/\/schema.org\",\"@graph\":[{\"@type\":\"WebPage\",\"@id\":\"https:\/\/librairie7l.com\/en\/produit\/kader-attia-descente-au-paradis-descent-into-paradise-2\/\",\"url\":\"https:\/\/librairie7l.com\/en\/produit\/kader-attia-descente-au-paradis-descent-into-paradise-2\/\",\"name\":\"Kader Attia : Descente au paradis \/ Descent into paradise - Librairie 7L\",\"isPartOf\":{\"@id\":\"https:\/\/librairie7l.com\/en\/#website\"},\"datePublished\":\"2024-10-30T08:17:42+00:00\",\"dateModified\":\"2026-04-16T10:31:54+00:00\",\"breadcrumb\":{\"@id\":\"https:\/\/librairie7l.com\/en\/produit\/kader-attia-descente-au-paradis-descent-into-paradise-2\/#breadcrumb\"},\"inLanguage\":\"en-US\",\"potentialAction\":[{\"@type\":\"ReadAction\",\"target\":[\"https:\/\/librairie7l.com\/en\/produit\/kader-attia-descente-au-paradis-descent-into-paradise-2\/\"]}]},{\"@type\":\"BreadcrumbList\",\"@id\":\"https:\/\/librairie7l.com\/en\/produit\/kader-attia-descente-au-paradis-descent-into-paradise-2\/#breadcrumb\",\"itemListElement\":[{\"@type\":\"ListItem\",\"position\":1,\"name\":\"Accueil\",\"item\":\"https:\/\/librairie7l.com\/en\/\"},{\"@type\":\"ListItem\",\"position\":2,\"name\":\"Shop\",\"item\":\"https:\/\/librairie7l.com\/en\/shop\/\"},{\"@type\":\"ListItem\",\"position\":3,\"name\":\"KADER ATTIA : DESCENTE AU PARADIS \/ DESCENT INTO PARADISE\"}]},{\"@type\":\"WebSite\",\"@id\":\"https:\/\/librairie7l.com\/en\/#website\",\"url\":\"https:\/\/librairie7l.com\/en\/\",\"name\":\"Librairie 7L\",\"description\":\"Librairie fond\u00e9e en 1999 par Karl Lagerfeld \u00e0 Paris\",\"publisher\":{\"@id\":\"https:\/\/librairie7l.com\/en\/#organization\"},\"potentialAction\":[{\"@type\":\"SearchAction\",\"target\":{\"@type\":\"EntryPoint\",\"urlTemplate\":\"https:\/\/librairie7l.com\/en\/?s={search_term_string}\"},\"query-input\":\"required name=search_term_string\"}],\"inLanguage\":\"en-US\"},{\"@type\":\"Organization\",\"@id\":\"https:\/\/librairie7l.com\/en\/#organization\",\"name\":\"Librairie 7L\",\"url\":\"https:\/\/librairie7l.com\/en\/\",\"logo\":{\"@type\":\"ImageObject\",\"inLanguage\":\"en-US\",\"@id\":\"https:\/\/librairie7l.com\/en\/#\/schema\/logo\/image\/\",\"url\":\"https:\/\/librairie7l.com\/wp-content\/uploads\/2022\/08\/logo-1.png\",\"contentUrl\":\"https:\/\/librairie7l.com\/wp-content\/uploads\/2022\/08\/logo-1.png\",\"width\":227,\"height\":301,\"caption\":\"Librairie 7L\"},\"image\":{\"@id\":\"https:\/\/librairie7l.com\/en\/#\/schema\/logo\/image\/\"}}]}<\/script>\n<!-- \/ Yoast SEO plugin. -->","yoast_head_json":{"title":"Kader Attia : Descente au paradis \/ Descent into paradise - Librairie 7L","robots":{"index":"index","follow":"follow","max-snippet":"max-snippet:-1","max-image-preview":"max-image-preview:large","max-video-preview":"max-video-preview:-1"},"canonical":"https:\/\/librairie7l.com\/en\/produit\/kader-attia-descente-au-paradis-descent-into-paradise-2\/","og_locale":"en_US","og_type":"article","og_title":"Kader Attia : Descente au paradis \/ Descent into paradise - Librairie 7L","og_description":"Le MO.CO. consacre une exposition \u00e0 Kader Attia, l&#8217;un des artistes fran\u00e7ais les plus pr\u00e9sents sur la sc\u00e8ne internationale. L&#8217;ouvrage qui l&#8217;accompagne est un catalogue monographique sur cet artiste. Utilisant le dessin, la photographie, la vid\u00e9o, la sculpture ou l&#8217;installation au gr\u00e9 de chaque projet singulier, K. Attia interroge la soci\u00e9t\u00e9 actuelle en donnant une [&hellip;]","og_url":"https:\/\/librairie7l.com\/en\/produit\/kader-attia-descente-au-paradis-descent-into-paradise-2\/","og_site_name":"Librairie 7L","article_modified_time":"2026-04-16T10:31:54+00:00","og_image":[{"width":600,"height":763,"url":"https:\/\/librairie7l.com\/wp-content\/uploads\/2024\/05\/9782363063618_1_75.jpg","type":"image\/jpeg"}],"twitter_card":"summary_large_image","twitter_misc":{"Est. reading time":"2 minutes"},"schema":{"@context":"https:\/\/schema.org","@graph":[{"@type":"WebPage","@id":"https:\/\/librairie7l.com\/en\/produit\/kader-attia-descente-au-paradis-descent-into-paradise-2\/","url":"https:\/\/librairie7l.com\/en\/produit\/kader-attia-descente-au-paradis-descent-into-paradise-2\/","name":"Kader Attia : Descente au paradis \/ Descent into paradise - Librairie 7L","isPartOf":{"@id":"https:\/\/librairie7l.com\/en\/#website"},"datePublished":"2024-10-30T08:17:42+00:00","dateModified":"2026-04-16T10:31:54+00:00","breadcrumb":{"@id":"https:\/\/librairie7l.com\/en\/produit\/kader-attia-descente-au-paradis-descent-into-paradise-2\/#breadcrumb"},"inLanguage":"en-US","potentialAction":[{"@type":"ReadAction","target":["https:\/\/librairie7l.com\/en\/produit\/kader-attia-descente-au-paradis-descent-into-paradise-2\/"]}]},{"@type":"BreadcrumbList","@id":"https:\/\/librairie7l.com\/en\/produit\/kader-attia-descente-au-paradis-descent-into-paradise-2\/#breadcrumb","itemListElement":[{"@type":"ListItem","position":1,"name":"Accueil","item":"https:\/\/librairie7l.com\/en\/"},{"@type":"ListItem","position":2,"name":"Shop","item":"https:\/\/librairie7l.com\/en\/shop\/"},{"@type":"ListItem","position":3,"name":"KADER ATTIA : DESCENTE AU PARADIS \/ DESCENT INTO PARADISE"}]},{"@type":"WebSite","@id":"https:\/\/librairie7l.com\/en\/#website","url":"https:\/\/librairie7l.com\/en\/","name":"Librairie 7L","description":"Librairie fond\u00e9e en 1999 par Karl Lagerfeld \u00e0 Paris","publisher":{"@id":"https:\/\/librairie7l.com\/en\/#organization"},"potentialAction":[{"@type":"SearchAction","target":{"@type":"EntryPoint","urlTemplate":"https:\/\/librairie7l.com\/en\/?s={search_term_string}"},"query-input":"required name=search_term_string"}],"inLanguage":"en-US"},{"@type":"Organization","@id":"https:\/\/librairie7l.com\/en\/#organization","name":"Librairie 7L","url":"https:\/\/librairie7l.com\/en\/","logo":{"@type":"ImageObject","inLanguage":"en-US","@id":"https:\/\/librairie7l.com\/en\/#\/schema\/logo\/image\/","url":"https:\/\/librairie7l.com\/wp-content\/uploads\/2022\/08\/logo-1.png","contentUrl":"https:\/\/librairie7l.com\/wp-content\/uploads\/2022\/08\/logo-1.png","width":227,"height":301,"caption":"Librairie 7L"},"image":{"@id":"https:\/\/librairie7l.com\/en\/#\/schema\/logo\/image\/"}}]}},"_links":{"self":[{"href":"https:\/\/librairie7l.com\/en\/wp-json\/wp\/v2\/product\/43887"}],"collection":[{"href":"https:\/\/librairie7l.com\/en\/wp-json\/wp\/v2\/product"}],"about":[{"href":"https:\/\/librairie7l.com\/en\/wp-json\/wp\/v2\/types\/product"}],"wp:featuredmedia":[{"embeddable":true,"href":"https:\/\/librairie7l.com\/en\/wp-json\/wp\/v2\/media\/43885"}],"wp:attachment":[{"href":"https:\/\/librairie7l.com\/en\/wp-json\/wp\/v2\/media?parent=43887"}],"wp:term":[{"taxonomy":"product_cat","embeddable":true,"href":"https:\/\/librairie7l.com\/en\/wp-json\/wp\/v2\/product_cat?post=43887"},{"taxonomy":"product_tag","embeddable":true,"href":"https:\/\/librairie7l.com\/en\/wp-json\/wp\/v2\/product_tag?post=43887"}],"curies":[{"name":"wp","href":"https:\/\/api.w.org\/{rel}","templated":true}]}}