{"id":43891,"date":"2024-10-30T09:17:45","date_gmt":"2024-10-30T08:17:45","guid":{"rendered":"https:\/\/librairie7l.com\/?post_type=product&#038;p=43891"},"modified":"2026-04-04T22:04:11","modified_gmt":"2026-04-04T20:04:11","slug":"paquebots-1913-1942-une-esthetique-transatlantique-2","status":"publish","type":"product","link":"https:\/\/librairie7l.com\/en\/produit\/paquebots-1913-1942-une-esthetique-transatlantique-2\/","title":{"rendered":"PAQUEBOTS 1913-1942 : UNE ESTH\u00c9TIQUE TRANSATLANTIQUE"},"content":{"rendered":"<p>Le Mus\u00e9e d&#8217;arts de Nantes et le MuMa du Havre organisent une exposition intitul\u00e9e \u00ab Paquebots 1913-1942, une esth\u00e9tique transatlantique \u00bb, qui mettra en \u00e9vidence le r\u00f4le des nouveaux g\u00e9ants des mers des compagnies transatlantiques dans le d\u00e9veloppement d&#8217;une esth\u00e9tique moderniste cosmopolite.<\/p>\n<p>L&#8217;exposition se propose donc d&#8217;explorer l&#8217;imaginaire des univers transatlantiques et les oeuvres contemporaines au travers deux grandes th\u00e9matiques :<br \/>\n* le paquebot comme objet moderniste : oeuvre d&#8217;art totale pour ses diff\u00e9rents cr\u00e9ateurs (a\u00e9rodynamisme nautique, d\u00e9cor, architecture, mobilier), les paquebots sont aussi une source d&#8217;inspiration pour les exp\u00e9rimentations des avant-gardes picturales et photographiques<br \/>\n* la travers\u00e9e comme exp\u00e9rience extra-ordinaire : brouillant les rep\u00e8res spatio-temporels et favorisant les rencontres originales, elle est \u00e9galement parenth\u00e8se apatride voire douloureux d\u00e9racinement pour ceux qui fuient la vieille Europe.<\/p>\n<p>L&#8217;exposition a re\u00e7u le soutien de French Lines &amp; Compagnies (archives de la compagnie g\u00e9n\u00e9rale transatlantique au Havre), et Escal&#8217;Atlantic (mus\u00e9e-paquebot de Saint- Nazaire). Elle replace en particulier le Mus\u00e9e d&#8217;arts de Nantes, le MuMa et ces institutions au coeur de la grande histoire transatlantique des ports de Nantes-Saint-Nazaire et du Havre.<\/p>\n","protected":false},"excerpt":{"rendered":"<p>Le Mus\u00e9e d&#8217;arts de Nantes et le MuMa du Havre organisent une exposition intitul\u00e9e \u00ab Paquebots 1913-1942, une esth\u00e9tique transatlantique \u00bb, qui mettra en \u00e9vidence le r\u00f4le des nouveaux g\u00e9ants des mers des compagnies transatlantiques dans le d\u00e9veloppement d&#8217;une esth\u00e9tique moderniste cosmopolite. L&#8217;exposition se propose donc d&#8217;explorer l&#8217;imaginaire des univers transatlantiques et les oeuvres contemporaines [&hellip;]<\/p>\n","protected":false},"featured_media":43889,"template":"","meta":[],"product_cat":[2948],"product_tag":[],"acf":[],"yoast_head":"<!-- This site is optimized with the Yoast SEO plugin v20.11 - https:\/\/yoast.com\/wordpress\/plugins\/seo\/ -->\n<title>Paquebots 1913-1942 : Une esth\u00e9tique transatlantique - Librairie 7L<\/title>\n<meta name=\"robots\" content=\"index, follow, max-snippet:-1, max-image-preview:large, max-video-preview:-1\" \/>\n<link rel=\"canonical\" href=\"https:\/\/librairie7l.com\/en\/produit\/paquebots-1913-1942-une-esthetique-transatlantique-2\/\" \/>\n<meta property=\"og:locale\" content=\"en_US\" \/>\n<meta property=\"og:type\" content=\"article\" \/>\n<meta property=\"og:title\" content=\"Paquebots 1913-1942 : Une esth\u00e9tique transatlantique - Librairie 7L\" \/>\n<meta property=\"og:description\" content=\"Le Mus\u00e9e d&#8217;arts de Nantes et le MuMa du Havre organisent une exposition intitul\u00e9e \u00ab Paquebots 1913-1942, une esth\u00e9tique transatlantique \u00bb, qui mettra en \u00e9vidence le r\u00f4le des nouveaux g\u00e9ants des mers des compagnies transatlantiques dans le d\u00e9veloppement d&#8217;une esth\u00e9tique moderniste cosmopolite. L&#8217;exposition se propose donc d&#8217;explorer l&#8217;imaginaire des univers transatlantiques et les oeuvres contemporaines [&hellip;]\" \/>\n<meta property=\"og:url\" content=\"https:\/\/librairie7l.com\/en\/produit\/paquebots-1913-1942-une-esthetique-transatlantique-2\/\" \/>\n<meta property=\"og:site_name\" content=\"Librairie 7L\" \/>\n<meta property=\"article:modified_time\" content=\"2026-04-04T20:04:11+00:00\" \/>\n<meta property=\"og:image\" content=\"https:\/\/librairie7l.com\/wp-content\/uploads\/2024\/07\/9782382032053_1_75.jpg\" \/>\n\t<meta property=\"og:image:width\" content=\"600\" \/>\n\t<meta property=\"og:image:height\" content=\"774\" \/>\n\t<meta property=\"og:image:type\" content=\"image\/jpeg\" \/>\n<meta name=\"twitter:card\" content=\"summary_large_image\" \/>\n<meta name=\"twitter:label1\" content=\"Est. reading time\" \/>\n\t<meta name=\"twitter:data1\" content=\"1 minute\" \/>\n<script type=\"application\/ld+json\" class=\"yoast-schema-graph\">{\"@context\":\"https:\/\/schema.org\",\"@graph\":[{\"@type\":\"WebPage\",\"@id\":\"https:\/\/librairie7l.com\/en\/produit\/paquebots-1913-1942-une-esthetique-transatlantique-2\/\",\"url\":\"https:\/\/librairie7l.com\/en\/produit\/paquebots-1913-1942-une-esthetique-transatlantique-2\/\",\"name\":\"Paquebots 1913-1942 : Une esth\u00e9tique transatlantique - Librairie 7L\",\"isPartOf\":{\"@id\":\"https:\/\/librairie7l.com\/en\/#website\"},\"datePublished\":\"2024-10-30T08:17:45+00:00\",\"dateModified\":\"2026-04-04T20:04:11+00:00\",\"breadcrumb\":{\"@id\":\"https:\/\/librairie7l.com\/en\/produit\/paquebots-1913-1942-une-esthetique-transatlantique-2\/#breadcrumb\"},\"inLanguage\":\"en-US\",\"potentialAction\":[{\"@type\":\"ReadAction\",\"target\":[\"https:\/\/librairie7l.com\/en\/produit\/paquebots-1913-1942-une-esthetique-transatlantique-2\/\"]}]},{\"@type\":\"BreadcrumbList\",\"@id\":\"https:\/\/librairie7l.com\/en\/produit\/paquebots-1913-1942-une-esthetique-transatlantique-2\/#breadcrumb\",\"itemListElement\":[{\"@type\":\"ListItem\",\"position\":1,\"name\":\"Accueil\",\"item\":\"https:\/\/librairie7l.com\/en\/\"},{\"@type\":\"ListItem\",\"position\":2,\"name\":\"Shop\",\"item\":\"https:\/\/librairie7l.com\/en\/shop\/\"},{\"@type\":\"ListItem\",\"position\":3,\"name\":\"PAQUEBOTS 1913-1942 : UNE ESTH\u00c9TIQUE TRANSATLANTIQUE\"}]},{\"@type\":\"WebSite\",\"@id\":\"https:\/\/librairie7l.com\/en\/#website\",\"url\":\"https:\/\/librairie7l.com\/en\/\",\"name\":\"Librairie 7L\",\"description\":\"Librairie fond\u00e9e en 1999 par Karl Lagerfeld \u00e0 Paris\",\"publisher\":{\"@id\":\"https:\/\/librairie7l.com\/en\/#organization\"},\"potentialAction\":[{\"@type\":\"SearchAction\",\"target\":{\"@type\":\"EntryPoint\",\"urlTemplate\":\"https:\/\/librairie7l.com\/en\/?s={search_term_string}\"},\"query-input\":\"required name=search_term_string\"}],\"inLanguage\":\"en-US\"},{\"@type\":\"Organization\",\"@id\":\"https:\/\/librairie7l.com\/en\/#organization\",\"name\":\"Librairie 7L\",\"url\":\"https:\/\/librairie7l.com\/en\/\",\"logo\":{\"@type\":\"ImageObject\",\"inLanguage\":\"en-US\",\"@id\":\"https:\/\/librairie7l.com\/en\/#\/schema\/logo\/image\/\",\"url\":\"https:\/\/librairie7l.com\/wp-content\/uploads\/2022\/08\/logo-1.png\",\"contentUrl\":\"https:\/\/librairie7l.com\/wp-content\/uploads\/2022\/08\/logo-1.png\",\"width\":227,\"height\":301,\"caption\":\"Librairie 7L\"},\"image\":{\"@id\":\"https:\/\/librairie7l.com\/en\/#\/schema\/logo\/image\/\"}}]}<\/script>\n<!-- \/ Yoast SEO plugin. -->","yoast_head_json":{"title":"Paquebots 1913-1942 : Une esth\u00e9tique transatlantique - Librairie 7L","robots":{"index":"index","follow":"follow","max-snippet":"max-snippet:-1","max-image-preview":"max-image-preview:large","max-video-preview":"max-video-preview:-1"},"canonical":"https:\/\/librairie7l.com\/en\/produit\/paquebots-1913-1942-une-esthetique-transatlantique-2\/","og_locale":"en_US","og_type":"article","og_title":"Paquebots 1913-1942 : Une esth\u00e9tique transatlantique - Librairie 7L","og_description":"Le Mus\u00e9e d&#8217;arts de Nantes et le MuMa du Havre organisent une exposition intitul\u00e9e \u00ab Paquebots 1913-1942, une esth\u00e9tique transatlantique \u00bb, qui mettra en \u00e9vidence le r\u00f4le des nouveaux g\u00e9ants des mers des compagnies transatlantiques dans le d\u00e9veloppement d&#8217;une esth\u00e9tique moderniste cosmopolite. L&#8217;exposition se propose donc d&#8217;explorer l&#8217;imaginaire des univers transatlantiques et les oeuvres contemporaines [&hellip;]","og_url":"https:\/\/librairie7l.com\/en\/produit\/paquebots-1913-1942-une-esthetique-transatlantique-2\/","og_site_name":"Librairie 7L","article_modified_time":"2026-04-04T20:04:11+00:00","og_image":[{"width":600,"height":774,"url":"https:\/\/librairie7l.com\/wp-content\/uploads\/2024\/07\/9782382032053_1_75.jpg","type":"image\/jpeg"}],"twitter_card":"summary_large_image","twitter_misc":{"Est. reading time":"1 minute"},"schema":{"@context":"https:\/\/schema.org","@graph":[{"@type":"WebPage","@id":"https:\/\/librairie7l.com\/en\/produit\/paquebots-1913-1942-une-esthetique-transatlantique-2\/","url":"https:\/\/librairie7l.com\/en\/produit\/paquebots-1913-1942-une-esthetique-transatlantique-2\/","name":"Paquebots 1913-1942 : Une esth\u00e9tique transatlantique - Librairie 7L","isPartOf":{"@id":"https:\/\/librairie7l.com\/en\/#website"},"datePublished":"2024-10-30T08:17:45+00:00","dateModified":"2026-04-04T20:04:11+00:00","breadcrumb":{"@id":"https:\/\/librairie7l.com\/en\/produit\/paquebots-1913-1942-une-esthetique-transatlantique-2\/#breadcrumb"},"inLanguage":"en-US","potentialAction":[{"@type":"ReadAction","target":["https:\/\/librairie7l.com\/en\/produit\/paquebots-1913-1942-une-esthetique-transatlantique-2\/"]}]},{"@type":"BreadcrumbList","@id":"https:\/\/librairie7l.com\/en\/produit\/paquebots-1913-1942-une-esthetique-transatlantique-2\/#breadcrumb","itemListElement":[{"@type":"ListItem","position":1,"name":"Accueil","item":"https:\/\/librairie7l.com\/en\/"},{"@type":"ListItem","position":2,"name":"Shop","item":"https:\/\/librairie7l.com\/en\/shop\/"},{"@type":"ListItem","position":3,"name":"PAQUEBOTS 1913-1942 : UNE ESTH\u00c9TIQUE TRANSATLANTIQUE"}]},{"@type":"WebSite","@id":"https:\/\/librairie7l.com\/en\/#website","url":"https:\/\/librairie7l.com\/en\/","name":"Librairie 7L","description":"Librairie fond\u00e9e en 1999 par Karl Lagerfeld \u00e0 Paris","publisher":{"@id":"https:\/\/librairie7l.com\/en\/#organization"},"potentialAction":[{"@type":"SearchAction","target":{"@type":"EntryPoint","urlTemplate":"https:\/\/librairie7l.com\/en\/?s={search_term_string}"},"query-input":"required name=search_term_string"}],"inLanguage":"en-US"},{"@type":"Organization","@id":"https:\/\/librairie7l.com\/en\/#organization","name":"Librairie 7L","url":"https:\/\/librairie7l.com\/en\/","logo":{"@type":"ImageObject","inLanguage":"en-US","@id":"https:\/\/librairie7l.com\/en\/#\/schema\/logo\/image\/","url":"https:\/\/librairie7l.com\/wp-content\/uploads\/2022\/08\/logo-1.png","contentUrl":"https:\/\/librairie7l.com\/wp-content\/uploads\/2022\/08\/logo-1.png","width":227,"height":301,"caption":"Librairie 7L"},"image":{"@id":"https:\/\/librairie7l.com\/en\/#\/schema\/logo\/image\/"}}]}},"_links":{"self":[{"href":"https:\/\/librairie7l.com\/en\/wp-json\/wp\/v2\/product\/43891"}],"collection":[{"href":"https:\/\/librairie7l.com\/en\/wp-json\/wp\/v2\/product"}],"about":[{"href":"https:\/\/librairie7l.com\/en\/wp-json\/wp\/v2\/types\/product"}],"wp:featuredmedia":[{"embeddable":true,"href":"https:\/\/librairie7l.com\/en\/wp-json\/wp\/v2\/media\/43889"}],"wp:attachment":[{"href":"https:\/\/librairie7l.com\/en\/wp-json\/wp\/v2\/media?parent=43891"}],"wp:term":[{"taxonomy":"product_cat","embeddable":true,"href":"https:\/\/librairie7l.com\/en\/wp-json\/wp\/v2\/product_cat?post=43891"},{"taxonomy":"product_tag","embeddable":true,"href":"https:\/\/librairie7l.com\/en\/wp-json\/wp\/v2\/product_tag?post=43891"}],"curies":[{"name":"wp","href":"https:\/\/api.w.org\/{rel}","templated":true}]}}